{"id":9951,"date":"2014-05-13T16:25:26","date_gmt":"2014-05-13T19:25:26","guid":{"rendered":"http:\/\/www.riogrande.rs.gov.br\/smed\/?page_id=9951"},"modified":"2026-04-01T21:12:26","modified_gmt":"2026-04-02T00:12:26","slug":"nucleo-de-alimentacao-escolar","status":"publish","type":"page","link":"https:\/\/www.riogrande.rs.gov.br\/smed\/?page_id=9951","title":{"rendered":"N\u00facleo de Alimenta\u00e7\u00e3o Escolar"},"content":{"rendered":"<h1><img loading=\"lazy\" decoding=\"async\" class=\"size-medium wp-image-44315\" src=\"https:\/\/www.riogrande.rs.gov.br\/smed\/wp-content\/uploads\/2023\/05\/LOGO-NAE-BRANCO-1-485x485.png\" alt=\"\" width=\"485\" height=\"485\" srcset=\"https:\/\/www.riogrande.rs.gov.br\/smed\/wp-content\/uploads\/2023\/05\/LOGO-NAE-BRANCO-1-485x485.png 485w, https:\/\/www.riogrande.rs.gov.br\/smed\/wp-content\/uploads\/2023\/05\/LOGO-NAE-BRANCO-1-150x150.png 150w, https:\/\/www.riogrande.rs.gov.br\/smed\/wp-content\/uploads\/2023\/05\/LOGO-NAE-BRANCO-1.png 500w\" sizes=\"(max-width: 485px) 100vw, 485px\" \/><\/h1>\n<h1><\/h1>\n<h1><a href=\"https:\/\/www.riogrande.rs.gov.br\/smed\/wp-content\/uploads\/2026\/03\/ROTEIRO-ABRIL-1.png\" rel=\"lightbox[9951]\">CRONOGRAMA &#8211; ROTEIRO ABRIL 2026<\/a><\/h1>\n<h1><img decoding=\"async\" src=\"https:\/\/www.riogrande.rs.gov.br\/smed\/wp-content\/uploads\/2026\/03\/ROTEIRO-ABRIL-1.png\" \/><\/h1>\n<h2>Pedido de G\u00eanero da Alimenta\u00e7\u00e3o Escola<\/h2>\n<div>\n<p><strong>EMEI<\/strong> =\u00a0<strong><a href=\"https:\/\/www.riogrande.rs.gov.br\/smed\/wp-content\/uploads\/2026\/03\/LISTA-3-ROTEIRO-MAIO-2026-Educacao-Infantil.pdf\">PEDIDO MAIO 2026<\/a><\/strong><\/p>\n<p><strong><span style=\"font-size: 1rem;\">E.<\/span><span style=\"font-size: 1rem;\">M.E.F. Turno Parcial =\u00a0<\/span><a href=\"https:\/\/www.riogrande.rs.gov.br\/smed\/wp-content\/uploads\/2026\/03\/LISTA-3-ROTEIRO-MAIO-2026-E.M.E.F.s-Turno-Parcial.pdf\"><span style=\"font-size: 1rem;\">PEDIDO MAIO 2026<\/span><\/a><\/strong><\/p>\n<\/div>\n<div><strong>E.M.E.F. Turno Integral e Zona Rural = <a href=\"https:\/\/www.riogrande.rs.gov.br\/smed\/wp-content\/uploads\/2026\/03\/LISTA-3-ROTEIRO-MAIO-2026-E.M.E.F.s-do-Campo-e-Turno-Integral.pdf\">PEDIDO MAIO 2026<\/a><\/strong><\/div>\n<p>&nbsp;<\/p>\n<p>Conhecendo as a\u00e7\u00f5es realizadas pelo NAE\/SMEd<\/p>\n<p style=\"text-align: justify;\"><span style=\"font-weight: 400;\">A Secretaria de Munic\u00edpio da Educa\u00e7\u00e3o do Rio Grande (SMEd) apresenta o v\u00eddeo institucional do N\u00facleo de Alimenta\u00e7\u00e3o Escolar (NAE), o qual convida as comunidades escolares a conhecer o trabalho realizado pelos profissionais multissetoriais que atuam neste N\u00facleo, desde o planejamento, compra, armazenamento, distribui\u00e7\u00e3o e capacita\u00e7\u00e3o de profissionais, dentre outras a\u00e7\u00f5es realizadas.<\/span><\/p>\n<p style=\"text-align: justify;\"><span style=\"font-weight: 400;\">O principal objetivo do N\u00facleo de Alimenta\u00e7\u00e3o Escolar da SMEd \u00e9 que a escola possa, com o apoio do Programa Nacional de Alimenta\u00e7\u00e3o Escolar (PNAE), constituir-se em um espa\u00e7o de aprendizagem e produ\u00e7\u00e3o do conhecimento ComVida.<\/span><\/p>\n<p><iframe loading=\"lazy\" src=\"https:\/\/www.youtube.com\/embed\/2dArLIwmy6M\" width=\"420\" height=\"315\" frameborder=\"0\" allowfullscreen=\"allowfullscreen\"><\/iframe><\/p>\n<p>&nbsp;<\/p>\n<h1>CARD\u00c1PIOS DA ALIMENTA\u00c7\u00c3O ESCOLAR<\/h1>\n<p style=\"text-align: justify;\">Os card\u00e1pios do m\u00eas s\u00f3 s\u00e3o postados no primeiro dia de entregas do\u00a0Roteiro, confira no Cronograma de Entrega.<\/p>\n<p style=\"text-align: justify;\">Os card\u00e1pios passam a valer em cada unidade de ensino a partir do dia de recebimento do Roteiro do m\u00eas.<\/p>\n<div><strong>CARD\u00c1PIOS PATOLOGIAS<\/strong><\/div>\n<div><\/div>\n<div><\/div>\n<div><\/div>\n<div><\/div>\n<div><a href=\"https:\/\/www.riogrande.rs.gov.br\/smed\/wp-content\/uploads\/2026\/04\/Cardapio-Patologias-Diabetes-Mellitus-Escolas-do-Campo-e-de-Turno-Integral.pdf\">Card\u00e1pio ABRIL Diabetes MELITUS <\/a><\/div>\n<div><\/div>\n<div><a href=\"https:\/\/www.riogrande.rs.gov.br\/smed\/wp-content\/uploads\/2026\/04\/Cardapio-Patologias-Rede-e-Niveis.pdf\">Card\u00e1pio ABRIL Rede e N\u00edveis EMefs<\/a><\/div>\n<div><\/div>\n<div><a href=\"https:\/\/www.riogrande.rs.gov.br\/smed\/wp-content\/uploads\/2026\/04\/Cardapios-Patologias-Intolerantes-a-Lactose-e-APLV-escolas-Turno-Integral-e-do-Campo.pdf\">Card\u00e1pio ABRIL ESCOLAS INTEGRAIS E DO CAMPO Intolerantes a Lactose e APLV<\/a><\/div>\n<div><\/div>\n<div><a href=\"https:\/\/www.riogrande.rs.gov.br\/smed\/wp-content\/uploads\/2026\/04\/Cardapios-Patologias-Celiacos-Escolas-Turno-Integral-e-do-Campo.odt\">Card\u00e1pio ABRIL ESCOLAS DO CAMPO E INTEGRAIS Intolerantes ao Gl\u00faten<\/a><\/div>\n<div><\/div>\n<div><\/div>\n<div><\/div>\n<div><strong>CARD\u00c1PIOS EDUCA\u00c7\u00c3O INFANTIL<\/strong><\/div>\n<div><\/div>\n<p>&nbsp;<\/p>\n<p><a href=\"https:\/\/www.riogrande.rs.gov.br\/smed\/wp-content\/uploads\/2026\/04\/Cardapio-Abril-Bercario-I-Integral.pdf\">Card\u00e1pio ABRIL &#8211; Ber\u00e7\u00e1rio I &#8211; Integral<\/a><\/p>\n<p><a href=\"https:\/\/www.riogrande.rs.gov.br\/smed\/wp-content\/uploads\/2026\/04\/Cardapio-Abril-Bercario-I-Parcial.pdf\">Card\u00e1pio ABRIL Ber\u00e7\u00e1rio I &#8211; Parcial<\/a><\/p>\n<p><a href=\"https:\/\/www.riogrande.rs.gov.br\/smed\/wp-content\/uploads\/2026\/04\/Cardapio-Abril-Bercario-II-e-Maternal-I-Integral.pdf\">Card\u00e1pio ABRIL &#8211; Ber\u00e7ario II e Maternal I &#8211; Integral (2)<\/a><\/p>\n<p><a href=\"https:\/\/www.riogrande.rs.gov.br\/smed\/wp-content\/uploads\/2026\/04\/Cardapio-Abril-Bercario-II-e-Maternal-I-Parcial.pdf\">Card\u00e1pio ABRIL &#8211; Ber\u00e7ario II e Maternal I Parcial<\/a><\/p>\n<p><a href=\"https:\/\/www.riogrande.rs.gov.br\/smed\/wp-content\/uploads\/2026\/04\/Cardapio-Abril-Maternal-II-Integral.pdf\">Card\u00e1pio ABRIL &#8211; Maternal II &#8211; Integral<\/a><\/p>\n<p><a href=\"https:\/\/www.riogrande.rs.gov.br\/smed\/wp-content\/uploads\/2026\/04\/Cardapio-Abril-Maternal-II-Parcial.pdf\">Card\u00e1pio ABRIL\u00a0 &#8211; Maternal II &#8211; Parcial<\/a><\/p>\n<p><a href=\"https:\/\/www.riogrande.rs.gov.br\/smed\/wp-content\/uploads\/2026\/02\/Cardapios-Marco-Niveis-I-e-II-Parcial-EMEIs-1.pdf\">Card\u00e1pios MAR\u00c7O &#8211; N\u00edveis I e II Parcial EMEIs<\/a><\/p>\n<p>&nbsp;<\/p>\n<p>&nbsp;<\/p>\n<p><strong>CARD\u00c1PIOS REDE<\/strong><\/p>\n<div><a href=\"https:\/\/www.riogrande.rs.gov.br\/smed\/wp-content\/uploads\/2026\/04\/Cardapio-EJA.pdf\">Card\u00e1pio ABRIL- EJA<\/a><\/div>\n<div><\/div>\n<div><a href=\"https:\/\/www.riogrande.rs.gov.br\/smed\/wp-content\/uploads\/2026\/04\/Cardapio-Escola-Turno-Integral-e-Escolas-do-Campo.pdf\">Card\u00e1pio ABRIL Escola Turno Integral e Escolas do Campo<\/a><\/div>\n<div><\/div>\n<div><a href=\"https:\/\/www.riogrande.rs.gov.br\/smed\/wp-content\/uploads\/2026\/04\/Cardapio-Rede-e-Niveis.pdf\">Card\u00e1pio ABRIL &#8211; Rede e N\u00edveis EMEFs<\/a><\/div>\n<div><\/div>\n<div><\/div>\n<h1>FICHAS T\u00c9CNICAS DE PREPARA\u00c7\u00c3O<\/h1>\n<p>&nbsp;<\/p>\n<p><a href=\"https:\/\/www.riogrande.rs.gov.br\/smed\/wp-content\/uploads\/2025\/09\/1.-FTP-Bases-Caseiras-1.pdf\">1. FTP Bases Caseir<\/a>as<\/p>\n<p><a href=\"https:\/\/www.riogrande.rs.gov.br\/smed\/wp-content\/uploads\/2025\/08\/2.-FTP-Arroz-e-Massa.pdf\">2. FTP Arroz e Massa<\/a><\/p>\n<p><a href=\"https:\/\/www.riogrande.rs.gov.br\/smed\/wp-content\/uploads\/2025\/08\/3.-FTP-Leguminosas-Feijoes.pdf\">3. FTP Leguminosas (Feij\u00f5es)<\/a><\/p>\n<p><a href=\"https:\/\/www.riogrande.rs.gov.br\/smed\/wp-content\/uploads\/2025\/08\/4.-FTP-Carnes-e-Ovos.pdf\">4. FTP Carnes e Ovos<\/a><\/p>\n<p><a href=\"https:\/\/www.riogrande.rs.gov.br\/smed\/wp-content\/uploads\/2025\/08\/5.-FTP-Acompanhamentos.pdf\">5. FTP Acompanhamentos<\/a><\/p>\n<p>&nbsp;<\/p>\n<p>&nbsp;<\/p>\n","protected":false},"excerpt":{"rendered":"<p>CRONOGRAMA &#8211; ROTEIRO ABRIL 2026 Pedido de G\u00eanero da Alimenta\u00e7\u00e3o Escola EMEI =\u00a0PEDIDO MAIO 2026 E.M.E.F. Turno Parcial =\u00a0PEDIDO MAIO 2026 E.M.E.F. Turno Integral e Zona Rural = PEDIDO MAIO 2026 &nbsp; Conhecendo as a\u00e7\u00f5es realizadas pelo NAE\/SMEd A Secretaria de Munic\u00edpio da Educa\u00e7\u00e3o do Rio Grande (SMEd) apresenta o v\u00eddeo institucional do N\u00facleo de [&hellip;]<\/p>\n","protected":false},"author":7,"featured_media":0,"parent":72,"menu_order":0,"comment_status":"closed","ping_status":"open","template":"","meta":{"footnotes":""},"class_list":["post-9951","page","type-page","status-publish","hentry"],"_links":{"self":[{"href":"https:\/\/www.riogrande.rs.gov.br\/smed\/index.php?rest_route=\/wp\/v2\/pages\/9951"}],"collection":[{"href":"https:\/\/www.riogrande.rs.gov.br\/smed\/index.php?rest_route=\/wp\/v2\/pages"}],"about":[{"href":"https:\/\/www.riogrande.rs.gov.br\/smed\/index.php?rest_route=\/wp\/v2\/types\/page"}],"author":[{"embeddable":true,"href":"https:\/\/www.riogrande.rs.gov.br\/smed\/index.php?rest_route=\/wp\/v2\/users\/7"}],"replies":[{"embeddable":true,"href":"https:\/\/www.riogrande.rs.gov.br\/smed\/index.php?rest_route=%2Fwp%2Fv2%2Fcomments&post=9951"}],"version-history":[{"count":726,"href":"https:\/\/www.riogrande.rs.gov.br\/smed\/index.php?rest_route=\/wp\/v2\/pages\/9951\/revisions"}],"predecessor-version":[{"id":47315,"href":"https:\/\/www.riogrande.rs.gov.br\/smed\/index.php?rest_route=\/wp\/v2\/pages\/9951\/revisions\/47315"}],"up":[{"embeddable":true,"href":"https:\/\/www.riogrande.rs.gov.br\/smed\/index.php?rest_route=\/wp\/v2\/pages\/72"}],"wp:attachment":[{"href":"https:\/\/www.riogrande.rs.gov.br\/smed\/index.php?rest_route=%2Fwp%2Fv2%2Fmedia&parent=9951"}],"curies":[{"name":"wp","href":"https:\/\/api.w.org\/{rel}","templated":true}]}}