{"id":9772,"date":"2014-04-24T16:39:42","date_gmt":"2014-04-24T19:39:42","guid":{"rendered":"http:\/\/www.riogrande.rs.gov.br\/smed\/?page_id=9772"},"modified":"2014-05-20T15:52:21","modified_gmt":"2014-05-20T18:52:21","slug":"documentos","status":"publish","type":"page","link":"https:\/\/www.riogrande.rs.gov.br\/smed\/?page_id=9772","title":{"rendered":"Documentos"},"content":{"rendered":"<h1>Material Oficinas<\/h1>\n<p>&nbsp;<\/p>\n<h2>Textos<\/h2>\n<table align=\"center\">\n<tbody>\n<tr>\n<td><a href=\"http:\/\/www.riogrande.rs.gov.br\/smed\/wp-content\/uploads\/2014\/04\/20140424-ndi-registro_e_avaliacao_bibliografia.pdf\" target=\"_blank\"><img loading=\"lazy\" decoding=\"async\" class=\"aligncenter wp-image-9784 size-thumbnail\" src=\"http:\/\/www.riogrande.rs.gov.br\/smed\/wp-content\/uploads\/2014\/04\/20140424-ndi-registro_e_avaliacao_bibliografia.pdf-0-150x150.jpg\" alt=\"\" width=\"150\" height=\"150\" \/><\/a><\/td>\n<td><a href=\"http:\/\/www.riogrande.rs.gov.br\/smed\/wp-content\/uploads\/2014\/04\/20140424-ndi-o_sono_do_bebe_e_choro_smed.pdf\" target=\"_blank\"><img loading=\"lazy\" decoding=\"async\" class=\"aligncenter wp-image-9783 size-thumbnail\" src=\"http:\/\/www.riogrande.rs.gov.br\/smed\/wp-content\/uploads\/2014\/04\/20140424-ndi-o_sono_do_bebe_e_choro_smed.pdf-0-150x150.jpg\" alt=\"\" width=\"150\" height=\"150\" \/><\/a><\/td>\n<td><a href=\"http:\/\/www.riogrande.rs.gov.br\/smed\/wp-content\/uploads\/2014\/04\/20140424-ndi-livro_coelhinho_e_a_cenoura_magica.pdf\" target=\"_blank\"><img loading=\"lazy\" decoding=\"async\" class=\"aligncenter wp-image-9782 size-thumbnail\" src=\"http:\/\/www.riogrande.rs.gov.br\/smed\/wp-content\/uploads\/2014\/04\/20140424-ndi-livro_coelhinho_e_a_cenoura_magica.pdf-0-150x150.jpg\" alt=\"\" width=\"150\" height=\"150\" \/><\/a><\/td>\n<\/tr>\n<tr>\n<td><a href=\"http:\/\/www.riogrande.rs.gov.br\/smed\/wp-content\/uploads\/2014\/04\/20140424-ndi-desmame_smed.pdf\" target=\"_blank\"><img loading=\"lazy\" decoding=\"async\" class=\"aligncenter wp-image-9781 size-thumbnail\" src=\"http:\/\/www.riogrande.rs.gov.br\/smed\/wp-content\/uploads\/2014\/04\/20140424-ndi-desmame_smed.pdf-0-150x150.jpg\" alt=\"\" width=\"150\" height=\"150\" \/> <\/a><\/td>\n<td><a href=\"http:\/\/www.riogrande.rs.gov.br\/smed\/wp-content\/uploads\/2014\/04\/20140424-ndi-danca_criativa_2013.pdf\" target=\"_blank\"><img loading=\"lazy\" decoding=\"async\" class=\"aligncenter wp-image-9780 size-thumbnail\" src=\"http:\/\/www.riogrande.rs.gov.br\/smed\/wp-content\/uploads\/2014\/04\/20140424-ndi-danca_criativa_2013.pdf-0-150x150.jpg\" alt=\"\" width=\"150\" height=\"150\" \/><\/a><\/td>\n<td><a href=\"http:\/\/www.riogrande.rs.gov.br\/smed\/wp-content\/uploads\/2014\/04\/20140424-ndi-apresentacao_alimentacao.pdf\" target=\"_blank\"><img loading=\"lazy\" decoding=\"async\" class=\"aligncenter wp-image-9779 size-thumbnail\" src=\"http:\/\/www.riogrande.rs.gov.br\/smed\/wp-content\/uploads\/2014\/04\/20140424-ndi-apresentacao_alimentacao.pdf-0-150x150.jpg\" alt=\"\" width=\"150\" height=\"150\" \/><\/a><\/td>\n<\/tr>\n<\/tbody>\n<\/table>\n<h2>V\u00eddeos<\/h2>\n<div><strong>Oficina Beb\u00eas<\/strong><\/div>\n<div>\n<p style=\"color: #222222;\">V\u00eddeo para acalmar o choro:\u00a0<a style=\"color: #1155cc;\" href=\"http:\/\/www.youtube.com\/watch?v=OPWFXJAZofM\" target=\"_blank\">http:\/\/www.youtube.com\/<wbr \/>watch?v=OPWFXJAZofM<\/a><\/p>\n<p style=\"color: #222222;\">V\u00eddeo para identificar o choro:\u00a0<a style=\"color: #1155cc;\" href=\"http:\/\/www.youtube.com\/watch?v=qmCH2h8VZQw\" target=\"_blank\">http:\/\/www.youtube.com\/<wbr \/>watch?v=qmCH2h8VZQw<\/a><\/p>\n<p>&nbsp;<\/p>\n<\/div>\n<h2><\/h2>\n","protected":false},"excerpt":{"rendered":"<p>Material Oficinas &nbsp; Textos V\u00eddeos Oficina Beb\u00eas V\u00eddeo para acalmar o choro:\u00a0http:\/\/www.youtube.com\/watch?v=OPWFXJAZofM V\u00eddeo para identificar o choro:\u00a0http:\/\/www.youtube.com\/watch?v=qmCH2h8VZQw &nbsp;<\/p>\n","protected":false},"author":7,"featured_media":0,"parent":445,"menu_order":0,"comment_status":"closed","ping_status":"open","template":"","meta":{"footnotes":""},"class_list":["post-9772","page","type-page","status-publish","hentry"],"_links":{"self":[{"href":"https:\/\/www.riogrande.rs.gov.br\/smed\/index.php?rest_route=\/wp\/v2\/pages\/9772"}],"collection":[{"href":"https:\/\/www.riogrande.rs.gov.br\/smed\/index.php?rest_route=\/wp\/v2\/pages"}],"about":[{"href":"https:\/\/www.riogrande.rs.gov.br\/smed\/index.php?rest_route=\/wp\/v2\/types\/page"}],"author":[{"embeddable":true,"href":"https:\/\/www.riogrande.rs.gov.br\/smed\/index.php?rest_route=\/wp\/v2\/users\/7"}],"replies":[{"embeddable":true,"href":"https:\/\/www.riogrande.rs.gov.br\/smed\/index.php?rest_route=%2Fwp%2Fv2%2Fcomments&post=9772"}],"version-history":[{"count":7,"href":"https:\/\/www.riogrande.rs.gov.br\/smed\/index.php?rest_route=\/wp\/v2\/pages\/9772\/revisions"}],"predecessor-version":[{"id":9791,"href":"https:\/\/www.riogrande.rs.gov.br\/smed\/index.php?rest_route=\/wp\/v2\/pages\/9772\/revisions\/9791"}],"up":[{"embeddable":true,"href":"https:\/\/www.riogrande.rs.gov.br\/smed\/index.php?rest_route=\/wp\/v2\/pages\/445"}],"wp:attachment":[{"href":"https:\/\/www.riogrande.rs.gov.br\/smed\/index.php?rest_route=%2Fwp%2Fv2%2Fmedia&parent=9772"}],"curies":[{"name":"wp","href":"https:\/\/api.w.org\/{rel}","templated":true}]}}