{"id":9695,"date":"2014-04-17T15:33:14","date_gmt":"2014-04-17T18:33:14","guid":{"rendered":"http:\/\/www.riogrande.rs.gov.br\/smed\/?page_id=9695"},"modified":"2021-06-18T17:43:47","modified_gmt":"2021-06-18T20:43:47","slug":"conselho-de-alimentacao-escolar-cae","status":"publish","type":"page","link":"https:\/\/www.riogrande.rs.gov.br\/smed\/?page_id=9695","title":{"rendered":"Conselho de Alimenta\u00e7\u00e3o Escolar (CAE)"},"content":{"rendered":"<p style=\"text-align: justify;\">O Conselho de Alimenta\u00e7\u00e3o Escolar \u00e9 um \u00f3rg\u00e3o colegiado, de car\u00e1ter permanente, deliberativo e de assessoramento, institu\u00eddo no \u00e2mbito dos Estados, do Distrito Federal e dos Munic\u00edpios, tendo grande import\u00e2ncia para a tomada de decis\u00f5es necess\u00e1rias \u00e0 execu\u00e7\u00e3o do Programa Nacional de Alimenta\u00e7\u00e3o Escolar (PNAE) do Governo Federal.<\/p>\n<p style=\"text-align: justify;\">Para que o CAE cumpra o papel social que lhe foi conferido, precisa ter claro quais s\u00e3o suas atribui\u00e7\u00f5es espec\u00edficas. A efetiva participa\u00e7\u00e3o dos conselheiros exige um envolvimento direto com as regras do PNAE. O conhecimento sobre o funcionamento do Programa \u00e9 o maior aliado na luta por uma execu\u00e7\u00e3o adequada aos padr\u00f5es estabelecidos pelo Fundo Nacional de Desenvolvimento da Educa\u00e7\u00e3o.<\/p>\n<div dir=\"ltr\"><a href=\"https:\/\/www.riogrande.rs.gov.br\/pagina\/publicacao\/decreto-18-177-nomeia-membros-do-conselho-municipal-de-alimentacao-escolar\/\" target=\"_blank\" rel=\"noopener\"><strong>Membros do CAE para o quadri\u00eanio 2021\/2025.<\/strong><\/a><\/div>\n<div dir=\"ltr\"><\/div>\n<div dir=\"ltr\"><\/div>\n<div dir=\"ltr\"><a href=\"https:\/\/www.riogrande.rs.gov.br\/smed\/?attachment_id=40608\"><img loading=\"lazy\" decoding=\"async\" class=\"aligncenter wp-image-40608 size-medium\" src=\"https:\/\/www.riogrande.rs.gov.br\/smed\/wp-content\/uploads\/2021\/06\/20210618-membros_cae-485x686.jpg\" alt=\"\" width=\"485\" height=\"686\" srcset=\"https:\/\/www.riogrande.rs.gov.br\/smed\/wp-content\/uploads\/2021\/06\/20210618-membros_cae-485x686.jpg 485w, https:\/\/www.riogrande.rs.gov.br\/smed\/wp-content\/uploads\/2021\/06\/20210618-membros_cae-768x1086.jpg 768w, https:\/\/www.riogrande.rs.gov.br\/smed\/wp-content\/uploads\/2021\/06\/20210618-membros_cae-624x882.jpg 624w, https:\/\/www.riogrande.rs.gov.br\/smed\/wp-content\/uploads\/2021\/06\/20210618-membros_cae.jpg 800w\" sizes=\"(max-width: 485px) 100vw, 485px\" \/><\/a><\/div>\n<div dir=\"ltr\"><\/div>\n<div dir=\"ltr\"><\/div>\n<p style=\"text-align: justify;\">Com a Lei n\u00ba 11.947, de 16\/6\/09, o CAE passa a ser composto por:<\/p>\n<p style=\"text-align: justify;\">I &#8211; Um representante indicado pelo Poder Executivo;<\/p>\n<p style=\"text-align: justify;\">II &#8211; Dois representantes dentre as entidades de docentes, discentes ou trabalhadores na \u00e1rea de educa\u00e7\u00e3o, indicados pelo respectivo \u00f3rg\u00e3o de classe, a serem escolhidos por meio de assembleia espec\u00edfica para tal fim, registrada em ata, sendo que um deles dever\u00e1 ser representado pelos docentes e, ainda, os discentes s\u00f3 poder\u00e3o ser indicados e eleitos quando forem maiores de 18 anos ou emancipados;<\/p>\n<p style=\"text-align: justify;\">Representantes do SINTERG<\/p>\n<p style=\"text-align: justify;\">III &#8211; Dois representantes de pais de alunos, indicados pelos Conselhos Escolares, Associa\u00e7\u00f5es de Pais e Mestres ou entidades similares, escolhidos por meio de assembleia espec\u00edfica para tal fim, registrada em ata;<\/p>\n<p style=\"text-align: justify;\">IV &#8211; Dois representantes indicados por entidades civis organizadas, escolhidos em assembleia espec\u00edfica para tal fim, registrada em ata.<\/p>\n<p style=\"text-align: justify;\">Representantes da Central \u00danica das Associa\u00e7\u00f5es de Bairro de Rio Grande (CURG)<\/p>\n<p style=\"text-align: justify;\">Os membros ter\u00e3o mandato de 4 (quatro) anos, podendo ser reconduzidos de acordo com a indica\u00e7\u00e3o dos seus respectivos segmentos.<\/p>\n<h2 style=\"text-align: justify;\">S\u00e3o atribui\u00e7\u00f5es do CAE<\/h2>\n<p style=\"text-align: justify;\">O Conselheiro deve acompanhar a execu\u00e7\u00e3o do PNAE em todos os n\u00edveis, desde o recebimento do recurso at\u00e9 a presta\u00e7\u00e3o de contas. Para que os problemas sejam identificados e corrigidos \u00e9 preciso acompanhar bem de perto a execu\u00e7\u00e3o do Programa. Seguem algumas orienta\u00e7\u00f5es relativas \u00e0s atribui\u00e7\u00f5es dos Conselheiros, conforme estabelece a Resolu\u00e7\u00e3o\/FNDE n\u00ba 38 de 16\/7\/2009.<\/p>\n<h2 style=\"text-align: justify;\">Compete ao CAE<\/h2>\n<p style=\"text-align: justify;\">I &#8211; Acompanhar e fiscalizar o cumprimento das diretrizes estabelecidas na forma do art. 2\u00ba desta Lei;<br \/>\nII &#8211; acompanhar e fiscalizar a aplica\u00e7\u00e3o dos recursos destinados \u00e0 alimenta\u00e7\u00e3o escolar;<br \/>\nIII &#8211; zelar pela qualidade dos alimentos, em especial quanto \u00e0s condi\u00e7\u00f5es higi\u00eanicas, bem como a aceitabilidade dos card\u00e1pios oferecidos;<br \/>\nIV &#8211; receber o relat\u00f3rio anual de gest\u00e3o do PNAE e emitir parecer conclusivo a respeito,aprovando ou reprovando a execu\u00e7\u00e3o do Programa.<\/p>\n<p style=\"text-align: justify;\">Os membros do CAE re\u00fanem-se toda a primeira ter\u00e7a-feira de cada m\u00eas. Atualmente, a sua sede est\u00e1 localizada na Rua Moron, n\u00ba 696, bairro Centro.<\/p>\n<p style=\"text-align: justify;\">O telefone para contato \u00e9 (53) 3232-6770 e o e-mail: <a href=\"mailto:caeriogrande@yahoo.com.br\" target=\"_blank\" rel=\"noopener\"><strong>caeriogrande@yahoo.com.br<\/strong><\/a><\/p>\n","protected":false},"excerpt":{"rendered":"<p>O Conselho de Alimenta\u00e7\u00e3o Escolar \u00e9 um \u00f3rg\u00e3o colegiado, de car\u00e1ter permanente, deliberativo e de assessoramento, institu\u00eddo no \u00e2mbito dos Estados, do Distrito Federal e dos Munic\u00edpios, tendo grande import\u00e2ncia para a tomada de decis\u00f5es necess\u00e1rias \u00e0 execu\u00e7\u00e3o do Programa Nacional de Alimenta\u00e7\u00e3o Escolar (PNAE) do Governo Federal. Para que o CAE cumpra o papel [&hellip;]<\/p>\n","protected":false},"author":7,"featured_media":0,"parent":2278,"menu_order":3,"comment_status":"closed","ping_status":"open","template":"","meta":{"footnotes":""},"class_list":["post-9695","page","type-page","status-publish","hentry"],"_links":{"self":[{"href":"https:\/\/www.riogrande.rs.gov.br\/smed\/index.php?rest_route=\/wp\/v2\/pages\/9695"}],"collection":[{"href":"https:\/\/www.riogrande.rs.gov.br\/smed\/index.php?rest_route=\/wp\/v2\/pages"}],"about":[{"href":"https:\/\/www.riogrande.rs.gov.br\/smed\/index.php?rest_route=\/wp\/v2\/types\/page"}],"author":[{"embeddable":true,"href":"https:\/\/www.riogrande.rs.gov.br\/smed\/index.php?rest_route=\/wp\/v2\/users\/7"}],"replies":[{"embeddable":true,"href":"https:\/\/www.riogrande.rs.gov.br\/smed\/index.php?rest_route=%2Fwp%2Fv2%2Fcomments&post=9695"}],"version-history":[{"count":13,"href":"https:\/\/www.riogrande.rs.gov.br\/smed\/index.php?rest_route=\/wp\/v2\/pages\/9695\/revisions"}],"predecessor-version":[{"id":9701,"href":"https:\/\/www.riogrande.rs.gov.br\/smed\/index.php?rest_route=\/wp\/v2\/pages\/9695\/revisions\/9701"}],"up":[{"embeddable":true,"href":"https:\/\/www.riogrande.rs.gov.br\/smed\/index.php?rest_route=\/wp\/v2\/pages\/2278"}],"wp:attachment":[{"href":"https:\/\/www.riogrande.rs.gov.br\/smed\/index.php?rest_route=%2Fwp%2Fv2%2Fmedia&parent=9695"}],"curies":[{"name":"wp","href":"https:\/\/api.w.org\/{rel}","templated":true}]}}