{"id":9480,"date":"2014-03-27T14:41:22","date_gmt":"2014-03-27T17:41:22","guid":{"rendered":"http:\/\/www.riogrande.rs.gov.br\/smed\/?page_id=9480"},"modified":"2014-05-20T15:53:18","modified_gmt":"2014-05-20T18:53:18","slug":"oficinas","status":"publish","type":"page","link":"https:\/\/www.riogrande.rs.gov.br\/smed\/?page_id=9480","title":{"rendered":"Oficinas Abril 2014"},"content":{"rendered":"<h1>Educa\u00e7\u00e3o Infantil: Curta, dialogue e compartilhe<\/h1>\n<p style=\"text-align: justify;\">A secretaria de Munic\u00edpio da Educa\u00e7\u00e3o (SMEd), por meio do N\u00facleo\u00a0de Educa\u00e7\u00e3o Infantil, promove no dia 05 de abril o <strong>1\u00ba Ciclo de Oficinas te\u00f3rico-pr\u00e1ticas para forma\u00e7\u00e3o das professoras da Educa\u00e7\u00e3o Infantil das escolas da\u00a0rede p\u00fablica municipal.<\/strong><\/p>\n<p style=\"text-align: justify;\">Para participar, o professor dever\u00e1 escolher <strong>uma<\/strong> das oficinas e\u00a0preencher o formul\u00e1rio correspondente, atrav\u00e9s dos <em>links<\/em> abaixo. Nesta data, estar\u00e3o sendo\u00a0disponibilizadas <strong>4 oficinas<\/strong> que acontecer\u00e3o concomitantemente em diferentes\u00a0escolas da rede municipal, no hor\u00e1rio compreendido entre as 8h e \u00e0s 12h.<\/p>\n<p style=\"text-align: justify;\">Ap\u00f3s realizar sua inscri\u00e7\u00e3o, o professor dever\u00e1 aguardar a confirma\u00e7\u00e3o por e-mail, pois cada oficina disponibilizar\u00e1\u00a0somente <strong>50 vagas<\/strong>. O crit\u00e9rio de sele\u00e7\u00e3o ser\u00e1 a ordem de inscri\u00e7\u00e3o.<\/p>\n<p><strong>In\u00edcio das inscri\u00e7\u00f5es: 31 de mar\u00e7o, \u00e0s 14h.<\/strong><\/p>\n<p><strong>Encerramento das inscri\u00e7\u00f5es: 03 de abril, \u00e0s 19h.<\/strong><\/p>\n<h2>Oficina 1<\/h2>\n<p><strong><span style=\"text-decoration: underline;\">Oficina de Cuidados &#8211; Conhecendo melhor o beb\u00ea para atender\u00a0suas necessidades com qualidade<\/span><\/strong><\/p>\n<p>Respons\u00e1vel pela oficina: Deise Aquino (Mestre em Enfermagem pela FURG)<\/p>\n<p>Local: EMEI Oscar Moraes<\/p>\n<p>End: Altamir de Lacerda, 904 \u2013 Hidr\u00e1ulica<\/p>\n<p>Inscreva-se <a href=\"https:\/\/docs.google.com\/forms\/d\/1VKRWzJExbYnIgOoJVkGj1U_oxXzdUH4GAcqrypvO59c\/viewform\" target=\"_blank\">aqui.<\/a><\/p>\n<h2>Oficina 2<\/h2>\n<p><span style=\"text-decoration: underline;\"><strong>Corporeidade musical na\u00a0Educa\u00e7\u00e3o Infantil<\/strong><\/span><\/p>\n<p>Respons\u00e1vel pela oficina:\u00a0Denise Costa Prado (pedagoga, especialista em dan\u00e7a pela PUC e mestre em Educa\u00e7\u00e3o\/PUC)<\/p>\n<p>Local: EMEF Fran\u00e7a Pinto<\/p>\n<p>End: Rua Minas Gerais, esquina D. Bosco \u2013 Cohab I<\/p>\n<p>Inscreva-se <a href=\"https:\/\/docs.google.com\/forms\/d\/1UfwookmLQhbb8XvRBQuXNTzcudqh0C0H2DdLgH9Bdz8\/viewform\" target=\"_blank\">aqui.<\/a><\/p>\n<h2>Oficina 3<\/h2>\n<p><strong><span style=\"text-decoration: underline;\">A magia dos legumes<\/span><\/strong><\/p>\n<p>Respons\u00e1vel pela oficina: Nutricionistas do N\u00facleo de Alimenta\u00e7\u00e3o Escolar da SMEd<\/p>\n<p>Local: EMEI Daisy Guma Pagel<\/p>\n<p>End: Hon\u00f3rio Aiquin, 588 \/ N.S F\u00e1tima<\/p>\n<p>Inscreva-se <a href=\"https:\/\/docs.google.com\/forms\/d\/1LQhbgcu4EfDSBXv2l5ePYuG7TuOasgolLD7ugzWrfVY\/viewform\" target=\"_blank\">aqui.<\/a><\/p>\n<h2>Oficina 4<\/h2>\n<p><strong><span style=\"text-decoration: underline;\">Retratos do cotidiano: escolhas, registros e avalia\u00e7\u00e3o na\u00a0escola da inf\u00e2ncia<\/span><\/strong><\/p>\n<p>Respons\u00e1vel pela oficina: Roberta Brodt (mestranda no PPGEC\/ FURG\u00a0e coordenadora pedag\u00f3gica da rede privada)<\/p>\n<p>Local: EMEI Castelo Branco<\/p>\n<p>End: Rua 1, n\u00ba 11 \/ Castelo Branco<\/p>\n<p>Inscreva-se <a href=\"https:\/\/docs.google.com\/forms\/d\/1oNGrF1oG5JhYYEpmrUgwGz5hTo_xudlnUcLXFJ6EUOQ\/viewform\" target=\"_blank\">aqui.<\/a><\/p>\n","protected":false},"excerpt":{"rendered":"<p>Educa\u00e7\u00e3o Infantil: Curta, dialogue e compartilhe A secretaria de Munic\u00edpio da Educa\u00e7\u00e3o (SMEd), por meio do N\u00facleo\u00a0de Educa\u00e7\u00e3o Infantil, promove no dia 05 de abril o 1\u00ba Ciclo de Oficinas te\u00f3rico-pr\u00e1ticas para forma\u00e7\u00e3o das professoras da Educa\u00e7\u00e3o Infantil das escolas da\u00a0rede p\u00fablica municipal. Para participar, o professor dever\u00e1 escolher uma das oficinas e\u00a0preencher o formul\u00e1rio [&hellip;]<\/p>\n","protected":false},"author":7,"featured_media":0,"parent":445,"menu_order":1,"comment_status":"closed","ping_status":"open","template":"","meta":{"footnotes":""},"class_list":["post-9480","page","type-page","status-publish","hentry"],"_links":{"self":[{"href":"https:\/\/www.riogrande.rs.gov.br\/smed\/index.php?rest_route=\/wp\/v2\/pages\/9480"}],"collection":[{"href":"https:\/\/www.riogrande.rs.gov.br\/smed\/index.php?rest_route=\/wp\/v2\/pages"}],"about":[{"href":"https:\/\/www.riogrande.rs.gov.br\/smed\/index.php?rest_route=\/wp\/v2\/types\/page"}],"author":[{"embeddable":true,"href":"https:\/\/www.riogrande.rs.gov.br\/smed\/index.php?rest_route=\/wp\/v2\/users\/7"}],"replies":[{"embeddable":true,"href":"https:\/\/www.riogrande.rs.gov.br\/smed\/index.php?rest_route=%2Fwp%2Fv2%2Fcomments&post=9480"}],"version-history":[{"count":3,"href":"https:\/\/www.riogrande.rs.gov.br\/smed\/index.php?rest_route=\/wp\/v2\/pages\/9480\/revisions"}],"predecessor-version":[{"id":9904,"href":"https:\/\/www.riogrande.rs.gov.br\/smed\/index.php?rest_route=\/wp\/v2\/pages\/9480\/revisions\/9904"}],"up":[{"embeddable":true,"href":"https:\/\/www.riogrande.rs.gov.br\/smed\/index.php?rest_route=\/wp\/v2\/pages\/445"}],"wp:attachment":[{"href":"https:\/\/www.riogrande.rs.gov.br\/smed\/index.php?rest_route=%2Fwp%2Fv2%2Fmedia&parent=9480"}],"curies":[{"name":"wp","href":"https:\/\/api.w.org\/{rel}","templated":true}]}}