{"id":72,"date":"2010-10-28T14:31:48","date_gmt":"2010-10-28T16:31:48","guid":{"rendered":"http:\/\/10.0.0.100\/wordpress\/?page_id=72"},"modified":"2014-05-13T16:26:46","modified_gmt":"2014-05-13T19:26:46","slug":"administrativo","status":"publish","type":"page","link":"https:\/\/www.riogrande.rs.gov.br\/smed\/?page_id=72","title":{"rendered":"Gest\u00e3o da Educa\u00e7\u00e3o"},"content":{"rendered":"<h1>Superintend\u00eancia de Gest\u00e3o da Educa\u00e7\u00e3o<\/h1>\n<p style=\"text-align: justify;\">A Superintend\u00eancia de Gest\u00e3o da Educa\u00e7\u00e3o da Secretaria de Munic\u00edpio da Educa\u00e7\u00e3o de Rio Grande executa as pol\u00edticas de Gest\u00e3o no \u00e2mbito das compet\u00eancias formalmente previstas e de acordo com as diretrizes program\u00e1ticas e estrat\u00e9gicas definidas pelo Governo Municipal e sob a orienta\u00e7\u00e3o e comando do Secret\u00e1rio de Munic\u00edpio da Educa\u00e7\u00e3o.<\/p>\n<p style=\"text-align: justify;\">Tamb\u00e9m competem a esta Superintend\u00eancia: a coordena\u00e7\u00e3o de a\u00e7\u00f5es de Gest\u00e3o no que tange ao car\u00e1ter administrativo e de infraestrutura, junto \u00e0s escolas da Rede Municipal e Unidades vinculadas \u00e0 SMEd; a coordena\u00e7\u00e3o de a\u00e7\u00f5es de supervis\u00e3o junto \u00e0s escolas da Rede Municipal e Assessorias afins, detectando necessidades e demandas de car\u00e1ter administrativo e estrutural; a coordena\u00e7\u00e3o da elabora\u00e7\u00e3o do Plano Plurianual de Investimentos, bem como a Lei de Diretrizes Or\u00e7ament\u00e1rias e a Lei de Or\u00e7amento Anual, com base no Plano de Governo estabelecido pelo Gestor do Munic\u00edpio e de acordo com as orienta\u00e7\u00f5es do Secret\u00e1rio de Munic\u00edpio da Educa\u00e7\u00e3o.<\/p>\n<p style=\"text-align: justify;\">Al\u00e9m disso, compete \u00e0 superintendente de Gest\u00e3o o acompanhamento da execu\u00e7\u00e3o de despesas, verificando a necessidade de suplementa\u00e7\u00f5es ou redu\u00e7\u00f5es, de acordo com as demandas solicitadas e a supervis\u00e3o das autoriza\u00e7\u00f5es de empenho para posterior assinatura do ordenador da despesa.<\/p>\n<h2>Ger\u00eancia Administrativa Setorial<\/h2>\n<p style=\"text-align: justify;\">As principais compet\u00eancias da Ger\u00eancia Administrativa Setorial da Secretaria de Munic\u00edpio da Educa\u00e7\u00e3o de Rio Grande s\u00e3o o gerenciamento das atividades administrativas auxiliares desta Secretaria, relacionadas com o sistema de Planejamento Geral, Sistema de Recursos Humanos, Sistema de Patrim\u00f4nio, Sistema de Materiais, Sistema de Compras, Sistema da \u00c1rea de Inform\u00e1tica e demais Sistemas Administrativos, em estreita articula\u00e7\u00e3o e harmonia com os respectivos N\u00facleos gestores centrais e sob a orienta\u00e7\u00e3o t\u00e9cnica e metodol\u00f3gica que deles emanam; o gerenciamento da execu\u00e7\u00e3o da presta\u00e7\u00e3o dos servi\u00e7os necess\u00e1rios ao funcionamento regular da SMEd; o gerenciamento do suprimento de materias permanentes e de consumo para todos os N\u00facleos da SMEd.<\/p>\n<p style=\"text-align: justify;\">Al\u00e9m disso, gerencia e acompanha todos contratos celebrados pela SMEd.<\/p>\n<h2>N\u00facleo de Alimenta\u00e7\u00e3o Escolar<\/h2>\n<p style=\"text-align: justify;\">O N\u00facleo de Alimenta\u00e7\u00e3o Escolar da Secretaria de Munic\u00edpio da Educa\u00e7\u00e3o de Rio Grande tem como principais responsabilidades o gerenciamento das verbas federais e municipais relativas \u00e0 Alimenta\u00e7\u00e3o Escolar, a aquisi\u00e7\u00e3o e distribui\u00e7\u00e3o da merenda escolar e o controle do almoxarifado da Alimenta\u00e7\u00e3o Escolar.<\/p>\n<p style=\"text-align: justify;\">Tem tamb\u00e9m como fun\u00e7\u00e3o a fiscaliza\u00e7\u00e3o, junto \u00e0s escolas, da qualidade dos produtos adquiridos e manejados pelo setor.<\/p>\n<p>Clique <a href=\"http:\/\/www.riogrande.rs.gov.br\/smed\/?page_id=9951\" target=\"_blank\"><strong>aqui<\/strong><\/a> para obter mais informa\u00e7\u00f5es.<\/p>\n<h2>N\u00facleo de Patrim\u00f4nio<\/h2>\n<p style=\"text-align: justify;\">O N\u00facleo de Patrim\u00f4nio da Secretaria de Munic\u00edpio da Educa\u00e7\u00e3o de Rio Grande tem como principais responsabilidades o recebimento das demandas para a aquisi\u00e7\u00e3o de bens patrimoniais oriundos das escolas da Rede Municipal e N\u00facleos da SMEd, al\u00e9m do controle da guarda e entrega de material de consumo e permanente.<\/p>\n<h2>N\u00facleo de Finan\u00e7as<\/h2>\n<p style=\"text-align: justify;\">A principal responsabilidade do N\u00facleo de Finan\u00e7as da Secretaria de Munic\u00edpio da Educa\u00e7\u00e3o de Rio Grande \u00e9 a contabilidade da SMEd, fazendo o controle financeiro e or\u00e7ament\u00e1rio, sendo este respons\u00e1vel pela emiss\u00e3o de empenhos referentes \u00e0s despesas da Educa\u00e7\u00e3o e envio destes para pagamento.<\/p>\n<h2>N\u00facleo de Apoio Administrativo<\/h2>\n<p style=\"text-align: justify;\">O N\u00facleo de Apoio Administrativo da Secretaria de Munic\u00edpio da Educa\u00e7\u00e3o de Rio Grande tem como principais responsabilidades a elabora\u00e7\u00e3o e emiss\u00e3o das autoriza\u00e7\u00f5es de empenho e estornos; o recebimento e an\u00e1lise das presta\u00e7\u00f5es de contas dos conv\u00eanios e o do Programa Escola Legal; o recebimento e encaminhamento dos pedidos de di\u00e1rias e de passagens para viagens de servidores a servi\u00e7o; a emiss\u00e3o, organiza\u00e7\u00e3o e encaminhamento das faturas mensais de \u00e1gua, luz e telefone das Escolas da Rede Municipal e Complexo Administrativo da SMEd para pagamento; a organiza\u00e7\u00e3o e o encaminhamento dos pedidos de licita\u00e7\u00e3o de servi\u00e7os que resultar\u00e3o em contratos administrativos, al\u00e9m da elabora\u00e7\u00e3o de minutas de contratos e conv\u00eanios.<\/p>\n<h2>N\u00facleo de Viaturas<\/h2>\n<p style=\"text-align: justify;\">O N\u00facleo de Viaturas da Secretaria de Munic\u00edpio da Educa\u00e7\u00e3o de Rio Grande tem como principais responsabilidades a coordena\u00e7\u00e3o do grupo de motoristas da SMEd, fazendo o devido agendamento das solicita\u00e7\u00f5es de viaturas e designando o respectivo motorista e ve\u00edculo.<\/p>\n<p style=\"text-align: justify;\">Al\u00e9m disso, o N\u00facleo deve realizar o controle de multas, gasto de combust\u00edvel, efetividade dos motoristas, bem como o vencimento do licenciamento dos mesmos.<\/p>\n<h2 style=\"text-align: justify;\">N\u00facleo de Material Escolar<\/h2>\n<p style=\"text-align: justify;\">O N\u00facleo de Material Escolar da Secretaria de Munic\u00edpio da Educa\u00e7\u00e3o de Rio Grande \u00e9 respons\u00e1vel por suprir as necessidades e os recursos de expediente, material de limpeza e higieniza\u00e7\u00e3o para as escolas da Rede Municipais (EMEF), al\u00e9m de compor o material para o bom funcionamento das Escolas de Educa\u00e7\u00e3o Infantil (EMEIS).<\/p>\n<p style=\"text-align: justify;\">Outra relevante fun\u00e7\u00e3o do N\u00facleo de Material Escolar \u00e9 a realiza\u00e7\u00e3o de pedidos de Licita\u00e7\u00f5es de materiais, atrav\u00e9s de pesquisas de pre\u00e7os e or\u00e7amentos.<\/p>\n<p style=\"text-align: justify;\">Este N\u00facleo tamb\u00e9m \u00e9 respons\u00e1vel por um constante contato e pesquisa com toda a rede escolar a fim de constatar as necessidades de cada uma das institui\u00e7\u00f5es.<\/p>\n<h2>Ger\u00eancia de Obras e Infraestrutura<\/h2>\n<p style=\"text-align: justify;\">As principais compet\u00eancias da Ger\u00eancia de Obras e Infraestrutura da Secretaria de Munic\u00edpio da Educa\u00e7\u00e3o de Rio Grande s\u00e3o a articula\u00e7\u00e3o, permanente, com a Superintend\u00eancia de Gest\u00e3o da Educa\u00e7\u00e3o, observando normas de trabalho prescritas pela mesma e atuando como seu agente em assuntos de organiza\u00e7\u00e3o e or\u00e7amento; a participa\u00e7\u00e3o na elabora\u00e7\u00e3o, orientado pela Superintend\u00eancia de Gest\u00e3o da Educa\u00e7\u00e3o, da proposta or\u00e7ament\u00e1ria dos N\u00facleos, com a respectiva justificativa, respeitando os prazos estipulados; o registro e controle do andamento do expediente nos N\u00facleos, em coordena\u00e7\u00e3o com a Superintend\u00eancia de Gest\u00e3o da Educa\u00e7\u00e3o.<\/p>\n<p style=\"text-align: justify;\">Al\u00e9m disso, a Ger\u00eancia de Obras e Infraestrutura elabora memoriais descritivos de servi\u00e7os, a partir de visitas \u00e0s unidades escolares e mant\u00e9m a regularidade das datas e contratos referentes \u00e0 seguran\u00e7a escolar.<\/p>\n<h2>N\u00facleo de Transporte Escolar<\/h2>\n<p style=\"text-align: justify;\">As principais compet\u00eancias do N\u00facleo de Transporte Escolar da Secretaria de Munic\u00edpio da Educa\u00e7\u00e3o de Rio Grande s\u00e3o atender \u00e0 comunidade escolar, prestadores de servi\u00e7os e dire\u00e7\u00f5es de escolas, com o intuito de suprir as demandas recebidas; informar aos pais, alunos, condutores do munic\u00edpio, prestadores contratados, diretores e vice-diretores sobre suas respectivas responsabilidades em rela\u00e7\u00e3o ao Transporte Escolar e realizar a compra de passagens escolares para que sejam repassadas \u00e0s escolas municipais e, consequentemente, entregues aos seus respectivos alunos.<\/p>\n<h2>N\u00facleo de Projetos<\/h2>\n<p style=\"text-align: justify;\">Cabe ao N\u00facleo de Projetos da Secretaria de Munic\u00edpio da Educa\u00e7\u00e3o de Rio Grande identificar futuras necessidades de cria\u00e7\u00e3o de vagas nos diversos segmentos da educa\u00e7\u00e3o b\u00e1sica e quantificar essas necessidades atrav\u00e9s da elabora\u00e7\u00e3o de pesquisa apresentada sob forma de estudo de demanda, em conjunto com o N\u00facleo Pedag\u00f3gico afim.<\/p>\n<p style=\"text-align: justify;\">O N\u00facleo de Projetos tamb\u00e9m realiza buscas online com a finalidade de angariar recursos e fomentar as a\u00e7\u00f5es administrativas de infraestrutura da SMEd, al\u00e9m de realizar a implementa\u00e7\u00e3o dos projetos nos diversos sistemas informatizados operadas por \u00f3rg\u00e3os governamentais.<\/p>\n<h2>N\u00facleo de Manuten\u00e7\u00e3o e Recupera\u00e7\u00e3o de Bens Im\u00f3veis<\/h2>\n<p style=\"text-align: justify;\">O N\u00facleo de Manuten\u00e7\u00e3o e Recupera\u00e7\u00e3o de Bens Im\u00f3veis da Secretaria de Munic\u00edpio da Educa\u00e7\u00e3o de Rio Grande tem como principais responsabilidades o recebimento e organiza\u00e7\u00e3o, em forma de levantamento de pre\u00e7os, das solicita\u00e7\u00f5es de recupera\u00e7\u00e3o e manuten\u00e7\u00e3o das escolas e unidades vinculadas \u00e0 SMEd, encaminhando as demandas aos prestadores de servi\u00e7os e\\ou equipe de manuten\u00e7\u00e3o.<\/p>\n<p style=\"text-align: justify;\">Al\u00e9m disso, o N\u00facleo de Manuten\u00e7\u00e3o e Recupera\u00e7\u00e3o de Bens Im\u00f3veis recebe as demandas das escolas e unidades vinculadas \u00e0 SMEd referentes \u00e0s compras de material para manuten\u00e7\u00e3o, organizando os levantamentos de pre\u00e7os para envio \u00e0 central de compras, bem como a realiza\u00e7\u00e3o do controle de estoque e as sa\u00eddas dos respectivos materiais e, tamb\u00e9m, a fiscaliza\u00e7\u00e3o dos servi\u00e7os realizados nas escolas e unidades vinculadas \u00e0 SMEd, no que se refere a processos de dispensa de licita\u00e7\u00e3o.<\/p>\n<h2>N\u00facleo de Apoio \u00e0 Infraestrutura<\/h2>\n<p style=\"text-align: justify;\">O N\u00facleo de Apoio \u00e0 Infraestrutura da Secretaria de Munic\u00edpio da Educa\u00e7\u00e3o de Rio Grande tem como principais responsabilidades a vistoria e a verifica\u00e7\u00e3o das reais necessidades das escolas e institui\u00e7\u00f5es do complexo administrativo da SMEd, realizando memoriais descritivos de obras, montagens, acompanhamento, verifica\u00e7\u00e3o e encaminhamento de pagamento das medi\u00e7\u00f5es (NFs) das obras licitadas, al\u00e9m da realiza\u00e7\u00e3o de empenhos.<\/p>\n<p style=\"text-align: justify;\">O N\u00facleo de Apoio \u00e0 Infraestrutura tamb\u00e9m faz o controle e o acompanhamento de contratos de obras.<\/p>\n","protected":false},"excerpt":{"rendered":"<p>Superintend\u00eancia de Gest\u00e3o da Educa\u00e7\u00e3o A Superintend\u00eancia de Gest\u00e3o da Educa\u00e7\u00e3o da Secretaria de Munic\u00edpio da Educa\u00e7\u00e3o de Rio Grande executa as pol\u00edticas de Gest\u00e3o no \u00e2mbito das compet\u00eancias formalmente previstas e de acordo com as diretrizes program\u00e1ticas e estrat\u00e9gicas definidas pelo Governo Municipal e sob a orienta\u00e7\u00e3o e comando do Secret\u00e1rio de Munic\u00edpio da [&hellip;]<\/p>\n","protected":false},"author":7,"featured_media":0,"parent":0,"menu_order":2,"comment_status":"closed","ping_status":"closed","template":"","meta":{"footnotes":""},"class_list":["post-72","page","type-page","status-publish","hentry"],"_links":{"self":[{"href":"https:\/\/www.riogrande.rs.gov.br\/smed\/index.php?rest_route=\/wp\/v2\/pages\/72"}],"collection":[{"href":"https:\/\/www.riogrande.rs.gov.br\/smed\/index.php?rest_route=\/wp\/v2\/pages"}],"about":[{"href":"https:\/\/www.riogrande.rs.gov.br\/smed\/index.php?rest_route=\/wp\/v2\/types\/page"}],"author":[{"embeddable":true,"href":"https:\/\/www.riogrande.rs.gov.br\/smed\/index.php?rest_route=\/wp\/v2\/users\/7"}],"replies":[{"embeddable":true,"href":"https:\/\/www.riogrande.rs.gov.br\/smed\/index.php?rest_route=%2Fwp%2Fv2%2Fcomments&post=72"}],"version-history":[{"count":78,"href":"https:\/\/www.riogrande.rs.gov.br\/smed\/index.php?rest_route=\/wp\/v2\/pages\/72\/revisions"}],"predecessor-version":[{"id":9954,"href":"https:\/\/www.riogrande.rs.gov.br\/smed\/index.php?rest_route=\/wp\/v2\/pages\/72\/revisions\/9954"}],"wp:attachment":[{"href":"https:\/\/www.riogrande.rs.gov.br\/smed\/index.php?rest_route=%2Fwp%2Fv2%2Fmedia&parent=72"}],"curies":[{"name":"wp","href":"https:\/\/api.w.org\/{rel}","templated":true}]}}