{"id":6012,"date":"2013-04-25T15:36:16","date_gmt":"2013-04-25T18:36:16","guid":{"rendered":"http:\/\/www.riogrande.rs.gov.br\/smed\/?page_id=6012"},"modified":"2021-04-12T22:00:39","modified_gmt":"2021-04-13T01:00:39","slug":"gabinete","status":"publish","type":"page","link":"https:\/\/www.riogrande.rs.gov.br\/smed\/?page_id=6012","title":{"rendered":"Gabinete"},"content":{"rendered":"<h1>Secret\u00e1rio(a) Adjunto(a)<\/h1>\n<p style=\"text-align: justify;\">O(a) Secret\u00e1rio(a) Adjunto(a) da Secretaria de Munic\u00edpio da Educa\u00e7\u00e3o de Rio Grande tem como principais atribui\u00e7\u00f5es auxiliar o Secret\u00e1rio de Munic\u00edpio da Educa\u00e7\u00e3o na dire\u00e7\u00e3o, organiza\u00e7\u00e3o, orienta\u00e7\u00e3o, coordena\u00e7\u00e3o, articula\u00e7\u00e3o e controle da Secretaria da Educa\u00e7\u00e3o. Tamb\u00e9m \u00e9 de sua compet\u00eancia exercer as atividades que lhe forem delegadas pelo Secret\u00e1rio da Educa\u00e7\u00e3o, despachar com este e substitu\u00ed-lo, autom\u00e1tica e eventualmente, em suas aus\u00eancias, impedimentos ou afastamentos legais.<\/p>\n<p style=\"text-align: justify;\">O(a) Secret\u00e1rio(a) Adjunto(a) tamb\u00e9m desempenhar\u00e1 outras tarefas compat\u00edveis com suas atribui\u00e7\u00f5es, de acordo com as delibera\u00e7\u00f5es do Secret\u00e1rio da Educa\u00e7\u00e3o.<\/p>\n<h1>Ger\u00eancia de Recursos Humanos<\/h1>\n<p dir=\"ltr\" style=\"text-align: justify;\">A Ger\u00eancia de Recursos Humanos da Secretaria de Munic\u00edpio da Educa\u00e7\u00e3o de Rio Grande tem como atribui\u00e7\u00f5es planejar, gerenciar, coordenar, controlar e executar atividades inerentes \u00e0 administra\u00e7\u00e3o de Recursos Humanos da Secretaria.<\/p>\n<p dir=\"ltr\" style=\"text-align: justify;\">Tamb\u00e9m compete a esta Ger\u00eancia dialogar com as equipes diretivas das unidades escolares para que todos os envolvidos no processo sintam-se correspons\u00e1veis pelo bom gerenciamento dos Recursos Humanos na rede escolar.<\/p>\n<h1>N\u00facleo de Gest\u00e3o e Desenvolvimento dos Trabalhadores em Educa\u00e7\u00e3o<\/h1>\n<p style=\"text-align: justify;\">O N\u00facleo de Gest\u00e3o e Desenvolvimento dos Trabalhadores em Educa\u00e7\u00e3o tem por finalidade gerir e acompanhar todo o processo funcional dos(as) trabalhadores(as) em Educa\u00e7\u00e3o, desde a posse at\u00e9 sua aposentadoria, atentando para as possibilidades de bem administrar e desenvolver as atividades pertinentes a este N\u00facleo, visando ao bem estar e \u00e0 qualidade funcional desses trabalhadores(as).<\/p>\n<h1>N\u00facleo de Registro e Acompanhamento dos Estudantes<\/h1>\n<p style=\"text-align: justify;\">O N\u00facleo de Registro e Acompanhamento dos Estudantes tem por finalidade coordenar, assessorar, mediar, acompanhar e apoiar o desenvolvimento das atividades realizadas pelos setores que a ele est\u00e3o ligados.<\/p>\n<p style=\"text-align: justify;\">Fazem parte desde N\u00facleo o BIE (Boletim Informativo Escolar), o Censo Escolar, a Central de Matr\u00edculas, o SISMEd (Controle Interno da SMEd), a Frequ\u00eancia Escolar e a Divis\u00e3o de Registro Escolar.<\/p>\n","protected":false},"excerpt":{"rendered":"<p>Secret\u00e1rio(a) Adjunto(a) O(a) Secret\u00e1rio(a) Adjunto(a) da Secretaria de Munic\u00edpio da Educa\u00e7\u00e3o de Rio Grande tem como principais atribui\u00e7\u00f5es auxiliar o Secret\u00e1rio de Munic\u00edpio da Educa\u00e7\u00e3o na dire\u00e7\u00e3o, organiza\u00e7\u00e3o, orienta\u00e7\u00e3o, coordena\u00e7\u00e3o, articula\u00e7\u00e3o e controle da Secretaria da Educa\u00e7\u00e3o. Tamb\u00e9m \u00e9 de sua compet\u00eancia exercer as atividades que lhe forem delegadas pelo Secret\u00e1rio da Educa\u00e7\u00e3o, despachar com [&hellip;]<\/p>\n","protected":false},"author":7,"featured_media":0,"parent":0,"menu_order":5,"comment_status":"closed","ping_status":"open","template":"","meta":{"footnotes":""},"class_list":["post-6012","page","type-page","status-publish","hentry"],"_links":{"self":[{"href":"https:\/\/www.riogrande.rs.gov.br\/smed\/index.php?rest_route=\/wp\/v2\/pages\/6012"}],"collection":[{"href":"https:\/\/www.riogrande.rs.gov.br\/smed\/index.php?rest_route=\/wp\/v2\/pages"}],"about":[{"href":"https:\/\/www.riogrande.rs.gov.br\/smed\/index.php?rest_route=\/wp\/v2\/types\/page"}],"author":[{"embeddable":true,"href":"https:\/\/www.riogrande.rs.gov.br\/smed\/index.php?rest_route=\/wp\/v2\/users\/7"}],"replies":[{"embeddable":true,"href":"https:\/\/www.riogrande.rs.gov.br\/smed\/index.php?rest_route=%2Fwp%2Fv2%2Fcomments&post=6012"}],"version-history":[{"count":12,"href":"https:\/\/www.riogrande.rs.gov.br\/smed\/index.php?rest_route=\/wp\/v2\/pages\/6012\/revisions"}],"predecessor-version":[{"id":6095,"href":"https:\/\/www.riogrande.rs.gov.br\/smed\/index.php?rest_route=\/wp\/v2\/pages\/6012\/revisions\/6095"}],"wp:attachment":[{"href":"https:\/\/www.riogrande.rs.gov.br\/smed\/index.php?rest_route=%2Fwp%2Fv2%2Fmedia&parent=6012"}],"curies":[{"name":"wp","href":"https:\/\/api.w.org\/{rel}","templated":true}]}}