{"id":46841,"date":"2025-09-17T13:46:51","date_gmt":"2025-09-17T16:46:51","guid":{"rendered":"https:\/\/www.riogrande.rs.gov.br\/smed\/?page_id=46841"},"modified":"2025-09-17T13:46:51","modified_gmt":"2025-09-17T16:46:51","slug":"10o-comed-caminhos-da-educacao-para-o-proximo-decenio-desafios-e-avancos-das-politicas-publicas-educacionais-2025","status":"publish","type":"page","link":"https:\/\/www.riogrande.rs.gov.br\/smed\/?page_id=46841","title":{"rendered":"10\u00ba COMED: Caminhos da Educa\u00e7\u00e3o para o pr\u00f3ximo dec\u00eanio, desafios e avan\u00e7os das pol\u00edticas p\u00fablicas educacionais -2025"},"content":{"rendered":"<p><a href=\"https:\/\/www.riogrande.rs.gov.br\/smed\/wp-content\/uploads\/2025\/09\/WhatsApp-Image-2025-09-17-at-13.38.40.jpeg\" rel=\"lightbox[46841]\"><img loading=\"lazy\" decoding=\"async\" class=\"aligncenter  wp-image-46844\" src=\"https:\/\/www.riogrande.rs.gov.br\/smed\/wp-content\/uploads\/2025\/09\/WhatsApp-Image-2025-09-17-at-13.38.40-485x343.jpeg\" alt=\"\" width=\"397\" height=\"281\" srcset=\"https:\/\/www.riogrande.rs.gov.br\/smed\/wp-content\/uploads\/2025\/09\/WhatsApp-Image-2025-09-17-at-13.38.40-485x343.jpeg 485w, https:\/\/www.riogrande.rs.gov.br\/smed\/wp-content\/uploads\/2025\/09\/WhatsApp-Image-2025-09-17-at-13.38.40-768x543.jpeg 768w, https:\/\/www.riogrande.rs.gov.br\/smed\/wp-content\/uploads\/2025\/09\/WhatsApp-Image-2025-09-17-at-13.38.40-1536x1086.jpeg 1536w, https:\/\/www.riogrande.rs.gov.br\/smed\/wp-content\/uploads\/2025\/09\/WhatsApp-Image-2025-09-17-at-13.38.40-624x441.jpeg 624w, https:\/\/www.riogrande.rs.gov.br\/smed\/wp-content\/uploads\/2025\/09\/WhatsApp-Image-2025-09-17-at-13.38.40.jpeg 1600w\" sizes=\"(max-width: 397px) 100vw, 397px\" \/><\/a><\/p>\n<p>O 10\u00ba Congresso Municipal de Educa\u00e7\u00e3o (10\u00ba COMED), institu\u00eddo pela Lei n\u00ba 5332\/1999, foi realizado nos dias 10 e 11 de setembro de 2025, no Centro Integrado de Desenvolvimento do Ecossistema Costeiro e Oce\u00e2nico (CIDEC-SUL\/FURG), em Rio Grande\/RS, com o tema \u201cCaminhos da Educa\u00e7\u00e3o para pr\u00f3ximo dec\u00eanio: desafios das pol\u00edticas p\u00fablicas educacionais de Estado\u201d. Organizado pelo F\u00f3rum Municipal de Educa\u00e7\u00e3o, constitu\u00eddo por integrantes do Executivo Municipal, Legislativo Municipal, representantes das comunidades escolares e membros da sociedade, tratou-se de um espa\u00e7o para discuss\u00e3o das metas nacionais do PNE 2024-2034, em discuss\u00e3o no Congresso Nacional.<\/p>\n<p style=\"text-align: center;\">Abaixo est\u00e3o os documentos do 10\u00ba COMED<\/p>\n<p><a href=\"https:\/\/www.riogrande.rs.gov.br\/smed\/wp-content\/uploads\/2025\/09\/Texto-referencia-para-os-eixos-tematicos-10-COMED.pdf\">Texto refer\u00eancia para os eixos tem\u00e1ticos 10 COMED<\/a><\/p>\n<p>&nbsp;<\/p>\n<p>&nbsp;<\/p>\n<p>&nbsp;<\/p>\n","protected":false},"excerpt":{"rendered":"<p>O 10\u00ba Congresso Municipal de Educa\u00e7\u00e3o (10\u00ba COMED), institu\u00eddo pela Lei n\u00ba 5332\/1999, foi realizado nos dias 10 e 11 de setembro de 2025, no Centro Integrado de Desenvolvimento do Ecossistema Costeiro e Oce\u00e2nico (CIDEC-SUL\/FURG), em Rio Grande\/RS, com o tema \u201cCaminhos da Educa\u00e7\u00e3o para pr\u00f3ximo dec\u00eanio: desafios das pol\u00edticas p\u00fablicas educacionais de Estado\u201d. Organizado [&hellip;]<\/p>\n","protected":false},"author":7,"featured_media":0,"parent":44429,"menu_order":0,"comment_status":"closed","ping_status":"closed","template":"","meta":{"footnotes":""},"class_list":["post-46841","page","type-page","status-publish","hentry"],"_links":{"self":[{"href":"https:\/\/www.riogrande.rs.gov.br\/smed\/index.php?rest_route=\/wp\/v2\/pages\/46841"}],"collection":[{"href":"https:\/\/www.riogrande.rs.gov.br\/smed\/index.php?rest_route=\/wp\/v2\/pages"}],"about":[{"href":"https:\/\/www.riogrande.rs.gov.br\/smed\/index.php?rest_route=\/wp\/v2\/types\/page"}],"author":[{"embeddable":true,"href":"https:\/\/www.riogrande.rs.gov.br\/smed\/index.php?rest_route=\/wp\/v2\/users\/7"}],"replies":[{"embeddable":true,"href":"https:\/\/www.riogrande.rs.gov.br\/smed\/index.php?rest_route=%2Fwp%2Fv2%2Fcomments&post=46841"}],"version-history":[{"count":4,"href":"https:\/\/www.riogrande.rs.gov.br\/smed\/index.php?rest_route=\/wp\/v2\/pages\/46841\/revisions"}],"predecessor-version":[{"id":46848,"href":"https:\/\/www.riogrande.rs.gov.br\/smed\/index.php?rest_route=\/wp\/v2\/pages\/46841\/revisions\/46848"}],"up":[{"embeddable":true,"href":"https:\/\/www.riogrande.rs.gov.br\/smed\/index.php?rest_route=\/wp\/v2\/pages\/44429"}],"wp:attachment":[{"href":"https:\/\/www.riogrande.rs.gov.br\/smed\/index.php?rest_route=%2Fwp%2Fv2%2Fmedia&parent=46841"}],"curies":[{"name":"wp","href":"https:\/\/api.w.org\/{rel}","templated":true}]}}