{"id":4550,"date":"2012-06-18T17:20:27","date_gmt":"2012-06-18T20:20:27","guid":{"rendered":"http:\/\/www.riogrande.rs.gov.br\/smec\/?page_id=4550"},"modified":"2012-06-26T22:40:27","modified_gmt":"2012-06-27T01:40:27","slug":"emee-maria-lucia-luzzardi","status":"publish","type":"page","link":"https:\/\/www.riogrande.rs.gov.br\/smed\/?page_id=4550","title":{"rendered":"EMEE Maria Lucia Luzzardi"},"content":{"rendered":"<h1>Hist\u00f3ria<\/h1>\n<p style=\"text-align: justify;\" dir=\"ltr\">A Escola Municipal de Educa\u00e7\u00e3o Especial Maria Lucia Luzzardi foi sonhada por um grupo de pais, professores e t\u00e9cnicos, para que crian\u00e7as, adolescentes e adultos autistas tivessem um lugar para serem trabalhados.<\/p>\n<p style=\"text-align: justify;\" dir=\"ltr\">Em 1993, foi criado pela AMAR \u2013 Associa\u00e7\u00e3o de Pais e Amigos dos Autistas do Rio Grande \u2013 o centro de atendimento ao autista.<\/p>\n<p style=\"text-align: justify;\" dir=\"ltr\">Em 1996, o centro passou a ser denominado Escola Municipal de Educa\u00e7\u00e3o Especial Maria Lucia Luzzardi.<\/p>\n<p style=\"text-align: justify;\" dir=\"ltr\">Atualmente, a escola funciona \u00e0 rua Marechal Deodoro, n\u00ba 595, bairro Cidade Nova.<\/p>\n<h1 style=\"text-align: justify;\">Dire\u00e7\u00e3o<\/h1>\n<ul>\n<li>\u00a0Diretora: Laci Maria Ferrer Piccioni Rosado.<\/li>\n<li>\u00a0Vice-Diretora: Silvia Regina Germano Ferreira.<\/li>\n<li>\u00a0Coordenadora da Equipe T\u00e9cnica: Psic\u00f3loga Marcia Magalh\u00e3es.<\/li>\n<\/ul>\n<h1 dir=\"ltr\"><\/h1>\n<h1 style=\"text-align: left;\">Estrutura Pedag\u00f3gica<\/h1>\n<p style=\"text-align: justify;\" dir=\"ltr\">A escola tem como objetivo proporcionar ao educando a forma\u00e7\u00e3o necess\u00e1ria para o desenvolvimento de suas potencialidades como elemento de autorrealiza\u00e7\u00e3o, preparando-o para que possa vencer as dificuldades do meio, oportunizando-lhe, assim, \u00a0uma melhor qualidade de vida.<\/p>\n<p style=\"text-align: justify;\" dir=\"ltr\">A escola atende 82 alunos. As turmas s\u00e3o organizadas de acordo com o n\u00edvel de funcionamento, idade cronol\u00f3gica e interesse dos estudantes, contendo, no m\u00e1ximo, seis alunos por grupo de atendimento, com duas professoras, devido ao n\u00edvel de dificuldades e problemas de conduta dos mesmos.<\/p>\n<p style=\"text-align: justify;\" dir=\"ltr\">A escola tamb\u00e9m oferece atendimento individualizado para aqueles alunos novos ou que n\u00e3o possuam condi\u00e7\u00f5es de conv\u00edvio grupal, devido a s\u00e9rios dist\u00farbios de conduta, falta de toler\u00e2ncia, hiperatividade e funcionamento regressivo (baixo), para que, futuramente, integrem-se em um grupo.<\/p>\n<p style=\"text-align: justify;\" dir=\"ltr\">O atendimento individual ocorre diariamente, com hor\u00e1rio reduzido. O atendimento em grupo destina-se a alunos que apresentam condi\u00e7\u00f5es adaptativas com toler\u00e2ncia ao desenvolvimento de atividades de maior dura\u00e7\u00e3o. S\u00e3o trabalhadas habilidades b\u00e1sicas que permitam ao aluno perceber o mundo que o cerca. A escola destina-se, tamb\u00e9m, a alunos em processo de alfabetiza\u00e7\u00e3o, bem como \u00e0queles j\u00e1 alfabetizados.<\/p>\n<p style=\"text-align: justify;\" dir=\"ltr\">O Centro de Conviv\u00eancia destina-se a alunos da nossa escola que n\u00e3o apresentam habilidades para a leitura e escrita, possuindo baixo n\u00edvel de funcionamento cognitivo. Em raz\u00e3o disso, d\u00e1-se maior \u00eanfase para as atividades vocacionais e atividades da vida di\u00e1ria.<\/p>\n<p style=\"text-align: justify;\" dir=\"ltr\">A metodologia \u00e9 baseada no Programa Teachh (Tratamento e Educa\u00e7\u00e3o para Autistas e Crian\u00e7as com D\u00e9ficits relacionados \u00e0 Comunica\u00e7\u00e3o).<\/p>\n<p style=\"text-align: justify;\" dir=\"ltr\">Esse m\u00e9todo de trabalho proporciona ao aluno uma forma de atendimento estruturado, o qual visa a diminui\u00e7\u00e3o e extin\u00e7\u00e3o de alguns comportamentos, tais como: estereotipias motoras, hiperatividade, estereotipias verbais e isolamentos. Alem disso, possibilita ao estudante sua integra\u00e7\u00e3o na sociedade como cidad\u00e3o pleno, independente da sua condi\u00e7\u00e3o.<\/p>\n<h1 style=\"text-align: left;\">Origem do Nome da Escola<\/h1>\n<p style=\"text-align: justify;\" dir=\"ltr\">Malu, dos olhos azuis cheios de ternura e simplicidade e, ao mesmo tempo, cheios de profundidade e sabedoria. Olhar expressivo e, ao mesmo tempo: Malu da compreens\u00e3o, do ombro amigo.<\/p>\n<p style=\"text-align: justify;\" dir=\"ltr\">Em 1984, Maria Lucia Luzzardi, juntamente com sua equipe de trabalho, formou um grupo de crian\u00e7as autistas. A partir desta data, come\u00e7ava um longo caminho de luta e obstina\u00e7\u00e3o para ajudar o indiv\u00edduo portador de autismo \u2013 doen\u00e7a pouco divulgada e, portanto, norteada por preconceitos e estigmas \u2013, que Maria Lucia Luzzardi soube orientar t\u00e3o bem, usando de sua intui\u00e7\u00e3o, muito estudo e sensibilidade.<\/p>\n<p style=\"text-align: justify;\" dir=\"ltr\">Aos professores, transmitia seus conhecimentos e, com muita empatia, aliviava suas ang\u00fastias e ansiedades. Da mesma forma, orientava as fam\u00edlias das crian\u00e7as autistas. Muitas m\u00e3es, diversas \u00a0vezes, se referiam a ela como o seu porto seguro.<\/p>\n<p style=\"text-align: justify;\" dir=\"ltr\">Aos autistas, todo o seu amor e carinho. Em maio de 1994, deixou-nos, ap\u00f3s lutar contra uma doen\u00e7a fatal: a leucemia.<\/p>\n<h1 dir=\"ltr\">Estrutura F\u00edsica<\/h1>\n<p style=\"text-align: justify;\" dir=\"ltr\">A escola est\u00e1 localizada em um bairro privilegiado, num local de acesso \u00e0 v\u00e1rias linhas de \u00f4nibus coletivo, pois nossos alunos residem em diversos bairros da cidade, como: Cassino, Bolaxa, Parque Marinha, Parque S\u00e3o Pedro, Humait\u00e1, Santa Rosa, Cohab, S\u00e3o Miguel, S\u00e3o Jo\u00e3o, Hidr\u00e1ulica, Rural, Cidade Nova, Centro, 4\u00aa Sec\u00e7\u00e3o da Barra, Get\u00falio Vargas, Navegantes, Lar Ga\u00facho.<\/p>\n<h1 dir=\"ltr\">Atividades Realizadas<\/h1>\n<p style=\"text-align: justify;\" dir=\"ltr\">Os alunos participam, al\u00e9m das atividades em sala de aula e da recrea\u00e7\u00e3o na pracinha, de oficinas de artesanato, artes, hora do conto, reciclagem de latas (gera\u00e7\u00e3o de renda) e jardinagem. Os trabalhos j\u00e1 realizados foram expostos no Centro Municipal de Cultura, Sobrado dos Azulejos, Escola Viva, Galeria Mario Quintana (POA), Arte Esta\u00e7\u00e3o (Cassino), museus da cidade do Rio Grande.<\/p>\n<p style=\"text-align: justify;\" dir=\"ltr\">Os alunos participam diariamente de caminhadas, Educa\u00e7\u00e3o F\u00edsica e treino para os Jogos Escolares Especiais.<\/p>\n<p style=\"text-align: justify;\" dir=\"ltr\">O computador \u00e9 usado como ferramenta de trabalho pelos alunos, mostrando-se cada vez mais efetivo na educa\u00e7\u00e3o de pessoas com autismo.<\/p>\n<p style=\"text-align: justify;\" dir=\"ltr\">As vantagens oferecidas pelo computador na educa\u00e7\u00e3o da pessoa com autismo s\u00e3o v\u00e1rias, \u00a0entre as quais destacamos:<\/p>\n<ul>\n<li>Ambiente estruturado;<\/li>\n<li>Respostas previs\u00edveis;<\/li>\n<li>Organiza\u00e7\u00e3o visual;<\/li>\n<li>Aux\u00edlio individual.<\/li>\n<\/ul>\n<p style=\"text-align: justify;\" dir=\"ltr\">Al\u00e9m da comunica\u00e7\u00e3o, o computador tem sido usado para ajudar na aquisi\u00e7\u00e3o de vocabul\u00e1rio e na alfabetiza\u00e7\u00e3o \u2013 independente da crian\u00e7a ser ou n\u00e3o verbal \u2013, assim como no processo de melhorar os d\u00e9ficits na intera\u00e7\u00e3o social em crian\u00e7as com autismo.<\/p>\n<p style=\"text-align: justify;\" dir=\"ltr\">Com a doa\u00e7\u00e3o de netbooks, atrav\u00e9s da assessoria de inform\u00e1tica \u2013 SMEC \u2013 os alunos desta escola usam os mesmos com o intuito de atingir os objetivos propostos. Alguns de nossos alunos tamb\u00e9m participam de aulas no laborat\u00f3rio de inform\u00e1tica da Escola Viva (SMEC).<\/p>\n<h1>Festas<\/h1>\n<p style=\"text-align: justify;\" dir=\"ltr\">P\u00e1scoa, Natal, Dia das M\u00e3es, festas juninas, anivers\u00e1rios, baile de m\u00e1scaras, vernissages, Dia das Crian\u00e7as, entre outras.<\/p>\n<h1 dir=\"ltr\">Oficina da M\u00e3es<\/h1>\n<p style=\"text-align: justify;\" dir=\"ltr\">A oficina foi criada com o objetivo de promover a intera\u00e7\u00e3o entre as m\u00e3es e a escola, estreitando os la\u00e7os e trazendo-as para mais junto das atividades escolares.<\/p>\n<p style=\"text-align: justify;\" dir=\"ltr\">Dessa forma, possiblitou-se, a partir da aprendizagem das t\u00e9cnicas, a capacita\u00e7\u00e3o e a autonomia, estimulando a gera\u00e7\u00e3o de renda atrav\u00e9s da comercializa\u00e7\u00e3o da produ\u00e7\u00e3o de artesanato, al\u00e9m de proporcionar momentos de lazer, aprendizagem e troca de conhecimentos.<\/p>\n<p style=\"text-align: justify;\" dir=\"ltr\">Atividades realizadas: enfeites bordados, customiza\u00e7\u00e3o, bonecas de E.V.A., bijuterias, toalhas de fita, decora\u00e7\u00e3o de natal, tape\u00e7aria, doces, bombons, pintura em madeira, entre outras.<\/p>\n<h1 style=\"text-align: left;\" dir=\"ltr\">Inclus\u00e3o do Aluno na Escola Regular<\/h1>\n<p style=\"text-align: justify;\" dir=\"ltr\">Neste ano, foram inclusos 22 alunos em escola regular, da pr\u00e9-escola ao sexto ano. Cada aluno incluso na sala de aula tem o acompanhamento do monitor \u2013 estudante da Universidade em parceria com a Prefeitura Municipal do Rio Grande \u2013 SMEC.<\/p>\n<p style=\"text-align: justify;\" dir=\"ltr\">Para nossos alunos \u00e9 de extrema import\u00e2ncia essa parceria, pois \u00e9 um novo ambiente de estudo e socializa\u00e7\u00e3o.<\/p>\n<h1 style=\"text-align: left;\" dir=\"ltr\">A Escola oferece em parceria com a SMEC<\/h1>\n<ul>\n<li>Merenda escolar: variada e muito gostosa, servida diariamente aos alunos e preparada pela merendeira;<\/li>\n<li>Servi\u00e7o de limpeza: realizado por funcion\u00e1rias de uma firma terceirizada;<\/li>\n<li>Atendentes: trabalham na escola com o objetivo de auxiliar as professoras em sala de aula ou em atividades extras;<\/li>\n<li>Projeto Quero-quero: alunos participam, com sa\u00edda de campo e Projeto \u00a0\u201cQuero-quero Mais\u201d;<\/li>\n<li>Setor de bibliotecas: supre a escola com livros de hist\u00f3rias e revistas para o professor;<\/li>\n<li>Uniforme escolar: identifica\u00e7\u00e3o do aluno frente \u00e0 comunidade;<\/li>\n<li>Autom\u00f3vel Van: transporta os alunos de casa para a escola e vice-versa. O objetivo \u00e9 transportar os alunos que possuem dificuldades de locomo\u00e7\u00e3o em transporte p\u00fablico, devido a manejos, crises, dificuldades de locomo\u00e7\u00e3o, comportamento e toler\u00e2ncia.<\/li>\n<\/ul>\n<p>&nbsp;<\/p>\n<h1 dir=\"ltr\">A Escola oportuniza<\/h1>\n<ul>\n<li>Trabalho dos estagi\u00e1rios de Psicologia das faculdades Anhanguera e Furg; palestras para a comunidade; encontros mensais para professores e monitores das escolas regulares, onde nossos alunos est\u00e3o inclu\u00eddos.<\/li>\n<li>Curso de qualifica\u00e7\u00e3o e forma\u00e7\u00e3o para os professores deste estabelecimento de ensino.<\/li>\n<li>Grupo de acolhimento e autoajuda \u00e0s m\u00e3es e familiares dos alunos.<\/li>\n<li>Avalia\u00e7\u00e3o de nossos alunos e comunidade, sendo os mesmos encaminhados por escolas regulares, institui\u00e7\u00f5es, m\u00e9dicos neurologistas, psiquiatras e pediatras.<\/li>\n<li>AMAR \u2013 Associa\u00e7\u00e3o de Pais e Amigos dos Autistas do Rio Grande. \u00c9 uma associa\u00e7\u00e3o sem fins lucrativos, que apoia a escola em diversas atividades.<\/li>\n<\/ul>\n<p>&nbsp;<\/p>\n<h1 dir=\"ltr\">Como os pais veem a escola<\/h1>\n<p style=\"text-align: justify;\" dir=\"ltr\">Organizada, interativa, atendimento de \u00f3tima qualidade, professores competentes, dire\u00e7\u00e3o e equipe acolhedoras, parceria com comunidade escolar e AMAR \u2013 Associa\u00e7\u00e3o de Pais e Amigos dos Autistas de Rio Grande \u2013 amizade, possiblitando a troca de experi\u00eancias e integra\u00e7\u00e3o.<\/p>\n<h1 dir=\"ltr\">Miss\u00e3o<\/h1>\n<p style=\"text-align: justify;\" dir=\"ltr\">Proporcionar ao indiv\u00edduo portador do Transtorno do Espectro Autista, na Escola Municipal de Educa\u00e7\u00e3o Especial Maria Lucia Luzzardi, a forma\u00e7\u00e3o necess\u00e1ria ao desenvolvimento de suas potencialidades, atrav\u00e9s de uma metodologia especializada, visando \u00e0 sua intera\u00e7\u00e3o social e aut\u00f4noma.<\/p>\n<h1 dir=\"ltr\">Vis\u00e3o<\/h1>\n<p style=\"text-align: justify;\" dir=\"ltr\">Ser uma escola de refer\u00eancia, com espa\u00e7o f\u00edsico adequado para atender \u00e0s necessidades espec\u00edficas de cada faixa et\u00e1ria dos alunos portadores do Espectro Autista, contando com uma equipe multidisciplinar, onde a comunidade escolar reconhe\u00e7a o trabalho desenvolvido na escola.<\/p>\n<h1 dir=\"ltr\">Valores<\/h1>\n<p style=\"text-align: justify;\" dir=\"ltr\">Compartilhados e praticados por todos: respeito, compromisso, coopera\u00e7\u00e3o, dinamismo, \u00e9tica, est\u00edmulo, integra\u00e7\u00e3o, solidariedade, transforma\u00e7\u00e3o, postura, parceria, vis\u00e3o de grupo; ser cr\u00edtica e acolhedora, ouvir e se permitir.<\/p>\n<p>&nbsp;<\/p>\n<p dir=\"ltr\"><strong>Entender o Autismo \u00e9 a melhor maneira de ajudar!<\/strong><\/p>\n\n\t\t<style type=\"text\/css\">\n\t\t\t#gallery-1 {\n\t\t\t\tmargin: auto;\n\t\t\t}\n\t\t\t#gallery-1 .gallery-item {\n\t\t\t\tfloat: left;\n\t\t\t\tmargin-top: 10px;\n\t\t\t\ttext-align: center;\n\t\t\t\twidth: 100%;\n\t\t\t}\n\t\t\t#gallery-1 img {\n\t\t\t\tborder: 2px solid #cfcfcf;\n\t\t\t}\n\t\t\t#gallery-1 .gallery-caption {\n\t\t\t\tmargin-left: 0;\n\t\t\t}\n\t\t\t\/* see gallery_shortcode() in wp-includes\/media.php *\/\n\t\t<\/style>\n\t\t<div id='gallery-1' class='gallery galleryid-4550 gallery-columns-1 gallery-size-thumbnail'><dl class='gallery-item'>\n\t\t\t<dt class='gallery-icon landscape'>\n\t\t\t\t<a href='https:\/\/www.riogrande.rs.gov.br\/smed\/wp-content\/uploads\/2012\/06\/20120612-amar-foto04.jpg' rel=\"lightbox[4550]\"><img loading=\"lazy\" decoding=\"async\" width=\"150\" height=\"150\" src=\"https:\/\/www.riogrande.rs.gov.br\/smed\/wp-content\/uploads\/2012\/06\/20120612-amar-foto04-150x150.jpg\" class=\"attachment-thumbnail size-thumbnail\" alt=\"\" aria-describedby=\"gallery-1-4600\" \/><\/a>\n\t\t\t<\/dt>\n\t\t\t\t<dd class='wp-caption-text gallery-caption' id='gallery-1-4600'>\n\t\t\t\tEspa\u00e7o de Recrea\u00e7\u00e3o &#8211; Pracinha &#8211; Cr\u00e9dito da imagem Lisiane Torres\n\t\t\t\t<\/dd><\/dl><br style=\"clear: both\" \/><dl class='gallery-item'>\n\t\t\t<dt class='gallery-icon landscape'>\n\t\t\t\t<a href='https:\/\/www.riogrande.rs.gov.br\/smed\/wp-content\/uploads\/2012\/06\/20120612-amar-foto02.jpg' rel=\"lightbox[4550]\"><img loading=\"lazy\" decoding=\"async\" width=\"150\" height=\"150\" src=\"https:\/\/www.riogrande.rs.gov.br\/smed\/wp-content\/uploads\/2012\/06\/20120612-amar-foto02-150x150.jpg\" class=\"attachment-thumbnail size-thumbnail\" alt=\"\" aria-describedby=\"gallery-1-4598\" \/><\/a>\n\t\t\t<\/dt>\n\t\t\t\t<dd class='wp-caption-text gallery-caption' id='gallery-1-4598'>\n\t\t\t\tNetbooks &#8211; Sala de Computa\u00e7\u00e3o &#8211; Cr\u00e9dito da imagem Lisiane Torres\n\t\t\t\t<\/dd><\/dl><br style=\"clear: both\" \/><dl class='gallery-item'>\n\t\t\t<dt class='gallery-icon landscape'>\n\t\t\t\t<a href='https:\/\/www.riogrande.rs.gov.br\/smed\/wp-content\/uploads\/2012\/06\/20120612-amar-foto03.jpg' rel=\"lightbox[4550]\"><img loading=\"lazy\" decoding=\"async\" width=\"150\" height=\"150\" src=\"https:\/\/www.riogrande.rs.gov.br\/smed\/wp-content\/uploads\/2012\/06\/20120612-amar-foto03-150x150.jpg\" class=\"attachment-thumbnail size-thumbnail\" alt=\"\" aria-describedby=\"gallery-1-4599\" \/><\/a>\n\t\t\t<\/dt>\n\t\t\t\t<dd class='wp-caption-text gallery-caption' id='gallery-1-4599'>\n\t\t\t\tParticipa\u00e7\u00e3o nos Jogos Especiais &#8211;  Cr\u00e9dito da imagem Eliane Salabery\n\t\t\t\t<\/dd><\/dl><br style=\"clear: both\" \/><dl class='gallery-item'>\n\t\t\t<dt class='gallery-icon landscape'>\n\t\t\t\t<a href='https:\/\/www.riogrande.rs.gov.br\/smed\/wp-content\/uploads\/2012\/06\/20120612-amar-foto10.jpg' rel=\"lightbox[4550]\"><img loading=\"lazy\" decoding=\"async\" width=\"150\" height=\"150\" src=\"https:\/\/www.riogrande.rs.gov.br\/smed\/wp-content\/uploads\/2012\/06\/20120612-amar-foto10-150x150.jpg\" class=\"attachment-thumbnail size-thumbnail\" alt=\"\" aria-describedby=\"gallery-1-4606\" \/><\/a>\n\t\t\t<\/dt>\n\t\t\t\t<dd class='wp-caption-text gallery-caption' id='gallery-1-4606'>\n\t\t\t\tPr\u00e9dio Marechal Deodoro 453 &#8211; Cr\u00e9dito da imagem Maria Helena Castro\n\t\t\t\t<\/dd><\/dl><br style=\"clear: both\" \/><dl class='gallery-item'>\n\t\t\t<dt class='gallery-icon landscape'>\n\t\t\t\t<a href='https:\/\/www.riogrande.rs.gov.br\/smed\/wp-content\/uploads\/2012\/06\/20120612-amar-foto08.jpg' rel=\"lightbox[4550]\"><img loading=\"lazy\" decoding=\"async\" width=\"150\" height=\"150\" src=\"https:\/\/www.riogrande.rs.gov.br\/smed\/wp-content\/uploads\/2012\/06\/20120612-amar-foto08-150x150.jpg\" class=\"attachment-thumbnail size-thumbnail\" alt=\"\" aria-describedby=\"gallery-1-4604\" \/><\/a>\n\t\t\t<\/dt>\n\t\t\t\t<dd class='wp-caption-text gallery-caption' id='gallery-1-4604'>\n\t\t\t\tPr\u00e9dio Marachal Deodoro 595 &#8211; Cr\u00e9dito da imagem Maria Helena Castro\n\t\t\t\t<\/dd><\/dl><br style=\"clear: both\" \/><dl class='gallery-item'>\n\t\t\t<dt class='gallery-icon landscape'>\n\t\t\t\t<a href='https:\/\/www.riogrande.rs.gov.br\/smed\/wp-content\/uploads\/2012\/06\/20120612-amar-foto06.jpg' rel=\"lightbox[4550]\"><img loading=\"lazy\" decoding=\"async\" width=\"150\" height=\"150\" src=\"https:\/\/www.riogrande.rs.gov.br\/smed\/wp-content\/uploads\/2012\/06\/20120612-amar-foto06-150x150.jpg\" class=\"attachment-thumbnail size-thumbnail\" alt=\"\" aria-describedby=\"gallery-1-4602\" \/><\/a>\n\t\t\t<\/dt>\n\t\t\t\t<dd class='wp-caption-text gallery-caption' id='gallery-1-4602'>\n\t\t\t\tRefeit\u00f3rio &#8211; Cr\u00e9dito da imagem Maria Helena Castro\n\t\t\t\t<\/dd><\/dl><br style=\"clear: both\" \/><dl class='gallery-item'>\n\t\t\t<dt class='gallery-icon landscape'>\n\t\t\t\t<a href='https:\/\/www.riogrande.rs.gov.br\/smed\/wp-content\/uploads\/2012\/06\/20120612-amar-foto05.jpg' rel=\"lightbox[4550]\"><img loading=\"lazy\" decoding=\"async\" width=\"150\" height=\"150\" src=\"https:\/\/www.riogrande.rs.gov.br\/smed\/wp-content\/uploads\/2012\/06\/20120612-amar-foto05-150x150.jpg\" class=\"attachment-thumbnail size-thumbnail\" alt=\"\" aria-describedby=\"gallery-1-4601\" \/><\/a>\n\t\t\t<\/dt>\n\t\t\t\t<dd class='wp-caption-text gallery-caption' id='gallery-1-4601'>\n\t\t\t\tSala de Atividades M\u00faltiplas &#8211; Cr\u00e9dito da imagem Laci Piccioni\n\t\t\t\t<\/dd><\/dl><br style=\"clear: both\" \/><dl class='gallery-item'>\n\t\t\t<dt class='gallery-icon landscape'>\n\t\t\t\t<a href='https:\/\/www.riogrande.rs.gov.br\/smed\/wp-content\/uploads\/2012\/06\/20120612-amar-foto07.jpg' rel=\"lightbox[4550]\"><img loading=\"lazy\" decoding=\"async\" width=\"150\" height=\"150\" src=\"https:\/\/www.riogrande.rs.gov.br\/smed\/wp-content\/uploads\/2012\/06\/20120612-amar-foto07-150x150.jpg\" class=\"attachment-thumbnail size-thumbnail\" alt=\"\" aria-describedby=\"gallery-1-4603\" \/><\/a>\n\t\t\t<\/dt>\n\t\t\t\t<dd class='wp-caption-text gallery-caption' id='gallery-1-4603'>\n\t\t\t\tSala de Aula &#8211; M\u00e9todo TEACCH &#8211; Cr\u00e9dito da imagem Magali Silveira\n\t\t\t\t<\/dd><\/dl><br style=\"clear: both\" \/><dl class='gallery-item'>\n\t\t\t<dt class='gallery-icon landscape'>\n\t\t\t\t<a href='https:\/\/www.riogrande.rs.gov.br\/smed\/wp-content\/uploads\/2012\/06\/20120612-amar-foto01.jpg' rel=\"lightbox[4550]\"><img loading=\"lazy\" decoding=\"async\" width=\"150\" height=\"150\" src=\"https:\/\/www.riogrande.rs.gov.br\/smed\/wp-content\/uploads\/2012\/06\/20120612-amar-foto01-150x150.jpg\" class=\"attachment-thumbnail size-thumbnail\" alt=\"\" aria-describedby=\"gallery-1-4597\" \/><\/a>\n\t\t\t<\/dt>\n\t\t\t\t<dd class='wp-caption-text gallery-caption' id='gallery-1-4597'>\n\t\t\t\tTrabalhos artisticos &#8211; Cr\u00e9dito da imagem Maria Helena Castro\n\t\t\t\t<\/dd><\/dl><br style=\"clear: both\" \/><dl class='gallery-item'>\n\t\t\t<dt class='gallery-icon landscape'>\n\t\t\t\t<a href='https:\/\/www.riogrande.rs.gov.br\/smed\/wp-content\/uploads\/2012\/06\/20120612-amar-foto09.jpg' rel=\"lightbox[4550]\"><img loading=\"lazy\" decoding=\"async\" width=\"150\" height=\"150\" src=\"https:\/\/www.riogrande.rs.gov.br\/smed\/wp-content\/uploads\/2012\/06\/20120612-amar-foto09-150x150.jpg\" class=\"attachment-thumbnail size-thumbnail\" alt=\"\" aria-describedby=\"gallery-1-4605\" \/><\/a>\n\t\t\t<\/dt>\n\t\t\t\t<dd class='wp-caption-text gallery-caption' id='gallery-1-4605'>\n\t\t\t\tTransporte Escolar para alunos com dificuldades de locomo\u00e7\u00e3o &#8211; Cr\u00e9dito da imagem Maria Helena Castro\n\t\t\t\t<\/dd><\/dl><br style=\"clear: both\" \/>\n\t\t<\/div>\n\n<p>&nbsp;<\/p>\n","protected":false},"excerpt":{"rendered":"<p>Hist\u00f3ria A Escola Municipal de Educa\u00e7\u00e3o Especial Maria Lucia Luzzardi foi sonhada por um grupo de pais, professores e t\u00e9cnicos, para que crian\u00e7as, adolescentes e adultos autistas tivessem um lugar para serem trabalhados. Em 1993, foi criado pela AMAR \u2013 Associa\u00e7\u00e3o de Pais e Amigos dos Autistas do Rio Grande \u2013 o centro de atendimento [&hellip;]<\/p>\n","protected":false},"author":7,"featured_media":0,"parent":4295,"menu_order":0,"comment_status":"closed","ping_status":"open","template":"","meta":{"footnotes":""},"class_list":["post-4550","page","type-page","status-publish","hentry"],"_links":{"self":[{"href":"https:\/\/www.riogrande.rs.gov.br\/smed\/index.php?rest_route=\/wp\/v2\/pages\/4550"}],"collection":[{"href":"https:\/\/www.riogrande.rs.gov.br\/smed\/index.php?rest_route=\/wp\/v2\/pages"}],"about":[{"href":"https:\/\/www.riogrande.rs.gov.br\/smed\/index.php?rest_route=\/wp\/v2\/types\/page"}],"author":[{"embeddable":true,"href":"https:\/\/www.riogrande.rs.gov.br\/smed\/index.php?rest_route=\/wp\/v2\/users\/7"}],"replies":[{"embeddable":true,"href":"https:\/\/www.riogrande.rs.gov.br\/smed\/index.php?rest_route=%2Fwp%2Fv2%2Fcomments&post=4550"}],"version-history":[{"count":18,"href":"https:\/\/www.riogrande.rs.gov.br\/smed\/index.php?rest_route=\/wp\/v2\/pages\/4550\/revisions"}],"predecessor-version":[{"id":4584,"href":"https:\/\/www.riogrande.rs.gov.br\/smed\/index.php?rest_route=\/wp\/v2\/pages\/4550\/revisions\/4584"}],"up":[{"embeddable":true,"href":"https:\/\/www.riogrande.rs.gov.br\/smed\/index.php?rest_route=\/wp\/v2\/pages\/4295"}],"wp:attachment":[{"href":"https:\/\/www.riogrande.rs.gov.br\/smed\/index.php?rest_route=%2Fwp%2Fv2%2Fmedia&parent=4550"}],"curies":[{"name":"wp","href":"https:\/\/api.w.org\/{rel}","templated":true}]}}