{"id":4468,"date":"2012-06-11T15:54:59","date_gmt":"2012-06-11T18:54:59","guid":{"rendered":"http:\/\/www.riogrande.rs.gov.br\/smec\/?page_id=4468"},"modified":"2012-06-11T15:54:59","modified_gmt":"2012-06-11T18:54:59","slug":"antonio-jose-barradas-barroso","status":"publish","type":"page","link":"https:\/\/www.riogrande.rs.gov.br\/smed\/?page_id=4468","title":{"rendered":"Ant\u00f3nio Jos\u00e9 Barradas Barroso"},"content":{"rendered":"<table>\n<tbody>\n<tr>\n<td><a href=\"http:\/\/www.riogrande.rs.gov.br\/smec\/wp-content\/uploads\/2012\/06\/ARL-13-antonio_jose_barradas_barroso.jpg\" rel=\"lightbox[4468]\"><img loading=\"lazy\" decoding=\"async\" class=\"alignleft size-thumbnail wp-image-4469\" title=\"ARL-13-antonio_jose_barradas_barroso\" src=\"http:\/\/www.riogrande.rs.gov.br\/smec\/wp-content\/uploads\/2012\/06\/ARL-13-antonio_jose_barradas_barroso-150x150.jpg\" alt=\"\" width=\"150\" height=\"150\" \/><\/a><\/td>\n<td>Ant\u00f3nio Jos\u00e9 Barradas Barroso<br \/>\nMembro Correspondente da Academia<br \/>\nResidente em Parede \u2013 Portugal<\/td>\n<\/tr>\n<\/tbody>\n<\/table>\n<hr \/>\n<pre>\r\nUM INSTANTE DE AMOR\r\n\r\nFoi apenas num momento, num instante,\r\nque o amor surgiu entre n\u00f3s dois,\r\ntu me olhaste com desvelo,\r\ne eu depois,\r\nsenti-me t\u00e3o feliz, t\u00e3o radiante,\r\nque acariciei o teu cabelo.\r\nQuando, por fim,\r\nte aninhaste no meu peito,\r\nbem juntinha de mim,\r\nsenti-me comovido e satisfeito\r\npor sentir todo o teu calor.\r\nE os teus olhos, t\u00e3o embaciados,\r\nestavam, de tal forma, enamorados,\r\nque s\u00f3 me falavam de amor,\r\ncom a suave luz duma sinceridade pura.\r\nEu sei que tu me queres como eu te quero,\r\nque me olhas sempre confiante,\r\nsem cansa\u00e7o, sem fadiga,\r\ncom o mesmo carinho e com ternura\r\nque me mostraste naquele instante,\r\nminha doce cadela! Minha amiga!\r\n<\/pre>\n","protected":false},"excerpt":{"rendered":"<p>Ant\u00f3nio Jos\u00e9 Barradas Barroso Membro Correspondente da Academia Residente em Parede \u2013 Portugal UM INSTANTE DE AMOR Foi apenas num momento, num instante, que o amor surgiu entre n\u00f3s dois, tu me olhaste com desvelo, e eu depois, senti-me t\u00e3o feliz, t\u00e3o radiante, que acariciei o teu cabelo. Quando, por fim, te aninhaste no meu [&hellip;]<\/p>\n","protected":false},"author":7,"featured_media":0,"parent":4258,"menu_order":0,"comment_status":"closed","ping_status":"open","template":"","meta":{"footnotes":""},"class_list":["post-4468","page","type-page","status-publish","hentry"],"_links":{"self":[{"href":"https:\/\/www.riogrande.rs.gov.br\/smed\/index.php?rest_route=\/wp\/v2\/pages\/4468"}],"collection":[{"href":"https:\/\/www.riogrande.rs.gov.br\/smed\/index.php?rest_route=\/wp\/v2\/pages"}],"about":[{"href":"https:\/\/www.riogrande.rs.gov.br\/smed\/index.php?rest_route=\/wp\/v2\/types\/page"}],"author":[{"embeddable":true,"href":"https:\/\/www.riogrande.rs.gov.br\/smed\/index.php?rest_route=\/wp\/v2\/users\/7"}],"replies":[{"embeddable":true,"href":"https:\/\/www.riogrande.rs.gov.br\/smed\/index.php?rest_route=%2Fwp%2Fv2%2Fcomments&post=4468"}],"version-history":[{"count":1,"href":"https:\/\/www.riogrande.rs.gov.br\/smed\/index.php?rest_route=\/wp\/v2\/pages\/4468\/revisions"}],"predecessor-version":[{"id":4470,"href":"https:\/\/www.riogrande.rs.gov.br\/smed\/index.php?rest_route=\/wp\/v2\/pages\/4468\/revisions\/4470"}],"up":[{"embeddable":true,"href":"https:\/\/www.riogrande.rs.gov.br\/smed\/index.php?rest_route=\/wp\/v2\/pages\/4258"}],"wp:attachment":[{"href":"https:\/\/www.riogrande.rs.gov.br\/smed\/index.php?rest_route=%2Fwp%2Fv2%2Fmedia&parent=4468"}],"curies":[{"name":"wp","href":"https:\/\/api.w.org\/{rel}","templated":true}]}}