{"id":44429,"date":"2023-05-25T13:53:13","date_gmt":"2023-05-25T16:53:13","guid":{"rendered":"https:\/\/www.riogrande.rs.gov.br\/smed\/?page_id=44429"},"modified":"2023-06-22T16:17:48","modified_gmt":"2023-06-22T19:17:48","slug":"forum-comed","status":"publish","type":"page","link":"https:\/\/www.riogrande.rs.gov.br\/smed\/?page_id=44429","title":{"rendered":"F\u00f3rum COMED"},"content":{"rendered":"<p><a href=\"https:\/\/www.riogrande.rs.gov.br\/smed\/wp-content\/uploads\/2023\/06\/Plano-Municipal-do-Rio-Grande.pdf\">PLANO MUNICIPAL DE EDUCA\u00c7\u00c3O 2015-2025 APROVADO PELA C\u00c2MARA DE VEREADORES<\/a><\/p>\n<p>&nbsp;<\/p>\n","protected":false},"excerpt":{"rendered":"<p>PLANO MUNICIPAL DE EDUCA\u00c7\u00c3O 2015-2025 APROVADO PELA C\u00c2MARA DE VEREADORES &nbsp;<\/p>\n","protected":false},"author":7,"featured_media":0,"parent":2278,"menu_order":0,"comment_status":"closed","ping_status":"closed","template":"","meta":{"footnotes":""},"class_list":["post-44429","page","type-page","status-publish","hentry"],"_links":{"self":[{"href":"https:\/\/www.riogrande.rs.gov.br\/smed\/index.php?rest_route=\/wp\/v2\/pages\/44429"}],"collection":[{"href":"https:\/\/www.riogrande.rs.gov.br\/smed\/index.php?rest_route=\/wp\/v2\/pages"}],"about":[{"href":"https:\/\/www.riogrande.rs.gov.br\/smed\/index.php?rest_route=\/wp\/v2\/types\/page"}],"author":[{"embeddable":true,"href":"https:\/\/www.riogrande.rs.gov.br\/smed\/index.php?rest_route=\/wp\/v2\/users\/7"}],"replies":[{"embeddable":true,"href":"https:\/\/www.riogrande.rs.gov.br\/smed\/index.php?rest_route=%2Fwp%2Fv2%2Fcomments&post=44429"}],"version-history":[{"count":3,"href":"https:\/\/www.riogrande.rs.gov.br\/smed\/index.php?rest_route=\/wp\/v2\/pages\/44429\/revisions"}],"predecessor-version":[{"id":44579,"href":"https:\/\/www.riogrande.rs.gov.br\/smed\/index.php?rest_route=\/wp\/v2\/pages\/44429\/revisions\/44579"}],"up":[{"embeddable":true,"href":"https:\/\/www.riogrande.rs.gov.br\/smed\/index.php?rest_route=\/wp\/v2\/pages\/2278"}],"wp:attachment":[{"href":"https:\/\/www.riogrande.rs.gov.br\/smed\/index.php?rest_route=%2Fwp%2Fv2%2Fmedia&parent=44429"}],"curies":[{"name":"wp","href":"https:\/\/api.w.org\/{rel}","templated":true}]}}