{"id":4387,"date":"2012-06-02T00:31:31","date_gmt":"2012-06-02T03:31:31","guid":{"rendered":"http:\/\/www.riogrande.rs.gov.br\/smec\/?page_id=4387"},"modified":"2013-08-22T15:52:20","modified_gmt":"2013-08-22T18:52:20","slug":"elba-khadija","status":"publish","type":"page","link":"https:\/\/www.riogrande.rs.gov.br\/smed\/?page_id=4387","title":{"rendered":"Elba Khadija"},"content":{"rendered":"<table>\n<tr>\n<td>\n<a href=\"http:\/\/www.riogrande.rs.gov.br\/smed\/wp-content\/uploads\/2012\/06\/ARL-12-elba_khadija.jpg\" rel=\"lightbox[4387]\"><img loading=\"lazy\" decoding=\"async\" src=\"http:\/\/www.riogrande.rs.gov.br\/smed\/wp-content\/uploads\/2012\/06\/ARL-12-elba_khadija-150x150.jpg\" alt=\"\" title=\"Elba Khadija\" width=\"150\" height=\"150\" class=\"alignleft size-thumbnail wp-image-4388\" \/><\/a>\n<\/td>\n<td>\n<p>\nElba Khadija<br \/>\nMembro Correspondente da Academia<br \/>\nResidente em Paranagu\u00e1 &#8211; PR<br \/>\n<a href=\"mailto:elbakhadija@gmail.com\">elbakhadija@gmail.com<\/a>\n<\/p>\n<\/td>\n<\/tr>\n<\/table>\n<hr>\n<pre>\r\nENAMORADOS\r\n\r\nJuntos em uni\u00e3o\r\nVivem com muita paix\u00e3o\r\nCaminham em harmonia\r\nUnidos em comunh\u00e3o.\r\n\r\nAmor palavra suave\r\nForte dita em louvor,\r\nCasais enamorados\r\nVivem com muito amor.\r\n\r\nEsse dia a n\u00f3s dedicados\r\nCom carinho e muito fervor,\r\nFicamos fragilizados\r\nEu e meu grande amor.\r\n<\/pre>\n<hr>\n<pre>\r\nNOSSO MUNDO\r\n\r\nCheios de controv\u00e9rsia,\r\nPar\u00e2metros ilimitados,\r\nConsequ\u00eancias inevit\u00e1veis\r\nO mundo \u00e9 atacado.\r\n\r\nDestrui\u00e7\u00e3o das matas,\r\nAnimais sacrificados,\r\nTodos dizimados\r\nPor seres desalmados.\r\n\r\nN\u00e3o vemos o que mudou,\r\nFingimos n\u00e3o enxergar,\r\nBasta apenas olhar\r\nPara nos fazer pensar.\r\n\r\nSem querer ouvir\r\nDestru\u00edmos nosso lar,\r\nS\u00f3 nos restando orar\r\nPara Deus nos perdoar.\r\n<\/pre>\n","protected":false},"excerpt":{"rendered":"<p>Elba Khadija Membro Correspondente da Academia Residente em Paranagu\u00e1 &#8211; PR elbakhadija@gmail.com ENAMORADOS Juntos em uni\u00e3o Vivem com muita paix\u00e3o Caminham em harmonia Unidos em comunh\u00e3o. Amor palavra suave Forte dita em louvor, Casais enamorados Vivem com muito amor. Esse dia a n\u00f3s dedicados Com carinho e muito fervor, Ficamos fragilizados Eu e meu grande [&hellip;]<\/p>\n","protected":false},"author":7,"featured_media":0,"parent":4258,"menu_order":0,"comment_status":"closed","ping_status":"open","template":"","meta":{"footnotes":""},"class_list":["post-4387","page","type-page","status-publish","hentry"],"_links":{"self":[{"href":"https:\/\/www.riogrande.rs.gov.br\/smed\/index.php?rest_route=\/wp\/v2\/pages\/4387"}],"collection":[{"href":"https:\/\/www.riogrande.rs.gov.br\/smed\/index.php?rest_route=\/wp\/v2\/pages"}],"about":[{"href":"https:\/\/www.riogrande.rs.gov.br\/smed\/index.php?rest_route=\/wp\/v2\/types\/page"}],"author":[{"embeddable":true,"href":"https:\/\/www.riogrande.rs.gov.br\/smed\/index.php?rest_route=\/wp\/v2\/users\/7"}],"replies":[{"embeddable":true,"href":"https:\/\/www.riogrande.rs.gov.br\/smed\/index.php?rest_route=%2Fwp%2Fv2%2Fcomments&post=4387"}],"version-history":[{"count":4,"href":"https:\/\/www.riogrande.rs.gov.br\/smed\/index.php?rest_route=\/wp\/v2\/pages\/4387\/revisions"}],"predecessor-version":[{"id":7282,"href":"https:\/\/www.riogrande.rs.gov.br\/smed\/index.php?rest_route=\/wp\/v2\/pages\/4387\/revisions\/7282"}],"up":[{"embeddable":true,"href":"https:\/\/www.riogrande.rs.gov.br\/smed\/index.php?rest_route=\/wp\/v2\/pages\/4258"}],"wp:attachment":[{"href":"https:\/\/www.riogrande.rs.gov.br\/smed\/index.php?rest_route=%2Fwp%2Fv2%2Fmedia&parent=4387"}],"curies":[{"name":"wp","href":"https:\/\/api.w.org\/{rel}","templated":true}]}}