{"id":4379,"date":"2012-06-02T00:26:57","date_gmt":"2012-06-02T03:26:57","guid":{"rendered":"http:\/\/www.riogrande.rs.gov.br\/smec\/?page_id=4379"},"modified":"2013-08-22T15:51:57","modified_gmt":"2013-08-22T18:51:57","slug":"ramao-maria-pires","status":"publish","type":"page","link":"https:\/\/www.riogrande.rs.gov.br\/smed\/?page_id=4379","title":{"rendered":"Ram\u00e3o Maria Pires"},"content":{"rendered":"<table>\n<tr>\n<td>\n<a href=\"http:\/\/www.riogrande.rs.gov.br\/smed\/wp-content\/uploads\/2012\/06\/ARL-10-ramao_maria_pires.jpg\" rel=\"lightbox[4379]\"><img loading=\"lazy\" decoding=\"async\" src=\"http:\/\/www.riogrande.rs.gov.br\/smed\/wp-content\/uploads\/2012\/06\/ARL-10-ramao_maria_pires-150x150.jpg\" alt=\"\" title=\"Ram\u00e3o Maria Pires\" width=\"150\" height=\"150\" class=\"alignleft size-thumbnail wp-image-4380\" \/><\/a>\n<\/td>\n<td>\n<p>\nRam\u00e3o Maria Pires<br \/>\nMembro Correspondente da Academia<br \/>\nResidente em Porto Alegre &#8211; RS\n<\/p>\n<\/td>\n<\/tr>\n<\/table>\n<hr>\n<pre>\r\nO ABRA\u00c7O\r\n\r\nEm um abra\u00e7o apertado,\r\ndo corpo se sente o calor.\r\n\u00c9 um gesto de amizade,\r\nou \u00e9 um gesto de amor.\r\n\r\nO abra\u00e7o suspirado,\r\nn\u00e3o \u00e9 s\u00f3 de amizade,\r\n\u00e9 um cora\u00e7\u00e3o aliviado\r\nde uma enorme saudade.\r\n\r\nAbra\u00e7am-se pretos e brancos,\r\nvelhos, jovens e crian\u00e7as.\r\nNo abra\u00e7o se renovam\r\namizades e esperan\u00e7as.\r\n\r\nAbra\u00e7am-se um grande grupo,\r\nem um abra\u00e7o fraternal.\r\nAbra\u00e7am-se os familiares\r\nem sua noite de Natal.\r\n\r\nO abra\u00e7o de um amigo,\r\nque te quer bem de verdade,\r\ntu sentes quem te abra\u00e7a\r\ne faz com sinceridade.\r\n\r\nO abra\u00e7o de uma m\u00e3e,\r\nna alegria ou na dor,\r\ndemonstra com esse gesto\r\nser forte e grande o amor.\r\n<\/pre>\n","protected":false},"excerpt":{"rendered":"<p>Ram\u00e3o Maria Pires Membro Correspondente da Academia Residente em Porto Alegre &#8211; RS O ABRA\u00c7O Em um abra\u00e7o apertado, do corpo se sente o calor. \u00c9 um gesto de amizade, ou \u00e9 um gesto de amor. O abra\u00e7o suspirado, n\u00e3o \u00e9 s\u00f3 de amizade, \u00e9 um cora\u00e7\u00e3o aliviado de uma enorme saudade. Abra\u00e7am-se pretos e [&hellip;]<\/p>\n","protected":false},"author":7,"featured_media":0,"parent":4258,"menu_order":0,"comment_status":"closed","ping_status":"open","template":"","meta":{"footnotes":""},"class_list":["post-4379","page","type-page","status-publish","hentry"],"_links":{"self":[{"href":"https:\/\/www.riogrande.rs.gov.br\/smed\/index.php?rest_route=\/wp\/v2\/pages\/4379"}],"collection":[{"href":"https:\/\/www.riogrande.rs.gov.br\/smed\/index.php?rest_route=\/wp\/v2\/pages"}],"about":[{"href":"https:\/\/www.riogrande.rs.gov.br\/smed\/index.php?rest_route=\/wp\/v2\/types\/page"}],"author":[{"embeddable":true,"href":"https:\/\/www.riogrande.rs.gov.br\/smed\/index.php?rest_route=\/wp\/v2\/users\/7"}],"replies":[{"embeddable":true,"href":"https:\/\/www.riogrande.rs.gov.br\/smed\/index.php?rest_route=%2Fwp%2Fv2%2Fcomments&post=4379"}],"version-history":[{"count":5,"href":"https:\/\/www.riogrande.rs.gov.br\/smed\/index.php?rest_route=\/wp\/v2\/pages\/4379\/revisions"}],"predecessor-version":[{"id":7281,"href":"https:\/\/www.riogrande.rs.gov.br\/smed\/index.php?rest_route=\/wp\/v2\/pages\/4379\/revisions\/7281"}],"up":[{"embeddable":true,"href":"https:\/\/www.riogrande.rs.gov.br\/smed\/index.php?rest_route=\/wp\/v2\/pages\/4258"}],"wp:attachment":[{"href":"https:\/\/www.riogrande.rs.gov.br\/smed\/index.php?rest_route=%2Fwp%2Fv2%2Fmedia&parent=4379"}],"curies":[{"name":"wp","href":"https:\/\/api.w.org\/{rel}","templated":true}]}}