{"id":4359,"date":"2012-06-02T00:02:06","date_gmt":"2012-06-02T03:02:06","guid":{"rendered":"http:\/\/www.riogrande.rs.gov.br\/smec\/?page_id=4359"},"modified":"2013-08-22T15:50:16","modified_gmt":"2013-08-22T18:50:16","slug":"teodolinda-domingas-batezat-de-souza","status":"publish","type":"page","link":"https:\/\/www.riogrande.rs.gov.br\/smed\/?page_id=4359","title":{"rendered":"Teodolinda Domingas Batezat de Souza"},"content":{"rendered":"<table>\n<tr>\n<td>\n<a href=\"http:\/\/www.riogrande.rs.gov.br\/smed\/wp-content\/uploads\/2012\/06\/ARL-05-teodolinda_domingas_batezat.jpg\" rel=\"lightbox[4359]\"><img loading=\"lazy\" decoding=\"async\" src=\"http:\/\/www.riogrande.rs.gov.br\/smed\/wp-content\/uploads\/2012\/06\/ARL-05-teodolinda_domingas_batezat-150x150.jpg\" alt=\"\" title=\"Teodolinda Domingas Batezat\" width=\"150\" height=\"150\" class=\"alignleft size-thumbnail wp-image-4360\" \/><\/a>\n<\/td>\n<td>\n<p>\nTeodolinda Domingas Batezat de Souza<br \/>\nCadeira n\u00b0 19<br \/>\nPatrona: Walkiria Neves Goulart Machado\n<\/p>\n<\/td>\n<\/tr>\n<\/table>\n<hr>\n<pre>\r\nVELHOS TEMPOS\r\n\r\nQuando acabava o dia\r\nvoltavas para o lar,\r\npara o ninho,\r\nque nos fazia sonhar.\r\nApressado pensavas\r\nque o importante era voltar.\r\nOs sonhos eram maiores,\r\nque nos faziam cismar.\r\nA imagina\u00e7\u00e3o ia longe\r\nat\u00e9 que nos fazia retornar.\r\nEnt\u00e3o: eis a realidade,\r\nmas o sorriso deixava\r\na alegria voltar.\r\n<\/pre>\n","protected":false},"excerpt":{"rendered":"<p>Teodolinda Domingas Batezat de Souza Cadeira n\u00b0 19 Patrona: Walkiria Neves Goulart Machado VELHOS TEMPOS Quando acabava o dia voltavas para o lar, para o ninho, que nos fazia sonhar. Apressado pensavas que o importante era voltar. Os sonhos eram maiores, que nos faziam cismar. A imagina\u00e7\u00e3o ia longe at\u00e9 que nos fazia retornar. Ent\u00e3o: [&hellip;]<\/p>\n","protected":false},"author":7,"featured_media":0,"parent":4256,"menu_order":0,"comment_status":"closed","ping_status":"open","template":"","meta":{"footnotes":""},"class_list":["post-4359","page","type-page","status-publish","hentry"],"_links":{"self":[{"href":"https:\/\/www.riogrande.rs.gov.br\/smed\/index.php?rest_route=\/wp\/v2\/pages\/4359"}],"collection":[{"href":"https:\/\/www.riogrande.rs.gov.br\/smed\/index.php?rest_route=\/wp\/v2\/pages"}],"about":[{"href":"https:\/\/www.riogrande.rs.gov.br\/smed\/index.php?rest_route=\/wp\/v2\/types\/page"}],"author":[{"embeddable":true,"href":"https:\/\/www.riogrande.rs.gov.br\/smed\/index.php?rest_route=\/wp\/v2\/users\/7"}],"replies":[{"embeddable":true,"href":"https:\/\/www.riogrande.rs.gov.br\/smed\/index.php?rest_route=%2Fwp%2Fv2%2Fcomments&post=4359"}],"version-history":[{"count":3,"href":"https:\/\/www.riogrande.rs.gov.br\/smed\/index.php?rest_route=\/wp\/v2\/pages\/4359\/revisions"}],"predecessor-version":[{"id":7276,"href":"https:\/\/www.riogrande.rs.gov.br\/smed\/index.php?rest_route=\/wp\/v2\/pages\/4359\/revisions\/7276"}],"up":[{"embeddable":true,"href":"https:\/\/www.riogrande.rs.gov.br\/smed\/index.php?rest_route=\/wp\/v2\/pages\/4256"}],"wp:attachment":[{"href":"https:\/\/www.riogrande.rs.gov.br\/smed\/index.php?rest_route=%2Fwp%2Fv2%2Fmedia&parent=4359"}],"curies":[{"name":"wp","href":"https:\/\/api.w.org\/{rel}","templated":true}]}}