{"id":4353,"date":"2012-06-01T23:56:21","date_gmt":"2012-06-02T02:56:21","guid":{"rendered":"http:\/\/www.riogrande.rs.gov.br\/smec\/?page_id=4353"},"modified":"2013-08-22T15:49:23","modified_gmt":"2013-08-22T18:49:23","slug":"jose-paulo-rodrigues-nobre","status":"publish","type":"page","link":"https:\/\/www.riogrande.rs.gov.br\/smed\/?page_id=4353","title":{"rendered":"Jos\u00e9 Paulo Rodrigues Nobre"},"content":{"rendered":"<table>\n<tbody>\n<tr>\n<td><a href=\"http:\/\/www.riogrande.rs.gov.br\/smed\/wp-content\/uploads\/2012\/06\/ARL-04-jose_paulo_rodrigues_nobre.jpg\" rel=\"lightbox[4353]\"><img loading=\"lazy\" decoding=\"async\" class=\"alignleft size-thumbnail wp-image-4354\" title=\"Jos\u00e9 Paulo Rodrigues Nobre\" src=\"http:\/\/www.riogrande.rs.gov.br\/smed\/wp-content\/uploads\/2012\/06\/ARL-04-jose_paulo_rodrigues_nobre-150x150.jpg\" alt=\"\" width=\"150\" height=\"150\" \/><\/a><\/td>\n<td>Jos\u00e9 Paulo Rodrigues Nobre<br \/>\nCadeira n\u00b0 38<br \/>\nPatrono: Victor da Cunha<\/td>\n<\/tr>\n<\/tbody>\n<\/table>\n<hr \/>\n<pre>\r\nNESTE DIA DOS NAMORADOS\r\n\r\nUniverso nos p\u00e9s...\r\nLua nas m\u00e3os...\r\nSol no cora\u00e7\u00e3o\r\ne Ternura em punho,\r\nneste Dia 12 de Junho\r\nquero bememorar contigo...\r\n\r\nE o Amor ser\u00e1 a bebida\r\nque tomar\u00e1s comigo\r\nnesta data t\u00e3o querida...\r\nbebida maravilhosa\r\nque, al\u00e9m de deliciosa,\r\n\u00e9 n\u00e9ctar para o cora\u00e7\u00e3o...\r\n\r\n...e assim, abrigados,\r\nneste Dia dos Namorados,\r\nBRINDEMOS \u00c0 PAIX\u00c3O...\r\n<\/pre>\n<hr \/>\n<pre>N\u00c3O SOMOS MAIS\r\n\r\nEu e tu, n\u00e3o somos mais... j\u00e1 fomos...\r\ne, de toda a espera e brilho irreais,\r\namareleceram e se perderam os cromos...\r\neu e tu j\u00e1 fomos... n\u00e3o somos mais...\r\n\r\nNem mesmo os l\u00edrios, nem os ideais\r\nconseguem mais ficar aonde os pomos...\r\nn\u00e3o sei se por amar e acreditar demais,\r\neu e tu, n\u00e3o somos mais... j\u00e1 fomos...\r\n\r\nQuer\u00edamos apenas um c\u00e9u azul de paz...\r\nmas, h\u00e1 algo de nuvem neste c\u00e9u que somos,\r\nab\u00f3bada gris a reinventar seus gomos,\r\nimenso gesto de adeus toldando o cais...\r\n\r\nN\u00e3o voltaremos ao nosso ontem, jamais...\r\n\u00e9 s\u00f3 uma dor imed\u00edvel tudo o que j\u00e1 fomos...\r\nm\u00e1goa que nos prova em seus assomos\r\nque eu e tu j\u00e1 fomos... n\u00e3o somos mais...<\/pre>\n","protected":false},"excerpt":{"rendered":"<p>Jos\u00e9 Paulo Rodrigues Nobre Cadeira n\u00b0 38 Patrono: Victor da Cunha NESTE DIA DOS NAMORADOS Universo nos p\u00e9s&#8230; Lua nas m\u00e3os&#8230; Sol no cora\u00e7\u00e3o e Ternura em punho, neste Dia 12 de Junho quero bememorar contigo&#8230; E o Amor ser\u00e1 a bebida que tomar\u00e1s comigo nesta data t\u00e3o querida&#8230; bebida maravilhosa que, al\u00e9m de deliciosa, [&hellip;]<\/p>\n","protected":false},"author":7,"featured_media":0,"parent":4256,"menu_order":0,"comment_status":"closed","ping_status":"open","template":"","meta":{"footnotes":""},"class_list":["post-4353","page","type-page","status-publish","hentry"],"_links":{"self":[{"href":"https:\/\/www.riogrande.rs.gov.br\/smed\/index.php?rest_route=\/wp\/v2\/pages\/4353"}],"collection":[{"href":"https:\/\/www.riogrande.rs.gov.br\/smed\/index.php?rest_route=\/wp\/v2\/pages"}],"about":[{"href":"https:\/\/www.riogrande.rs.gov.br\/smed\/index.php?rest_route=\/wp\/v2\/types\/page"}],"author":[{"embeddable":true,"href":"https:\/\/www.riogrande.rs.gov.br\/smed\/index.php?rest_route=\/wp\/v2\/users\/7"}],"replies":[{"embeddable":true,"href":"https:\/\/www.riogrande.rs.gov.br\/smed\/index.php?rest_route=%2Fwp%2Fv2%2Fcomments&post=4353"}],"version-history":[{"count":7,"href":"https:\/\/www.riogrande.rs.gov.br\/smed\/index.php?rest_route=\/wp\/v2\/pages\/4353\/revisions"}],"predecessor-version":[{"id":7272,"href":"https:\/\/www.riogrande.rs.gov.br\/smed\/index.php?rest_route=\/wp\/v2\/pages\/4353\/revisions\/7272"}],"up":[{"embeddable":true,"href":"https:\/\/www.riogrande.rs.gov.br\/smed\/index.php?rest_route=\/wp\/v2\/pages\/4256"}],"wp:attachment":[{"href":"https:\/\/www.riogrande.rs.gov.br\/smed\/index.php?rest_route=%2Fwp%2Fv2%2Fmedia&parent=4353"}],"curies":[{"name":"wp","href":"https:\/\/api.w.org\/{rel}","templated":true}]}}