{"id":4295,"date":"2012-06-01T17:01:59","date_gmt":"2012-06-01T20:01:59","guid":{"rendered":"http:\/\/www.riogrande.rs.gov.br\/smec\/?page_id=4295"},"modified":"2013-08-22T15:58:12","modified_gmt":"2013-08-22T18:58:12","slug":"escola-em-destaque","status":"publish","type":"page","link":"https:\/\/www.riogrande.rs.gov.br\/smed\/?page_id=4295","title":{"rendered":"Escola em Destaque"},"content":{"rendered":"<p style=\"text-align: justify;\" dir=\"ltr\">A Secretaria Municipal de Educa\u00e7\u00e3o e Cultura, atrav\u00e9s do seu Portal (SMECNAWEB) tem o orgulho e a satisfa\u00e7\u00e3o de apresentar o <strong>Projeto Escola em Destaque<\/strong>, o qual objetiva colocar em evid\u00eancia as escolas da rede municipal, reunindo, assim, em um \u00fanico local, todas as informa\u00e7\u00f5es dispon\u00edveis sobre as mesmas.<\/p>\n<p style=\"text-align: justify;\" dir=\"ltr\">Entre as informa\u00e7\u00f5es dispon\u00edveis, ser\u00e1 poss\u00edvel encontrar endere\u00e7o e contatos, s\u00e9ries e anos oferecidos, projetos em andamento, propostas pedag\u00f3gicas, ambientes e elementos que orgulhem e representem cada uma das escolas municipais de Rio Grande.<\/p>\n<p style=\"text-align: justify;\" dir=\"ltr\">O <strong>Projeto Escola em Destaque<\/strong> tamb\u00e9m utilizar\u00e1 a publica\u00e7\u00e3o de fotos com o prop\u00f3sito de mostrar um pouco das nossas escolas, externa e internamente, oferecendo ao visitante a possibilidade de conhecer a estrutura f\u00edsica desses ambientes escolares.<\/p>\n<div id=\":j8\" data-tooltip=\"Mostrar conte\u00fado cortado\"><img decoding=\"async\" src=\"https:\/\/mail.google.com\/mail\/u\/0\/images\/cleardot.gif\" alt=\"\" \/><\/div>\n<div data-tooltip=\"Mostrar conte\u00fado cortado\">\n<ol>\n<li><a href=\"http:\/\/www.riogrande.rs.gov.br\/smed\/?page_id=4298\" target=\"_blank\">EMEF Sant\u2019Ana <\/a><\/li>\n<li><a href=\"http:\/\/www.riogrande.rs.gov.br\/smed\/?page_id=4550\" target=\"_blank\">EMEE Maria Lucia Luzzardi<\/a><\/li>\n<li><a href=\"http:\/\/www.riogrande.rs.gov.br\/smed\/?page_id=4712\" target=\"_blank\">EMEF Mar\u00edlia Rodrigues Santos<\/a><\/li>\n<\/ol>\n<\/div>\n","protected":false},"excerpt":{"rendered":"<p>A Secretaria Municipal de Educa\u00e7\u00e3o e Cultura, atrav\u00e9s do seu Portal (SMECNAWEB) tem o orgulho e a satisfa\u00e7\u00e3o de apresentar o Projeto Escola em Destaque, o qual objetiva colocar em evid\u00eancia as escolas da rede municipal, reunindo, assim, em um \u00fanico local, todas as informa\u00e7\u00f5es dispon\u00edveis sobre as mesmas. Entre as informa\u00e7\u00f5es dispon\u00edveis, ser\u00e1 poss\u00edvel [&hellip;]<\/p>\n","protected":false},"author":7,"featured_media":0,"parent":250,"menu_order":0,"comment_status":"closed","ping_status":"open","template":"","meta":{"footnotes":""},"class_list":["post-4295","page","type-page","status-publish","hentry"],"_links":{"self":[{"href":"https:\/\/www.riogrande.rs.gov.br\/smed\/index.php?rest_route=\/wp\/v2\/pages\/4295"}],"collection":[{"href":"https:\/\/www.riogrande.rs.gov.br\/smed\/index.php?rest_route=\/wp\/v2\/pages"}],"about":[{"href":"https:\/\/www.riogrande.rs.gov.br\/smed\/index.php?rest_route=\/wp\/v2\/types\/page"}],"author":[{"embeddable":true,"href":"https:\/\/www.riogrande.rs.gov.br\/smed\/index.php?rest_route=\/wp\/v2\/users\/7"}],"replies":[{"embeddable":true,"href":"https:\/\/www.riogrande.rs.gov.br\/smed\/index.php?rest_route=%2Fwp%2Fv2%2Fcomments&post=4295"}],"version-history":[{"count":10,"href":"https:\/\/www.riogrande.rs.gov.br\/smed\/index.php?rest_route=\/wp\/v2\/pages\/4295\/revisions"}],"predecessor-version":[{"id":7293,"href":"https:\/\/www.riogrande.rs.gov.br\/smed\/index.php?rest_route=\/wp\/v2\/pages\/4295\/revisions\/7293"}],"up":[{"embeddable":true,"href":"https:\/\/www.riogrande.rs.gov.br\/smed\/index.php?rest_route=\/wp\/v2\/pages\/250"}],"wp:attachment":[{"href":"https:\/\/www.riogrande.rs.gov.br\/smed\/index.php?rest_route=%2Fwp%2Fv2%2Fmedia&parent=4295"}],"curies":[{"name":"wp","href":"https:\/\/api.w.org\/{rel}","templated":true}]}}