{"id":4273,"date":"2012-05-31T15:42:21","date_gmt":"2012-05-31T18:42:21","guid":{"rendered":"http:\/\/www.riogrande.rs.gov.br\/smec\/?page_id=4273"},"modified":"2013-08-22T15:49:44","modified_gmt":"2013-08-22T18:49:44","slug":"marcos-costa-filho-cadeira-n-31","status":"publish","type":"page","link":"https:\/\/www.riogrande.rs.gov.br\/smed\/?page_id=4273","title":{"rendered":"Marcos Costa Filho"},"content":{"rendered":"<table>\n<tr>\n<td><a href=\"http:\/\/www.riogrande.rs.gov.br\/smed\/wp-content\/uploads\/2012\/05\/ARL-06-marcos_costa_filho.jpg\" rel=\"lightbox[4273]\"><img loading=\"lazy\" decoding=\"async\" class=\"alignleft size-thumbnail wp-image-4274\" title=\"Marcos Costa Filho\" src=\"http:\/\/www.riogrande.rs.gov.br\/smed\/wp-content\/uploads\/2012\/05\/ARL-06-marcos_costa_filho-150x150.jpg\" alt=\"\" width=\"150\" height=\"150\" \/><\/a><\/td>\n<td>\n<p>Marcos Costa Filho<br \/>\nCadeira n\u00b0 31<br \/>\nPatrono: Manoel Jos\u00e9 da Silva Bastos<br \/>\n<a href=\"mailto:\/\/marpoeta.papareia@yahoo.com.br\">marpoeta.papareia@yahoo.com.br<\/a>\n<\/p>\n<\/td>\n<\/tr>\n<\/table>\n<hr>\n<pre>\r\nNAS PORTAS DO C\u00c9U\r\n\r\nAo sentir um arrepio\r\nem um dia de calor,\r\nou um sopro quente\r\nnum frio de inverno,\r\nnada de estar doente...\r\ns\u00e3o peraltices do amor!\r\n\r\nQuando menos se espera,\r\nele chega e se acomoda.\r\nE nunca cai de moda\r\no rolar de uma paquera.\r\nOlhos nos olhos, a chispa\r\nsalta de um e de outro\r\ne estremece por inteiro\r\nincandescendo todo ser,\r\nalastrando logo um fogar\u00e9u,\r\n\r\ncujas del\u00edcias, leva a viver\r\nl\u00e1... longe, nas portas do c\u00e9u! \r\n<\/pre>\n<hr>\n<pre>\r\nNUAN\u00c7AS DO OUTONO\r\n\r\nAs folhas ca\u00eddas ao ch\u00e3o\r\ndouram a grama ainda verde\r\ne rolam leve ao vento suave\r\nda manh\u00e3 ensolarada e fria.\r\n\r\n\u00c9 outono e o choro das \u00e1rvores,\r\nda extensa Avenida Portugal,\r\n\u00e9 dourado e est\u00e1 nas folhas,\r\ncomo l\u00e1grimas despencadas\r\ndo alto dos galhos, agora nus.\r\n\r\nO quadro, contudo, \u00e9 belo\r\ne de passada em passada,\r\nsigo minha caminhada,\r\nadmirando o contraste das cores\r\ndo pranto das \u00e1rvores com a relva.\r\n \r\nO ar gelado nas frontes me bate, \r\nencontra poucos cabelos grisalhos,\r\nque ainda persistem no meu outono\r\niniciado em d\u00e9cadas j\u00e1 passadas. \r\n\r\nAdmiro e invejo as \u00e1rvores chorosas,\r\npor elas terem retorno da primavera.\r\nTer\u00e3o novas e verdejantes folhas,\r\nnovo vi\u00e7o, mais beleza, mais encanto,\r\nenquanto meu outono \u00e9 continuo,\r\nembora feliz, n\u00e3o tenha eu pranto,\r\nmeus verdes anos jamais retornam\r\ne j\u00e1 caminho do inverno na esteira!   \r\n<\/pre>\n","protected":false},"excerpt":{"rendered":"<p>Marcos Costa Filho Cadeira n\u00b0 31 Patrono: Manoel Jos\u00e9 da Silva Bastos marpoeta.papareia@yahoo.com.br NAS PORTAS DO C\u00c9U Ao sentir um arrepio em um dia de calor, ou um sopro quente num frio de inverno, nada de estar doente&#8230; s\u00e3o peraltices do amor! Quando menos se espera, ele chega e se acomoda. E nunca cai de [&hellip;]<\/p>\n","protected":false},"author":7,"featured_media":0,"parent":4256,"menu_order":0,"comment_status":"closed","ping_status":"open","template":"","meta":{"footnotes":""},"class_list":["post-4273","page","type-page","status-publish","hentry"],"_links":{"self":[{"href":"https:\/\/www.riogrande.rs.gov.br\/smed\/index.php?rest_route=\/wp\/v2\/pages\/4273"}],"collection":[{"href":"https:\/\/www.riogrande.rs.gov.br\/smed\/index.php?rest_route=\/wp\/v2\/pages"}],"about":[{"href":"https:\/\/www.riogrande.rs.gov.br\/smed\/index.php?rest_route=\/wp\/v2\/types\/page"}],"author":[{"embeddable":true,"href":"https:\/\/www.riogrande.rs.gov.br\/smed\/index.php?rest_route=\/wp\/v2\/users\/7"}],"replies":[{"embeddable":true,"href":"https:\/\/www.riogrande.rs.gov.br\/smed\/index.php?rest_route=%2Fwp%2Fv2%2Fcomments&post=4273"}],"version-history":[{"count":13,"href":"https:\/\/www.riogrande.rs.gov.br\/smed\/index.php?rest_route=\/wp\/v2\/pages\/4273\/revisions"}],"predecessor-version":[{"id":7274,"href":"https:\/\/www.riogrande.rs.gov.br\/smed\/index.php?rest_route=\/wp\/v2\/pages\/4273\/revisions\/7274"}],"up":[{"embeddable":true,"href":"https:\/\/www.riogrande.rs.gov.br\/smed\/index.php?rest_route=\/wp\/v2\/pages\/4256"}],"wp:attachment":[{"href":"https:\/\/www.riogrande.rs.gov.br\/smed\/index.php?rest_route=%2Fwp%2Fv2%2Fmedia&parent=4273"}],"curies":[{"name":"wp","href":"https:\/\/api.w.org\/{rel}","templated":true}]}}