{"id":4258,"date":"2012-05-31T15:21:44","date_gmt":"2012-05-31T18:21:44","guid":{"rendered":"http:\/\/www.riogrande.rs.gov.br\/smec\/?page_id=4258"},"modified":"2013-08-22T15:50:57","modified_gmt":"2013-08-22T18:50:57","slug":"membros-correspondentes","status":"publish","type":"page","link":"https:\/\/www.riogrande.rs.gov.br\/smed\/?page_id=4258","title":{"rendered":"Membros Correspondentes"},"content":{"rendered":"<h1 dir=\"ltr\">MEMBROS CORRESPONDENTES<\/h1>\n<p dir=\"ltr\">A Academia mant\u00e9m um quadro especial de participantes, denominados Membros Correspondentes. S\u00e3o Poetas, poetisas, escritores e escritoras de v\u00e1rias cidades brasileiras, bem como de v\u00e1rios pa\u00edses. Desse modo, ocorre em n\u00edvel nacional e internacional o interc\u00e2mbio liter\u00e1rio e a participa\u00e7\u00e3o dos Correspondentes com publica\u00e7\u00f5es de seus textos na p\u00e1gina semanal da Academia no citadino Jornal Agora.<\/p>\n<p dir=\"ltr\">Atualmente, s\u00e3o Membros Correspondentes:<\/p>\n<ul>\n<li>A\u00cdDA LUZ BORTHEIRY MEIRELLES, \u00a0Montevid\u00e9u\u2013 Uruguai<\/li>\n<li>ANT\u00d3NIO JOS\u00c9 BARRADAS BARROSO, Parede \u2013 Portugal<\/li>\n<li><a href=\"http:\/\/www.riogrande.rs.gov.br\/smed\/?page_id=4384\" target=\"_blank\">BASILINA DIVINA PEREIRA, Bras\u00edlia \u2013 DF<\/a><\/li>\n<li>CAROLINE FONTOURA DANIGNO, Chu\u00ed \u2013 RS<\/li>\n<li>DANIEL COSTA DOS SANTOS, Curitiba \u2013 PR<\/li>\n<li>DIVA VAZQUEZ, Rivera \u2013 Uruguai<\/li>\n<li><a href=\"http:\/\/www.riogrande.rs.gov.br\/smed\/?page_id=4387\" target=\"_blank\">ELBA GOMES DE ANDRADE, Paranagu\u00e1 \u2013 PR<\/a><\/li>\n<li>ESTER GLEIDE BUENO DA SILVA, Alegrete \u2013 RS<\/li>\n<li>GLADIS CLEONICE VELOSO DEBLE, Bag\u00e9 \u2013 RS<\/li>\n<li>GUILEM RODRIGUES DA SILVA, Lund \u2013 Su\u00e9cia<\/li>\n<li>IEDA CUNHA CAVALHEIRO, Porto Alegre \u2013 RS<\/li>\n<li>INALDA PETERS DA SILVA, Pelotas \u2013 RS<\/li>\n<li>IRENILDA PARANHOS DE CASTRO, S\u00e3o Jos\u00e9 do Norte \u2013 RS<\/li>\n<li>IRM\u00c3O NADIR BONINI RODRIGUES, Viam\u00e3o \u2013 RS<\/li>\n<li><a href=\"http:\/\/www.riogrande.rs.gov.br\/smed\/?page_id=4368\" target=\"_blank\">JOS\u00c9 MOREIRA DA SILVA, Porto Alegre \u2013 RS<\/a><\/li>\n<li>LEOPOLDO LUIZ SLIWAK, Curitiba \u2013 PR<\/li>\n<li>L\u00cdGIA ANTUNES LEIVAS, Pelotas \u2013 RS<\/li>\n<li>LUIZ CARLOS FERNANDES RIVERA, Santana do Livramento \u2013 RS<\/li>\n<li>MARIA ROMANA DA COSTA LOPES ROSA, Algarve &#8211; Portugal<\/li>\n<li>MIGUEL \u00c1NGEL DUARTE L\u00d3PEZ, Montevid\u00e9u\u2013 Uruguai<\/li>\n<li><a href=\"http:\/\/www.riogrande.rs.gov.br\/smed\/?page_id=4372\" target=\"_blank\">MIR\u00caME MIRANDA PESS\u00d4A DE MELLO SARTORI, Porto Alegre \u2013 RS<\/a><\/li>\n<li><a href=\"http:\/\/www.riogrande.rs.gov.br\/smed\/?page_id=4376\" target=\"_blank\">NADIR SILVEIRA DIAS, Porto Alegre \u2013 RS<\/a><\/li>\n<li><a href=\"http:\/\/www.riogrande.rs.gov.br\/smed\/?page_id=4379\" target=\"_blank\">RAM\u00c3O MARIA PIRES, Porto Alegre \u2013 RS<\/a><\/li>\n<li>SUZANA BORGES DA FONSECA BINS, Porto Alegre \u2013 RS<\/li>\n<li>T\u00c2NIA TERESA MANUEL LEVY TOM\u00c9, Maputo \u2013 Mo\u00e7ambique\/\u00c1frica<\/li>\n<li>TRIST\u00c3O ALENCAR PEREIRA OLEIRO, Pelotas \u2013 RS<\/li>\n<li>VILMA FARIAS GUERRA, Pelotas \u2013 RS<\/li>\n<li>Z\u00caNIA DE LEON, Pelotas \u2013 RS<\/li>\n<li>ZORAIDA HOSTERMAN GUIMAR\u00c3ES, S\u00e3o Jos\u00e9 \u2013 SC<\/li>\n<\/ul>\n","protected":false},"excerpt":{"rendered":"<p>MEMBROS CORRESPONDENTES A Academia mant\u00e9m um quadro especial de participantes, denominados Membros Correspondentes. S\u00e3o Poetas, poetisas, escritores e escritoras de v\u00e1rias cidades brasileiras, bem como de v\u00e1rios pa\u00edses. Desse modo, ocorre em n\u00edvel nacional e internacional o interc\u00e2mbio liter\u00e1rio e a participa\u00e7\u00e3o dos Correspondentes com publica\u00e7\u00f5es de seus textos na p\u00e1gina semanal da Academia no [&hellip;]<\/p>\n","protected":false},"author":7,"featured_media":0,"parent":4057,"menu_order":0,"comment_status":"closed","ping_status":"open","template":"","meta":{"footnotes":""},"class_list":["post-4258","page","type-page","status-publish","hentry"],"_links":{"self":[{"href":"https:\/\/www.riogrande.rs.gov.br\/smed\/index.php?rest_route=\/wp\/v2\/pages\/4258"}],"collection":[{"href":"https:\/\/www.riogrande.rs.gov.br\/smed\/index.php?rest_route=\/wp\/v2\/pages"}],"about":[{"href":"https:\/\/www.riogrande.rs.gov.br\/smed\/index.php?rest_route=\/wp\/v2\/types\/page"}],"author":[{"embeddable":true,"href":"https:\/\/www.riogrande.rs.gov.br\/smed\/index.php?rest_route=\/wp\/v2\/users\/7"}],"replies":[{"embeddable":true,"href":"https:\/\/www.riogrande.rs.gov.br\/smed\/index.php?rest_route=%2Fwp%2Fv2%2Fcomments&post=4258"}],"version-history":[{"count":7,"href":"https:\/\/www.riogrande.rs.gov.br\/smed\/index.php?rest_route=\/wp\/v2\/pages\/4258\/revisions"}],"predecessor-version":[{"id":7277,"href":"https:\/\/www.riogrande.rs.gov.br\/smed\/index.php?rest_route=\/wp\/v2\/pages\/4258\/revisions\/7277"}],"up":[{"embeddable":true,"href":"https:\/\/www.riogrande.rs.gov.br\/smed\/index.php?rest_route=\/wp\/v2\/pages\/4057"}],"wp:attachment":[{"href":"https:\/\/www.riogrande.rs.gov.br\/smed\/index.php?rest_route=%2Fwp%2Fv2%2Fmedia&parent=4258"}],"curies":[{"name":"wp","href":"https:\/\/api.w.org\/{rel}","templated":true}]}}