{"id":4256,"date":"2012-05-31T15:21:25","date_gmt":"2012-05-31T18:21:25","guid":{"rendered":"http:\/\/www.riogrande.rs.gov.br\/smec\/?page_id=4256"},"modified":"2013-08-22T15:47:54","modified_gmt":"2013-08-22T18:47:54","slug":"membros-efetivos","status":"publish","type":"page","link":"https:\/\/www.riogrande.rs.gov.br\/smed\/?page_id=4256","title":{"rendered":"Acad\u00eamicos"},"content":{"rendered":"<h1 dir=\"ltr\">OS ACAD\u00caMICOS E SEUS PATRONOS<\/h1>\n<p dir=\"ltr\">A Academia \u00e9 composta de quarenta cadeiras, tendo cada uma seu Patrono. Atualmente est\u00e3o preenchidas trinta e cinco cadeiras, conforme a rela\u00e7\u00e3o abaixo:<\/p>\n<ol>\n<li>ADERLY CORR\u00caA \u00a0&#8211; Cadeira n\u00ba 4 \u2013 Patrono: Antenor de Oliveira Monteiro.<\/li>\n<li>ADRIANA KIVANSKI DE SENNA &#8211; Cadeira n\u00ba 24 \u2013 Patrono: Jo\u00e3o Cris\u00f3stomo de Freitas.<\/li>\n<li>AYRTON GARCIA \u2013 Cadeira n\u00ba 8 \u2013 Patrono: Apolin\u00e1rio Jos\u00e9 Gomes Porto Alegre<\/li>\n<li>CARMEN HELENA BRAZ MIRCO &#8211; Cadeira n\u00ba 16 \u2013 Patrono: Edgar Braga da Fontoura.<\/li>\n<li>CARMEN VIRGINIA PIRES DE LA TORRE &#8211; Cadeira n\u00ba 35 \u2013 Patrona: Revocata Heloisa de Melo.<\/li>\n<li><a href=\"http:\/\/www.riogrande.rs.gov.br\/smed\/?page_id=4244\" target=\"_blank\">DALVA LEAL MARTINS &#8211; Cadeira n\u00ba 29 \u2013 Patrono: Lu\u00eds Canarim Junior.<\/a><\/li>\n<li>DEROCINA ALVES CAMPOS SOSA &#8211; Cadeira n\u00ba 30 \u2013 Patrono: Luis Felipe de Castilhos Goycochea.<\/li>\n<li>ELCI FRANCISCO NOBLE MACHADO &#8211; Cadeira n\u00ba 10 \u2013 Patrono: Artur Pinto da Rocha.<\/li>\n<li>EDSON COSTA &#8211; Cadeira n\u00ba 27 \u2013 Patrono: Jos\u00e9 da Rocha Le\u00e3o J\u00fanior.<\/li>\n<li>FERNANDO LOPES PEDONE &#8211; Cadeira n\u00ba 3 \u2013 Patrono: Alfredo Ferreira Rodrigues.<\/li>\n<li>FRANCISCO DAS NEVES ALVES &#8211; Cadeira n\u00ba 5 \u00a0&#8211; Patrono: Ant\u00f4nio da Costa Correia Leite Filho.<\/li>\n<li>GLECY TEREZINHA FREITAS ANDRADE &#8211; Cadeira \u00a0n\u00ba 9 &#8211; Patrono: Armando L. \u00a0Duarte Coimbra.<\/li>\n<li>HELENA HEIDTMANN VAGHETTI \u00a0&#8211; Cadeira n\u00ba 14 \u2013 Patrono: Cipriano de Almeida Porto Alegre.<\/li>\n<li>IARA VAL\u00c9RIO DE CASTRO OLIVEIRA &#8211; Cadeira n\u00ba 18 \u2013 Patrona: Elisabeth Lopes Laudares.<\/li>\n<li><a href=\"http:\/\/www.riogrande.rs.gov.br\/smed\/?page_id=4348\" target=\"_blank\">IRACEMA DOS SANTOS MARTINS &#8211; Cadeira n\u00ba 1 \u2013 Patrono: Adel Braga Carva.<\/a><\/li>\n<li>JO\u00c3O MARIN\u00d4NIO CARNEIRO LAGES &#8211; Cadeira n\u00ba 37 \u2013 Patrono: R\u00fabio Brasiliano Ferreira.<\/li>\n<li>JORGE LUIS SUSINI &#8211; Cadeira n\u00ba 23 \u2013 Patrono: Hip\u00f3lito Jos\u00e9 da Costa P. Furtado de Mendon\u00e7a.<\/li>\n<li><a href=\"http:\/\/www.riogrande.rs.gov.br\/smed\/?page_id=4328\" target=\"_blank\">JOS\u00c9 ANT\u00d4NIO KLAES ROIG &#8211; Cadeira n\u00ba 6 \u2013 Patrono: Ant\u00f4nio Gomes de Freitas.<\/a><\/li>\n<li>JOS\u00c9 FILGUERAS &#8211; Cadeira n\u00ba 12 \u2013 Patrono: Bernardo Taveira Junior.<\/li>\n<li><a href=\"http:\/\/www.riogrande.rs.gov.br\/smed\/?page_id=4353\" target=\"_blank\">JOS\u00c9 PAULO RODRIGUES NOBRE &#8211; Cadeira n\u00ba 38 \u2013 Patrono: Victor da Cunha.<\/a><\/li>\n<li>LEINECY PEREIRA DORNELES &#8211; Cadeira n\u00ba 15 \u2013 Patrona: Coleta da Silva Miller.<\/li>\n<li>MARCO ANT\u00d4NIO GUERREIRO SILVEIRA &#8211; Cadeira n\u00ba 21 \u2013 Patrono: Francisco Xavier Ferreira.<\/li>\n<li><a href=\"http:\/\/www.riogrande.rs.gov.br\/smed\/?page_id=4273\" target=\"_blank\">MARCOS COSTA FILHO \u00a0&#8211; Cadeira n\u00ba 31 \u2013 Patrono: Manoel Jos\u00e9 da Silva Bastos.<\/a><\/li>\n<li>MARIA DE LOURDES DA ROCHA PIRAGINE &#8211; Cadeira n\u00ba 22 \u2013 Patrono: Frederico C. de Andrade.<\/li>\n<li>NARA F\u00c1TIMA TAVARES DA SILVA &#8211; Cadeira n\u00ba 25 \u2013 Patrono: Jo\u00e3o Evangelista Esp\u00edndola.<\/li>\n<li>NILZA RITA LOUREN\u00c7O DA FONTOURA \u00a0&#8211; Cadeira n\u00ba 36 \u2013 Patrona: Rita Lobato V. De Freitas.<\/li>\n<li>P\u00c9RICLES ANT\u00d4NIO FERNANDES GON\u00c7ALVES &#8211; Cadeira n\u00ba 19 \u2013 Patrono: \u00c9rico de C. Cramer.<\/li>\n<li>RAUL TORRES DE BEM &#8211; Cadeira n\u00ba 40 \u2013 Patrono: Walter Sinclair Robinson.<\/li>\n<li>RONALDO OLIVEIRA GERUNDO &#8211; Cadeira n\u00ba 7 \u2013 Patrono: Apar\u00edcio Fernando Brinkeroff \u00a0Torely.<\/li>\n<li>SERGIO LUIS AVILLA PUCCINELLI &#8211; Cadeira n\u00ba 20 \u2013 Patrono: \u00a0Ernani Guaragna Fornari.<\/li>\n<li>S\u00c9RGIO COSTA ESTIMA &#8211; Cadeira n\u00ba 26 \u2013 Patrono: Joaquim Gomes de Campos Jr.<\/li>\n<li><a href=\"http:\/\/www.riogrande.rs.gov.br\/smed\/?page_id=4359\" target=\"_blank\">TEODOLINDA DOMINGAS BATEZAT DE SOUZA &#8211; Cadeira n\u00ba 39 \u2013 Patrona: Walkiria Neves Goulart Machado.<\/a><\/li>\n<li>VICTOR HUGO GUIMAR\u00c3ES RODRIGUES &#8211; Cadeira n\u00ba 28 \u2013 Patrona: Julieta de Mello Monteiro.<\/li>\n<li>WILSON ROSA DA FONSECA &#8211; Cadeira n\u00ba 2 \u2013 Patrono: Alexandre Jos\u00e9 de Seixas Fernandes.<\/li>\n<li>ZENI SILVEIRA DE SILVEIRA &#8211; Cadeira n\u00ba 33 \u2013 Patrono: M\u00e1rio Aita Guaranha.<\/li>\n<\/ol>\n<h1><\/h1>\n<h1><\/h1>\n","protected":false},"excerpt":{"rendered":"<p>OS ACAD\u00caMICOS E SEUS PATRONOS A Academia \u00e9 composta de quarenta cadeiras, tendo cada uma seu Patrono. Atualmente est\u00e3o preenchidas trinta e cinco cadeiras, conforme a rela\u00e7\u00e3o abaixo: ADERLY CORR\u00caA \u00a0&#8211; Cadeira n\u00ba 4 \u2013 Patrono: Antenor de Oliveira Monteiro. ADRIANA KIVANSKI DE SENNA &#8211; Cadeira n\u00ba 24 \u2013 Patrono: Jo\u00e3o Cris\u00f3stomo de Freitas. AYRTON [&hellip;]<\/p>\n","protected":false},"author":7,"featured_media":0,"parent":4057,"menu_order":0,"comment_status":"closed","ping_status":"open","template":"","meta":{"footnotes":""},"class_list":["post-4256","page","type-page","status-publish","hentry"],"_links":{"self":[{"href":"https:\/\/www.riogrande.rs.gov.br\/smed\/index.php?rest_route=\/wp\/v2\/pages\/4256"}],"collection":[{"href":"https:\/\/www.riogrande.rs.gov.br\/smed\/index.php?rest_route=\/wp\/v2\/pages"}],"about":[{"href":"https:\/\/www.riogrande.rs.gov.br\/smed\/index.php?rest_route=\/wp\/v2\/types\/page"}],"author":[{"embeddable":true,"href":"https:\/\/www.riogrande.rs.gov.br\/smed\/index.php?rest_route=\/wp\/v2\/users\/7"}],"replies":[{"embeddable":true,"href":"https:\/\/www.riogrande.rs.gov.br\/smed\/index.php?rest_route=%2Fwp%2Fv2%2Fcomments&post=4256"}],"version-history":[{"count":8,"href":"https:\/\/www.riogrande.rs.gov.br\/smed\/index.php?rest_route=\/wp\/v2\/pages\/4256\/revisions"}],"predecessor-version":[{"id":7264,"href":"https:\/\/www.riogrande.rs.gov.br\/smed\/index.php?rest_route=\/wp\/v2\/pages\/4256\/revisions\/7264"}],"up":[{"embeddable":true,"href":"https:\/\/www.riogrande.rs.gov.br\/smed\/index.php?rest_route=\/wp\/v2\/pages\/4057"}],"wp:attachment":[{"href":"https:\/\/www.riogrande.rs.gov.br\/smed\/index.php?rest_route=%2Fwp%2Fv2%2Fmedia&parent=4256"}],"curies":[{"name":"wp","href":"https:\/\/api.w.org\/{rel}","templated":true}]}}