{"id":4244,"date":"2012-05-31T15:11:00","date_gmt":"2012-05-31T18:11:00","guid":{"rendered":"http:\/\/www.riogrande.rs.gov.br\/smec\/?page_id=4244"},"modified":"2013-08-22T15:48:14","modified_gmt":"2013-08-22T18:48:14","slug":"dalva-leal-martins-cadeira-n-29","status":"publish","type":"page","link":"https:\/\/www.riogrande.rs.gov.br\/smed\/?page_id=4244","title":{"rendered":"Dalva Leal Martins"},"content":{"rendered":"<table>\n<tbody>\n<tr>\n<td><a href=\"http:\/\/www.riogrande.rs.gov.br\/smed\/wp-content\/uploads\/2012\/05\/ARL-01-dalva_leal_martins.jpg\" rel=\"lightbox[4244]\"><img loading=\"lazy\" decoding=\"async\" class=\"alignleft size-thumbnail wp-image-4246\" title=\"Dalva Leal Martins\" src=\"http:\/\/www.riogrande.rs.gov.br\/smed\/wp-content\/uploads\/2012\/05\/ARL-01-dalva_leal_martins-150x150.jpg\" alt=\"Dalva Leal Martins\" width=\"150\" height=\"150\" \/><\/a><\/td>\n<td>Dalva Leal Martins<br \/>\nCadeira n\u00b0 29<br \/>\nPatrono: Luis Canarim J\u00fanior<br \/>\n<a href=\"mailto:dalvawalter@hotmail.com\">dalvawalter@hotmail.com<\/a><\/td>\n<\/tr>\n<\/tbody>\n<\/table>\n<hr \/>\n<pre>\r\nDIA DOS NAMORADOS\r\n\r\nTodo dia \u00e9...\r\no DIA DOS NAMORADOS!\r\n\r\nQuando existir o amor,\r\nquando houver carinho,\r\na do\u00e7ura nos gestos,\r\na confian\u00e7a da entrega...\r\n\r\nS\u00e3o cora\u00e7\u00f5es apaixonados,\r\ntalvez almas g\u00eameas,\r\nnum \u00fanico mundo et\u00e9reo,\r\nprazeroso e sincero.\r\n\r\nData comemorada\r\nentre beijos e abra\u00e7os,\r\nnum  rom\u00e2ntico jantar\r\nou \u00e0 luz do luar!\r\n\r\nMuitas s\u00e3o as op\u00e7\u00f5es\r\npara embalar os cora\u00e7\u00f5es,\r\nsem ou com presentes\r\nsimples ou sofisticados.\r\n\r\nO principal \u00e9 o motivo\r\nque anima os namorados:\r\nA efem\u00e9ride do AMOR!  \r\n<\/pre>\n<hr \/>\n<pre>RIO GRANDE AMADA\r\n\r\n<strong>R<\/strong>io Grande - Ber\u00e7o de her\u00f3is!\r\n<strong>I<\/strong>mp\u00e1vidos guerreiros de incessantes lutas.\r\n<strong>O<\/strong>s guardi\u00f5es da terra conquistada.\r\n\r\n<strong>G<\/strong>randioso foi o hero\u00edsmo demonstrado.\r\n<strong>R<\/strong>elevantes foram os feitos das sentinelas...\r\n<strong>A<\/strong>van\u00e7adas, destemidas e resolutas!\r\n<strong>N<\/strong>unca recuar! Sempre avan\u00e7ar! \u00c0 luta!\r\n<strong>D<\/strong>essas mesmas ordens, emanava:\r\n<strong>E<\/strong>speran\u00e7a \u2013 a certeza na vit\u00f3ria absoluta!\r\n\r\n<strong>A<\/strong>reias brancas, ventos, \u00e1guas doces e salgadas.\r\n<strong>M<\/strong>uita beleza tem a terra dimensionada.\r\n<strong>A<\/strong> Rio Grande com sua gente hospitaleira\r\n<strong>D<\/strong>escendente de nobres \u00e9tnicas ra\u00edzes...\r\n<strong>A<\/strong> fecunda e pr\u00f3diga heran\u00e7a alvissareira!<\/pre>\n","protected":false},"excerpt":{"rendered":"<p>Dalva Leal Martins Cadeira n\u00b0 29 Patrono: Luis Canarim J\u00fanior dalvawalter@hotmail.com DIA DOS NAMORADOS Todo dia \u00e9&#8230; o DIA DOS NAMORADOS! Quando existir o amor, quando houver carinho, a do\u00e7ura nos gestos, a confian\u00e7a da entrega&#8230; S\u00e3o cora\u00e7\u00f5es apaixonados, talvez almas g\u00eameas, num \u00fanico mundo et\u00e9reo, prazeroso e sincero. Data comemorada entre beijos e abra\u00e7os, [&hellip;]<\/p>\n","protected":false},"author":7,"featured_media":0,"parent":4256,"menu_order":0,"comment_status":"closed","ping_status":"open","template":"","meta":{"footnotes":""},"class_list":["post-4244","page","type-page","status-publish","hentry"],"_links":{"self":[{"href":"https:\/\/www.riogrande.rs.gov.br\/smed\/index.php?rest_route=\/wp\/v2\/pages\/4244"}],"collection":[{"href":"https:\/\/www.riogrande.rs.gov.br\/smed\/index.php?rest_route=\/wp\/v2\/pages"}],"about":[{"href":"https:\/\/www.riogrande.rs.gov.br\/smed\/index.php?rest_route=\/wp\/v2\/types\/page"}],"author":[{"embeddable":true,"href":"https:\/\/www.riogrande.rs.gov.br\/smed\/index.php?rest_route=\/wp\/v2\/users\/7"}],"replies":[{"embeddable":true,"href":"https:\/\/www.riogrande.rs.gov.br\/smed\/index.php?rest_route=%2Fwp%2Fv2%2Fcomments&post=4244"}],"version-history":[{"count":27,"href":"https:\/\/www.riogrande.rs.gov.br\/smed\/index.php?rest_route=\/wp\/v2\/pages\/4244\/revisions"}],"predecessor-version":[{"id":7266,"href":"https:\/\/www.riogrande.rs.gov.br\/smed\/index.php?rest_route=\/wp\/v2\/pages\/4244\/revisions\/7266"}],"up":[{"embeddable":true,"href":"https:\/\/www.riogrande.rs.gov.br\/smed\/index.php?rest_route=\/wp\/v2\/pages\/4256"}],"wp:attachment":[{"href":"https:\/\/www.riogrande.rs.gov.br\/smed\/index.php?rest_route=%2Fwp%2Fv2%2Fmedia&parent=4244"}],"curies":[{"name":"wp","href":"https:\/\/api.w.org\/{rel}","templated":true}]}}