{"id":41638,"date":"2021-11-19T17:38:41","date_gmt":"2021-11-19T19:38:41","guid":{"rendered":"https:\/\/www.riogrande.rs.gov.br\/smed\/?page_id=41638"},"modified":"2022-02-01T21:05:23","modified_gmt":"2022-02-02T00:05:23","slug":"matriculas-2021-2022","status":"publish","type":"page","link":"https:\/\/www.riogrande.rs.gov.br\/smed\/?page_id=41638","title":{"rendered":"Matr\u00edculas 2021\/2022"},"content":{"rendered":"<hr \/>\n<p>Publicada 01\/02\/2022<\/p>\n<h2>SMEd divulga Edital de Sele\u00e7\u00e3o P\u00fablica para vagas com bolsa de estudo em escolas da Rede Privada conveniadas ao Munic\u00edpio<\/h2>\n<div id=\"attachment_41964\" style=\"width: 495px\" class=\"wp-caption aligncenter\"><a href=\"https:\/\/www.riogrande.rs.gov.br\/smed\/wp-content\/uploads\/2022\/02\/20220201-matriculas.jpg\" rel=\"lightbox[41638]\"><img loading=\"lazy\" decoding=\"async\" aria-describedby=\"caption-attachment-41964\" class=\"size-medium wp-image-41964\" src=\"https:\/\/www.riogrande.rs.gov.br\/smed\/wp-content\/uploads\/2022\/02\/20220201-matriculas-485x652.jpg\" alt=\"\" width=\"485\" height=\"652\" srcset=\"https:\/\/www.riogrande.rs.gov.br\/smed\/wp-content\/uploads\/2022\/02\/20220201-matriculas-485x652.jpg 485w, https:\/\/www.riogrande.rs.gov.br\/smed\/wp-content\/uploads\/2022\/02\/20220201-matriculas.jpg 557w\" sizes=\"(max-width: 485px) 100vw, 485px\" \/><\/a><p id=\"caption-attachment-41964\" class=\"wp-caption-text\">Edital<\/p><\/div>\n<p style=\"text-align: justify;\"><span style=\"font-weight: 400;\">A Prefeitura Municipal do Rio Grande, atrav\u00e9s da Secretaria de Munic\u00edpio da Educa\u00e7\u00e3o, torna p\u00fablico o Edital de SELE\u00c7\u00c3O P\u00daBLICA para preenchimento de vagas com bolsa de estudo em escolas da Rede Privada conveniadas com o Munic\u00edpio para o ano letivo de 2022.<\/span><\/p>\n<p style=\"text-align: justify;\"><span style=\"font-weight: 400;\">Para obter maiores informa\u00e7\u00f5es, acesse o <\/span><a href=\"https:\/\/www.riogrande.rs.gov.br\/smed\/wp-content\/uploads\/2022\/02\/20220201-edital_002-2022.pdf\" target=\"_blank\" rel=\"noopener\"><b>Edital de Sele\u00e7\u00e3o P\u00fablica N\u00ba 002\/2022<\/b><\/a><span style=\"font-weight: 400;\">. Acesse tamb\u00e9m o <\/span><a href=\"https:\/\/www.riogrande.rs.gov.br\/smed\/wp-content\/uploads\/2022\/02\/20220201-anexo_edital_002-2022.pdf\" target=\"_blank\" rel=\"noopener\"><b>Anexo 01<\/b><\/a><span style=\"font-weight: 400;\">, onde constam a Ficha Socioecon\u00f4mica e a Solicita\u00e7\u00e3o de Benef\u00edcio (as quais devem ser preenchidas). Para realizar a sua inscri\u00e7\u00e3o, acesse <\/span><a href=\"https:\/\/docs.google.com\/forms\/d\/e\/1FAIpQLSeoY0j1kuvH9-mxhYYPVGyTpxH-_R1H4KayhSg-K0FDxyL2Cw\/closedform\" target=\"_blank\" rel=\"noopener\"><b>aqui<\/b><\/a><span style=\"font-weight: 400;\">.<\/span><\/p>\n<p style=\"text-align: right;\"><em><span style=\"font-weight: 400;\">SMEd<\/span><\/em><\/p>\n<hr \/>\n<p>Publicada 21\/12\/2021<\/p>\n<h2>Processo de Matr\u00edculas 2022: ENSINO FUNDAMENTAL &#8211; Per\u00edodo de Matr\u00edculas e Transfer\u00eancias no Ensino Fundamental Regular encerra no dia 23 de dezembro<\/h2>\n<div id=\"attachment_41821\" style=\"width: 495px\" class=\"wp-caption aligncenter\"><a href=\"https:\/\/www.riogrande.rs.gov.br\/smed\/wp-content\/uploads\/2021\/12\/20211215-ped-matriculas-image1.png\" rel=\"lightbox[41638]\"><img loading=\"lazy\" decoding=\"async\" aria-describedby=\"caption-attachment-41821\" class=\"size-medium wp-image-41821\" src=\"https:\/\/www.riogrande.rs.gov.br\/smed\/wp-content\/uploads\/2021\/12\/20211215-ped-matriculas-image1-485x478.png\" alt=\"\" width=\"485\" height=\"478\" srcset=\"https:\/\/www.riogrande.rs.gov.br\/smed\/wp-content\/uploads\/2021\/12\/20211215-ped-matriculas-image1-485x478.png 485w, https:\/\/www.riogrande.rs.gov.br\/smed\/wp-content\/uploads\/2021\/12\/20211215-ped-matriculas-image1-768x756.png 768w, https:\/\/www.riogrande.rs.gov.br\/smed\/wp-content\/uploads\/2021\/12\/20211215-ped-matriculas-image1-624x615.png 624w, https:\/\/www.riogrande.rs.gov.br\/smed\/wp-content\/uploads\/2021\/12\/20211215-ped-matriculas-image1.png 799w\" sizes=\"(max-width: 485px) 100vw, 485px\" \/><\/a><p id=\"caption-attachment-41821\" class=\"wp-caption-text\">Divulga\u00e7\u00e3o<\/p><\/div>\n<p style=\"text-align: justify;\">A Secretaria de Munic\u00edpio da Educa\u00e7\u00e3o de Rio Grande (SMEd), atrav\u00e9s da Central de Matr\u00edculas, informa que o per\u00edodo de inscri\u00e7\u00e3o para matr\u00edculas novas no <b>Ensino Fundamental Regular<\/b> (1\u00ba ao 9\u00ba Ano) da Rede Municipal, bem como para transfer\u00eancias, que iniciou no dia <b>13 de dezembro<\/b>, encerra na pr\u00f3xima quinta-feira, dia <b>23 de dezembro<\/b>.<\/p>\n<p style=\"text-align: justify;\">A inscri\u00e7\u00e3o deve ser feita atrav\u00e9s do site<a href=\"https:\/\/riogrande.ieducar.com.br\/pre-matricula\" target=\"_blank\" rel=\"noopener\"> <b>https:\/\/riogrande.ieducar.com.br\/pre-matricula<\/b><\/a><\/p>\n<p style=\"text-align: justify;\">ou presencialmente na Central de Matr\u00edculas, que est\u00e1 localizada no Centro de Forma\u00e7\u00e3o Escola Viva, na Av. Portugal, n\u00ba 38. Telefones para contato: (53) 3230-8360 ou (53) 99931-6551. Hor\u00e1rio de atendimento: de segunda a sexta, das 13h \u00e0s 19h, exceto quartas-feiras (expediente interno).<\/p>\n<p style=\"text-align: justify;\">Para obter maiores informa\u00e7\u00f5es, acesse o <a href=\"https:\/\/www.riogrande.rs.gov.br\/smed\/wp-content\/uploads\/2021\/12\/20211215-edital42021.pdf\" target=\"_blank\" rel=\"noopener\"><b>Edital para estudantes do Ensino Fundamental<\/b><\/a>.<\/p>\n<p style=\"text-align: right;\"><em>SMEd<\/em><br \/>\n<em>Roberton Reis<\/em><br \/>\n<em>Com informa\u00e7\u00f5es do N\u00facleo de Matr\u00edcula<\/em><\/p>\n<hr \/>\n<p>Publicada 15\/12\/2021<\/p>\n<h2>Processo de Matr\u00edculas 2022: ENSINO FUNDAMENTAL &#8211; Per\u00edodo de Matr\u00edculas e Transfer\u00eancias no Ensino Regular iniciou no dia 13 de dezembro<\/h2>\n<div id=\"attachment_41821\" style=\"width: 495px\" class=\"wp-caption aligncenter\"><a href=\"https:\/\/www.riogrande.rs.gov.br\/smed\/wp-content\/uploads\/2021\/12\/20211215-ped-matriculas-image1.png\" rel=\"lightbox[41638]\"><img loading=\"lazy\" decoding=\"async\" aria-describedby=\"caption-attachment-41821\" class=\"size-medium wp-image-41821\" src=\"https:\/\/www.riogrande.rs.gov.br\/smed\/wp-content\/uploads\/2021\/12\/20211215-ped-matriculas-image1-485x478.png\" alt=\"\" width=\"485\" height=\"478\" srcset=\"https:\/\/www.riogrande.rs.gov.br\/smed\/wp-content\/uploads\/2021\/12\/20211215-ped-matriculas-image1-485x478.png 485w, https:\/\/www.riogrande.rs.gov.br\/smed\/wp-content\/uploads\/2021\/12\/20211215-ped-matriculas-image1-768x756.png 768w, https:\/\/www.riogrande.rs.gov.br\/smed\/wp-content\/uploads\/2021\/12\/20211215-ped-matriculas-image1-624x615.png 624w, https:\/\/www.riogrande.rs.gov.br\/smed\/wp-content\/uploads\/2021\/12\/20211215-ped-matriculas-image1.png 799w\" sizes=\"(max-width: 485px) 100vw, 485px\" \/><\/a><p id=\"caption-attachment-41821\" class=\"wp-caption-text\">Divulga\u00e7\u00e3o<\/p><\/div>\n<p style=\"text-align: justify;\">A Secretaria de Munic\u00edpio da Educa\u00e7\u00e3o de Rio Grande (SMEd), atrav\u00e9s da Central de Matr\u00edculas, informa que o per\u00edodo de inscri\u00e7\u00e3o para matr\u00edculas novas no <b>Ensino Fundamental<\/b> (1\u00ba ao 9\u00ba Ano) da Rede Municipal, bem como para transfer\u00eancias, iniciou na \u00faltima segunda-feira, dia <b>13 de dezembro<\/b>.<\/p>\n<p style=\"text-align: justify;\">A inscri\u00e7\u00e3o deve ser feita atrav\u00e9s do site<a href=\"https:\/\/riogrande.ieducar.com.br\/pre-matricula\" target=\"_blank\" rel=\"noopener\"> <b>https:\/\/riogrande.ieducar.com.br\/pre-matricula<\/b><\/a> ou presencialmente na Central de Matr\u00edculas, que est\u00e1 localizada no Centro de Forma\u00e7\u00e3o Escola Viva, na Av. Portugal, n\u00ba 38. Telefones para contato: (53) 3230-8360 ou (53) 99931-6551. Hor\u00e1rio de atendimento: de segunda a sexta, das 13h \u00e0s 19h, exceto quartas-feiras (expediente interno).<\/p>\n<p style=\"text-align: justify;\">Para obter maiores informa\u00e7\u00f5es, acesse o <a href=\"https:\/\/www.riogrande.rs.gov.br\/smed\/wp-content\/uploads\/2021\/12\/20211215-edital42021.pdf\" target=\"_blank\" rel=\"noopener\"><b>Edital para estudantes do Ensino Fundamental<\/b><\/a>. Telefone para contato: (53) 3230-8360.<\/p>\n<p style=\"text-align: right;\"><em>SMEd<\/em><br \/>\n<em>Roberton Reis<\/em><br \/>\n<em>Com informa\u00e7\u00f5es do N\u00facleo de Matr\u00edculas<\/em><\/p>\n<hr \/>\n<p>Publicada 28\/11\/2021<\/p>\n<p>Processo de Matr\u00edculas 2022: EDUCA\u00c7\u00c3O INFANTIL &#8211; Per\u00edodo de Matr\u00edculas e Transfer\u00eancias no Ensino Regular inicia no dia 29 de novembro<\/p>\n<div id=\"attachment_41726\" style=\"width: 495px\" class=\"wp-caption aligncenter\"><a href=\"https:\/\/www.riogrande.rs.gov.br\/smed\/wp-content\/uploads\/2021\/11\/20211128-ped-matriculas-image1.png\" rel=\"lightbox[41638]\"><img loading=\"lazy\" decoding=\"async\" aria-describedby=\"caption-attachment-41726\" class=\"size-medium wp-image-41726\" src=\"https:\/\/www.riogrande.rs.gov.br\/smed\/wp-content\/uploads\/2021\/11\/20211128-ped-matriculas-image1-485x478.png\" alt=\"\" width=\"485\" height=\"478\" srcset=\"https:\/\/www.riogrande.rs.gov.br\/smed\/wp-content\/uploads\/2021\/11\/20211128-ped-matriculas-image1-485x478.png 485w, https:\/\/www.riogrande.rs.gov.br\/smed\/wp-content\/uploads\/2021\/11\/20211128-ped-matriculas-image1-768x756.png 768w, https:\/\/www.riogrande.rs.gov.br\/smed\/wp-content\/uploads\/2021\/11\/20211128-ped-matriculas-image1-624x615.png 624w, https:\/\/www.riogrande.rs.gov.br\/smed\/wp-content\/uploads\/2021\/11\/20211128-ped-matriculas-image1.png 799w\" sizes=\"(max-width: 485px) 100vw, 485px\" \/><\/a><p id=\"caption-attachment-41726\" class=\"wp-caption-text\">Divulga\u00e7\u00e3o<\/p><\/div>\n<p style=\"text-align: justify;\">A Secretaria de Munic\u00edpio da Educa\u00e7\u00e3o de Rio Grande (SMEd), atrav\u00e9s da Central de Matr\u00edculas, informa que o per\u00edodo de inscri\u00e7\u00e3o para matr\u00edculas novas na Educa\u00e7\u00e3o Infantil da Rede Municipal, bem como para transfer\u00eancias, inicia na pr\u00f3xima segunda-feira, dia <b>29 de novembro<\/b>.<\/p>\n<p style=\"text-align: justify;\">A inscri\u00e7\u00e3o deve ser feita atrav\u00e9s do site<a href=\"https:\/\/riogrande.ieducar.com.br\/pre-matricula\" target=\"_blank\" rel=\"noopener\"> <b>https:\/\/riogrande.ieducar.com.br\/pre-matricula <\/b><\/a> ou presencialmente na Central de Matr\u00edculas, que est\u00e1 localizada no Centro de Forma\u00e7\u00e3o Escola Viva, na Av. Portugal, n\u00ba 38. Telefones para contato: (53) 3230-8360 ou (53) 99931-6551. Hor\u00e1rio de atendimento: de segunda a sexta, das 13h \u00e0s 19h, exceto quartas-feiras (expediente interno).<\/p>\n<p style=\"text-align: justify;\">Para obter maiores informa\u00e7\u00f5es, acesse o <a href=\"https:\/\/www.riogrande.rs.gov.br\/smed\/wp-content\/uploads\/2021\/11\/20211128-edital_032021.pdf\" target=\"_blank\" rel=\"noopener\"><b>Edital para estudantes da Educa\u00e7\u00e3o Educa\u00e7\u00e3o Infantil<\/b><\/a>.<\/p>\n<p style=\"text-align: right;\"><em>SMEd<\/em><br \/>\n<em>Roberton Reis<\/em><br \/>\n<em>Com informa\u00e7\u00f5es do N\u00facleo de Matr\u00edculas<\/em><\/p>\n<hr \/>\n<p>Publicada 24\/11\/2021<\/p>\n<h2>Processo de Matr\u00edculas 2022: Per\u00edodo de Matr\u00edculas e Transfer\u00eancias na Educa\u00e7\u00e3o Infantil e Ensino Fundamental<\/h2>\n<div id=\"attachment_41683\" style=\"width: 495px\" class=\"wp-caption aligncenter\"><a href=\"https:\/\/www.riogrande.rs.gov.br\/smed\/wp-content\/uploads\/2021\/11\/20211124-ped-matriculas-image1.jpg\" rel=\"lightbox[41638]\"><img loading=\"lazy\" decoding=\"async\" aria-describedby=\"caption-attachment-41683\" class=\"size-medium wp-image-41683\" src=\"https:\/\/www.riogrande.rs.gov.br\/smed\/wp-content\/uploads\/2021\/11\/20211124-ped-matriculas-image1-485x478.jpg\" alt=\"\" width=\"485\" height=\"478\" srcset=\"https:\/\/www.riogrande.rs.gov.br\/smed\/wp-content\/uploads\/2021\/11\/20211124-ped-matriculas-image1-485x478.jpg 485w, https:\/\/www.riogrande.rs.gov.br\/smed\/wp-content\/uploads\/2021\/11\/20211124-ped-matriculas-image1-768x756.jpg 768w, https:\/\/www.riogrande.rs.gov.br\/smed\/wp-content\/uploads\/2021\/11\/20211124-ped-matriculas-image1-624x615.jpg 624w, https:\/\/www.riogrande.rs.gov.br\/smed\/wp-content\/uploads\/2021\/11\/20211124-ped-matriculas-image1.jpg 799w\" sizes=\"(max-width: 485px) 100vw, 485px\" \/><\/a><p id=\"caption-attachment-41683\" class=\"wp-caption-text\">Divulga\u00e7\u00e3o<\/p><\/div>\n<p style=\"text-align: justify;\">A Secretaria de Munic\u00edpio da Educa\u00e7\u00e3o de Rio Grande (SMEd), atrav\u00e9s da Central de Matr\u00edculas, informa que o per\u00edodo de inscri\u00e7\u00e3o para matr\u00edculas novas na Rede Municipal, bem como para transfer\u00eancias, para estudantes da Educa\u00e7\u00e3o Especial, na Educa\u00e7\u00e3o Infantil e no Ensino Fundamental, iniciou no dia 16 de novembro.<\/p>\n<p style=\"text-align: justify;\">A inscri\u00e7\u00e3o deve ser feita atrav\u00e9s do site<a href=\"https:\/\/riogrande.ieducar.com.br\/pre-matricula\" target=\"_blank\" rel=\"noopener\"> <b>https:\/\/riogrande.ieducar.com.br\/pre-matricula<\/b><\/a><br \/>\nou presencialmente na Central de Matr\u00edculas, que est\u00e1 localizada no Centro de Forma\u00e7\u00e3o Escola Viva, na Av. Portugal, n\u00ba 38. Telefone de contato: 53 3230-8360 ou 53 99931 6551. Hor\u00e1rio de atendimento de segunda a sexta: 13h \u00e0s 19h, exceto quartas-feiras (expediente interno).<\/p>\n<p style=\"text-align: justify;\">Para obter maiores informa\u00e7\u00f5es, acesse o <a href=\"https:\/\/www.riogrande.rs.gov.br\/smed\/externo\/20211124-edital_01_educacao_infantil_educacao_especial_transferencia_matricula.pdf\" target=\"_blank\" rel=\"noopener\"><b>Edital para alunos da Educa\u00e7\u00e3o Especial\/Educa\u00e7\u00e3o Infantil<\/b><\/a> ou o <a href=\"http:\/\/www.riogrande.rs.gov.br\/smed\/externo\/20211124-edital_02_ensino_fundamental_educacao_especial_transferencia_matricula.pdf\" target=\"_blank\" rel=\"noopener\"><b>Edital para alunos da Educa\u00e7\u00e3o Especial\/Ensino Fundamental<\/b><\/a>.<\/p>\n<p style=\"text-align: right;\"><em>SMEd<\/em><br \/>\n<em>Roberton Reis<\/em><br \/>\n<em>Com informa\u00e7\u00f5es do N\u00facleo de Matr\u00edculas<\/em><\/p>\n","protected":false},"excerpt":{"rendered":"<p>Publicada 01\/02\/2022 SMEd divulga Edital de Sele\u00e7\u00e3o P\u00fablica para vagas com bolsa de estudo em escolas da Rede Privada conveniadas ao Munic\u00edpio A Prefeitura Municipal do Rio Grande, atrav\u00e9s da Secretaria de Munic\u00edpio da Educa\u00e7\u00e3o, torna p\u00fablico o Edital de SELE\u00c7\u00c3O P\u00daBLICA para preenchimento de vagas com bolsa de estudo em escolas da Rede Privada [&hellip;]<\/p>\n","protected":false},"author":7,"featured_media":0,"parent":39852,"menu_order":5,"comment_status":"closed","ping_status":"closed","template":"","meta":{"footnotes":""},"class_list":["post-41638","page","type-page","status-publish","hentry"],"_links":{"self":[{"href":"https:\/\/www.riogrande.rs.gov.br\/smed\/index.php?rest_route=\/wp\/v2\/pages\/41638"}],"collection":[{"href":"https:\/\/www.riogrande.rs.gov.br\/smed\/index.php?rest_route=\/wp\/v2\/pages"}],"about":[{"href":"https:\/\/www.riogrande.rs.gov.br\/smed\/index.php?rest_route=\/wp\/v2\/types\/page"}],"author":[{"embeddable":true,"href":"https:\/\/www.riogrande.rs.gov.br\/smed\/index.php?rest_route=\/wp\/v2\/users\/7"}],"replies":[{"embeddable":true,"href":"https:\/\/www.riogrande.rs.gov.br\/smed\/index.php?rest_route=%2Fwp%2Fv2%2Fcomments&post=41638"}],"version-history":[{"count":11,"href":"https:\/\/www.riogrande.rs.gov.br\/smed\/index.php?rest_route=\/wp\/v2\/pages\/41638\/revisions"}],"predecessor-version":[{"id":41966,"href":"https:\/\/www.riogrande.rs.gov.br\/smed\/index.php?rest_route=\/wp\/v2\/pages\/41638\/revisions\/41966"}],"up":[{"embeddable":true,"href":"https:\/\/www.riogrande.rs.gov.br\/smed\/index.php?rest_route=\/wp\/v2\/pages\/39852"}],"wp:attachment":[{"href":"https:\/\/www.riogrande.rs.gov.br\/smed\/index.php?rest_route=%2Fwp%2Fv2%2Fmedia&parent=41638"}],"curies":[{"name":"wp","href":"https:\/\/api.w.org\/{rel}","templated":true}]}}