{"id":416,"date":"2010-12-15T15:37:00","date_gmt":"2010-12-15T17:37:00","guid":{"rendered":"http:\/\/www.w8s.net.br\/labs\/blogsmecrg"},"modified":"2013-12-12T16:09:43","modified_gmt":"2013-12-12T18:09:43","slug":"divisao-de-bibliotecas","status":"publish","type":"page","link":"https:\/\/www.riogrande.rs.gov.br\/smed\/?page_id=416","title":{"rendered":"N\u00facleo de Bibliotecas"},"content":{"rendered":"<p><!--\n\n\n<h1 dir=\"ltr\" style=\"text-align: left;\"><span style=\"font-size: 2em;\">SMEC - DGC<\/span><\/h1>\n\n\n\n\n<p dir=\"ltr\" style=\"text-align: justify;\">A Divis\u00e3o de Bibliotecas \u00e9 o setor da Secretaria Municipal de Educa\u00e7\u00e3o e Cultura que utiliza estrat\u00e9gias de organiza\u00e7\u00e3o \u00e0s bibliotecas escolares, \u00e0s p\u00fablicas e ao Centro de Forma\u00e7\u00e3o, trabalhando o conhecimento, atrav\u00e9s da tecnologia, da inova\u00e7\u00e3o, do marketing da divis\u00e3o e da cultura liter\u00e1ria, proporcionando melhorias nos desempenhos das atividades desses setores.<\/p>\n\n\n\n\n\n<h1 dir=\"ltr\" style=\"text-align: left;\">BIBLIOTECAS ESCOLARES MUNICIPAIS<\/h1>\n\n\n\n\n<p dir=\"ltr\" style=\"text-align: justify;\">As bibliotecas escolares atendem \u00e0s escolas. S\u00e3o o centro din\u00e2mico de informa\u00e7\u00e3o que permeia o seu contexto e o processo ensino-aprendizagem, interagindo com a sala de aula. A partir do perfil de interesses dos usu\u00e1rios, disp\u00f5e de recursos informacionais adequados (bibliogr\u00e1ficos e multimeios), provindos de rigorosos crit\u00e9rios de sele\u00e7\u00e3o, dando acesso ao pluralismo de ideias e saberes.<\/p>\n\n\n\n\n\n<h1 dir=\"ltr\" style=\"text-align: left;\">BIBLIOTECAS P\u00daBLICAS MUNICIPAIS<\/h1>\n\n\n\n\n<p dir=\"ltr\" style=\"text-align: justify;\">A biblioteca \u00e9 uma institui\u00e7\u00e3o que agrupa e proporciona o acesso aos registros do conhecimento e das ideias do ser humano atrav\u00e9s de suas express\u00f5es criadoras. Como registros entende-se todo tipo de material em suporte papel, digital, \u00f3tico ou eletr\u00f4nico que, organizados de modo a serem identificados e utilizados, comp\u00f5em seu acervo. Sem fins lucrativos, objetiva atender \u00e0 comunidade em sua totalidade.<\/p>\n\n\n\n\n<p dir=\"ltr\" style=\"text-align: justify;\">A biblioteca p\u00fablica \u00e9 o espa\u00e7o privilegiado do desenvolvimento das pr\u00e1ticas leitoras e, atrav\u00e9s do encontro do leitor com o livro, forma-se o leitor cr\u00edtico e contribui-se para o florescimento da cidadania.<\/p>\n\n\n\n\n\n<h1 dir=\"ltr\" style=\"text-align: left;\">BIBLIOTECA M\u00d3VEL<\/h1>\n\n\n\n\n<p dir=\"ltr\" style=\"text-align: justify;\">A Biblioteca M\u00f3vel \u00e9 uma alternativa para auxiliar na inclus\u00e3o liter\u00e1ria naquelas comunidades que n\u00e3o possuem bibliotecas. \u00a0A sua presen\u00e7a tamb\u00e9m tem o intuito de divulgar as bibliotecas escolares e seu acervo, pois a Secretaria Municipal de Educa\u00e7\u00e3o e Cultura est\u00e1 reestruturando as bibliotecas, investindo em livros, computadores e outros recursos que incentivam o h\u00e1bito da leitura. Ela est\u00e1 presente em todas as atividades de a\u00e7\u00e3o cultural na comunidade em geral, principalmente no meio rural, em eventos escolares, entre outros.<\/p>\n\n\n\n\n\n<h1 dir=\"ltr\" style=\"text-align: left;\">BIBLIOTECA DO CENTRO DE FORMA\u00c7\u00c3O ESCOLA VIVA<\/h1>\n\n\n\n\n<p dir=\"ltr\" style=\"text-align: justify;\">A Biblioteca do Centro de Forma\u00e7\u00e3o Escola Viva \u00e9 especializada no setor profissionalizante. Apresenta um acervo voltado \u00e0s atividades profissionais e educacionais dos v\u00e1rios saberes.<\/p>\n\n\n\n\n<p style=\"text-align: justify;\"><!--more--><\/p>\n<h1 dir=\"ltr\" style=\"text-align: left;\">DIVIS\u00c3O DE BIBLIOTECAS<\/h1>\n<h1 dir=\"ltr\" style=\"text-align: left;\">SETOR ADMINISTRATIVO<\/h1>\n<p dir=\"ltr\" style=\"text-align: justify;\">O setor administrativo da Divis\u00e3o de Bibliotecas realiza durante o ano as seguintes atividades:<\/p>\n<p>a. organiza as correspond\u00eancias;<br \/>\nb. redige expedientes sum\u00e1rios, tais como: cartas, of\u00edcios e memorandos;<br \/>\nc. organiza o passivo;<br \/>\nd. organiza as pastas das bibliotecas das escolas e bibliotecas p\u00fablicas;<br \/>\ne. organiza os hist\u00f3ricos das bibliotecas das escolas;<br \/>\nf. organiza a rela\u00e7\u00e3o de materias das bibliotecas das escolas, com o n\u00famero de patrim\u00f4nio, quando possui, e material comprados pelo PDE;<br \/>\ng. seleciona o material para divulga\u00e7\u00e3o das escolas (livros, revistas), para serem emprestados aos professores;<br \/>\nh. arquiva os documentos recebidos, empenhos, notas&#8230;;<br \/>\ni. anota os pedidos das bibliotecas das escolas;<br \/>\nj. organiza a efetividade das funcion\u00e1rias e est\u00e1gi\u00e1rias;<br \/>\nl. elabora em conjunto com a Diretora do setor os projetos;<br \/>\nm. organiza com a Diretora as avalia\u00e7\u00f5es das atividades da Divis\u00e3o;<br \/>\nn. organiza a agenda da Biblioteca M\u00f3vel;<br \/>\no. organiza a agenda dos eventos;<br \/>\np. organiza as escalas para as atividades da Biblioteca M\u00f3vel e eventos;<br \/>\nq. presta servi\u00e7o de digita\u00e7\u00e3o;<br \/>\nr. organiza os arquivos e outros instrumentos de controle administrativo.<\/p>\n<h1 dir=\"ltr\" style=\"text-align: left;\">SETOR DE PROCESSAMENTO T\u00c9CNICO<\/h1>\n<p dir=\"ltr\" style=\"text-align: justify;\">O setor de Processamento T\u00e9cnico da Divis\u00e3o de Bibliotecas realiza as seguintes atividades:<\/p>\n<p dir=\"ltr\" style=\"text-align: justify;\">a) Sele\u00e7\u00e3o dos livros a serem catalogados;<\/p>\n<p dir=\"ltr\" style=\"text-align: justify;\">b) Inser\u00e7\u00e3o de bolsinhos, ficha de registro e ficha de devolu\u00e7\u00e3o na contra-capa do livro;<\/p>\n<p dir=\"ltr\" style=\"text-align: justify;\">c) Controle do n\u00famero de registro e n\u00famero de obra;<\/p>\n<p dir=\"ltr\" style=\"text-align: justify;\">d) Cataloga\u00e7\u00e3o dos livros no sistema winisis;<\/p>\n<p dir=\"ltr\" style=\"text-align: justify;\">e) Inser\u00e7\u00e3o da lombada com o n\u00famero de chamada e nota\u00e7\u00e3o de autor;<\/p>\n<p dir=\"ltr\" style=\"text-align: justify;\">f) Disponibibliza\u00e7\u00e3o no acervo para o empr\u00e9stimo.<\/p>\n<h1 dir=\"ltr\" style=\"text-align: left;\">SETOR DE PERI\u00d3DICOS<\/h1>\n<p dir=\"ltr\" style=\"text-align: justify;\">O setor de peri\u00f3dicos da Divis\u00e3o de Bibliotecas realiza as seguintes atividades:<\/p>\n<p dir=\"ltr\" style=\"text-align: justify;\">a) Aquisi\u00e7\u00e3o;<\/p>\n<p dir=\"ltr\" style=\"text-align: justify;\">b) Sele\u00e7\u00e3o atrav\u00e9s dos kits escolares;<\/p>\n<p dir=\"ltr\" style=\"text-align: justify;\">c) Distribui\u00e7\u00e3o nas pastas das escolas da rede;<\/p>\n<p dir=\"ltr\" style=\"text-align: justify;\">d) Empr\u00e9stimo de peri\u00f3dicos.<\/p>\n<h1 dir=\"ltr\" style=\"text-align: left;\">SETOR DE REFER\u00caNCIA<\/h1>\n<p dir=\"ltr\" style=\"text-align: justify;\">O setor de refer\u00eancia da Divis\u00e3o de Bibliotecas realiza as seguintes atividades:<\/p>\n<p dir=\"ltr\" style=\"text-align: justify;\">a) Atendimento aos professores e aos s\u00f3cios;<\/p>\n<p dir=\"ltr\" style=\"text-align: justify;\">b) Aux\u00edlio \u00e0 pesquisa bibliogr\u00e1fica;<\/p>\n<p>&#8211;><\/p>\n","protected":false},"excerpt":{"rendered":"","protected":false},"author":7,"featured_media":0,"parent":291,"menu_order":0,"comment_status":"closed","ping_status":"closed","template":"","meta":{"footnotes":""},"class_list":["post-416","page","type-page","status-publish","hentry"],"_links":{"self":[{"href":"https:\/\/www.riogrande.rs.gov.br\/smed\/index.php?rest_route=\/wp\/v2\/pages\/416"}],"collection":[{"href":"https:\/\/www.riogrande.rs.gov.br\/smed\/index.php?rest_route=\/wp\/v2\/pages"}],"about":[{"href":"https:\/\/www.riogrande.rs.gov.br\/smed\/index.php?rest_route=\/wp\/v2\/types\/page"}],"author":[{"embeddable":true,"href":"https:\/\/www.riogrande.rs.gov.br\/smed\/index.php?rest_route=\/wp\/v2\/users\/7"}],"replies":[{"embeddable":true,"href":"https:\/\/www.riogrande.rs.gov.br\/smed\/index.php?rest_route=%2Fwp%2Fv2%2Fcomments&post=416"}],"version-history":[{"count":20,"href":"https:\/\/www.riogrande.rs.gov.br\/smed\/index.php?rest_route=\/wp\/v2\/pages\/416\/revisions"}],"predecessor-version":[{"id":8896,"href":"https:\/\/www.riogrande.rs.gov.br\/smed\/index.php?rest_route=\/wp\/v2\/pages\/416\/revisions\/8896"}],"up":[{"embeddable":true,"href":"https:\/\/www.riogrande.rs.gov.br\/smed\/index.php?rest_route=\/wp\/v2\/pages\/291"}],"wp:attachment":[{"href":"https:\/\/www.riogrande.rs.gov.br\/smed\/index.php?rest_route=%2Fwp%2Fv2%2Fmedia&parent=416"}],"curies":[{"name":"wp","href":"https:\/\/api.w.org\/{rel}","templated":true}]}}