{"id":40784,"date":"2021-07-29T14:40:46","date_gmt":"2021-07-29T17:40:46","guid":{"rendered":"https:\/\/www.riogrande.rs.gov.br\/smed\/?page_id=40784"},"modified":"2021-07-29T14:40:46","modified_gmt":"2021-07-29T17:40:46","slug":"julho-da-mulher-negra","status":"publish","type":"page","link":"https:\/\/www.riogrande.rs.gov.br\/smed\/?page_id=40784","title":{"rendered":"Julho da Mulher Negra"},"content":{"rendered":"<p>Publicada 29\/07\/2021<\/p>\n<h2>Julho da Mulher Negra \u2013 Vozes de Tereza<\/h2>\n<div id=\"attachment_40779\" style=\"width: 475px\" class=\"wp-caption aligncenter\"><a href=\"https:\/\/www.riogrande.rs.gov.br\/smed\/wp-content\/uploads\/2021\/07\/20210729-ped-mulher_negra-image1.jpg\" rel=\"lightbox[40784]\"><img loading=\"lazy\" decoding=\"async\" aria-describedby=\"caption-attachment-40779\" class=\"size-full wp-image-40779\" src=\"https:\/\/www.riogrande.rs.gov.br\/smed\/wp-content\/uploads\/2021\/07\/20210729-ped-mulher_negra-image1.jpg\" alt=\"\" width=\"465\" height=\"600\" \/><\/a><p id=\"caption-attachment-40779\" class=\"wp-caption-text\">Divulga\u00e7\u00e3o<\/p><\/div>\n<p style=\"text-align: justify;\"><span style=\"font-weight: 400;\">O N\u00facleo de Temas Transversais da Secretaria de Munic\u00edpio da Educa\u00e7\u00e3o do Rio Grande (SMEd) prop\u00f4s \u00e0s escolas da rede p\u00fablica municipal de ensino uma atividade pedag\u00f3gica intitulada \u201cJulho da Mulher Negra &#8211; Vozes de Tereza\u201d, em alus\u00e3o ao \u201cDia Nacional de Tereza de Benguela\u201d e \u201cDia Internacional da Mulher Negra, Latino-americana e Caribenha\u201d, celebrados em 25 de julho: a produ\u00e7\u00e3o de um v\u00eddeo e\/ou depoimento com as mulheres negras de suas comunidades escolares.\u00a0<\/span><\/p>\n<p style=\"text-align: justify;\"><span style=\"font-weight: 400;\">Nessas produ\u00e7\u00f5es, elas contaram com suas pr\u00f3prias vozes e imagens, um pouco de hist\u00f3ria, ancestralidades, realidades, atualidades, cotidianos, desejos e sonhos. Tudo recheado com a for\u00e7a de quem vence os preconceitos a cada dia e com o carinho de quem deseja um mundo mais justo para todos.\u00a0<\/span><\/p>\n<p style=\"text-align: justify;\"><span style=\"font-weight: 400;\">\u201c<\/span><b>Ficamos honradas e satisfeitas com a qualidade, pontualidade e criatividade das produ\u00e7\u00f5es recebidas e, com orgulho e alegria, publicamos aqui, para toda a comunidade rio-grandina, o link de acesso \u00e0 galeria virtual, onde todos esses trabalhos podem ser conhecidos, curtidos, comentados e amplamente divulgados<\/b><span style=\"font-weight: 400;\">\u201d, destacou o N\u00facleo de Temas Transversais da SMEd.<\/span><\/p>\n<p style=\"text-align: justify;\"><span style=\"font-weight: 400;\">As escolas da Rede Municipal que participaram da atividade proposta pela Secretaria da Educa\u00e7\u00e3o s\u00e3o as seguintes:<\/span><\/p>\n<ul>\n<li>EMEB Prof.\u00aa Carmen Regina Teixeira Baldino;<\/li>\n<li>EMEE Maria Lucia Luzzardi;<\/li>\n<li>EMEF Alcides Maia;<\/li>\n<li>EMEF Bento Gon\u00e7alves;<\/li>\n<li>EMEF Clemente Pinto;<\/li>\n<li>EMEF Fran\u00e7a Pinto;<\/li>\n<li>EMEF Helena Small;<\/li>\n<li>EMEF Prof.\u00aa Mar\u00edlia Rodrigues Santos;<\/li>\n<li>EMEF Olavo Bilac;<\/li>\n<li>EMEF Ramiz Galv\u00e3o;<\/li>\n<li>EMEF S\u00e3o Miguel;<\/li>\n<li>EMEF Prof.\u00aa Wanda Rocha Martins;<\/li>\n<li>EMEF Prof.\u00aa Zenir de Souza Braga;<\/li>\n<li>EMEI Oscar Ferreiro de Campos Moraes<\/li>\n<li>EMEI Quer\u00eancia;<\/li>\n<li>EMEI Vov\u00f3 Zoquinha.<\/li>\n<\/ul>\n<p style=\"text-align: justify;\"><span style=\"font-weight: 400;\">Acesse <\/span><a href=\"https:\/\/padlet.com\/nucleodetemastransversais\/xp4b677wsbnafaxr?utm_campaign=transactional&amp;utm_content=peek_image&amp;utm_medium=email&amp;utm_source=started_a_padlet\" target=\"_blank\" rel=\"noopener\"><b>aqui <\/b><\/a><span style=\"font-weight: 400;\">a galeria virtual com os trabalhos das escolas da rede municipal.<\/span><\/p>\n<p style=\"text-align: right;\"><em>SMEd<\/em><br \/>\n<em>Roberton Reis<\/em><br \/>\n<em>Com informa\u00e7\u00f5es do N\u00facleo de Temas Transversais \u2013 NTT<\/em><\/p>\n<hr \/>\n<p>Publicada 26\/07\/2021<\/p>\n<h2>Julho da Mulher Negra<\/h2>\n\n\t\t<style type=\"text\/css\">\n\t\t\t#gallery-1 {\n\t\t\t\tmargin: auto;\n\t\t\t}\n\t\t\t#gallery-1 .gallery-item {\n\t\t\t\tfloat: left;\n\t\t\t\tmargin-top: 10px;\n\t\t\t\ttext-align: center;\n\t\t\t\twidth: 50%;\n\t\t\t}\n\t\t\t#gallery-1 img {\n\t\t\t\tborder: 2px solid #cfcfcf;\n\t\t\t}\n\t\t\t#gallery-1 .gallery-caption {\n\t\t\t\tmargin-left: 0;\n\t\t\t}\n\t\t\t\/* see gallery_shortcode() in wp-includes\/media.php *\/\n\t\t<\/style>\n\t\t<div id='gallery-1' class='gallery galleryid-40784 gallery-columns-2 gallery-size-thumbnail'><dl class='gallery-item'>\n\t\t\t<dt class='gallery-icon portrait'>\n\t\t\t\t<a href='https:\/\/www.riogrande.rs.gov.br\/smed\/wp-content\/uploads\/2021\/07\/20210726-ped-julho-image2.jpg' rel=\"lightbox[40784]\"><img loading=\"lazy\" decoding=\"async\" width=\"150\" height=\"150\" src=\"https:\/\/www.riogrande.rs.gov.br\/smed\/wp-content\/uploads\/2021\/07\/20210726-ped-julho-image2-150x150.jpg\" class=\"attachment-thumbnail size-thumbnail\" alt=\"\" aria-describedby=\"gallery-1-40759\" srcset=\"https:\/\/www.riogrande.rs.gov.br\/smed\/wp-content\/uploads\/2021\/07\/20210726-ped-julho-image2-150x150.jpg 150w, https:\/\/www.riogrande.rs.gov.br\/smed\/wp-content\/uploads\/2021\/07\/20210726-ped-julho-image2-485x486.jpg 485w, https:\/\/www.riogrande.rs.gov.br\/smed\/wp-content\/uploads\/2021\/07\/20210726-ped-julho-image2.jpg 520w\" sizes=\"(max-width: 150px) 100vw, 150px\" \/><\/a>\n\t\t\t<\/dt>\n\t\t\t\t<dd class='wp-caption-text gallery-caption' id='gallery-1-40759'>\n\t\t\t\tDivulga\u00e7\u00e3o\n\t\t\t\t<\/dd><\/dl><dl class='gallery-item'>\n\t\t\t<dt class='gallery-icon portrait'>\n\t\t\t\t<a href='https:\/\/www.riogrande.rs.gov.br\/smed\/wp-content\/uploads\/2021\/07\/20210726-ped-julho-image1.jpg' rel=\"lightbox[40784]\"><img loading=\"lazy\" decoding=\"async\" width=\"150\" height=\"150\" src=\"https:\/\/www.riogrande.rs.gov.br\/smed\/wp-content\/uploads\/2021\/07\/20210726-ped-julho-image1-150x150.jpg\" class=\"attachment-thumbnail size-thumbnail\" alt=\"\" aria-describedby=\"gallery-1-40758\" \/><\/a>\n\t\t\t<\/dt>\n\t\t\t\t<dd class='wp-caption-text gallery-caption' id='gallery-1-40758'>\n\t\t\t\tDivulga\u00e7\u00e3o\n\t\t\t\t<\/dd><\/dl><br style=\"clear: both\" \/>\n\t\t<\/div>\n\n<p style=\"text-align: justify;\"><span style=\"font-weight: 400;\">No dia 25 de julho, comemora-se o \u201cDia Nacional de Tereza de Benguela\u201d e o \u201cDia Internacional da Mulher Negra Latinoamericana e Caribenha\u201d. Trata-se de uma data na qual h\u00e1 muito a celebrar, mas, tamb\u00e9m, a lembrar que a luta por igualdade e valoriza\u00e7\u00e3o continua. Sobretudo sobram motivos e mulheres para serem homenageadas, por suas trajet\u00f3rias, por suas exist\u00eancias e resist\u00eancias.\u00a0<\/span><\/p>\n<p style=\"text-align: justify;\"><span style=\"font-weight: 400;\">Cada uma delas \u00e9 s\u00edmbolo e caminho para que, cada vez mais, as jovens negras se orgulhem de ser quem s\u00e3o, e tenham portas abertas, ou possam, elas mesmas, abrir essas portas para realizar seus sonhos, sejam eles quais forem, em busca de uma sociedade mais justa, diversa, colorida, evolu\u00edda e \u00e9tica.<\/span><\/p>\n<p style=\"text-align: justify;\"><span style=\"font-weight: 400;\">Nesta data especial, pode-se elencar uma mulher negra muito especial da cidade do Rio Grande, a Prof.\u00aa Carmen Regina Madruga de Souza (in memoriam), que formou-se no Curso de Magist\u00e9rio do I.E.E. Juvenal Miller e graduou-se no Curso de Letras, na FURG. Foi docente da rede municipal e estadual,\u00a0e escritora premiada e reconhecida regionalmente. Sempre lutando pela igualdade, foi fundadora do Movimento de Consci\u00eancia Negra da cidade de Rio Grande, em 1988, trabalho social que estimulou a autoestima e lazer de jovens em situa\u00e7\u00e3o de vulnerabilidade nas periferias.\u00a0<\/span><\/p>\n<p style=\"text-align: justify;\"><span style=\"font-weight: 400;\">A Prof.\u00aa Carmen Regina sempre esteve presente tamb\u00e9m em outros movimentos sociais, inclusive na coordena\u00e7\u00e3o do FCD\u00a0 \u2013 Fraternidade Crist\u00e3 de Deficientes \u2013 n\u00facleo de Rio Grande\/RS. Portadora de esclerose m\u00faltipla, Carmen, com uma cria\u00e7\u00e3o baseada na f\u00e9 e na espiritualidade, n\u00e3o cedeu \u00e0s suas limita\u00e7\u00f5es f\u00edsicas e fez de sua vida um exemplo de supera\u00e7\u00e3o e acolhimento. Dedicou-se aos estudos das mais variadas religi\u00f5es e filosofias e, em 2007, fundou o GEO \u2013 Grupo Ecum\u00eanico de Ora\u00e7\u00e3o Colar de P\u00e9rolas e Diamantes.\u00a0<\/span><\/p>\n<p style=\"text-align: justify;\"><span style=\"font-weight: 400;\">A met\u00e1fora do colar ocorre pelo c\u00edrculo formado pelas pessoas nesse processo: p\u00e9rolas (mulheres) e diamantes (homens), volunt\u00e1rios prontos a contribuir com suas habilidades aos mais diversos necessitados. Muitas campanhas beneficentes s\u00e3o realizadas por esse grupo desde sua funda\u00e7\u00e3o at\u00e9 hoje. Carmen faleceu no dia 16 de janeiro de 2021, v\u00edtima de complica\u00e7\u00f5es pela Covid-19.\u00a0 Seu grupo e familiares prometem seguir com seu trabalho, compreendendo que esse sonho n\u00e3o pode acabar nem mesmo em tempos dif\u00edceis, pois sua base \u00e9 o amor.<\/span><\/p>\n<p style=\"text-align: justify;\"><span style=\"font-weight: 400;\">Aos familiares da Prof.\u00aa Carmen Regina, nossa solidariedade por sua perda irrepar\u00e1vel, e nossa gratid\u00e3o pelo fornecimento de seu lindo hist\u00f3rico para que pud\u00e9ssemos prestar esta singela homenagem.<\/span><\/p>\n<p style=\"text-align: right;\"><em>SMEd<\/em><br \/>\n<em>Roberton Reis<\/em><br \/>\n<em>Com informa\u00e7\u00f5es do N\u00facleo de Temas Transversais \u2013 NTT<\/em><\/p>\n","protected":false},"excerpt":{"rendered":"<p>Publicada 29\/07\/2021 Julho da Mulher Negra \u2013 Vozes de Tereza O N\u00facleo de Temas Transversais da Secretaria de Munic\u00edpio da Educa\u00e7\u00e3o do Rio Grande (SMEd) prop\u00f4s \u00e0s escolas da rede p\u00fablica municipal de ensino uma atividade pedag\u00f3gica intitulada \u201cJulho da Mulher Negra &#8211; Vozes de Tereza\u201d, em alus\u00e3o ao \u201cDia Nacional de Tereza de Benguela\u201d [&hellip;]<\/p>\n","protected":false},"author":7,"featured_media":0,"parent":39852,"menu_order":6,"comment_status":"closed","ping_status":"closed","template":"","meta":{"footnotes":""},"class_list":["post-40784","page","type-page","status-publish","hentry"],"_links":{"self":[{"href":"https:\/\/www.riogrande.rs.gov.br\/smed\/index.php?rest_route=\/wp\/v2\/pages\/40784"}],"collection":[{"href":"https:\/\/www.riogrande.rs.gov.br\/smed\/index.php?rest_route=\/wp\/v2\/pages"}],"about":[{"href":"https:\/\/www.riogrande.rs.gov.br\/smed\/index.php?rest_route=\/wp\/v2\/types\/page"}],"author":[{"embeddable":true,"href":"https:\/\/www.riogrande.rs.gov.br\/smed\/index.php?rest_route=\/wp\/v2\/users\/7"}],"replies":[{"embeddable":true,"href":"https:\/\/www.riogrande.rs.gov.br\/smed\/index.php?rest_route=%2Fwp%2Fv2%2Fcomments&post=40784"}],"version-history":[{"count":1,"href":"https:\/\/www.riogrande.rs.gov.br\/smed\/index.php?rest_route=\/wp\/v2\/pages\/40784\/revisions"}],"predecessor-version":[{"id":40785,"href":"https:\/\/www.riogrande.rs.gov.br\/smed\/index.php?rest_route=\/wp\/v2\/pages\/40784\/revisions\/40785"}],"up":[{"embeddable":true,"href":"https:\/\/www.riogrande.rs.gov.br\/smed\/index.php?rest_route=\/wp\/v2\/pages\/39852"}],"wp:attachment":[{"href":"https:\/\/www.riogrande.rs.gov.br\/smed\/index.php?rest_route=%2Fwp%2Fv2%2Fmedia&parent=40784"}],"curies":[{"name":"wp","href":"https:\/\/api.w.org\/{rel}","templated":true}]}}