{"id":40720,"date":"2021-07-15T18:32:35","date_gmt":"2021-07-15T21:32:35","guid":{"rendered":"https:\/\/www.riogrande.rs.gov.br\/smed\/?page_id=40720"},"modified":"2021-07-16T17:50:48","modified_gmt":"2021-07-16T20:50:48","slug":"cles","status":"publish","type":"page","link":"https:\/\/www.riogrande.rs.gov.br\/smed\/?page_id=40720","title":{"rendered":"CLEs"},"content":{"rendered":"<p>Publicada 16\/07\/2021<\/p>\n<h2>Cursos de L\u00ednguas Estrangeiras oferecidos pelo CLEs\/SMEd recebem 344 inscri\u00e7\u00f5es<\/h2>\n<p style=\"text-align: justify;\">No m\u00eas de junho, o Centro de L\u00ednguas Estrangeiras (CLEs) da Secretaria de Munic\u00edpio da Educa\u00e7\u00e3o do Rio Grande (SMEd) abriu o per\u00edodo de inscri\u00e7\u00f5es para os Cursos de Ingl\u00eas e Espanhol a estudantes, prioritariamente, da rede p\u00fablica municipal de ensino, os quais tivessem interesse em cursar uma l\u00edngua estrangeira.<\/p>\n<p style=\"text-align: justify;\">Findo o per\u00edodo de inscri\u00e7\u00f5es, o CLEs divulgou, atrav\u00e9s do site da SMEd (<a href=\"http:\/\/www.riogrande.rs.gov.br\/smed\" target=\"_blank\" rel=\"noopener\"><strong>www.riogrande.rs.gov.br\/smed<\/strong><\/a>), a lista com o nome dos selecionados para os Cursos de <a href=\"https:\/\/www.riogrande.rs.gov.br\/smed\/wp-content\/uploads\/2021\/07\/20210706-listagem_espanhol_modulo1.pdf\" target=\"_blank\" rel=\"noopener\"><b>Espanhol<\/b><\/a>, cujas as aulas iniciaram no dia 07 de julho; e de <a href=\"https:\/\/www.riogrande.rs.gov.br\/smed\/wp-content\/uploads\/2021\/07\/20210715-cles_turmas_ingles_modulo1.pdf\" target=\"_blank\" rel=\"noopener\"><b>Ingl\u00eas<\/b><\/a>, com turmas que iniciar\u00e3o suas atividades no dia 19 de julho, e uma turma que iniciar\u00e1 no dia 30 de agosto.<\/p>\n<p style=\"text-align: justify;\">De acordo com a coordena\u00e7\u00e3o do CLEs, \u201c<b>\u00e9 necess\u00e1rio que todos os respons\u00e1veis e estudantes fiquem atentos \u00e0 organiza\u00e7\u00e3o das turmas, bem como aos dias e hor\u00e1rios das aulas s\u00edncronas e ass\u00edncronas. A sistematiza\u00e7\u00e3o das turmas pode ser conferida nas listagens dos selecionados<\/b>\u201d.<\/p>\n<p style=\"text-align: justify;\">Neste ano de 2021, a sele\u00e7\u00e3o dos estudantes foi realizada em um novo formato: atrav\u00e9s do preenchimento da \u201cFicha de Inten\u00e7\u00e3o de Matr\u00edcula\u201d, utilizando-se o Formul\u00e1rios Google. Esse formul\u00e1rio foi encaminhado \u00e0s escolas da rede municipal e amplamente divulgado no site da SMEd e nas redes sociais. Assim, a procura pelas vagas para os Cursos ofertados foi muito intensa e, dessa forma, foi necess\u00e1rio aumentar a oferta para o Ingl\u00eas, ampliando as turmas do M\u00f3dulo 1.<\/p>\n<p style=\"text-align: justify;\">Ao todo, foram 344 estudantes inscritos para os Cursos de Ingl\u00eas e Espanhol. A coordena\u00e7\u00e3o do CLEs organizou seis turmas de L\u00edngua Inglesa, distribu\u00eddas nos turnos da tarde (prioritariamente) e da noite, e uma turma de L\u00edngua Espanhola, no turno da tarde.<\/p>\n<p style=\"text-align: justify;\">\u201c<b>Devido \u00e0 peculiaridade do per\u00edodo em que estamos vivendo, as aulas est\u00e3o sob uma nova configura\u00e7\u00e3o, no modelo h\u00edbrido, acontecendo, semanalmente, conforme disposto no Edital, em forma n\u00e3o presencial e presencial, quando os protocolos sanit\u00e1rios assim permitirem, sob a forma escalonada dos alunos<\/b>\u201d, explicou a coordena\u00e7\u00e3o do Centro.<\/p>\n<p style=\"text-align: justify;\">\u201c<b>Estamos com muitas expectativas positivas, pois, num ano at\u00edpico, ter esse elevado \u00edndice de procura por uma vaga para cursar uma L\u00edngua Estrangeira, al\u00e9m de nos trazer uma enorme satisfa\u00e7\u00e3o, faz com que continuemos acreditando que a educa\u00e7\u00e3o ainda \u00e9 o caminho poss\u00edvel!<\/b>\u201d, finalizou a coordena\u00e7\u00e3o do Centro de L\u00ednguas Estrangeiras da SMEd.<\/p>\n<p style=\"text-align: right;\"><em>SMEd<\/em><br \/>\n<em>Roberton Reis<\/em><\/p>\n<hr \/>\n<p>Publicada 15\/07\/2021<\/p>\n<h2>SMEd divulga lista de estudantes selecionados para Curso de Ingl\u00eas do CLEs<\/h2>\n\n\t\t<style type=\"text\/css\">\n\t\t\t#gallery-1 {\n\t\t\t\tmargin: auto;\n\t\t\t}\n\t\t\t#gallery-1 .gallery-item {\n\t\t\t\tfloat: left;\n\t\t\t\tmargin-top: 10px;\n\t\t\t\ttext-align: center;\n\t\t\t\twidth: 50%;\n\t\t\t}\n\t\t\t#gallery-1 img {\n\t\t\t\tborder: 2px solid #cfcfcf;\n\t\t\t}\n\t\t\t#gallery-1 .gallery-caption {\n\t\t\t\tmargin-left: 0;\n\t\t\t}\n\t\t\t\/* see gallery_shortcode() in wp-includes\/media.php *\/\n\t\t<\/style>\n\t\t<div id='gallery-1' class='gallery galleryid-40720 gallery-columns-2 gallery-size-thumbnail'><dl class='gallery-item'>\n\t\t\t<dt class='gallery-icon portrait'>\n\t\t\t\t<a href='https:\/\/www.riogrande.rs.gov.br\/smed\/wp-content\/uploads\/2021\/07\/20210715-cles-image1.jpg' rel=\"lightbox[40720]\"><img loading=\"lazy\" decoding=\"async\" width=\"150\" height=\"150\" src=\"https:\/\/www.riogrande.rs.gov.br\/smed\/wp-content\/uploads\/2021\/07\/20210715-cles-image1-150x150.jpg\" class=\"attachment-thumbnail size-thumbnail\" alt=\"\" aria-describedby=\"gallery-1-40716\" \/><\/a>\n\t\t\t<\/dt>\n\t\t\t\t<dd class='wp-caption-text gallery-caption' id='gallery-1-40716'>\n\t\t\t\tCLES\n\t\t\t\t<\/dd><\/dl><dl class='gallery-item'>\n\t\t\t<dt class='gallery-icon portrait'>\n\t\t\t\t<a href='https:\/\/www.riogrande.rs.gov.br\/smed\/wp-content\/uploads\/2021\/07\/20210715-cles-image2.jpg' rel=\"lightbox[40720]\"><img loading=\"lazy\" decoding=\"async\" width=\"150\" height=\"150\" src=\"https:\/\/www.riogrande.rs.gov.br\/smed\/wp-content\/uploads\/2021\/07\/20210715-cles-image2-150x150.jpg\" class=\"attachment-thumbnail size-thumbnail\" alt=\"\" aria-describedby=\"gallery-1-40717\" \/><\/a>\n\t\t\t<\/dt>\n\t\t\t\t<dd class='wp-caption-text gallery-caption' id='gallery-1-40717'>\n\t\t\t\tCLES\n\t\t\t\t<\/dd><\/dl><br style=\"clear: both\" \/>\n\t\t<\/div>\n\n<p style=\"text-align: justify;\">O Centro de L\u00ednguas Estrangeiras (CLEs) da Secretaria de Munic\u00edpio da Educa\u00e7\u00e3o do Rio Grande (SMEd) divulga \u00e0 comunidade rio-grandina a listagem dos estudantes selecionados para o Curso de Ingl\u00eas, M\u00f3dulo 1.<\/p>\n<p style=\"text-align: justify;\">Os estudantes selecionados podem obter informa\u00e7\u00f5es sobre a data de in\u00edcio das aulas, bem como dos dias e hor\u00e1rios de suas aulas, na pr\u00f3pria listagem, de acordo com a sua turma. Para ter acesso \u00e0 listagem, acesse <a href=\"https:\/\/www.riogrande.rs.gov.br\/smed\/wp-content\/uploads\/2021\/07\/20210715-cles_turmas_ingles_modulo1.pdf\" target=\"_blank\" rel=\"noopener\"><b>aqui<\/b><\/a>.<\/p>\n<p style=\"text-align: right;\"><em>SMEd<\/em><br \/>\n<em>Roberton Reis<\/em><\/p>\n<hr \/>\n<p>Publicada 06\/07\/2021<\/p>\n<h2>SMEd divulga lista de estudantes selecionados para Curso de Espanhol do CLES<\/h2>\n<p>O Centro de L\u00ednguas Estrangeiras (CLEs) da Secretaria de Munic\u00edpio da Educa\u00e7\u00e3o do Rio Grande (SMEd) divulga \u00e0 comunidade rio-grandina a listagem dos estudantes selecionados para o Curso de Espanhol, M\u00f3dulo 1. Conforme previsto no <a href=\"https:\/\/www.riogrande.rs.gov.br\/smed\/wp-content\/uploads\/2021\/06\/20210617-anexo_706_edital_cles.pdf\" target=\"_blank\" rel=\"noopener\"><b>Edital<\/b><\/a>, as aulas iniciam nesta quarta-feira, dia 07 de julho.<\/p>\n<p>Para ter acesso \u00e0 listagem, acesse <a href=\"https:\/\/www.riogrande.rs.gov.br\/smed\/wp-content\/uploads\/2021\/07\/20210706-listagem_espanhol_modulo1.pdf\" target=\"_blank\" rel=\"noopener\"><b>aqui<\/b><\/a>. As aulas para a Turma de Espanhol, M\u00f3dulo 1, acontecer\u00e3o sempre \u00e0s quartas-feiras, \u00e0s 17h, atrav\u00e9s do link: <strong><a href=\"https:\/\/meet.google.com\/yge-xhkt-qma\" target=\"_blank\" rel=\"noopener\">https:\/\/meet.google.com\/yge-xhkt-qma<\/a><\/strong><\/p>\n<p style=\"text-align: right;\"><em>SMEd<\/em><br \/>\n<em>Roberton Reis<\/em><\/p>\n","protected":false},"excerpt":{"rendered":"<p>Publicada 16\/07\/2021 Cursos de L\u00ednguas Estrangeiras oferecidos pelo CLEs\/SMEd recebem 344 inscri\u00e7\u00f5es No m\u00eas de junho, o Centro de L\u00ednguas Estrangeiras (CLEs) da Secretaria de Munic\u00edpio da Educa\u00e7\u00e3o do Rio Grande (SMEd) abriu o per\u00edodo de inscri\u00e7\u00f5es para os Cursos de Ingl\u00eas e Espanhol a estudantes, prioritariamente, da rede p\u00fablica municipal de ensino, os quais [&hellip;]<\/p>\n","protected":false},"author":7,"featured_media":0,"parent":39852,"menu_order":2,"comment_status":"closed","ping_status":"closed","template":"","meta":{"footnotes":""},"class_list":["post-40720","page","type-page","status-publish","hentry"],"_links":{"self":[{"href":"https:\/\/www.riogrande.rs.gov.br\/smed\/index.php?rest_route=\/wp\/v2\/pages\/40720"}],"collection":[{"href":"https:\/\/www.riogrande.rs.gov.br\/smed\/index.php?rest_route=\/wp\/v2\/pages"}],"about":[{"href":"https:\/\/www.riogrande.rs.gov.br\/smed\/index.php?rest_route=\/wp\/v2\/types\/page"}],"author":[{"embeddable":true,"href":"https:\/\/www.riogrande.rs.gov.br\/smed\/index.php?rest_route=\/wp\/v2\/users\/7"}],"replies":[{"embeddable":true,"href":"https:\/\/www.riogrande.rs.gov.br\/smed\/index.php?rest_route=%2Fwp%2Fv2%2Fcomments&post=40720"}],"version-history":[{"count":4,"href":"https:\/\/www.riogrande.rs.gov.br\/smed\/index.php?rest_route=\/wp\/v2\/pages\/40720\/revisions"}],"predecessor-version":[{"id":40729,"href":"https:\/\/www.riogrande.rs.gov.br\/smed\/index.php?rest_route=\/wp\/v2\/pages\/40720\/revisions\/40729"}],"up":[{"embeddable":true,"href":"https:\/\/www.riogrande.rs.gov.br\/smed\/index.php?rest_route=\/wp\/v2\/pages\/39852"}],"wp:attachment":[{"href":"https:\/\/www.riogrande.rs.gov.br\/smed\/index.php?rest_route=%2Fwp%2Fv2%2Fmedia&parent=40720"}],"curies":[{"name":"wp","href":"https:\/\/api.w.org\/{rel}","templated":true}]}}