{"id":4057,"date":"2012-05-14T16:12:40","date_gmt":"2012-05-14T19:12:40","guid":{"rendered":"http:\/\/www.riogrande.rs.gov.br\/smec\/?page_id=4057"},"modified":"2020-03-23T14:29:52","modified_gmt":"2020-03-23T17:29:52","slug":"arl","status":"publish","type":"page","link":"https:\/\/www.riogrande.rs.gov.br\/smed\/?page_id=4057","title":{"rendered":"ARL"},"content":{"rendered":"<h1 dir=\"ltr\" style=\"text-align: center;\"><\/h1>\n<h1 dir=\"ltr\" style=\"text-align: center;\"><a href=\"http:\/\/www.riogrande.rs.gov.br\/smed\/wp-content\/uploads\/2012\/05\/201205-brasao_arl.jpg\" rel=\"lightbox[4057]\"><img loading=\"lazy\" decoding=\"async\" class=\"aligncenter size-medium wp-image-4125\" src=\"http:\/\/www.riogrande.rs.gov.br\/smed\/wp-content\/uploads\/2012\/05\/201205-brasao_arl-485x445.jpg\" alt=\"\" width=\"485\" height=\"445\" srcset=\"https:\/\/www.riogrande.rs.gov.br\/smed\/wp-content\/uploads\/2012\/05\/201205-brasao_arl-485x445.jpg 485w, https:\/\/www.riogrande.rs.gov.br\/smed\/wp-content\/uploads\/2012\/05\/201205-brasao_arl-225x207.jpg 225w, https:\/\/www.riogrande.rs.gov.br\/smed\/wp-content\/uploads\/2012\/05\/201205-brasao_arl.jpg 752w\" sizes=\"(max-width: 485px) 100vw, 485px\" \/><\/a><\/h1>\n<h1 dir=\"ltr\" style=\"text-align: center;\">Academia Rio-Grandina de Letras<\/h1>\n<p dir=\"ltr\" style=\"text-align: center;\">Fundada em 14\/03\/1981 \u2013 Dia Nacional da Poesia<\/p>\n<p dir=\"ltr\" style=\"text-align: center;\">Utilidade P\u00fablica pela Lei Municipal n\u00ba 3.922<\/p>\n<p dir=\"ltr\" style=\"text-align: center;\">CNPJ 90545419\/00011<\/p>\n<p dir=\"ltr\" style=\"text-align: center;\">Filiada \u00e0 Federa\u00e7\u00e3o das Academias de Letras do Brasil<\/p>\n<p dir=\"ltr\" style=\"text-align: center;\">\u201cscripta manent\u201d<\/p>\n<p>&nbsp;<\/p>\n<h1 dir=\"ltr\">ORIGEM &#8211; O QUE \u00c9 E O QUE FAZ<\/h1>\n<p dir=\"ltr\" style=\"text-align: justify;\">A Academia Rio-Grandina de Letras foi fundada em 14\/03\/1981, por idealistas entusiastas na \u00e1rea da cultura, em reuni\u00e3o realizada na sede da Biblioteca Rio-Grandense, para t\u00e3o nobre objetivo. Empossada sua 1\u00aa Diretoria, firmado os moldes acad\u00eamicos atrav\u00e9s do Estatuto e Regimento Interno, designados os Patronos, vencidas as naturais dificuldades de um grupo em forma\u00e7\u00e3o, partiu a Entidade para seu caminho glorioso, ininterrupto, percorrido at\u00e9 ent\u00e3o. Esta trajet\u00f3ria de trinta anos, crescente na literatura citadina, sua propaga\u00e7\u00e3o, incentivo, abertura junto \u00e0 comunidade atrav\u00e9s das sucessivas Diretorias e corpo acad\u00eamico, coloca a Academia em um patamar condizente \u00e0s pr\u00f3prias finalidades.<\/p>\n<p dir=\"ltr\" style=\"text-align: justify;\">Sem quaisquer outros recursos, al\u00e9m das anuidades de seus quadros sociais (membros efetivos e correspondentes), a Academia mant\u00e9m o pr\u00f3prio expediente de atua\u00e7\u00e3o. S\u00e3o realizadas mensalmente duas sess\u00f5es, abertas inclusive a visitantes, ambas divididas em partes liter\u00e1ria e administrativa. As sess\u00f5es solenes ocorrem por ocasi\u00e3o das posses de novos acad\u00eamicos, e por comemora\u00e7\u00f5es de efem\u00e9rides. Sem possuir sede pr\u00f3pria, a Academia vem desenvolvendo suas atividades no Centro Municipal de Cultura, \u00e0 rua Marechal Floriano Peixoto, n\u00ba 91, sala 1.<\/p>\n<p>S\u00d3CIOS HONOR\u00c1RIOS DA ACADEMIA<\/p>\n<p>Prof. Eli\u00e9zer de Carvalho Rios e o Diretor-Presidente do Jornal Agora, Germano Toralles Leite.<\/p>\n<h1 dir=\"ltr\">OS ACAD\u00caMICOS E SEUS PATRONOS<\/h1>\n<p><a href=\"http:\/\/www.riogrande.rs.gov.br\/smec\/?page_id=4256\" target=\"_blank\" rel=\"noopener noreferrer\">A Academia \u00e9 composta de quarenta cadeiras, tendo cada uma seu Patrono. Atualmente est\u00e3o preenchidas trinta e cinco cadeiras. <\/a><\/p>\n<h1 dir=\"ltr\">MEMBROS CORRESPONDENTES<\/h1>\n<p dir=\"ltr\" style=\"text-align: justify;\">A Academia mant\u00e9m um quadro especial de participantes, denominados <a href=\"http:\/\/www.riogrande.rs.gov.br\/smec\/?page_id=4258\" target=\"_blank\" rel=\"noopener noreferrer\">Membros Correspondentes<\/a>. S\u00e3o Poetas, poetisas, escritores e escritoras de v\u00e1rias cidades brasileiras, bem como de v\u00e1rios pa\u00edses. Desse modo, ocorre em n\u00edvel nacional e internacional o interc\u00e2mbio liter\u00e1rio e a participa\u00e7\u00e3o dos Correspondentes com publica\u00e7\u00f5es de seus textos na p\u00e1gina semanal da Academia no citadino Jornal Agora.<\/p>\n<p>&nbsp;<\/p>\n<h1 dir=\"ltr\">ATIVIDADES LITER\u00c1RIAS<\/h1>\n<p><strong>ANTOLOGIAS<\/strong><\/p>\n<p>&nbsp;<\/p>\n<p dir=\"ltr\" style=\"text-align: justify;\">A Academia j\u00e1 editou seis Antologias, nas quais encontram-se as produ\u00e7\u00f5es liter\u00e1rias dos Acad\u00eamicos.<\/p>\n\n\t\t<style type=\"text\/css\">\n\t\t\t#gallery-1 {\n\t\t\t\tmargin: auto;\n\t\t\t}\n\t\t\t#gallery-1 .gallery-item {\n\t\t\t\tfloat: left;\n\t\t\t\tmargin-top: 10px;\n\t\t\t\ttext-align: center;\n\t\t\t\twidth: 50%;\n\t\t\t}\n\t\t\t#gallery-1 img {\n\t\t\t\tborder: 2px solid #cfcfcf;\n\t\t\t}\n\t\t\t#gallery-1 .gallery-caption {\n\t\t\t\tmargin-left: 0;\n\t\t\t}\n\t\t\t\/* see gallery_shortcode() in wp-includes\/media.php *\/\n\t\t<\/style>\n\t\t<div id='gallery-1' class='gallery galleryid-4057 gallery-columns-2 gallery-size-thumbnail'><dl class='gallery-item'>\n\t\t\t<dt class='gallery-icon portrait'>\n\t\t\t\t<a href='https:\/\/www.riogrande.rs.gov.br\/smed\/wp-content\/uploads\/2012\/05\/201205-arl_livro1.jpg' rel=\"lightbox[4057]\"><img loading=\"lazy\" decoding=\"async\" width=\"150\" height=\"150\" src=\"https:\/\/www.riogrande.rs.gov.br\/smed\/wp-content\/uploads\/2012\/05\/201205-arl_livro1-150x150.jpg\" class=\"attachment-thumbnail size-thumbnail\" alt=\"\" \/><\/a>\n\t\t\t<\/dt><\/dl><dl class='gallery-item'>\n\t\t\t<dt class='gallery-icon portrait'>\n\t\t\t\t<a href='https:\/\/www.riogrande.rs.gov.br\/smed\/wp-content\/uploads\/2012\/05\/201205-arl_livro2.jpg' rel=\"lightbox[4057]\"><img loading=\"lazy\" decoding=\"async\" width=\"150\" height=\"150\" src=\"https:\/\/www.riogrande.rs.gov.br\/smed\/wp-content\/uploads\/2012\/05\/201205-arl_livro2-150x150.jpg\" class=\"attachment-thumbnail size-thumbnail\" alt=\"\" \/><\/a>\n\t\t\t<\/dt><\/dl><br style=\"clear: both\" \/><dl class='gallery-item'>\n\t\t\t<dt class='gallery-icon portrait'>\n\t\t\t\t<a href='https:\/\/www.riogrande.rs.gov.br\/smed\/wp-content\/uploads\/2012\/05\/201205-arl_livro3.jpg' rel=\"lightbox[4057]\"><img loading=\"lazy\" decoding=\"async\" width=\"150\" height=\"150\" src=\"https:\/\/www.riogrande.rs.gov.br\/smed\/wp-content\/uploads\/2012\/05\/201205-arl_livro3-150x150.jpg\" class=\"attachment-thumbnail size-thumbnail\" alt=\"\" \/><\/a>\n\t\t\t<\/dt><\/dl><dl class='gallery-item'>\n\t\t\t<dt class='gallery-icon portrait'>\n\t\t\t\t<a href='https:\/\/www.riogrande.rs.gov.br\/smed\/wp-content\/uploads\/2012\/05\/201205-arl_livro4.jpg' rel=\"lightbox[4057]\"><img loading=\"lazy\" decoding=\"async\" width=\"150\" height=\"150\" src=\"https:\/\/www.riogrande.rs.gov.br\/smed\/wp-content\/uploads\/2012\/05\/201205-arl_livro4-150x150.jpg\" class=\"attachment-thumbnail size-thumbnail\" alt=\"\" \/><\/a>\n\t\t\t<\/dt><\/dl><br style=\"clear: both\" \/><dl class='gallery-item'>\n\t\t\t<dt class='gallery-icon portrait'>\n\t\t\t\t<a href='https:\/\/www.riogrande.rs.gov.br\/smed\/wp-content\/uploads\/2012\/05\/201205-arl_livro5.jpg' rel=\"lightbox[4057]\"><img loading=\"lazy\" decoding=\"async\" width=\"150\" height=\"150\" src=\"https:\/\/www.riogrande.rs.gov.br\/smed\/wp-content\/uploads\/2012\/05\/201205-arl_livro5-150x150.jpg\" class=\"attachment-thumbnail size-thumbnail\" alt=\"\" \/><\/a>\n\t\t\t<\/dt><\/dl><dl class='gallery-item'>\n\t\t\t<dt class='gallery-icon portrait'>\n\t\t\t\t<a href='https:\/\/www.riogrande.rs.gov.br\/smed\/wp-content\/uploads\/2012\/05\/201205-arl_livro61.jpg' rel=\"lightbox[4057]\"><img loading=\"lazy\" decoding=\"async\" width=\"150\" height=\"150\" src=\"https:\/\/www.riogrande.rs.gov.br\/smed\/wp-content\/uploads\/2012\/05\/201205-arl_livro61-150x150.jpg\" class=\"attachment-thumbnail size-thumbnail\" alt=\"\" \/><\/a>\n\t\t\t<\/dt><\/dl><br style=\"clear: both\" \/>\n\t\t<\/div>\n\n<p>&nbsp;<\/p>\n<h2 style=\"text-align: justify;\">P\u00c1GINA DA ACADEMIA NO JORNAL AGORA<\/h2>\n<p dir=\"ltr\" style=\"text-align: justify;\">Semanalmente, \u00e0s ter\u00e7as-feiras, a Academia encontra-se com o p\u00fablico leitor do Jornal Agora atrav\u00e9s de sua p\u00e1gina publicada no encarte O Peixeiro. J\u00e1 ultrapassam a trezentas publica\u00e7\u00f5es, ao longo de sete anos.<\/p>\n<p>&nbsp;<\/p>\n<h2>ORGANIZA\u00c7\u00c3O DE CONCURSOS<\/h2>\n<p dir=\"ltr\" style=\"text-align: justify;\">A Academia realiza, de dois em dois anos, o Concurso Liter\u00e1rio Castro Alves. O evento, desde sua primeira edi\u00e7\u00e3o, tornou-se internacional, recebendo participantes de pa\u00edses vizinhos, bem como de alguns pa\u00edses europeus. A premia\u00e7\u00e3o ocorre em sarau, que acontece no dia 14 de mar\u00e7o, dia do anivers\u00e1rio da Academia, o qual \u00e9, tamb\u00e9m, o dia nacional da poesia, em homenagem a Castro Alves, por ser sua data natal\u00edcia.<\/p>\n<h2>VISITA \u00c0S ESCOLAS<\/h2>\n<p dir=\"ltr\" style=\"text-align: justify;\">A Academia promove e orienta atividades liter\u00e1rias em Escolas, como na Escola Municipal Coriolano Ben\u00edcio da Vila da Quinta. Os alunos participaram com textos em prosa e verso. Os melhores foram premiados com medalhas em um sarau. O evento fez parte das comemora\u00e7\u00f5es do centen\u00e1rio de nascimento de Coriolano Ben\u00edcio, Patrono da Escola.<\/p>\n<p>&nbsp;<\/p>\n<ul>\n<li>SESS\u00d5ES SOLENES<\/li>\n<\/ul>\n<p dir=\"ltr\">A Academia realiza sess\u00f5es solenes em datas comemorativas.<\/p>\n<ul>\n<li>FEIRA DO LIVRO DA FURG<\/li>\n<\/ul>\n<p dir=\"ltr\" style=\"text-align: justify;\">Na Feira do Livro da Universidade Federal do Rio Grande, FURG, a Academia faz-se presente num estande permanente e mant\u00e9m o concurso liter\u00e1rio \u201cSua Poesia Vai \u00e0 Feira\u201d, que j\u00e1 est\u00e1 em sua oitava edi\u00e7\u00e3o. Ser\u00e1 produzida uma antologia dos textos participantes da 39\u00aa Feira e os vencedores do concurso receber\u00e3o dez exemplares como pr\u00eamio.<\/p>\n","protected":false},"excerpt":{"rendered":"<p>Academia Rio-Grandina de Letras Fundada em 14\/03\/1981 \u2013 Dia Nacional da Poesia Utilidade P\u00fablica pela Lei Municipal n\u00ba 3.922 CNPJ 90545419\/00011 Filiada \u00e0 Federa\u00e7\u00e3o das Academias de Letras do Brasil \u201cscripta manent\u201d &nbsp; ORIGEM &#8211; O QUE \u00c9 E O QUE FAZ A Academia Rio-Grandina de Letras foi fundada em 14\/03\/1981, por idealistas entusiastas na [&hellip;]<\/p>\n","protected":false},"author":7,"featured_media":0,"parent":250,"menu_order":50,"comment_status":"closed","ping_status":"open","template":"","meta":{"footnotes":""},"class_list":["post-4057","page","type-page","status-publish","hentry"],"_links":{"self":[{"href":"https:\/\/www.riogrande.rs.gov.br\/smed\/index.php?rest_route=\/wp\/v2\/pages\/4057"}],"collection":[{"href":"https:\/\/www.riogrande.rs.gov.br\/smed\/index.php?rest_route=\/wp\/v2\/pages"}],"about":[{"href":"https:\/\/www.riogrande.rs.gov.br\/smed\/index.php?rest_route=\/wp\/v2\/types\/page"}],"author":[{"embeddable":true,"href":"https:\/\/www.riogrande.rs.gov.br\/smed\/index.php?rest_route=\/wp\/v2\/users\/7"}],"replies":[{"embeddable":true,"href":"https:\/\/www.riogrande.rs.gov.br\/smed\/index.php?rest_route=%2Fwp%2Fv2%2Fcomments&post=4057"}],"version-history":[{"count":61,"href":"https:\/\/www.riogrande.rs.gov.br\/smed\/index.php?rest_route=\/wp\/v2\/pages\/4057\/revisions"}],"predecessor-version":[{"id":38826,"href":"https:\/\/www.riogrande.rs.gov.br\/smed\/index.php?rest_route=\/wp\/v2\/pages\/4057\/revisions\/38826"}],"up":[{"embeddable":true,"href":"https:\/\/www.riogrande.rs.gov.br\/smed\/index.php?rest_route=\/wp\/v2\/pages\/250"}],"wp:attachment":[{"href":"https:\/\/www.riogrande.rs.gov.br\/smed\/index.php?rest_route=%2Fwp%2Fv2%2Fmedia&parent=4057"}],"curies":[{"name":"wp","href":"https:\/\/api.w.org\/{rel}","templated":true}]}}