{"id":4042,"date":"2012-05-13T23:25:00","date_gmt":"2012-05-14T02:25:00","guid":{"rendered":"http:\/\/www.riogrande.rs.gov.br\/smec\/?page_id=4042"},"modified":"2015-03-27T16:18:08","modified_gmt":"2015-03-27T19:18:08","slug":"poesia-de-rosangela-da-silva-pereira","status":"publish","type":"page","link":"https:\/\/www.riogrande.rs.gov.br\/smed\/?page_id=4042","title":{"rendered":"Poesia de Ros\u00e2ngela da Silva Pereira"},"content":{"rendered":"<pre>M\u00c3E\u00a0\r\n\r\n\"Mulher Coragem\"\u00a0\u00a0\u00a0\u00a0\u00a0\u00a0\u00a0\u00a0\u00a0\u00a0\u00a0\u00a0\u00a0\u00a0\u00a0\u00a0\u00a0\u00a0\u00a0\r\nHoje de cora\u00e7\u00e3o\r\nTe fa\u00e7o uma homenagem\r\n\r\nM\u00c3E\r\n\r\nTeu olhar\r\nme ilumina.\r\nTeu sorriso\r\nme alegra.\r\nTeu abra\u00e7o\r\nme esquenta.\r\n\r\nM\u00c3E,\r\n\r\nDas flores, \u00e9s a rosa.\r\nDos textos, \u00e9s poesia.\r\nNa Terra tens muitos nomes\r\nNo c\u00e9u , \u00e9s Maria!\r\n\r\nM\u00c3E,\r\n\r\nTeu ventre foi meu casulo.\r\nTeu peito meu alimento.\r\nDe ti recebo amor puro.\r\nAmar-te \u00e9 meu passatempo.\r\n\r\n\u00a0\u00a0\u00a0\u00a0\u00a0\u00a0\u00a0\u00a0\u00a0\u00a0\u00a0\u00a0\u00a0\u00a0\u00a0\u00a0\u00a0\u00a0\u00a0\u00a0\u00a0\u00a0\u00a0\u00a0\u00a0 Ros\u00e2ngela<\/pre>\n<pre><\/pre>\n<p><em>A Professora Ros\u00e2ngela da Silva Pereira trabalha nas EMEF Anselmo Dias Lopes e EMEF Helena Small.<\/em><\/p>\n","protected":false},"excerpt":{"rendered":"<p>M\u00c3E\u00a0 &#8220;Mulher Coragem&#8221;\u00a0\u00a0\u00a0\u00a0\u00a0\u00a0\u00a0\u00a0\u00a0\u00a0\u00a0\u00a0\u00a0\u00a0\u00a0\u00a0\u00a0\u00a0\u00a0 Hoje de cora\u00e7\u00e3o Te fa\u00e7o uma homenagem M\u00c3E Teu olhar me ilumina. Teu sorriso me alegra. Teu abra\u00e7o me esquenta. M\u00c3E, Das flores, \u00e9s a rosa. Dos textos, \u00e9s poesia. Na Terra tens muitos nomes No c\u00e9u , \u00e9s Maria! M\u00c3E, Teu ventre foi meu casulo. Teu peito meu alimento. De ti [&hellip;]<\/p>\n","protected":false},"author":7,"featured_media":0,"parent":4014,"menu_order":1,"comment_status":"closed","ping_status":"open","template":"","meta":{"footnotes":""},"class_list":["post-4042","page","type-page","status-publish","hentry"],"_links":{"self":[{"href":"https:\/\/www.riogrande.rs.gov.br\/smed\/index.php?rest_route=\/wp\/v2\/pages\/4042"}],"collection":[{"href":"https:\/\/www.riogrande.rs.gov.br\/smed\/index.php?rest_route=\/wp\/v2\/pages"}],"about":[{"href":"https:\/\/www.riogrande.rs.gov.br\/smed\/index.php?rest_route=\/wp\/v2\/types\/page"}],"author":[{"embeddable":true,"href":"https:\/\/www.riogrande.rs.gov.br\/smed\/index.php?rest_route=\/wp\/v2\/users\/7"}],"replies":[{"embeddable":true,"href":"https:\/\/www.riogrande.rs.gov.br\/smed\/index.php?rest_route=%2Fwp%2Fv2%2Fcomments&post=4042"}],"version-history":[{"count":12,"href":"https:\/\/www.riogrande.rs.gov.br\/smed\/index.php?rest_route=\/wp\/v2\/pages\/4042\/revisions"}],"predecessor-version":[{"id":12656,"href":"https:\/\/www.riogrande.rs.gov.br\/smed\/index.php?rest_route=\/wp\/v2\/pages\/4042\/revisions\/12656"}],"up":[{"embeddable":true,"href":"https:\/\/www.riogrande.rs.gov.br\/smed\/index.php?rest_route=\/wp\/v2\/pages\/4014"}],"wp:attachment":[{"href":"https:\/\/www.riogrande.rs.gov.br\/smed\/index.php?rest_route=%2Fwp%2Fv2%2Fmedia&parent=4042"}],"curies":[{"name":"wp","href":"https:\/\/api.w.org\/{rel}","templated":true}]}}