{"id":4014,"date":"2012-05-11T15:13:10","date_gmt":"2012-05-11T18:13:10","guid":{"rendered":"http:\/\/www.riogrande.rs.gov.br\/smec\/?page_id=4014"},"modified":"2015-03-27T16:20:24","modified_gmt":"2015-03-27T19:20:24","slug":"professor-em-prosa-verso","status":"publish","type":"page","link":"https:\/\/www.riogrande.rs.gov.br\/smed\/?page_id=4014","title":{"rendered":"Professor em Prosa &#038; Verso"},"content":{"rendered":"<p dir=\"ltr\" style=\"text-align: justify;\">O ato de escrever, de modo geral, \u00e9 algo relativamente simples e f\u00e1cil. Escrever bem, de forma clara, coesa, criativa e capaz de despertar o interesse do leitor, prendendo a sua aten\u00e7\u00e3o e causando-lhe as mais diversas rea\u00e7\u00f5es (prazer, questionamentos, descontra\u00e7\u00e3o, posicionamento, etc) \u00e9 um dom, \u00e9 uma arte.<\/p>\n<p dir=\"ltr\" style=\"text-align: justify;\">Acreditando que muitos professores da rede municipal de educa\u00e7\u00e3o possuem esse dom, que muitas vezes fica escondido, privando um n\u00famero consider\u00e1vel de leitores de apreciar uma imensa gama de boa literatura, propomos a cria\u00e7\u00e3o de um espa\u00e7o na p\u00e1gina da SMECNAWEB, para que esses professores possam demonstrar suas produ\u00e7\u00f5es textuais.<\/p>\n<p dir=\"ltr\" style=\"text-align: justify;\">O espa\u00e7o ser\u00e1 destinado a textos liter\u00e1rios em prosa ou em verso.<\/p>\n<p dir=\"ltr\" style=\"text-align: justify;\">Abaixo, os textos produzidos por nossos professores.<\/p>\n<p dir=\"ltr\" style=\"text-align: justify;\">Estimados leitores, desfrutem da frui\u00e7\u00e3o liter\u00e1ria!<\/p>\n<ul>\n<li><a href=\"http:\/\/www.riogrande.rs.gov.br\/smed\/?page_id=12654\" target=\"_blank\">Poesias de Lourdes Luciana M. Sampaio<\/a>, 27\/3\/2015.<\/li>\n<li><a href=\"http:\/\/www.riogrande.rs.gov.br\/smed\/?page_id=4042\" target=\"_blank\">Poesia de Ros\u00e2ngela da Silva Pereira<\/a>, 13\/5\/2012.<\/li>\n<li><a href=\"http:\/\/www.riogrande.rs.gov.br\/smed\/?page_id=4016\" target=\"_blank\">Poesias de Leandro Azevedo Vargas<\/a>, 11\/5\/2012.<\/li>\n<\/ul>\n","protected":false},"excerpt":{"rendered":"<p>O ato de escrever, de modo geral, \u00e9 algo relativamente simples e f\u00e1cil. Escrever bem, de forma clara, coesa, criativa e capaz de despertar o interesse do leitor, prendendo a sua aten\u00e7\u00e3o e causando-lhe as mais diversas rea\u00e7\u00f5es (prazer, questionamentos, descontra\u00e7\u00e3o, posicionamento, etc) \u00e9 um dom, \u00e9 uma arte. Acreditando que muitos professores da rede [&hellip;]<\/p>\n","protected":false},"author":7,"featured_media":0,"parent":250,"menu_order":0,"comment_status":"closed","ping_status":"open","template":"","meta":{"footnotes":""},"class_list":["post-4014","page","type-page","status-publish","hentry"],"_links":{"self":[{"href":"https:\/\/www.riogrande.rs.gov.br\/smed\/index.php?rest_route=\/wp\/v2\/pages\/4014"}],"collection":[{"href":"https:\/\/www.riogrande.rs.gov.br\/smed\/index.php?rest_route=\/wp\/v2\/pages"}],"about":[{"href":"https:\/\/www.riogrande.rs.gov.br\/smed\/index.php?rest_route=\/wp\/v2\/types\/page"}],"author":[{"embeddable":true,"href":"https:\/\/www.riogrande.rs.gov.br\/smed\/index.php?rest_route=\/wp\/v2\/users\/7"}],"replies":[{"embeddable":true,"href":"https:\/\/www.riogrande.rs.gov.br\/smed\/index.php?rest_route=%2Fwp%2Fv2%2Fcomments&post=4014"}],"version-history":[{"count":13,"href":"https:\/\/www.riogrande.rs.gov.br\/smed\/index.php?rest_route=\/wp\/v2\/pages\/4014\/revisions"}],"predecessor-version":[{"id":12660,"href":"https:\/\/www.riogrande.rs.gov.br\/smed\/index.php?rest_route=\/wp\/v2\/pages\/4014\/revisions\/12660"}],"up":[{"embeddable":true,"href":"https:\/\/www.riogrande.rs.gov.br\/smed\/index.php?rest_route=\/wp\/v2\/pages\/250"}],"wp:attachment":[{"href":"https:\/\/www.riogrande.rs.gov.br\/smed\/index.php?rest_route=%2Fwp%2Fv2%2Fmedia&parent=4014"}],"curies":[{"name":"wp","href":"https:\/\/api.w.org\/{rel}","templated":true}]}}