{"id":40104,"date":"2021-04-12T17:35:55","date_gmt":"2021-04-12T20:35:55","guid":{"rendered":"https:\/\/www.riogrande.rs.gov.br\/smed\/?page_id=40104"},"modified":"2026-03-18T08:37:19","modified_gmt":"2026-03-18T11:37:19","slug":"resolucoes","status":"publish","type":"page","link":"https:\/\/www.riogrande.rs.gov.br\/smed\/?page_id=40104","title":{"rendered":"Resolu\u00e7\u00f5es"},"content":{"rendered":"<p><a href=\"https:\/\/www.riogrande.rs.gov.br\/smed\/wp-content\/uploads\/2026\/03\/Resolucao-047-Institui-e-regulamenta-os-Parametros-de-Qualidade-e-Equidade-da-Educacao-Infantil-no-ambito-do-sistema-municipal-de-Rio-Grande.-Determina-prazos-e-procedimentos.-1.pdf\">Resolu\u00e7\u00e3o n\u00b0 047\/2026<\/a><\/p>\n<p>&#8220;Institui e regulamenta os Par\u00e2metros de Qualidade e Equidade da Educa\u00e7\u00e3o Infantil, no \u00e2mbito do sistema municipal de Rio Grande.<br \/>\nDetermina prazos e procedimentos.&#8221;<\/p>\n<p><a href=\"https:\/\/www.riogrande.rs.gov.br\/smed\/wp-content\/uploads\/2024\/12\/Resolucao-046-Define-as-Diretrizes-Curriculares-para-a-Educacao-das-Relacoes-Etnico-raciais-e-para-o-Ensino-da-Historia-e-Cultura-Afro-de-qualquer-nacionalidade-e-dos-povos-itinera.pdf\">Resolu\u00e7\u00e3o n\u00b0 046\/2024<\/a><\/p>\n<p>&#8220;Define as Diretrizes Curriculares para a Educa\u00e7\u00e3o das Rela\u00e7\u00f5es \u00c9tnico-raciais e para o Ensino da Hist\u00f3ria e Cultura Afro-Brasileira, Africana, Quilombola, Ind\u00edgena, dos Povos Ciganos, dos Refugiados de qualquer nacionalidade e dos povos itinerantes.&#8221;<\/p>\n<p><a href=\"https:\/\/www.riogrande.rs.gov.br\/smed\/wp-content\/uploads\/2024\/10\/resolucao-045-Define-as-diretrizes-para-a-oferta-da-EJA.pdf\">Resolu\u00e7\u00e3o n\u00b0 045\/2024<\/a><\/p>\n<p>&#8220;Define as diretrizes para a oferta da Modalidade de<br \/>\nEduca\u00e7\u00e3o de Jovens e Adultos (EJA), no Ensino<br \/>\nFundamental (EF), ofertada na Rede Municipal de<br \/>\nEnsino do Rio Grande e revoga a Resolu\u00e7\u00e3o CMERio Grande n\u00ba 006\/2000.&#8221;<\/p>\n<p><a href=\"https:\/\/www.riogrande.rs.gov.br\/smed\/wp-content\/uploads\/2025\/08\/Resolucao44-22CME.pdf\">Resolu\u00e7\u00e3o n\u00b0 044\/2022<\/a><\/p>\n<p>\u201cRevoga as Resolu\u00e7\u00f5es 031\/2011, 037\/2014 e<br \/>\n038\/2014 do Conselho Municipal de Educa\u00e7\u00e3o e as<br \/>\nInstru\u00e7\u00f5es Normativas 001\/2011 e 001\/2014 e d\u00e1<br \/>\nnova reda\u00e7\u00e3o.\u201d<\/p>\n<p><a href=\"https:\/\/www.riogrande.rs.gov.br\/smed\/wp-content\/uploads\/2023\/05\/Resolucao43-3.pdf\">Resolu\u00e7\u00e3o n\u00b0 043\/2022<\/a><\/p>\n<p>&#8220;Orienta a elabora\u00e7\u00e3o de Regimentos Escolares para Educa\u00e7\u00e3o Infantil e Ensino Fundamental do Sistema Municipal de Ensino do Rio Grande\/RS. Revoga Resolu\u00e7\u00f5es 026\/2007 e 036\/2014&#8221;<\/p>\n<p style=\"text-align: justify;\"><a href=\"http:\/\/www.riogrande.rs.gov.br\/smed\/wp-content\/uploads\/2018\/12\/20181226-cme-resolucao_042-revoga_a_resolucao_039_e_da_nova_redacao.pdf\" target=\"_blank\" rel=\"noopener noreferrer\">Resolu\u00e7\u00e3o n\u00b0 042\/2018<\/a><\/p>\n<p style=\"text-align: justify;\">&#8220;Revoga a Resolu\u00e7\u00e3o no 39\/2014, que Estabelece Diretrizes Operacionais para Educa\u00e7\u00e3o Especial na perspectiva da Educa\u00e7\u00e3o Inclusiva e para o Atendimento Educacional Especializado dos estudantes com Defici\u00eancias, Transtornos Globais do Desenvolvimento (TGD) e Altas Habilidades\/ Superdota\u00e7\u00e3o para todas as etapas e modalidades da Educa\u00e7\u00e3o B\u00e1sica P\u00fablica e de Educa\u00e7\u00e3o Infantil Privada, pertencentes ao Sistema Municipal de Educa\u00e7\u00e3o da Cidade do Rio Grande, e d\u00e1 nova Reda\u00e7\u00e3o.&#8221;<\/p>\n<p style=\"text-align: justify;\"><a href=\"https:\/\/www.riogrande.rs.gov.br\/smed\/wp-content\/uploads\/2021\/12\/20211206-cme-resolucao-041.pdf\" target=\"_blank\" rel=\"noopener noreferrer\">Resolu\u00e7\u00e3o n\u00ba 041\/2016<\/a><\/p>\n<p style=\"text-align: justify;\">&#8220;O Conselho Municipal de Educa\u00e7\u00e3o do Rio Grande, com fundamento no Artigo 11, Incisos III, IV e V da Lei Federal no 9.394, de 20 de dezembro de 1996, e no Artigo 7o, al\u00ednea \u201ca\u201d, Incisos III e VIII da lei Municipal no 5.332, de 08 de setembro de 1999, bem como no Parecer 011\/2016, deste CME.ii&#8221;<\/p>\n<p style=\"text-align: justify;\"><a href=\"http:\/\/www.riogrande.rs.gov.br\/smed\/wp-content\/uploads\/2016\/11\/20161110-cme-resolucao_040.pdf\" target=\"_blank\" rel=\"noopener noreferrer\">Resolu\u00e7\u00e3o n\u00ba 040\/2016<\/a><\/p>\n<p style=\"text-align: justify;\">&#8220;O Conselho Municipal de Educa\u00e7\u00e3o do Rio Grande, usando suas atribui\u00e7\u00f5es legais, estipuladas nas Leis no 9.394, de 20 de dezembro de 1996 em seu artigo 11, incisos III, IV e V ; Lei municipal 5.332 de 08 de setembro de 1999 em seu artigo 7o, al\u00ednea \u201ca\u201d, incisos III e VIII e com fundamento na Lei 12796 de abril de 2013 em seu artigo 31,incisos I,II,III,IV e V bem como o Parecer no &#8212; de agosto de 2016 do Conselho Municipal de Educa\u00e7\u00e3o de Rio Grande.&#8221;<\/p>\n<p style=\"text-align: justify;\"><a href=\"http:\/\/www.riogrande.rs.gov.br\/smed\/wp-content\/uploads\/2016\/04\/20160411-cme-resolucao_039-educacao_especial.pdf\" target=\"_blank\" rel=\"noopener noreferrer\">Resolu\u00e7\u00e3o n\u00ba 039\/2014<\/a><\/p>\n<p style=\"text-align: justify;\">&#8220;Estabelece Diretrizes Operacionais para Educa\u00e7\u00e3o Especial na perspectiva da Educa\u00e7\u00e3o Inclusiva e para o Atendimento Educacional Especializado dos estudantes com Defici\u00eancias, Transtornos Globais de Desenvolvimento (TGD) e Altas Habilidades\/Superdota\u00e7\u00e3o para todas as etapas e modalidades da Educa\u00e7\u00e3o B\u00e1sica P\u00fablica e de Educa\u00e7\u00e3o Infantil Privada, pertencentes ao Sistema Municipal de Educa\u00e7\u00e3o da Cidade do Rio Grande.&#8221;<\/p>\n<p style=\"text-align: justify;\"><a href=\"http:\/\/www.riogrande.rs.gov.br\/smed\/wp-content\/uploads\/2014\/11\/20141124-cme-resolucao_038_revoga_o_artigo_8_da_resolucao_031.pdf\" target=\"_blank\" rel=\"noopener noreferrer\">Resolu\u00e7\u00e3o n\u00ba 038\/2014<\/a><\/p>\n<p style=\"text-align: justify;\">&#8220;Revoga o Artigo 8o da Resolu\u00e7\u00e3o no 031\\2011, dando nova Reda\u00e7\u00e3o.&#8221;<\/p>\n<p style=\"text-align: justify;\"><a href=\"http:\/\/www.riogrande.rs.gov.br\/smed\/wp-content\/uploads\/2014\/11\/20141124-cme-resolucao_037_normas_para_a_oferta_de_ed_infantil_nas_escolas_publicas.pdf\" target=\"_blank\" rel=\"noopener noreferrer\">Resolu\u00e7\u00e3o n\u00ba 037\/2014<\/a><\/p>\n<p style=\"text-align: justify;\">&#8220;Fixa normas para a oferta da Educa\u00e7\u00e3o Infantil nas Escolas P\u00fablicas do Sistema Municipal de Educa\u00e7\u00e3o do Rio Grande&#8221;<\/p>\n<p style=\"text-align: justify;\"><span style=\"text-decoration: underline;\">Resolu\u00e7\u00e3o n\u00ba 036\/2014 REVOGADA<\/span><\/p>\n<p style=\"text-align: justify;\">&#8220;Orienta a elabora\u00e7\u00e3o de Regimentos Escolares para Escolas de Ensino Fundamental do Sistema Municipal de Ensino do Rio Grande\/RS. Revoga as resolu\u00e7\u00f5es:030\\2009 e 035\\2012&#8221;<\/p>\n<p><a href=\"http:\/\/www.riogrande.rs.gov.br\/smed\/wp-content\/uploads\/2015\/09\/20150921-cme-resolucao_n\u00ba_035.pdf\" target=\"_blank\" rel=\"noopener noreferrer\">Resolu\u00e7\u00e3o n\u00ba 035\/2012<\/a><\/p>\n<p>\u201cRevoga o Artigo 4o, e Itens 2.1; 3.7; 3.8; 7; 13 e 17 \u2013\u00a0Anexo II, da Resolu\u00e7\u00e3o no 030\/09, dando nova\u00a0Reda\u00e7\u00e3o.\u201d<\/p>\n<p><a href=\"http:\/\/www.riogrande.rs.gov.br\/smed\/wp-content\/uploads\/2015\/09\/20150921-cme-resolucao_n\u00ba_034.pdf\" target=\"_blank\" rel=\"noopener noreferrer\">Resolu\u00e7\u00e3o n\u00ba 034\/2012<\/a><\/p>\n<p>Define normas para a oferta do Ensino\u00a0Fundamental de Nove Anos e ingresso da crian\u00e7a, a\u00a0partir de 06 (seis) anos de idade, no Sistema\u00a0Municipal de Ensino do Rio Grande e revoga as\u00a0Resolu\u00e7\u00f5es de no 019, de 06 de setembro de 2006 e\u00a0no 022, de 19 de dezembro de 2006, no27 de 12 de\u00a0dezembro de 2007.\u201d<\/p>\n<p><a href=\"http:\/\/www.riogrande.rs.gov.br\/smed\/wp-content\/uploads\/2015\/09\/20150921-cme-resolucao_n\u00ba_033.pdf\" target=\"_blank\" rel=\"noopener noreferrer\">Resolu\u00e7\u00e3o n\u00ba 033\/2012<\/a><\/p>\n<p>&#8220;Estabelece normas para autoriza\u00e7\u00e3o de funcionamento\u00a0de escolas e s\u00e9ries\/anos do Ensino Fundamental no\u00a0Sistema Municipal de Ensino do Rio Grande. Revoga a\u00a0Resolu\u00e7\u00e3o no 005\/2000.&#8221;<\/p>\n<p><a href=\"http:\/\/www.riogrande.rs.gov.br\/smed\/wp-content\/uploads\/2015\/09\/20150921-cme-resolucao_n\u00ba_032.pdf\" target=\"_blank\" rel=\"noopener noreferrer\">Resolu\u00e7\u00e3o n\u00ba 032\/2012<\/a><\/p>\n<p>\u201cFixa normas para o registro de Secret\u00e1rios de Escolas\u00a0da Rede Municipal de Ensino do Rio Grande.\u201d<\/p>\n<p style=\"text-align: justify;\"><a href=\"http:\/\/www.riogrande.rs.gov.br\/smed\/wp-content\/uploads\/2012\/04\/cme-resolucao_031-2011_ed.inf_.pdf\" target=\"_blank\" rel=\"noopener noreferrer\">Resolu\u00e7\u00e3o n\u00ba 031\/2011<\/a><\/p>\n<p style=\"text-align: justify;\">\u201cFixa normas para a oferta da Educa\u00e7\u00e3o Infantil no Sistema Municipal de Ensino do Rio Grande.\u201d<\/p>\n<p style=\"text-align: justify;\"><a href=\"http:\/\/www.riogrande.rs.gov.br\/smed\/wp-content\/uploads\/2012\/05\/20120511-cme-resolucao_030.pdf\" target=\"_blank\" rel=\"noopener noreferrer\">Resolu\u00e7\u00e3o n\u00ba 030\/2009<\/a><\/p>\n<p style=\"text-align: justify;\">\u201cOrienta a elabora\u00e7\u00e3o de Regimentos Escolares para Escolas de Ensino Fundamental do Sistema Municipal de Ensino do Rio Grande\/RS. Revoga as Resolu\u00e7\u00f5es: no 003, de 03\/04\/2000; no 010, de 10\/04\/2003 e no 018, de 24\/08\/2005\u201d.<\/p>\n<p><a href=\"https:\/\/www.riogrande.rs.gov.br\/smed\/wp-content\/uploads\/2021\/12\/20211202-cme-resolucao29.pdf\" target=\"_blank\" rel=\"noopener\">Resolu\u00e7\u00e3o n\u00ba 029\/2008<\/a><\/p>\n<p style=\"text-align: justify;\">Estabelece procedimentos para a Transfer\u00eancia de Manten\u00e7a de Institui\u00e7\u00f5es de Ensino Estadual para o Sistema Municipal de Ensino do Rio Grande<\/p>\n<p><a href=\"https:\/\/www.riogrande.rs.gov.br\/smed\/wp-content\/uploads\/2021\/12\/20211202-cme-resolucao28.pdf\" target=\"_blank\" rel=\"noopener\">Resolu\u00e7\u00e3o n\u00ba 028\/2008<\/a><\/p>\n<p style=\"text-align: justify;\">Estabelece procedimentos para mudan\u00e7a de Sede em Institui\u00e7\u00f5es de Ensino no Sistema Municipal de Ensino do Rio Grande<\/p>\n<p align=\"JUSTIFY\"><span style=\"text-decoration: underline;\">Resolu\u00e7\u00e3o n\u00ba 027\u00a0 REVOGADA<\/span><\/p>\n<p style=\"text-align: justify;\"><span style=\"text-decoration: underline;\">Resolu\u00e7\u00e3o n\u00ba 026\/2007 REVOGADA<\/span><\/p>\n<p>&nbsp;<\/p>\n<h2 align=\"JUSTIFY\"><\/h2>\n<h2 align=\"JUSTIFY\"><a href=\"https:\/\/www.riogrande.rs.gov.br\/smed\/?page_id=3571\">Voltar<\/a><\/h2>\n","protected":false},"excerpt":{"rendered":"<p>Resolu\u00e7\u00e3o n\u00b0 047\/2026 &#8220;Institui e regulamenta os Par\u00e2metros de Qualidade e Equidade da Educa\u00e7\u00e3o Infantil, no \u00e2mbito do sistema municipal de Rio Grande. Determina prazos e procedimentos.&#8221; Resolu\u00e7\u00e3o n\u00b0 046\/2024 &#8220;Define as Diretrizes Curriculares para a Educa\u00e7\u00e3o das Rela\u00e7\u00f5es \u00c9tnico-raciais e para o Ensino da Hist\u00f3ria e Cultura Afro-Brasileira, Africana, Quilombola, Ind\u00edgena, dos Povos Ciganos, [&hellip;]<\/p>\n","protected":false},"author":7,"featured_media":0,"parent":3571,"menu_order":22,"comment_status":"closed","ping_status":"closed","template":"","meta":{"footnotes":""},"class_list":["post-40104","page","type-page","status-publish","hentry"],"_links":{"self":[{"href":"https:\/\/www.riogrande.rs.gov.br\/smed\/index.php?rest_route=\/wp\/v2\/pages\/40104"}],"collection":[{"href":"https:\/\/www.riogrande.rs.gov.br\/smed\/index.php?rest_route=\/wp\/v2\/pages"}],"about":[{"href":"https:\/\/www.riogrande.rs.gov.br\/smed\/index.php?rest_route=\/wp\/v2\/types\/page"}],"author":[{"embeddable":true,"href":"https:\/\/www.riogrande.rs.gov.br\/smed\/index.php?rest_route=\/wp\/v2\/users\/7"}],"replies":[{"embeddable":true,"href":"https:\/\/www.riogrande.rs.gov.br\/smed\/index.php?rest_route=%2Fwp%2Fv2%2Fcomments&post=40104"}],"version-history":[{"count":17,"href":"https:\/\/www.riogrande.rs.gov.br\/smed\/index.php?rest_route=\/wp\/v2\/pages\/40104\/revisions"}],"predecessor-version":[{"id":47273,"href":"https:\/\/www.riogrande.rs.gov.br\/smed\/index.php?rest_route=\/wp\/v2\/pages\/40104\/revisions\/47273"}],"up":[{"embeddable":true,"href":"https:\/\/www.riogrande.rs.gov.br\/smed\/index.php?rest_route=\/wp\/v2\/pages\/3571"}],"wp:attachment":[{"href":"https:\/\/www.riogrande.rs.gov.br\/smed\/index.php?rest_route=%2Fwp%2Fv2%2Fmedia&parent=40104"}],"curies":[{"name":"wp","href":"https:\/\/api.w.org\/{rel}","templated":true}]}}