{"id":40102,"date":"2021-04-12T17:32:48","date_gmt":"2021-04-12T20:32:48","guid":{"rendered":"https:\/\/www.riogrande.rs.gov.br\/smed\/?page_id=40102"},"modified":"2021-12-10T16:04:41","modified_gmt":"2021-12-10T19:04:41","slug":"pareceres-2021","status":"publish","type":"page","link":"https:\/\/www.riogrande.rs.gov.br\/smed\/?page_id=40102","title":{"rendered":"Pareceres 2021"},"content":{"rendered":"<p><a href=\"https:\/\/www.riogrande.rs.gov.br\/smed\/wp-content\/uploads\/2021\/05\/20210507-parecer_orientacoes_calendario_cme.pdf\" target=\"_blank\" rel=\"noopener\">Parecer n\u00b0 001\/2021<\/a><\/p>\n<p>&#8220;Toma Ci\u00eancia e Aprova as Orienta\u00e7\u00f5es para o Calend\u00e1rio Escolar do ano letivo de 2021 da Rede Municipal de Educa\u00e7\u00e3o do Rio Grande\/ RS&#8221;<\/p>\n<p align=\"JUSTIFY\"><a href=\"https:\/\/www.riogrande.rs.gov.br\/smed\/wp-content\/uploads\/2021\/06\/20210614-cme-parecer_002-prorroga_autorizacao.pdf\" target=\"_blank\" rel=\"noopener\">Parecer n\u00ba 002\/2021<\/a><\/p>\n<p style=\"text-align: justify;\" align=\"JUSTIFY\">&#8220;Prorroga\u00e7\u00e3o prazos de autoriza\u00e7\u00e3o de funcionamento das Escolas de Educa\u00e7\u00e3o Infantil privadas e conveniadas.&#8221;<\/p>\n<p align=\"JUSTIFY\"><a href=\"https:\/\/www.riogrande.rs.gov.br\/smed\/wp-content\/uploads\/2021\/06\/20210614-cme-parecer_003_ampliacao_de_anos_escola_marilia_rodrigues.pdf\" target=\"_blank\" rel=\"noopener\">Parecer n\u00ba 003\/2021<\/a><\/p>\n<p style=\"text-align: justify;\" align=\"JUSTIFY\">&#8220;Autoriza\u00e7\u00e3o de funcionamento a respeito da amplia\u00e7\u00e3o de turma referente a Etapa do Ensino Fundamental \u2014 Anos Finais \u2014 6\u00ba ano.&#8221;<\/p>\n<p align=\"JUSTIFY\"><a href=\"https:\/\/www.riogrande.rs.gov.br\/smed\/wp-content\/uploads\/2021\/08\/20210806-cme-parecer04.pdf\" target=\"_blank\" rel=\"noopener\">Parecer n\u00ba 004\/2021<\/a><\/p>\n<p style=\"text-align: justify;\" align=\"JUSTIFY\">&#8220;Responde a consulta da SMEd referente a proposta de crit\u00e9rios para aprova\u00e7\u00e3o\/reprova\u00e7\u00e3o dos estudantes de EJA, no per\u00edodo de excepcionalidade de Pandemia da\u00a0Covis-19.&#8221;<\/p>\n<p align=\"JUSTIFY\"><a href=\"https:\/\/www.riogrande.rs.gov.br\/smed\/wp-content\/uploads\/2021\/10\/20211015-cme-parecer_005.pdf\" target=\"_blank\" rel=\"noopener\">Parecer n\u00ba 005\/2021<\/a><\/p>\n<p align=\"JUSTIFY\">&#8220;Prorroga\u00e7\u00e3o dos prazos de autoriza\u00e7\u00e3o de funcionamento das Escolas de Educa\u00e7\u00e3o Infantil privadas e conveniadas que tenham tido o Plano de Conting\u00eancia para a Pandemia de COVID-19 aprovado pela Secretaria de Munic\u00edpio da Educa\u00e7\u00e3o &#8211; SMEd&#8221;<\/p>\n<p align=\"JUSTIFY\"><a href=\"https:\/\/www.riogrande.rs.gov.br\/smed\/wp-content\/uploads\/2021\/10\/20211025-cme-parecer_006-responde_mp.pdf\" target=\"_blank\" rel=\"noopener\">Parecer n\u00ba 006\/2021<\/a><\/p>\n<p style=\"text-align: justify;\" align=\"JUSTIFY\">&#8220;Responde consulta sobre os procedimentos a serem adotados referentes \u00e0 exist\u00eancia de institui\u00e7\u00e3o de Educa\u00e7\u00e3o Infantil sem autoriza\u00e7\u00e3o de funcionamento.&#8221;<\/p>\n<p align=\"JUSTIFY\"><a href=\"https:\/\/www.riogrande.rs.gov.br\/smed\/wp-content\/uploads\/2021\/11\/20211103-cme-parecer_007-autoriza_escola_corujinha_2.pdf\" target=\"_blank\" rel=\"noopener\">Parecer n\u00ba 007\/2021<\/a><\/p>\n<p style=\"text-align: justify;\" align=\"JUSTIFY\">&#8220;Credencia e autoriza o funcionamento da Escola de Educa\u00e7\u00e3o Infantil Corujinha, localizada na Av. Engo. \u00canio Maurer, 89 \u2013 Cassino, por dois anos.&#8221;<\/p>\n<p align=\"JUSTIFY\"><a href=\"https:\/\/www.riogrande.rs.gov.br\/smed\/wp-content\/uploads\/2021\/11\/20211125-cme-parecer_008.pdf\" target=\"_blank\" rel=\"noopener\">Parecer n\u00ba 008\/2021<\/a> e <a href=\"https:\/\/www.riogrande.rs.gov.br\/smed\/wp-content\/uploads\/2021\/11\/20211125-cme-parecer_008-anexo_ac.pdf\" target=\"_blank\" rel=\"noopener\">anexo<\/a><\/p>\n<p style=\"text-align: justify;\" align=\"JUSTIFY\">&#8220;Responde a consulta da SMEd e aprova crit\u00e9rios para aprova\u00e7\u00e3o\/reten\u00e7\u00e3o escolar dos estudantes do Ensino Fundamental e Educa\u00e7\u00e3o de Jovens e Adultos-EJA no ano letivo de 2021.&#8221;<\/p>\n<p align=\"JUSTIFY\"><a href=\"https:\/\/www.riogrande.rs.gov.br\/smed\/wp-content\/uploads\/2021\/12\/20211210-cme-parecer_009-autoriza_eja_na_emef_cristovao_pereira_de_abreu.pdf-reduzido.pdf\" target=\"_blank\" rel=\"noopener\">Parecer n\u00ba 009\/2001<\/a><\/p>\n<p align=\"JUSTIFY\">&#8220;Autoriza EJA na EMEF Crist\u00f3v\u00e3o Pereira de Abreu&#8221;<\/p>\n<p align=\"JUSTIFY\"><a href=\"https:\/\/www.riogrande.rs.gov.br\/smed\/wp-content\/uploads\/2021\/12\/20211210-cme-parecer_010-autoriza_eja_na_emef_ramiz_galvao.pdf-reduzido.pdf\" target=\"_blank\" rel=\"noopener\">Parecer n\u00ba 010\/2021<\/a><\/p>\n<p align=\"JUSTIFY\">&#8220;Autoriza EJA na EMEF Ramiz Galv\u00e3o&#8221;<\/p>\n<p align=\"JUSTIFY\"><a href=\"https:\/\/www.riogrande.rs.gov.br\/smed\/wp-content\/uploads\/2021\/12\/20211210-cme-parecer_011-autoriza_eja_na_emef_zelly_esmeraldo.pdf-reduzido.pdf\" target=\"_blank\" rel=\"noopener\">Parecer n\u00ba 011\/2021<\/a><\/p>\n<p align=\"JUSTIFY\">&#8220;Autoriza EJA na EMEF Zelly Esmeraldo&#8221;<\/p>\n<h2 align=\"JUSTIFY\"><a href=\"https:\/\/www.riogrande.rs.gov.br\/smed\/?page_id=3571\">Voltar<\/a><\/h2>\n","protected":false},"excerpt":{"rendered":"<p>Parecer n\u00b0 001\/2021 &#8220;Toma Ci\u00eancia e Aprova as Orienta\u00e7\u00f5es para o Calend\u00e1rio Escolar do ano letivo de 2021 da Rede Municipal de Educa\u00e7\u00e3o do Rio Grande\/ RS&#8221; Parecer n\u00ba 002\/2021 &#8220;Prorroga\u00e7\u00e3o prazos de autoriza\u00e7\u00e3o de funcionamento das Escolas de Educa\u00e7\u00e3o Infantil privadas e conveniadas.&#8221; Parecer n\u00ba 003\/2021 &#8220;Autoriza\u00e7\u00e3o de funcionamento a respeito da amplia\u00e7\u00e3o de [&hellip;]<\/p>\n","protected":false},"author":7,"featured_media":0,"parent":3571,"menu_order":21,"comment_status":"closed","ping_status":"closed","template":"","meta":{"footnotes":""},"class_list":["post-40102","page","type-page","status-publish","hentry"],"_links":{"self":[{"href":"https:\/\/www.riogrande.rs.gov.br\/smed\/index.php?rest_route=\/wp\/v2\/pages\/40102"}],"collection":[{"href":"https:\/\/www.riogrande.rs.gov.br\/smed\/index.php?rest_route=\/wp\/v2\/pages"}],"about":[{"href":"https:\/\/www.riogrande.rs.gov.br\/smed\/index.php?rest_route=\/wp\/v2\/types\/page"}],"author":[{"embeddable":true,"href":"https:\/\/www.riogrande.rs.gov.br\/smed\/index.php?rest_route=\/wp\/v2\/users\/7"}],"replies":[{"embeddable":true,"href":"https:\/\/www.riogrande.rs.gov.br\/smed\/index.php?rest_route=%2Fwp%2Fv2%2Fcomments&post=40102"}],"version-history":[{"count":10,"href":"https:\/\/www.riogrande.rs.gov.br\/smed\/index.php?rest_route=\/wp\/v2\/pages\/40102\/revisions"}],"predecessor-version":[{"id":41805,"href":"https:\/\/www.riogrande.rs.gov.br\/smed\/index.php?rest_route=\/wp\/v2\/pages\/40102\/revisions\/41805"}],"up":[{"embeddable":true,"href":"https:\/\/www.riogrande.rs.gov.br\/smed\/index.php?rest_route=\/wp\/v2\/pages\/3571"}],"wp:attachment":[{"href":"https:\/\/www.riogrande.rs.gov.br\/smed\/index.php?rest_route=%2Fwp%2Fv2%2Fmedia&parent=40102"}],"curies":[{"name":"wp","href":"https:\/\/api.w.org\/{rel}","templated":true}]}}