{"id":40099,"date":"2021-04-12T17:26:44","date_gmt":"2021-04-12T20:26:44","guid":{"rendered":"https:\/\/www.riogrande.rs.gov.br\/smed\/?page_id=40099"},"modified":"2021-04-12T17:26:44","modified_gmt":"2021-04-12T20:26:44","slug":"pareceres-2020","status":"publish","type":"page","link":"https:\/\/www.riogrande.rs.gov.br\/smed\/?page_id=40099","title":{"rendered":"Pareceres 2020"},"content":{"rendered":"<p><a href=\"http:\/\/www.riogrande.rs.gov.br\/smed\/wp-content\/uploads\/2020\/07\/20200724-parecer_00120020.pdf\" target=\"_blank\" rel=\"noopener noreferrer\">Parecer n\u00b0 001\/2020<\/a><\/p>\n<p style=\"text-align: justify;\">&#8220;Reorganiza\u00e7\u00e3o do calend\u00e1rio escolar e possibilidade de c\u00f4mputo de atividades n\u00e3o presenciais para fins de cumprimento de carga hor\u00e1ria m\u00ednima anual, em virtude da Pandemia COVID-19.&#8221;<\/p>\n<p><a style=\"outline: currentcolor dotted 1px; outline-offset: 0px;\" href=\"http:\/\/www.riogrande.rs.gov.br\/smed\/wp-content\/uploads\/2020\/08\/20200820-cme-parecer_cme_002_2020.pdf\" target=\"_blank\" rel=\"noopener noreferrer\">Parecer n\u00b0 002\/2020<\/a><\/p>\n<p style=\"text-align: justify;\">&#8220;Orienta\u00e7\u00f5es educacionais para a realiza\u00e7\u00e3o de atividades de ensino n\u00e3o presenciais, mediadas ou n\u00e3o por tecnologias digitais de informa\u00e7\u00e3o e comunica\u00e7\u00e3o, excepcionalmente no contexto da Pandemia de COVID-19.&#8221;<\/p>\n<p><a href=\"http:\/\/www.riogrande.rs.gov.br\/smed\/wp-content\/uploads\/2020\/09\/20200910-cme-parecer_03_2020.pdf\" target=\"_blank\" rel=\"noopener noreferrer\">Parecer n\u00b0 003\/2020<\/a><\/p>\n<p style=\"text-align: justify;\">&#8220;TOMA CI\u00caNCIA E APROVA O PLANO DE CONTING\u00caNCIA DO SISTEMA MUNICIPAL DE ENSINO DO RIO GRANDE\/ RS \u2013 Vers\u00e3o 1&#8221;<\/p>\n<p><a href=\"https:\/\/www.riogrande.rs.gov.br\/smed\/wp-content\/uploads\/2020\/10\/20201026-cme-parecer_004_2020_reexame_do_parecer_002_2020.pdf\" target=\"_blank\" rel=\"noopener noreferrer\">Parecer n\u00b0 004\/2020<\/a><\/p>\n<div title=\"Page 1\">\n<div>\n<div>\n<div>\n<p style=\"text-align: justify;\">Reexame do Parecer CME n. 002\/2020<\/p>\n<\/div>\n<\/div>\n<\/div>\n<\/div>\n<p><a href=\"https:\/\/www.riogrande.rs.gov.br\/smed\/wp-content\/uploads\/2020\/12\/20201217-cme-parecer_005.pdf\" target=\"_blank\" rel=\"noopener noreferrer\">Parecer n\u00b0 005\/2020<\/a><\/p>\n<div title=\"Page 1\">\n<div>\n<div>\n<p style=\"text-align: justify;\">Prorroga\u00e7\u00e3o dos prazos de autoriza\u00e7\u00e3o de funcionamento das Escolas de Educa\u00e7\u00e3o Infantil privadas.<\/p>\n<\/div>\n<p><a href=\"https:\/\/www.riogrande.rs.gov.br\/smed\/wp-content\/uploads\/2020\/12\/20201217-cme-parecer_006.pdf\" target=\"_blank\" rel=\"noopener noreferrer\">Parecer n\u00b0 006\/2020<\/a><\/p>\n<div title=\"Page 1\">\n<div>\n<div>\n<div>\n<p style=\"text-align: justify;\">Toma Ci\u00eancia e Aprova o Calend\u00e1rio Escolar do ano letivo de 2020 do Sistema Municipal de Ensino do Rio Grande\/ RS<\/p>\n<p><a href=\"https:\/\/www.riogrande.rs.gov.br\/smed\/wp-content\/uploads\/2020\/12\/20201217-cme-parecer_007.pdf\" target=\"_blank\" rel=\"noopener noreferrer\">Parecer n\u00ba 007\/2020<\/a><\/p>\n<\/div>\n<div title=\"Page 1\">\n<div>\n<div>\n<div>\n<p style=\"text-align: justify;\">Toma Ci\u00eancia e Aprova as Orienta\u00e7\u00f5es para o Calend\u00e1rio Escolar do ano letivo de 2020 da Rede Municipal de Educa\u00e7\u00e3o do Rio Grande\/ RS<\/p>\n<p><a href=\"https:\/\/www.riogrande.rs.gov.br\/smed\/wp-content\/uploads\/2020\/12\/20201217-cme-parecer_008.pdf\" target=\"_blank\" rel=\"noopener\">Parecer n\u00ba 008\/2020<\/a><\/p>\n<div title=\"Page 1\">\n<div>\n<div>\n<div>\n<p style=\"text-align: justify;\">Autoriza o funcionamento da Escola Municipal de Educa\u00e7\u00e3o de Jovens e Adultos Paulo Freire. Toma ci\u00eancia do Projeto Pol\u00edtico Pedag\u00f3gico e aprova o Regimento Escolar. Determina provid\u00eancia.<\/p>\n<\/div>\n<\/div>\n<\/div>\n<\/div>\n<\/div>\n<\/div>\n<\/div>\n<\/div>\n<\/div>\n<\/div>\n<\/div>\n<p><a href=\"https:\/\/www.riogrande.rs.gov.br\/smed\/wp-content\/uploads\/2020\/12\/20201217-cme-parecer_009-ney_amado_costa.pdf\" target=\"_blank\" rel=\"noopener\">Parecer n\u00ba 009\/2020<\/a><\/p>\n<div title=\"Page 1\">\n<div>\n<div>\n<div>\n<p style=\"text-align: justify;\">Autoriza o funcionamento da Escola Municipal de Educa\u00e7\u00e3o Complementar Ney Amado Costa. Toma ci\u00eancia do Projeto Pol\u00edtico Pedag\u00f3gico e aprova o Regimento Escolar.<\/p>\n<\/div>\n<\/div>\n<\/div>\n<\/div>\n<p><a href=\"https:\/\/www.riogrande.rs.gov.br\/smed\/wp-content\/uploads\/2020\/12\/20201217-cme-parecer_010-escola_viva.pdf\" target=\"_blank\" rel=\"noopener\">Parecer n\u00ba 010\/2020<\/a><\/p>\n<div title=\"Page 1\">\n<div>\n<div>\n<div>\n<p style=\"text-align: justify;\">Autoriza o funcionamento da Escola Municipal de Educa\u00e7\u00e3o Complementar Escola Viva. Toma ci\u00eancia do Projeto Pol\u00edtico Pedag\u00f3gico e aprova o Regimento Escolar.<\/p>\n<\/div>\n<\/div>\n<\/div>\n<\/div>\n<p><a href=\"https:\/\/www.riogrande.rs.gov.br\/smed\/wp-content\/uploads\/2020\/12\/20201217-cme-parecer_011-alcides_barcelos.pdf\" target=\"_blank\" rel=\"noopener\">Parecer n\u00ba 011\/2020<\/a><\/p>\n<\/div>\n<div title=\"Page 1\">\n<p style=\"text-align: justify;\">Autoriza o funcionamento da Escola Municipal de Educa\u00e7\u00e3o Infantil Alcides Barcelos. Toma ci\u00eancia do Projeto Pol\u00edtico Pedag\u00f3gico e aprova o Regimento Escolar.<\/p>\n<p><a href=\"https:\/\/www.riogrande.rs.gov.br\/smed\/wp-content\/uploads\/2020\/12\/20201223-cme-parecer_012-calendario_2021.pdf\" target=\"_blank\" rel=\"noopener\">Parecer n\u00ba 012\/2020<\/a><\/p>\n<div title=\"Page 1\">\n<div>\n<div>\n<div>\n<p style=\"text-align: justify;\">Toma Ci\u00eancia e Aprova o Calend\u00e1rio Escolar do ano letivo de 2021 da Rede Municipal de Educa\u00e7\u00e3o do Rio Grande\/ RS<\/p>\n<\/div>\n<\/div>\n<\/div>\n<\/div>\n<\/div>\n<\/div>\n<h3><\/h3>\n<h2 align=\"JUSTIFY\"><a href=\"https:\/\/www.riogrande.rs.gov.br\/smed\/?page_id=3571\">Voltar<\/a><\/h2>\n","protected":false},"excerpt":{"rendered":"<p>Parecer n\u00b0 001\/2020 &#8220;Reorganiza\u00e7\u00e3o do calend\u00e1rio escolar e possibilidade de c\u00f4mputo de atividades n\u00e3o presenciais para fins de cumprimento de carga hor\u00e1ria m\u00ednima anual, em virtude da Pandemia COVID-19.&#8221; Parecer n\u00b0 002\/2020 &#8220;Orienta\u00e7\u00f5es educacionais para a realiza\u00e7\u00e3o de atividades de ensino n\u00e3o presenciais, mediadas ou n\u00e3o por tecnologias digitais de informa\u00e7\u00e3o e comunica\u00e7\u00e3o, excepcionalmente no [&hellip;]<\/p>\n","protected":false},"author":7,"featured_media":0,"parent":3571,"menu_order":20,"comment_status":"closed","ping_status":"closed","template":"","meta":{"footnotes":""},"class_list":["post-40099","page","type-page","status-publish","hentry"],"_links":{"self":[{"href":"https:\/\/www.riogrande.rs.gov.br\/smed\/index.php?rest_route=\/wp\/v2\/pages\/40099"}],"collection":[{"href":"https:\/\/www.riogrande.rs.gov.br\/smed\/index.php?rest_route=\/wp\/v2\/pages"}],"about":[{"href":"https:\/\/www.riogrande.rs.gov.br\/smed\/index.php?rest_route=\/wp\/v2\/types\/page"}],"author":[{"embeddable":true,"href":"https:\/\/www.riogrande.rs.gov.br\/smed\/index.php?rest_route=\/wp\/v2\/users\/7"}],"replies":[{"embeddable":true,"href":"https:\/\/www.riogrande.rs.gov.br\/smed\/index.php?rest_route=%2Fwp%2Fv2%2Fcomments&post=40099"}],"version-history":[{"count":1,"href":"https:\/\/www.riogrande.rs.gov.br\/smed\/index.php?rest_route=\/wp\/v2\/pages\/40099\/revisions"}],"predecessor-version":[{"id":40100,"href":"https:\/\/www.riogrande.rs.gov.br\/smed\/index.php?rest_route=\/wp\/v2\/pages\/40099\/revisions\/40100"}],"up":[{"embeddable":true,"href":"https:\/\/www.riogrande.rs.gov.br\/smed\/index.php?rest_route=\/wp\/v2\/pages\/3571"}],"wp:attachment":[{"href":"https:\/\/www.riogrande.rs.gov.br\/smed\/index.php?rest_route=%2Fwp%2Fv2%2Fmedia&parent=40099"}],"curies":[{"name":"wp","href":"https:\/\/api.w.org\/{rel}","templated":true}]}}