{"id":40096,"date":"2021-04-12T17:23:10","date_gmt":"2021-04-12T20:23:10","guid":{"rendered":"https:\/\/www.riogrande.rs.gov.br\/smed\/?page_id=40096"},"modified":"2024-04-26T16:20:41","modified_gmt":"2024-04-26T19:20:41","slug":"pareceres-2019","status":"publish","type":"page","link":"https:\/\/www.riogrande.rs.gov.br\/smed\/?page_id=40096","title":{"rendered":"Pareceres 2019"},"content":{"rendered":"<p><a href=\"http:\/\/www.riogrande.rs.gov.br\/smed\/wp-content\/uploads\/2019\/04\/20190409-cme-parecer_001-autoriza_com_ressalvas_e_credencia_praia_do_riso.pdf\" target=\"_blank\" rel=\"noopener noreferrer\">Parecer n\u00b0 001\/2019<\/a><\/p>\n<p style=\"text-align: justify;\">&#8220;Autoriza e credencia, com ressalvas, o funcionamento da Escola de Educa\u00e7\u00e3o Infantil Praia do Riso, situada \u00e0 rua Henrique Bulle\u2013 Bairro Cassino, pelo per\u00edodo de dois anos.&#8221;<\/p>\n<p><a href=\"http:\/\/www.riogrande.rs.gov.br\/smed\/wp-content\/uploads\/2019\/04\/20190409-cme-parecer_002-toma_ciencia_do_ppp_e_aprova_regimento_pedro_osorio.pdf\" target=\"_blank\" rel=\"noopener noreferrer\">Parecer n\u00b0 002\/2019<\/a><\/p>\n<p style=\"text-align: justify;\">&#8220;TOMA CI\u00caNCIA DO PPP E APROVA O REGIMENTO DA ESCOLA MUNICIPAL DE ENSINO FUNDAMENTAL PEDRO OS\u00d3RIO, COM VIG\u00caNCIA A PARTIR DO ANO LETIVO DE 2019.&#8221;<\/p>\n<p><a href=\"http:\/\/www.riogrande.rs.gov.br\/smed\/wp-content\/uploads\/2019\/04\/20190409-cme-parecer_003-toma_ciencia_ppp_nilza_goncalves.pdf\" target=\"_blank\" rel=\"noopener noreferrer\">Parecer n\u00b0 003\/2019<\/a><\/p>\n<p>&#8220;TOMA CI\u00caNCIA DO PPP DA ESCOLA MUNICIPAL DE EDUCA\u00c7\u00c3O INFANTIL NILZA GON\u00c7ALVES, COM VIG\u00caNCIA A PARTIR DO ANO LETIVO DE 2019.&#8221;<\/p>\n<p><a href=\"http:\/\/www.riogrande.rs.gov.br\/smed\/wp-content\/uploads\/2019\/05\/20190510-cme-parecer_004-autoriza_e_credencia_clubinho_baby.pdf\" target=\"_blank\" rel=\"noopener noreferrer\">Parecer n\u00b0 004\/2019<\/a><\/p>\n<p style=\"text-align: justify;\">&#8220;Autoriza e credencia o funcionamento da Escola de Educa\u00e7\u00e3o Infantil Clubinho Baby, situada \u00e0 Rua Dr. Nascimento, 780 \u2013 Centro -, por dois anos.&#8221;<\/p>\n<p><a href=\"http:\/\/www.riogrande.rs.gov.br\/smed\/wp-content\/uploads\/2019\/06\/20190607-cme-parecer_005-autoriza_com_ressalvas_o_funcionamento_da_e.e.i.crianca_em_acao.pdf\" target=\"_blank\" rel=\"noopener noreferrer\">Parecer n\u00b0 005\/2019<\/a><\/p>\n<p>&#8220;Autoriza e credencia, com ressalvas, o funcionamento da Escola de Educa\u00e7\u00e3o Infantil Crian\u00e7a em A\u00e7\u00e3o, situada \u00e0 rua General Neto, 586 \u2013 Centro &#8211; at\u00e9 a data de 31\/12\/2019.&#8221;<\/p>\n<p><a href=\"http:\/\/www.riogrande.rs.gov.br\/smed\/wp-content\/uploads\/2019\/06\/20190607-cme-parecer_006-autoriza_com_ressalva_a_e.e.i.arco-iris_por_dois_anos.pdf\" target=\"_blank\" rel=\"noopener noreferrer\">Parecer n\u00b0 006\/2019<\/a><\/p>\n<p>&#8220;Toma ci\u00eancia do PPP e aprova o Regimento da E.MEF. S\u00e3o Miguel, com vig\u00eancia a partir do ano letivo de 2019.&#8221;<\/p>\n<p><a href=\"http:\/\/www.riogrande.rs.gov.br\/smed\/wp-content\/uploads\/2019\/06\/20190607-cme-parecer_007-toma_ci_encia_do_ppp_e_aprova_regimento_sao_miguel.pdf\" target=\"_blank\" rel=\"noopener noreferrer\">Parecer n\u00b0 007\/2019<\/a><\/p>\n<p style=\"text-align: justify;\">&#8220;Autoriza, com ressalva, e credencia o funcionamento da Escola de Educa\u00e7\u00e3o Infantil Arco-\u00cdris, situada \u00e0 Rua D. Bosco, 122- Cidade Nova, por dois anos.Autoriza, com ressalva, e credencia o funcionamento da Escola de Educa\u00e7\u00e3o Infantil Arco-\u00cdris, situada \u00e0 Rua D. Bosco, 122- Cidade Nova, por dois anos.&#8221;<\/p>\n<p><a href=\"http:\/\/www.riogrande.rs.gov.br\/smed\/wp-content\/uploads\/2019\/08\/20190807-cme-parecer_008-autoriza_e_credencia_oficina_do_saber_por_dois_anos.pdf\" target=\"_blank\" rel=\"noopener noreferrer\">Parecer n\u00b0 008\/2019<\/a><\/p>\n<p style=\"text-align: justify;\">&#8220;Autoriza e credencia o funcionamento da Escola de Educa\u00e7\u00e3o Infantil<br \/>\nEduca\u00e7\u00e3o Infantil Oficina do Saber \u2013 Raz\u00e3o Social Couto e Andrade Ltda &#8211; ,<br \/>\nsituada \u00e0 Rua Gomes Freire, 746 \u2013. D \u2013 Centro -, por dois anos.&#8221;<\/p>\n<p><a href=\"http:\/\/www.riogrande.rs.gov.br\/smed\/wp-content\/uploads\/2019\/08\/20190807-cme-parecer_009-autoriza_e_credencia_terra_matter_por_dois_anos.pdf\" target=\"_blank\" rel=\"noopener noreferrer\">Parecer n\u00b0 009\/2019<\/a><\/p>\n<p style=\"text-align: justify;\">&#8220;Autoriza e credencia o funcionamento da Escola de Educa\u00e7\u00e3o Infantil<br \/>\nTerra Matter, situada \u00e0 Rua Major Carlos Pinto, 230- Centro, por dois anos.<\/p>\n<p style=\"text-align: justify;\"><a href=\"http:\/\/www.riogrande.rs.gov.br\/smed\/wp-content\/uploads\/2019\/08\/20190807-cme-parecer_010-autoriza_e_credencia_carinha_de_anjo_por_dois_anos.pdf\" target=\"_blank\" rel=\"noopener noreferrer\">Parecer n\u00b0 010\/2019<\/a><\/p>\n<p style=\"text-align: justify;\">&#8220;Autoriza o funcionamento da Escola de Educa\u00e7\u00e3o Infantil Educa\u00e7\u00e3o<br \/>\nInfantil Carinha de Anjo, situada \u00e0 Rua Andrade Neves, 322 \u2013 Centro -, por dois anos.&#8221;<\/p>\n<p><a href=\"http:\/\/www.riogrande.rs.gov.br\/smed\/wp-content\/uploads\/2019\/09\/20190904-cme-parecer_011-autoriza_e_credencia_fazendo_arte.pdf\" target=\"_blank\" rel=\"noopener noreferrer\">Parecer n\u00b0 011\/2019<\/a><\/p>\n<p style=\"text-align: justify;\">&#8220;Autoriza e credencia o funcionamento da Escola de Educa\u00e7\u00e3o Infantil Educa\u00e7\u00e3o Infantil Fazendo Arte, situada \u00e0 Rua Dr. Miguel Riet Corr\u00eaa, 16 \u2013 Bairro Le\u00f4nidas -, por dois anos.&#8221;<\/p>\n<p><a href=\"http:\/\/www.riogrande.rs.gov.br\/smed\/wp-content\/uploads\/2019\/09\/20190904-cme-parecer_012-autoriza_e_credencia_faz-de_conta.pdf\" target=\"_blank\" rel=\"noopener noreferrer\">Parecer n\u00b0 012\/2019<\/a><\/p>\n<p style=\"text-align: justify;\">&#8220;Autoriza e credencia o funcionamento da Escola de Educa\u00e7\u00e3o Infantil Faz-de-Conta, situada \u00e0 Rua das Mar\u00e9s, 69- Bairro Parque Marinha- por dois anos.&#8221;<\/p>\n<p><a href=\"http:\/\/www.riogrande.rs.gov.br\/smed\/wp-content\/uploads\/2019\/09\/20190916-cme-parecer_013-autoriza_e_credencia_recanto_infantil.pdf\" target=\"_blank\" rel=\"noopener noreferrer\">Parecer n\u00b0 013\/2019<\/a><\/p>\n<p style=\"text-align: justify;\">&#8220;<span style=\"font-size: 1rem;\">Autoriza e credencia o funcionamento da Escola de Educa\u00e7\u00e3o Infantil Recanto Infantil, localizada \u00e0 rua Andradas, 215\/233 &#8211; Centro \u2013 por 01(um) ano.&#8221;<\/span><\/p>\n<p><a href=\"http:\/\/www.riogrande.rs.gov.br\/smed\/wp-content\/uploads\/2019\/11\/20191114-cme-parecer_014-autoriza_e_credencia_esconderijo_sapeka.pdf\" target=\"_blank\" rel=\"noopener noreferrer\">Parecer n\u00b0 014\/2019<\/a><\/p>\n<p style=\"text-align: justify;\">&#8220;Autoriza e credencia o funcionamento da Escola de Educa\u00e7\u00e3o Infantil Educa\u00e7\u00e3o Infantil Esconderijo Sapeka, situada \u00e0 rua Ilha de Maraj\u00f3, 79 \u2013 Bairro parque Marinha &#8211; por dois anos.&#8221;<\/p>\n<p><a href=\"http:\/\/www.riogrande.rs.gov.br\/smed\/wp-content\/uploads\/2019\/11\/20191114-cme-parecer_015-autoriza_e_credencia_educarte.pdf\" target=\"_blank\" rel=\"noopener noreferrer\">Parecer n\u00b0 015\/2019<\/a><\/p>\n<p style=\"text-align: justify;\">&#8220;Autoriza e credencia o funcionamento da Escola de Educa\u00e7\u00e3o Infantil Educarte, situada \u00e0 Rua Duque de Caxias, 394, 230- Centro, por dois anos.&#8221;<\/p>\n<p><a href=\"http:\/\/www.riogrande.rs.gov.br\/smed\/wp-content\/uploads\/2019\/12\/20191205-cme-parecer_016-autoriza_e_credencia_escola_tia_rita.pdf\" target=\"_blank\" rel=\"noopener noreferrer\">Parecer n\u00b0 016\/2019<\/a><\/p>\n<p style=\"text-align: justify;\">&#8220;Autoriza e credencia o funcionamento da Escola de Educa\u00e7\u00e3o Infantil Tia Rita, localizada \u00e0 Rua Tobias Barreto, no 364 \u2013 COHAB II \u2013 por dois anos.&#8221;<\/p>\n<p><a href=\"http:\/\/www.riogrande.rs.gov.br\/smed\/wp-content\/uploads\/2019\/12\/20191205-cme-parecer_017-autoriza_e_credencia_michigan_kids.pdf\" target=\"_blank\" rel=\"noopener noreferrer\">Parecer n\u00b0 017\/2019<\/a><\/p>\n<p style=\"text-align: justify;\">&#8220;Autoriza e credencia o funcionamento da Escola de Educa\u00e7\u00e3o Infantil Michigan Kids, situada \u00e0 Rua Barroso, 02 \u2013 Centro \u2013 pelo per\u00edodo de dois anos.&#8221;<\/p>\n<p><a href=\"http:\/\/www.riogrande.rs.gov.br\/smed\/wp-content\/uploads\/2020\/03\/20200311-cme-parecer_018-emeja_paulo_freire.pdf\" target=\"_blank\" rel=\"noopener noreferrer\">Parecer n\u00b0 018\/2019<\/a><\/p>\n<p style=\"text-align: justify;\">&#8220;Reconhece, \u00fanica e exclusivamente para fins de certifica\u00e7\u00e3o dos estudantes da Escola Municipal de Educa\u00e7\u00e3o de Jovens e Adultos Paulo Freire que conclu\u00edram com \u00eaxito &#8211; at\u00e9 a data de aprova\u00e7\u00e3o deste parecer -, todos os requisitos propostos e exigidos no Projeto Pol\u00edtico Pedag\u00f3gico e no Regimento Interno da Escola, apresentado a este CME e torna nulas todas as demais possibilidades de certifica\u00e7\u00e3o de qualquer estudante desta escola, que venham a ter sua conclus\u00e3o de curso antes de Reconhecido e Aprovado os referidos Projeto Pol\u00edtico Pedag\u00f3gico e Regimento Interno da Escola por esse Conselho Municipal de Educa\u00e7\u00e3o.&#8221;<\/p>\n<p><a href=\"http:\/\/www.riogrande.rs.gov.br\/smed\/wp-content\/uploads\/2020\/03\/20200311-cme-parecer_019-orienta_a_implementacao_da_bncc_e_do_rcg_e_institui_o_documento_orientador_curricular_do_territorio_rio-grandino.pdf\" target=\"_blank\" rel=\"noopener noreferrer\">Parecer n\u00b0 019\/2019<\/a><\/p>\n<p style=\"text-align: justify;\">&#8220;Orienta a implementa\u00e7\u00e3o da Base Nacional Comum Curricular &#8211; BNCC, do Referencial Curricular Ga\u00facho &#8211; RCG e institui o Documento Orientador da Base Comum Curricular do Territ\u00f3rio Municipal no Rio Grande como obrigat\u00f3rios ao longo<br \/>\ndas etapas e respectivas modalidades da Educa\u00e7\u00e3o B\u00e1sica do Territ\u00f3rio Municipal do Rio Grande.&#8221;<\/p>\n<p><a href=\"http:\/\/www.riogrande.rs.gov.br\/smed\/wp-content\/uploads\/2019\/12\/20191220-cme-parecer_020-autoriza_e_credencia_tia_cris.pdf\" target=\"_blank\" rel=\"noopener noreferrer\">Parecer n\u00b0 020\/2019<\/a><\/p>\n<p style=\"text-align: justify;\">&#8220;Autoriza o funcionamento da Escola de Educa\u00e7\u00e3o Infantil Tia Cris, situada \u00e0 Rua Val Porto, 435 \u2013 Parque Residencial Salgado Filho &#8211; por dois anos.&#8221;<\/p>\n<p><a href=\"http:\/\/www.riogrande.rs.gov.br\/smed\/wp-content\/uploads\/2019\/12\/20191220-cme-parecer_021-autoriza_e_credencia_crianca_e_cia.pdf\" target=\"_blank\" rel=\"noopener noreferrer\">Parecer n\u00b0 021\/2019<\/a><\/p>\n<p style=\"text-align: justify;\">&#8220;Autoriza o funcionamento da Escola de Educa\u00e7\u00e3o Infantil Crian\u00e7a e Cia, situada \u00e0 rua Benjamim Constant, 331 \u2013 Centro &#8211; pelo per\u00edodo de dois anos.&#8221;<\/p>\n<p><a href=\"http:\/\/www.riogrande.rs.gov.br\/smed\/wp-content\/uploads\/2019\/12\/20191220-cme-parecer_022-autoriza_e_credencia_dente_de_leite.pdf\" target=\"_blank\" rel=\"noopener noreferrer\">Parecer n\u00b0 022\/2019<\/a><\/p>\n<p style=\"text-align: justify;\">&#8220;Autoriza e credencia o funcionamento da Escola de Educa\u00e7\u00e3o Infantil Dente de Leite, situada \u00e0 Rua Andrade neves, 165\u2013 Centro \u2013 pelo per\u00edodo de dois anos.&#8221;<\/p>\n<h2 align=\"JUSTIFY\"><a href=\"https:\/\/www.riogrande.rs.gov.br\/smed\/?page_id=3571\">Voltar<\/a><\/h2>\n","protected":false},"excerpt":{"rendered":"<p>Parecer n\u00b0 001\/2019 &#8220;Autoriza e credencia, com ressalvas, o funcionamento da Escola de Educa\u00e7\u00e3o Infantil Praia do Riso, situada \u00e0 rua Henrique Bulle\u2013 Bairro Cassino, pelo per\u00edodo de dois anos.&#8221; Parecer n\u00b0 002\/2019 &#8220;TOMA CI\u00caNCIA DO PPP E APROVA O REGIMENTO DA ESCOLA MUNICIPAL DE ENSINO FUNDAMENTAL PEDRO OS\u00d3RIO, COM VIG\u00caNCIA A PARTIR DO ANO [&hellip;]<\/p>\n","protected":false},"author":7,"featured_media":0,"parent":3571,"menu_order":19,"comment_status":"closed","ping_status":"closed","template":"","meta":{"footnotes":""},"class_list":["post-40096","page","type-page","status-publish","hentry"],"_links":{"self":[{"href":"https:\/\/www.riogrande.rs.gov.br\/smed\/index.php?rest_route=\/wp\/v2\/pages\/40096"}],"collection":[{"href":"https:\/\/www.riogrande.rs.gov.br\/smed\/index.php?rest_route=\/wp\/v2\/pages"}],"about":[{"href":"https:\/\/www.riogrande.rs.gov.br\/smed\/index.php?rest_route=\/wp\/v2\/types\/page"}],"author":[{"embeddable":true,"href":"https:\/\/www.riogrande.rs.gov.br\/smed\/index.php?rest_route=\/wp\/v2\/users\/7"}],"replies":[{"embeddable":true,"href":"https:\/\/www.riogrande.rs.gov.br\/smed\/index.php?rest_route=%2Fwp%2Fv2%2Fcomments&post=40096"}],"version-history":[{"count":3,"href":"https:\/\/www.riogrande.rs.gov.br\/smed\/index.php?rest_route=\/wp\/v2\/pages\/40096\/revisions"}],"predecessor-version":[{"id":45498,"href":"https:\/\/www.riogrande.rs.gov.br\/smed\/index.php?rest_route=\/wp\/v2\/pages\/40096\/revisions\/45498"}],"up":[{"embeddable":true,"href":"https:\/\/www.riogrande.rs.gov.br\/smed\/index.php?rest_route=\/wp\/v2\/pages\/3571"}],"wp:attachment":[{"href":"https:\/\/www.riogrande.rs.gov.br\/smed\/index.php?rest_route=%2Fwp%2Fv2%2Fmedia&parent=40096"}],"curies":[{"name":"wp","href":"https:\/\/api.w.org\/{rel}","templated":true}]}}