{"id":40094,"date":"2021-04-12T17:21:34","date_gmt":"2021-04-12T20:21:34","guid":{"rendered":"https:\/\/www.riogrande.rs.gov.br\/smed\/?page_id=40094"},"modified":"2021-04-12T17:21:34","modified_gmt":"2021-04-12T20:21:34","slug":"pareceres-2018","status":"publish","type":"page","link":"https:\/\/www.riogrande.rs.gov.br\/smed\/?page_id=40094","title":{"rendered":"Pareceres 2018"},"content":{"rendered":"<p style=\"text-align: justify;\"><a href=\"http:\/\/www.riogrande.rs.gov.br\/smed\/wp-content\/uploads\/2018\/05\/20180522-cme-parecer_001-responde_consulta_escola_santana.docx.pdf\" target=\"_blank\" rel=\"noopener noreferrer\">Parecer <\/a><a href=\"http:\/\/www.riogrande.rs.gov.br\/smed\/wp-content\/uploads\/2017\/12\/parecer_039.pdf\" target=\"_blank\" rel=\"noopener noreferrer\">n\u00b0<\/a><a href=\"http:\/\/www.riogrande.rs.gov.br\/smed\/wp-content\/uploads\/2018\/05\/20180522-cme-parecer_001-responde_consulta_escola_santana.docx.pdf\" target=\"_blank\" rel=\"noopener noreferrer\"> 001\/2018<\/a><\/p>\n<p style=\"text-align: justify;\">&#8220;RESPONDE \u00c0 CONSULTA DA ESCOLA MUNICIPAL DE ENSINO FUNDAMENTAL SANTANA SOBRE SOLICITA\u00c7\u00c3O DE ADENDO AO REGIMENTO ESCOLAR&#8221;<\/p>\n<p style=\"text-align: justify;\"><a href=\"http:\/\/www.riogrande.rs.gov.br\/smed\/wp-content\/uploads\/2018\/05\/20180522-cme-parecer_002-autoriza_mansao_da_paz_por_dois_anos.2.docx_2.pdf\" target=\"_blank\" rel=\"noopener noreferrer\">Parecer n\u00b0 002\/2018<\/a><\/p>\n<p style=\"text-align: justify;\">&#8220;Autoriza o funcionamento Creche e Casa da Crian\u00e7a Mans\u00e3o da Paz, localizada \u00e0 Rua Almirante Barroso, 365 \u2013 Centro \u2013 pelo per\u00edodo de dois anos.&#8221;<\/p>\n<p style=\"text-align: justify;\"><a href=\"http:\/\/www.riogrande.rs.gov.br\/smed\/wp-content\/uploads\/2018\/05\/20180522-cme-parecer_003-autoriza_algodao_doce.docx.pdf\" target=\"_blank\" rel=\"noopener noreferrer\">Parecer n\u00b0 003\/2018<\/a><\/p>\n<p style=\"text-align: justify;\">&#8220;Autoriza o funcionamento da Escola de Educa\u00e7\u00e3o Infantil Algod\u00e3o Doce, situada \u00e0 rua Conselheiro Teixeira Jr., 414\u2013 Cidade Nova \u2013 pelo per\u00edodo de dois anos.&#8221;<\/p>\n<p style=\"text-align: justify;\"><a href=\"http:\/\/www.riogrande.rs.gov.br\/smed\/wp-content\/uploads\/2018\/05\/20180522-cme-parecer_004-autoriza_bambi.docx.pdf\" target=\"_blank\" rel=\"noopener noreferrer\">Parecer n\u00b0 004\/2018<\/a><\/p>\n<p style=\"text-align: justify;\">&#8220;Autoriza o funcionamento da Escola de Educa\u00e7\u00e3o Infantil Bambi, localizada \u00e0 Rua Vidal de Negreiros, 523 &#8211; Jun\u00e7\u00e3o \u2013 pelo per\u00edodo de dois anos.&#8221;<\/p>\n<p style=\"text-align: justify;\"><a href=\"http:\/\/www.riogrande.rs.gov.br\/smed\/wp-content\/uploads\/2018\/05\/20180522-cme-parecer_005-toma_ciencia_ppp_apriva_regimento_e_autoriza_ed.inf_.e_ens.fund_.luiza_tavares_schimidt.docx.pdf\" target=\"_blank\" rel=\"noopener noreferrer\">Parecer n\u00b0 005\/2018<\/a><\/p>\n<p style=\"text-align: justify;\">&#8220;Toma ci\u00eancia do PPP, aprova o Regimento, credencia e autoriza o funcionamento da Educa\u00e7\u00e3o Infantil e do Ensino Fundamental na E.M.E.F. Professora Luiza Tavares Schimidt, com validade a partir do ano letivo de 2017.&#8221;<\/p>\n<p style=\"text-align: justify;\"><a href=\"http:\/\/www.riogrande.rs.gov.br\/smed\/wp-content\/uploads\/2018\/05\/20180524-cme-parecer_007-autoriza_e_credencia_ed.inf_na_aurora_cadaval.pdf\" target=\"_blank\" rel=\"noopener noreferrer\">Parecer n\u00b0 007\/2018<\/a><\/p>\n<p style=\"text-align: justify;\">&#8220;AUTORIZA E CREDENCIA O FUNCIONAMENTO DA EDUCA\u00c7\u00c3O INFANTIL NA E.M.E.F. AURORA CADAVAL , COM VIG\u00caNCIA A PARTIR DO ANO LETIVO DE 2018.&#8221;<\/p>\n<p style=\"text-align: justify;\"><a href=\"http:\/\/www.riogrande.rs.gov.br\/smed\/wp-content\/uploads\/2018\/05\/20180524-cme-parecer_008-autoriza_e_credencia_ed.inf_.franklin_roosevelt.pdf\" target=\"_blank\" rel=\"noopener noreferrer\">Parecer n\u00b0 008\/2018<\/a><\/p>\n<p style=\"text-align: justify;\">&#8220;AUTORIZA E CREDENCIA O FUNCIONAMENTO DA EDUCA\u00c7\u00c3O INFANTIL NA E.M.E.F. FRANKLIN ROOSEVELT , COM VIG\u00caNCIA A PARTIR DO ANO LETIVO DE 2018.&#8221;<\/p>\n<p style=\"text-align: justify;\"><a href=\"http:\/\/www.riogrande.rs.gov.br\/smed\/wp-content\/uploads\/2018\/05\/20180524-cme-parecer_009-autoriza_brincando_e_aprendendo.pdf\" target=\"_blank\" rel=\"noopener noreferrer\">Parecer n\u00b0 009\/2018<\/a><\/p>\n<p style=\"text-align: justify;\">&#8220;Autoriza e credencia o funcionamento da Escola de Educa\u00e7\u00e3o Infantil Brincando e Aprendendo, situada \u00e0 rua \u00canio Rodrigues Maurer, 51 \u2013 Cassino\u2013 pelo per\u00edodo<br \/>\nde dois anos.&#8221;<\/p>\n<p><a href=\"http:\/\/www.riogrande.rs.gov.br\/smed\/wp-content\/uploads\/2018\/08\/20180810-cme-parecer_010-autoriza_e_credencia_a_educacao_infantil_na_escola_pedro_ii.pdf\" target=\"_blank\" rel=\"noopener noreferrer\">Parecer n\u00b0 010\/2018<\/a><\/p>\n<p style=\"text-align: justify;\">&#8220;AUTORIZA E CREDENCIA O FUNCIONAMENTO DA EDUCA\u00c7\u00c3O INFANTIL NA E.M.E.F. D. PEDRO II , COM VIG\u00caNCIA A PARTIR DO ANO LETIVO DE 2018.&#8221;<\/p>\n<p><a href=\"http:\/\/www.riogrande.rs.gov.br\/smed\/wp-content\/uploads\/2018\/08\/20180810-cme-parecer_011-autoriza_e_credencia_educacao_infantil_na_escola_santana.pdf\" target=\"_blank\" rel=\"noopener noreferrer\">Parecer n\u00b0 011\/2018<\/a><\/p>\n<p style=\"text-align: justify;\">&#8220;AUTORIZA E CREDENCIA O FUNCIONAMENTO DA EDUCA\u00c7\u00c3O INFANTIL NA E.M.E.F. SANTANA , COM VIG\u00caNCIA A PARTIR DO ANO LETIVO DE 2018.&#8221;<\/p>\n<p><a href=\"http:\/\/www.riogrande.rs.gov.br\/smed\/wp-content\/uploads\/2018\/08\/20180810-cme-parecer_012-autoriza_funcionamento_somma_kids_por_dois_anos.pdf\" target=\"_blank\" rel=\"noopener noreferrer\">Parecer n\u00b0 012\/2018<\/a><\/p>\n<p style=\"text-align: justify;\">&#8220;Autoriza e credencia o funcionamento da Escola de Educa\u00e7\u00e3o Infantil Somma Kids, situada \u00e0 rua Vice-Almirante Abre, 767 \u2013 Centro &#8211; pelo per\u00edodo de dois anos.&#8221;<\/p>\n<p><a href=\"http:\/\/www.riogrande.rs.gov.br\/smed\/wp-content\/uploads\/2018\/08\/20180810-cme-parecer_013-autoriza_funcionamento_mundo_encantado_por_dois_anos.pdf\" target=\"_blank\" rel=\"noopener noreferrer\">Parecer n\u00b0 013\/2018<\/a><\/p>\n<p style=\"text-align: justify;\">&#8220;Autoriza\u00e7\u00e3o de funcionamento da Escola de Educa\u00e7\u00e3o Infantil Mundo Encantado, localizada \u00e0 Rua Armando de Oliveira Couto Dias, 51- Bairro Castelo Branco I \u2013 pelo per\u00edodo de dois anos.&#8221;<\/p>\n<p style=\"text-align: justify;\"><a href=\"http:\/\/www.riogrande.rs.gov.br\/smed\/wp-content\/uploads\/2018\/08\/20180810-cme-parecer_014-autoriza_e_credencia_com_resslavas_a_ed_inf_na_escola_alba_anselmo_olinto.pdf\" target=\"_blank\" rel=\"noopener noreferrer\">Parecer n\u00b0 014\/2018<\/a><\/p>\n<p style=\"text-align: justify;\">&#8220;AUTORIZA, COM RESSALVAS, E CREDENCIA O FUNCIONAMENTO DA EDUCA\u00c7\u00c3O INFANTIL NA E.M.E.F. Profa ALBA ANSELMO OLINTO , COM VIG\u00caNCIA A PARTIR DO ANO LETIVO DE 2018.&#8221;<\/p>\n<p><a href=\"http:\/\/www.riogrande.rs.gov.br\/smed\/wp-content\/uploads\/2018\/08\/20180810-cme-parecer_015-autoriza_e_credencia_com_resslvas_a_ed.inf_.na_escola_coronel_pedro_osorio.pdf\" target=\"_blank\" rel=\"noopener noreferrer\">Parecer n\u00b0 015\/2018<\/a><\/p>\n<p style=\"text-align: justify;\">&#8220;AUTORIZA, COM RESSALVAS, E CREDENCIA O FUNCIONAMENTO DA EDUCA\u00c7\u00c3O INFANTIL NA E.M.E.F. CORONEL PEDRO OS\u00d3RIO, COM VIG\u00caNCIA A PARTIR DO ANO LETIVO DE 2018.&#8221;<\/p>\n<p><a href=\"http:\/\/www.riogrande.rs.gov.br\/smed\/wp-content\/uploads\/2018\/08\/20180810-cme-parecer_016-autoriza_com_ressalvas_e_credencia_a_ed_inf_na_escola_argemiro_dias_de_lima.pdf\" target=\"_blank\" rel=\"noopener noreferrer\">Parecer n\u00b0 016\/2018<\/a><\/p>\n<p style=\"text-align: justify;\">&#8220;AUTORIZA, COM RESSALVAS, E CREDENCIA O FUNCIONAMENTO DA EDUCA\u00c7\u00c3O INFANTIL NA E.M.E.F. ARGEMIRO DIAS DE LIMA, COM VIG\u00caNCIA A PARTIR DO ANO LETIVO DE 2018.&#8221;<\/p>\n<p><a href=\"http:\/\/www.riogrande.rs.gov.br\/smed\/wp-content\/uploads\/2018\/12\/20181228-cme-parecer_017-autoriza_e_credencia_sapecas_em_acao.pdf\" target=\"_blank\" rel=\"noopener noreferrer\">Parecer n\u00b0 017\/2018<\/a><\/p>\n<p style=\"text-align: justify;\">&#8220;Autoriza e credencia o funcionamento da Escola de Educa\u00e7\u00e3o Infantil Sapecas em A\u00e7\u00e3o, situada \u00e0 rua Acre, 284 \u2013 Bairro Buchholz, pelo per\u00edodo de dois anos.&#8221;<\/p>\n<p><a href=\"http:\/\/www.riogrande.rs.gov.br\/smed\/wp-content\/uploads\/2019\/02\/20190228-cme-parecer_018-autoriza_e_credencia_a_escola_sesquinho.pdf\" target=\"_blank\" rel=\"noopener noreferrer\">Parecer n\u00b0 018\/2018<\/a><\/p>\n<p style=\"text-align: justify;\">&#8220;Autoriza e credencia o funcionamento da Escola de Educa\u00e7\u00e3o Infantil Sesquinho, situada \u00e0 Rua Silva Paes, 416- Centro, por dois anos.&#8221;<\/p>\n<p><a href=\"http:\/\/www.riogrande.rs.gov.br\/smed\/wp-content\/uploads\/2018\/12\/20181228-cme-parecer_019-atoriza_e_credencia_cantinho_da_crianca.pdf\" target=\"_blank\" rel=\"noopener noreferrer\">Parecer n\u00b0 019\/2018<\/a><\/p>\n<p style=\"text-align: justify;\">&#8220;Autoriza o funcionamento da Escola de Educa\u00e7\u00e3o Infantil Cantinho da Crian\u00e7a, situada \u00e0 Rua Visc. De Mau\u00e1, 233\/01- Cidade Nova, por dois anos.&#8221;<\/p>\n<p><a href=\"http:\/\/www.riogrande.rs.gov.br\/smed\/wp-content\/uploads\/2018\/12\/20181228-cme-parecer_020-toma_ci_encia_do_ppp_e_aprova_regimento_wanda_rocha.pdf\" target=\"_blank\" rel=\"noopener noreferrer\">Parecer n\u00b0 020\/2018<\/a><\/p>\n<p style=\"text-align: justify;\">&#8220;TOMA CI\u00caNCIA DO PPP E APROVA O REGIMENTO DA ESCOLA MUNICIPAL DE ENSINO FUNDAMENTAL PROFESSORA WANDA ROCHA MARTINS, COM VIG\u00caNCIA A PARTIR DO ANO LETIVO DE 2019.&#8221;<\/p>\n<p><a href=\"http:\/\/www.riogrande.rs.gov.br\/smed\/wp-content\/uploads\/2018\/12\/20181228-cme-parecer_021-toma_ci_encia_do_ppp_e_aprova_regimento_emei_vila_da_quinta.pdf\" target=\"_blank\" rel=\"noopener noreferrer\">Parecer n\u00b0 021\/2018<\/a><\/p>\n<p style=\"text-align: justify;\">&#8220;TOMA CI\u00caNCIA DO PPP E APROVA O REGIMENTO DA ESCOLA MUNICIPAL DE EDUCA\u00c7\u00c3O INFANTIL VILA DA QUINTA, COM VIG\u00caNCIA A PARTIR DO ANO LETIVO DE 2019.&#8221;<\/p>\n<p><a href=\"http:\/\/www.riogrande.rs.gov.br\/smed\/wp-content\/uploads\/2018\/12\/20181228-cme-parecer_022-toma_ci_encia_do_ppp_aprova_o_regimento_e_autoriza_a_educacao_infantil_na_emef_clemnte_pinto.pdf\" target=\"_blank\" rel=\"noopener noreferrer\">Parecer n\u00b0 022\/2018<\/a><\/p>\n<p style=\"text-align: justify;\">&#8220;&#8221;Toma ci\u00eancia do PPP, aprova o Regimento , autoriza e credencia a Educa\u00e7\u00e3o Infantil na EMEF. Clemente Pinto, com vig\u00eancia a partir do ano letivo de 2019.<\/p>\n<p><a href=\"http:\/\/www.riogrande.rs.gov.br\/smed\/wp-content\/uploads\/2018\/12\/20181228-cme-parecer_023-propoe_a_revogacao_da_resolucao_039_de_2014_do_cme_e_da_nova_redacao.pdf\" target=\"_blank\" rel=\"noopener noreferrer\">Parecer n\u00b0 023\/2018<\/a><\/p>\n<p style=\"text-align: justify;\">&#8220;Proposta de altera\u00e7\u00e3o no texto da Resolu\u00e7\u00e3o CME no 39\/2014.&#8221;<\/p>\n<p><a href=\"http:\/\/www.riogrande.rs.gov.br\/smed\/wp-content\/uploads\/2018\/12\/20181228-cme-parecer_024-autoriza_e_credencia_caminho_encantado_por_dois_anos..pdf\" target=\"_blank\" rel=\"noopener noreferrer\">Parecer n\u00b0 024\/2018<\/a><\/p>\n<p style=\"text-align: justify;\">&#8220;Autoriza e credencia o funcionamento da Escola de Educa\u00e7\u00e3o Infantil Caminho Encantado, situada \u00e0 rua Conde de Porto Alegre, 360\u2013 Bairro Centro, pelo per\u00edodo de dois anos.&#8221;<\/p>\n<p><a href=\"http:\/\/www.riogrande.rs.gov.br\/smed\/wp-content\/uploads\/2018\/12\/20181228-cme-parecer_025-autoriza_e_credencia_joao_e_maria.pdf\" target=\"_blank\" rel=\"noopener noreferrer\">Parecer n\u00b0 025\/2018<\/a><\/p>\n<p style=\"text-align: justify;\">&#8220;Autoriza e credencia o funcionamento da Escola de Educa\u00e7\u00e3o Infantil Jo\u00e3o e Maria, localizada \u00e1 Rua Rio de Janeiro, 401 -\u2013 Bairro Cassino, pelo per\u00edodo de dois anos.&#8221;<\/p>\n<p><a href=\"http:\/\/www.riogrande.rs.gov.br\/smed\/wp-content\/uploads\/2018\/12\/20181228-cme-parecer_026_toma_ci_encia_do_ppp_e_aprova_regimento_maria_da_graca_reyes.pdf\" target=\"_blank\" rel=\"noopener noreferrer\">Parecer n\u00b0 026\/2018<\/a><\/p>\n<p style=\"text-align: justify;\">&#8220;Toma ci\u00eancia do PPP e aprova o Regimento da EMEF. Professora Maria da Gra\u00e7a Reyes, com vig\u00eancia a partir do ano letivo de 2019.&#8221;<\/p>\n<p><a href=\"http:\/\/www.riogrande.rs.gov.br\/smed\/wp-content\/uploads\/2018\/12\/20181228-cme-parecer_027-autoriza_e_credencia_ed_inf_na_escola_aurora_cadaval.pdf\" target=\"_blank\" rel=\"noopener noreferrer\">Parecer n\u00b0 027\/2018<\/a><\/p>\n<p style=\"text-align: justify;\">&#8220;AUTORIZA E CREDENCIA O FUNCIONAMENTO DA EDUCA\u00c7\u00c3O INFANTIL NA E.M.E.F. AURORA CADAVAL, COM VIG\u00caNCIA A PARTIR DO ANO LETIVO DE 2019.&#8221;<\/p>\n<p><a href=\"http:\/\/www.riogrande.rs.gov.br\/smed\/wp-content\/uploads\/2018\/12\/20181228-cme-parecer_028-autoriza_e_credencia_fa_de_crianca.pdf\" target=\"_blank\" rel=\"noopener noreferrer\">Parecer n\u00b0 028\/2018<\/a><\/p>\n<p style=\"text-align: justify;\">&#8220;Autoriza e credencia o funcionamento da Escola de Educa\u00e7\u00e3o Infantil F\u00e3 de Crian\u00e7a, situada \u00e0 rua Carlos Frederico Engelhadt, 248 \u2013 Parque S\u00e3o Pedro- pelo per\u00edodo de dois anos.&#8221;<\/p>\n<p><a href=\"http:\/\/www.riogrande.rs.gov.br\/smed\/wp-content\/uploads\/2018\/12\/20181228-cme-parecer_029-autoriza_e_credencia_viva_a_gente.pdf\" target=\"_blank\" rel=\"noopener noreferrer\">Parecer n\u00b0 029\/2018<\/a><\/p>\n<p style=\"text-align: justify;\">&#8220;Autoriza o funcionamento da Escola de Educa\u00e7\u00e3o Infantil Espa\u00e7o de Conviv\u00eancia Viva a Gente situada \u00e0 Rua Av. Pelotas, 69 Cidade Nova, por dois anos.&#8221;<\/p>\n<p><a href=\"http:\/\/www.riogrande.rs.gov.br\/smed\/wp-content\/uploads\/2018\/12\/20181228-cme-parecer_030-autoriza_peter_pan_por_dois_anos.pdf\" target=\"_blank\" rel=\"noopener noreferrer\">Parecer n\u00b0 030\/2018<\/a><\/p>\n<p style=\"text-align: justify;\">&#8220;Autoriza e credencia o funcionamento da Escola de Educa\u00e7\u00e3o Infantil Peter Pan, situada \u00e0 Rua Aquidaban, 619- Centro, por dois anos.&#8221;<\/p>\n<p><a href=\"http:\/\/www.riogrande.rs.gov.br\/smed\/wp-content\/uploads\/2018\/12\/20181228-cme-parecer_031-toma_ci_encia_do_ppp_e_aprova_regimento_emei_tia_luizinha.pdf\" target=\"_blank\" rel=\"noopener noreferrer\">Parecer n\u00b0 031\/2018<\/a><\/p>\n<p style=\"text-align: justify;\">&#8220;TOMA CI\u00caNCIA DO PPP E APROVA O REGIMENTO DA ESCOLA MUNICIPAL DE EDUCA\u00c7\u00c3O INFANTIL TIA LUIZINHA, COM VIG\u00caNCIA A PARTIR DO ANO LETIVO DE 2019.&#8221;<\/p>\n<p><a href=\"http:\/\/www.riogrande.rs.gov.br\/smed\/wp-content\/uploads\/2018\/12\/20181228-cme-parecer_032-toma_ci_encia_do_ppp_e_aprova_regimento_zenir_de_souza_braga.pdf\" target=\"_blank\" rel=\"noopener noreferrer\">Parecer n\u00b0 032\/2018<\/a><\/p>\n<p style=\"text-align: justify;\">&#8220;TOMA CI\u00caNCIA DO PPP E APROVA O REGIMENTO DA ESCOLA MUNICIPAL DE ENSINO FUNDAMENTAL PROF<sup>a.<\/sup> ZENIR DE SOUZA BRAGA, COM VIG\u00caNCIA A PARTIR DO ANO LETIVO DE 2019.&#8221;<\/p>\n<p><a href=\"http:\/\/www.riogrande.rs.gov.br\/smed\/wp-content\/uploads\/2018\/12\/20181228-cme-parecer_033-toma_ci_encia_do_ppp_e_aprova_regimento_zelly_esmeraldo.pdf\" target=\"_blank\" rel=\"noopener noreferrer\">Parecer n\u00b0 033\/2018<\/a><\/p>\n<p style=\"text-align: justify;\">&#8220;TOMA CI\u00caNCIA DO PPP E APROVA O REGIMENTO DA ESCOLA MUNICIPAL DE ENSINO FUNDAMENTAL PROF<sup>a.<\/sup> ZELLY PEREIRA ESMERALDO, COM VIG\u00caNCIA A PARTIR DO ANO LETIVO DE 2019.&#8221;<\/p>\n<p><a href=\"http:\/\/www.riogrande.rs.gov.br\/smed\/wp-content\/uploads\/2018\/12\/20181228-cme-parecer_034-autoriza_e_credencia_so_baby_por_dois_anos.pdf\" target=\"_blank\" rel=\"noopener noreferrer\">Parecer n\u00b0 034\/2018<\/a><\/p>\n<p style=\"text-align: justify;\">&#8220;Autoriza e credencia o funcionamento da Escola de Educa\u00e7\u00e3o Infantil Educa\u00e7\u00e3o Infantil S\u00f3 Baby, situada \u00e0 Rua Avenida Pelotas,724, Lagoa -, por dois anos&#8221;<\/p>\n<p><a href=\"http:\/\/www.riogrande.rs.gov.br\/smed\/wp-content\/uploads\/2018\/12\/20181228-cme-parecer_035-autoriza_e_credencia_querubim.pdf\" target=\"_blank\" rel=\"noopener noreferrer\">Parecer n\u00b0 035\/2018<\/a><\/p>\n<p style=\"text-align: justify;\">&#8220;Autoriza e credencia o funcionamento da Escola de Educa\u00e7\u00e3o Infantil Querubim, situada \u00e0 Av. Reinghantz, 46- Centro, por dois anos.&#8221;<\/p>\n<p><a href=\"http:\/\/www.riogrande.rs.gov.br\/smed\/wp-content\/uploads\/2018\/12\/20181228-cme-parecer_036-toma_ci_encia_do_ppp_e_aprova_regimento_jayme_monteiro.pdf\" target=\"_blank\" rel=\"noopener noreferrer\">Parecer n\u00b0 036\/2018<\/a><\/p>\n<p style=\"text-align: justify;\">&#8220;TOMA CI\u00caNCIA DO PPP E APROVA O REGIMENTO DA ESCOLA MUNICIPAL DE ENSINO FUNDAMENTAL PROF. JAYME GOMES MONTEIRO, COM VIG\u00caNCIA A PARTIR DO ANO LETIVO DE 2019.&#8221;<\/p>\n<h2 align=\"JUSTIFY\"><a href=\"https:\/\/www.riogrande.rs.gov.br\/smed\/?page_id=3571\">Voltar<\/a><\/h2>\n","protected":false},"excerpt":{"rendered":"<p>Parecer n\u00b0 001\/2018 &#8220;RESPONDE \u00c0 CONSULTA DA ESCOLA MUNICIPAL DE ENSINO FUNDAMENTAL SANTANA SOBRE SOLICITA\u00c7\u00c3O DE ADENDO AO REGIMENTO ESCOLAR&#8221; Parecer n\u00b0 002\/2018 &#8220;Autoriza o funcionamento Creche e Casa da Crian\u00e7a Mans\u00e3o da Paz, localizada \u00e0 Rua Almirante Barroso, 365 \u2013 Centro \u2013 pelo per\u00edodo de dois anos.&#8221; Parecer n\u00b0 003\/2018 &#8220;Autoriza o funcionamento da [&hellip;]<\/p>\n","protected":false},"author":7,"featured_media":0,"parent":3571,"menu_order":18,"comment_status":"closed","ping_status":"closed","template":"","meta":{"footnotes":""},"class_list":["post-40094","page","type-page","status-publish","hentry"],"_links":{"self":[{"href":"https:\/\/www.riogrande.rs.gov.br\/smed\/index.php?rest_route=\/wp\/v2\/pages\/40094"}],"collection":[{"href":"https:\/\/www.riogrande.rs.gov.br\/smed\/index.php?rest_route=\/wp\/v2\/pages"}],"about":[{"href":"https:\/\/www.riogrande.rs.gov.br\/smed\/index.php?rest_route=\/wp\/v2\/types\/page"}],"author":[{"embeddable":true,"href":"https:\/\/www.riogrande.rs.gov.br\/smed\/index.php?rest_route=\/wp\/v2\/users\/7"}],"replies":[{"embeddable":true,"href":"https:\/\/www.riogrande.rs.gov.br\/smed\/index.php?rest_route=%2Fwp%2Fv2%2Fcomments&post=40094"}],"version-history":[{"count":1,"href":"https:\/\/www.riogrande.rs.gov.br\/smed\/index.php?rest_route=\/wp\/v2\/pages\/40094\/revisions"}],"predecessor-version":[{"id":40095,"href":"https:\/\/www.riogrande.rs.gov.br\/smed\/index.php?rest_route=\/wp\/v2\/pages\/40094\/revisions\/40095"}],"up":[{"embeddable":true,"href":"https:\/\/www.riogrande.rs.gov.br\/smed\/index.php?rest_route=\/wp\/v2\/pages\/3571"}],"wp:attachment":[{"href":"https:\/\/www.riogrande.rs.gov.br\/smed\/index.php?rest_route=%2Fwp%2Fv2%2Fmedia&parent=40094"}],"curies":[{"name":"wp","href":"https:\/\/api.w.org\/{rel}","templated":true}]}}