{"id":40092,"date":"2021-04-12T17:18:32","date_gmt":"2021-04-12T20:18:32","guid":{"rendered":"https:\/\/www.riogrande.rs.gov.br\/smed\/?page_id=40092"},"modified":"2021-04-12T17:18:32","modified_gmt":"2021-04-12T20:18:32","slug":"pareceres-2017","status":"publish","type":"page","link":"https:\/\/www.riogrande.rs.gov.br\/smed\/?page_id=40092","title":{"rendered":"Pareceres 2017"},"content":{"rendered":"<p style=\"text-align: justify;\"><a href=\"http:\/\/www.riogrande.rs.gov.br\/smed\/wp-content\/uploads\/2017\/09\/20170911-cme-parecer_001_2017-maria_da_gloria.pdf\" target=\"_blank\" rel=\"noopener noreferrer\">Parecer n\u00ba 001\/2017<\/a><\/p>\n<p style=\"text-align: justify;\">&#8220;TOMA CI\u00caNCIA DO PPP, APROVA O REGIMENTO E AUTORIZA A EDUCA\u00c7\u00c3O INFANTIL NA ESCOLA MUNICIPAL DE ENSINO FUNDAMENTAL PROFESSORA MARIA DA GL\u00d3RIA PEREIRA, A PARTIR DO ANO LETIVO DE 2017.&#8221;<\/p>\n<p><a href=\"http:\/\/www.riogrande.rs.gov.br\/smed\/wp-content\/uploads\/2017\/05\/20170526-cme-parecer_002-autoriza_funcionamento_arco-iris.pdf\" target=\"_blank\" rel=\"noopener noreferrer\">Parecer n\u00ba 002\/2017<\/a><\/p>\n<p>&#8220;Autoriza o funcionamento da Escola de Educa\u00e7\u00e3o Infantil Arco-\u00cdris, situada \u00e0 Rua D. Bosco, 122- Cidade Nova, por dois anos.&#8221;<\/p>\n<p><a href=\"http:\/\/www.riogrande.rs.gov.br\/smed\/wp-content\/uploads\/2017\/06\/20170612-cme-parecer_003-autoriza_funcionamento_terra_matter.pdf\" target=\"_blank\" rel=\"noopener noreferrer\">Parecer n\u00ba 003\/2017<\/a><\/p>\n<p style=\"text-align: justify;\">&#8220;Autoriza o funcionamento da Escola de Educa\u00e7\u00e3o Infantil Terra Matter, situada \u00e0 Rua Major Carlos Pinto, 230- Centro, por dois anos.&#8221;<\/p>\n<p><a href=\"http:\/\/www.riogrande.rs.gov.br\/smed\/wp-content\/uploads\/2017\/05\/20170526-cme-parecer_004-toma_ci_encia_do_ppp_aprova_regimento_e_autoriza_a_ed.inf_.na_emef_roque_aita_jr..pdf\" target=\"_blank\" rel=\"noopener noreferrer\">Parecer n\u00ba 004\/2017<\/a><\/p>\n<p>&#8220;TOMA CI\u00caNCIA DO PPP, APROVA O REGIMENTO E AUTORIZA A EDUCA\u00c7\u00c3O INFANTIL NA ESCOLA MUNICIPAL DE ENSINO FUNDAMENTAL DR. ROQUE A\u00cdTA JR., COM VIG\u00caNCIA A PARTIR DO ANO LETIVO DE 2017.&#8221;<\/p>\n<p><a href=\"http:\/\/www.riogrande.rs.gov.br\/smed\/wp-content\/uploads\/2017\/06\/20170612-cme-parecer_005-autoriza_funcionamento_educarte.pdf\" target=\"_blank\" rel=\"noopener noreferrer\">Parecer n\u00ba 005\/2017<\/a><\/p>\n<p style=\"text-align: justify;\">&#8220;Autoriza o funcionamento da Escola de Educa\u00e7\u00e3o Infantil Educarte, situada \u00e0 Rua Duque de Caxias, 394, 230- Centro, por dois anos.&#8221;<\/p>\n<p><a href=\"http:\/\/www.riogrande.rs.gov.br\/smed\/wp-content\/uploads\/2017\/06\/20170612-cme-parecer_006-alcides_maia.pdf\" target=\"_blank\" rel=\"noopener noreferrer\">Parecer n\u00ba 006\/2017<\/a><\/p>\n<p style=\"text-align: justify;\">&#8220;TOMA CI\u00caNCIA DO PPP, APROVA O REGIMENTO E AUTORIZA A EDUCA\u00c7\u00c3O INFANTIL NA ESCOLA MUNICIPAL DE ENSINO FUNDAMENTAL ALCIDES MAIA, COM VIG\u00caNCIA A PARTIR DO ANO LETIVO DE 2017.&#8221;<\/p>\n<p><a href=\"http:\/\/www.riogrande.rs.gov.br\/smed\/wp-content\/uploads\/2017\/06\/20170612-cme-parecer_007-autoriza_funcionamento_tia_gleci.pdf\" target=\"_blank\" rel=\"noopener noreferrer\">Parecer n\u00ba 007\/2017<\/a><\/p>\n<p style=\"text-align: justify;\">&#8220;Autoriza o funcionamento da Escola de Educa\u00e7\u00e3o Infantil Educa\u00e7\u00e3o Infantil Tia Gleci, situada \u00e0 Rua Francisco Marques, 171 \u2013 Centro -, por dois anos.&#8221;<\/p>\n<p><a href=\"http:\/\/www.riogrande.rs.gov.br\/smed\/wp-content\/uploads\/2017\/06\/20170612-cme-parecer_008-autoriza_funcionamento_carinha_de_anjo.pdf\" target=\"_blank\" rel=\"noopener noreferrer\">Parecer n\u00ba 008\/2017<\/a><\/p>\n<p>&#8220;Autoriza o funcionamento da Escola de Educa\u00e7\u00e3o Infantil Educa\u00e7\u00e3o Infantil Carinha de Anjo, situada \u00e0 Rua Andrade Neves, 322 \u2013 Centro -, por dois anos.&#8221;<\/p>\n<p><a href=\"http:\/\/www.riogrande.rs.gov.br\/smed\/wp-content\/uploads\/2017\/06\/20170612-cme-parecer_009-autoriza_funcionamento_oficina_do_saber.pdf\" target=\"_blank\" rel=\"noopener noreferrer\">Parecer n\u00ba 009\/2017<\/a><\/p>\n<p style=\"text-align: justify;\">&#8220;Autoriza o funcionamento da Escola de Educa\u00e7\u00e3o Infantil Educa\u00e7\u00e3o Infantil Oficina do Saber, situada \u00e0 Rua Carlos Gomes, 746 \u2013 Bl. D \u2013 Centro -, por dois anos.&#8221;<\/p>\n<p><a href=\"http:\/\/www.riogrande.rs.gov.br\/smed\/wp-content\/uploads\/2017\/06\/20170612-cme-parecer_010-autoriza_funcionamento_fazendo_arte.pdf\" target=\"_blank\" rel=\"noopener noreferrer\">Parecer n\u00ba 010\/2017<\/a><\/p>\n<p style=\"text-align: justify;\">&#8220;Autoriza o funcionamento da Escola de Educa\u00e7\u00e3o Infantil Educa\u00e7\u00e3o Infantil Fazendo Arte, situada \u00e0 Rua Dr. Miguel Riet Corr\u00eaa, 16 \u2013 Bairro Le\u00f4nidas -, por dois anos.&#8221;<\/p>\n<p><a href=\"http:\/\/www.riogrande.rs.gov.br\/smed\/wp-content\/uploads\/2017\/08\/20170916-cme-parecer_011-toma_ci_encia_do_ppp_e_aprova_regimento_escola_coracao_de_maria.pdf\" target=\"_blank\" rel=\"noopener noreferrer\">Parecer n\u00ba 011\/2017<\/a><\/p>\n<p style=\"text-align: justify;\">&#8220;TOMA CI\u00caNCIA DO PPP E APROVA O REGIMENTO DA ESCOLA MUNICIPAL DE ENSINO FUNDAMENTAL CORA\u00c7\u00c3O DE MARIA, COM VIG\u00caNCIA A PARTIR DO ANO LETIVO DE 2017.&#8221;<\/p>\n<p><a href=\"http:\/\/www.riogrande.rs.gov.br\/smed\/wp-content\/uploads\/2017\/08\/20170916-cme-parecer_012-aprova_regimento_anselmo_dias_lopes.pdf\" target=\"_blank\" rel=\"noopener noreferrer\">Parecer n\u00ba 012\/2017<\/a><\/p>\n<p>&#8220;Toma ci\u00eancia do PPP, aprova o Regimento e autoriza a Educa\u00e7\u00e3o Infantil na E.M.E.F. Anselmo Dias Lopes, com vig\u00eancia a partir do ano letivo de 2017.&#8221;<\/p>\n<p><a href=\"http:\/\/www.riogrande.rs.gov.br\/smed\/wp-content\/uploads\/2017\/08\/20170829-cme-parecer_013_verenice.pdf\" target=\"_blank\" rel=\"noopener noreferrer\">Parecer n\u00ba 013\/2017<\/a><\/p>\n<p>&#8220;TOMA CI\u00caNCIA DO PPP, APROVA O REGIMENTO E AUTORIZA A EDUCA\u00c7\u00c3O INFANTIL NA ESCOLA MUNICIPAL DE EDUCA\u00c7\u00c3O INFANTIL PROFESSORA VERENICE FERREIRA GON\u00c7ALVES, A PARTIR DO ANO LETIVO DE 2017.&#8221;<\/p>\n<p><a href=\"http:\/\/www.riogrande.rs.gov.br\/smed\/wp-content\/uploads\/2017\/08\/20170829-cme-parecer_014_coriolano.pdf\" target=\"_blank\" rel=\"noopener noreferrer\">Parecer n\u00ba 014\/2017<\/a><\/p>\n<p>&#8220;TOMA CI\u00caNCIA DO PPP E APROVA O REGIMENTO DA E.M.E.F. CORIOLANO BEN\u00cdCIO, COM VIG\u00caNCIA A PARTIR DO ANO LETIVO DE 2017.&#8221;<\/p>\n<p><a href=\"http:\/\/www.riogrande.rs.gov.br\/smed\/wp-content\/uploads\/2017\/09\/20170926-cme-parecer_015-2017.pdf\" target=\"_blank\" rel=\"noopener noreferrer\">Parecer n\u00ba 015\/2017<\/a><\/p>\n<p>&#8220;Autoriza o funcionamento da Escola de Educa\u00e7\u00e3o Infantil Educa\u00e7\u00e3o Infantil Esconderijo Sapeka, situada \u00e0 rua Ilha de Maraj\u00f3, 79 \u2013 Bairro parque Marinha &#8211; por dois anos.&#8221;<\/p>\n<p><a href=\"http:\/\/www.riogrande.rs.gov.br\/smed\/wp-content\/uploads\/2017\/10\/20171003-cme-parecer_016-toma_ci_encia_ppp_e_aprova_regimento_eva_mann.pdf\" target=\"_blank\" rel=\"noopener noreferrer\">Parecer n\u00ba 016\/2017<\/a><\/p>\n<p>&#8220;TOMA CI\u00caNCIA DO PPP, APROVA O REGIMENTO E AUTORIZA A EDUCA\u00c7\u00c3O INFANTIL NA ESCOLA MUNICIPAL DE EDUCA\u00c7\u00c3O INFANTIL PROFESSORA EVA MANN, A PARTIR DO ANO LETIVO DE 2017.&#8221;<\/p>\n<p><a href=\"http:\/\/www.riogrande.rs.gov.br\/smed\/wp-content\/uploads\/2017\/10\/20171024-cme-parecer17.pdf\" target=\"_blank\" rel=\"noopener noreferrer\">Parecer n\u00b0 017\/2017<\/a><\/p>\n<p style=\"text-align: justify;\">&#8220;Autoriza o funcionamento da Escola Municipal de Educa\u00e7\u00e3o Infantil Casa da Crian\u00e7a Dr. Augusto Duprat, situada \u00e0 Rua Bento Gon\u00e7alves, 179 \u2013 Cidade Nova .&#8221;<\/p>\n<p><a href=\"http:\/\/www.riogrande.rs.gov.br\/smed\/wp-content\/uploads\/2017\/10\/20171024-cme-parecer_018-autoriza_funcionamento_tia_cris.pdf\" target=\"_blank\" rel=\"noopener noreferrer\">Parecer n\u00b0 018\/2017<\/a><\/p>\n<p style=\"text-align: justify;\">&#8220;Autoriza o funcionamento da Escola de Educa\u00e7\u00e3o Infantil Tia Cris, situada \u00e0 Rua Val Porto, 435 \u2013 Parque Residencial Salgado Filho &#8211; por dois anos.&#8221;<\/p>\n<p style=\"text-align: justify;\"><a href=\"http:\/\/www.riogrande.rs.gov.br\/smed\/wp-content\/uploads\/2017\/12\/20171205-cme-parecer_019.pdf\" target=\"_blank\" rel=\"noopener noreferrer\">Parecer n\u00b0 019\/2017<\/a><\/p>\n<p style=\"text-align: justify;\">&#8220;Autoriza o funcionamento da Escola de Educa\u00e7\u00e3o Infantil Crian\u00e7a e Cia, situada \u00e0 rua Benjamim Constant, 331 \u2013 Centro &#8211; pelo per\u00edodo de dois anos.&#8221;<\/p>\n<p style=\"text-align: justify;\"><a href=\"http:\/\/www.riogrande.rs.gov.br\/smed\/wp-content\/uploads\/2017\/12\/20171205-cme-parecer_021.pdf\" target=\"_blank\" rel=\"noopener noreferrer\">Parecer n\u00b0 021\/2017<\/a><\/p>\n<p style=\"text-align: justify;\">&#8220;AUTORIZA O FUNCIONAMENTO DA EDUCA\u00c7\u00c3O INFANTIL NA E.M.E.F MATE AMARGO, COM VIG\u00caNCIA A PARTIR DO ANO LETIVO DE 2017&#8221;<\/p>\n<p style=\"text-align: justify;\"><a href=\"http:\/\/www.riogrande.rs.gov.br\/smed\/wp-content\/uploads\/2017\/12\/20171205-cme-parecer_022.pdf\" target=\"_blank\" rel=\"noopener noreferrer\">Parecer n\u00b0 022\/2017<\/a><br \/>\n&#8220;TOMA CI\u00caNCIA DO PPP E APROVA O REGIMENTO DA ESCOLA MUNICIPAL DE ENSINO FUNDAMENTAL PROFESSOR JO\u00c3O DE OLIVEIRA MARTINS, COM VIG\u00caNCIA A PARTIR DO ANO LETIVO DE 2017.&#8221;<\/p>\n<p style=\"text-align: justify;\"><a href=\"http:\/\/www.riogrande.rs.gov.br\/smed\/wp-content\/uploads\/2017\/12\/20171205-cme-parecer_023.pdf\" target=\"_blank\" rel=\"noopener noreferrer\">Parecer n\u00b0 023\/2017<\/a><br \/>\n&#8220;TOMA CI\u00caNCIA DO PPP E APROVA O REGIMENTO DA ESCOLA MUNICIPAL DE ENSINO FUNDAMENTAL ANA NERI, COM VIG\u00caNCIA A PARTIR DO ANO LETIVO DE 2017.&#8221;<\/p>\n<p style=\"text-align: justify;\"><a href=\"http:\/\/www.riogrande.rs.gov.br\/smed\/wp-content\/uploads\/2017\/12\/20171205-cme-parecer_024.pdf\" target=\"_blank\" rel=\"noopener noreferrer\">Parecer n\u00b0 024\/2017<\/a><\/p>\n<p style=\"text-align: justify;\">&#8220;TOMA CI\u00caNCIA DO PPP, APROVA O REGIMENTO, AUTORIZA A EDUCA\u00c7\u00c3O INFANTIL DA ESCOLA MUNICIPAL DE ENSINO FUNDAMENTAL APOLIN\u00c1RIO PORTO<br \/>\nALEGRE E FAZ CONSIDERA\u00c7\u00d5ES SOBRE OS DOCUMENTOS E A INSTITUI\u00c7\u00c3O EM QUEST\u00c3O.&#8221;<\/p>\n<p style=\"text-align: justify;\"><a href=\"http:\/\/www.riogrande.rs.gov.br\/smed\/wp-content\/uploads\/2017\/12\/20171205-cme-parecer_025.pdf\" target=\"_blank\" rel=\"noopener noreferrer\">Parecer n\u00b0 025\/2017<\/a><\/p>\n<p style=\"text-align: justify;\">&#8220;TOMA CI\u00caNCIA DO PPP, APROVA O REGIMENTO, E AUTORIZA O FUNCIONAMENTO DA ESCOLA MUNICIPAL DE EDUCA\u00c7\u00c3O INFANTIL PROF\u00aa DEBORAH THOM\u00c9 SAY\u00c3O FAZ CONSIDERA\u00c7\u00d5ES SOBRE OS DOCUMENTOS E A INSTITUI\u00c7\u00c3O EM QUEST\u00c3O.&#8221;<\/p>\n<p style=\"text-align: justify;\"><a href=\"http:\/\/www.riogrande.rs.gov.br\/smed\/wp-content\/uploads\/2017\/12\/20171205-cme-parecer_026.pdf\" target=\"_blank\" rel=\"noopener noreferrer\">Parecer n\u00b0 026\/2017<\/a><br \/>\n&#8220;Autoriza\u00e7\u00e3o de funcionamento da Escola de Educa\u00e7\u00e3o Infantil Tia Rita, localizada \u00e0 Rua Tobias Barreto, n\u00ba 364 \u2013 COHAB II \u2013 por dois anos.&#8221;<\/p>\n<p style=\"text-align: justify;\"><a href=\"http:\/\/www.riogrande.rs.gov.br\/smed\/wp-content\/uploads\/2017\/12\/20171205-cme-parecer_027.pdf\" target=\"_blank\" rel=\"noopener noreferrer\">Parecer n\u00b0 027\/2017<\/a><br \/>\n&#8220;Autoriza\u00e7\u00e3o de funcionamento da Escola de Educa\u00e7\u00e3o Infantil Mundo Encantado, localizada \u00e0 Rua Armando de Oliveira Couto Dias, 51- Bairro Castelo Branco I \u2013 att\u00e9 a data de 30\/06\/2018&#8221;<\/p>\n<p style=\"text-align: justify;\"><a href=\"http:\/\/www.riogrande.rs.gov.br\/smed\/wp-content\/uploads\/2017\/12\/20171205-cme-parecer_028.pdf\" target=\"_blank\" rel=\"noopener noreferrer\">Parecer n\u00b0 028\/2017<\/a><\/p>\n<p style=\"text-align: justify;\">&#8220;AUTORIZA O FUNCIONAMENTO DA EDUCA\u00c7\u00c3O INFANTIL NA E.M.E.F. CIPRIANO PORTO ALEGRE , COM VIG\u00caNCIA A PARTIR DO ANO LETIVO DE 2017&#8221;<\/p>\n<p style=\"text-align: justify;\"><a href=\"http:\/\/www.riogrande.rs.gov.br\/smed\/wp-content\/uploads\/2017\/12\/20171205-cme-parecer_029.pdf\" target=\"_blank\" rel=\"noopener noreferrer\">Parecer n\u00b0 029\/2017<\/a><\/p>\n<p style=\"text-align: justify;\">&#8220;Autoriza o funcionamento da Escola de Educa\u00e7\u00e3o Infantil Caracol, situada \u00e0 rua Taufic Abdo Nader, 287 \u2013 Cassino.&#8221;<\/p>\n<p><a href=\"http:\/\/www.riogrande.rs.gov.br\/smed\/wp-content\/uploads\/2017\/12\/parecer_030.pdf\" target=\"_blank\" rel=\"noopener noreferrer\">Parecer n\u00b0 030\/2017<\/a><\/p>\n<p style=\"text-align: justify;\">&#8220;Autoriza o funcionamento da Escola de Educa\u00e7\u00e3o Infantil\u00a0Michigan Kids, situada \u00e0 Rua Barroso, 02 \u2013 Centro \u2013 pelo per\u00edodo de dois anos.&#8221;<\/p>\n<p style=\"text-align: justify;\"><a href=\"http:\/\/www.riogrande.rs.gov.br\/smed\/wp-content\/uploads\/2017\/12\/parecer_031.pdf\" target=\"_blank\" rel=\"noopener noreferrer\">Parecer n\u00b0 031\/2017<\/a><\/p>\n<p style=\"text-align: justify;\">&#8220;TOMA CI\u00caNCIA DO PPP E APROVA O REGIMENTO DA ESCOLA MUNICIPAL DE ENSINO FUNDAMENTAL SYLVIA CENTENO XAVIER , COM VIG\u00caNCIA A PARTIR DO ANO LETIVO DE 2017.&#8221;<\/p>\n<p><a href=\"http:\/\/www.riogrande.rs.gov.br\/smed\/wp-content\/uploads\/2017\/12\/parecer_032.pdf\" target=\"_blank\" rel=\"noopener noreferrer\">Parecer n\u00b0 032\/2017<\/a><\/p>\n<p style=\"text-align: justify;\">AUTORIZA E CREDENCIA O FUNCIONAMENTO DA EDUCA\u00c7\u00c3O INFANTIL NA E.M.E.F. MANOEL MARTINS MANO , COM VIG\u00caNCIA A PARTIR DO ANO LETIVO DE 2017<\/p>\n<p><a href=\"http:\/\/www.riogrande.rs.gov.br\/smed\/wp-content\/uploads\/2017\/12\/parecer_033.pdf\" target=\"_blank\" rel=\"noopener noreferrer\">Parecer n\u00b0 033\/2017<\/a><\/p>\n<p style=\"text-align: justify;\">&#8220;Toma ci\u00eancia do PPP, aprova o Regimento, credencia e autoriza o funcionamento da Educa\u00e7\u00e3o Infantil na E.M.E.F. Professora Lu\u00edza Tavares Schimidt, com validade at\u00e9 28 de<br \/>\nfevereiro de 2018.&#8221;<\/p>\n<p><a href=\"http:\/\/www.riogrande.rs.gov.br\/smed\/wp-content\/uploads\/2017\/12\/parecer_034.pdf\" target=\"_blank\" rel=\"noopener noreferrer\">Parecer n\u00b0 034\/2017<\/a><\/p>\n<p style=\"text-align: justify;\">&#8220;Toma ci\u00eancia do PPP, aprova o Regimento, autoriza e credencia a Educa\u00e7\u00e3o Infantil e o Ensino Fundamental na Escola Municipal de Educa\u00e7\u00e3o Especial Maria L\u00facia Luzzardi, com vig\u00eancia a partir do ano letivo de 2017.&#8221;<\/p>\n<p><a href=\"http:\/\/www.riogrande.rs.gov.br\/smed\/wp-content\/uploads\/2017\/12\/parecer_035.pdf\" target=\"_blank\" rel=\"noopener noreferrer\">Parecer n\u00b0 035\/2017<\/a><\/p>\n<p style=\"text-align: justify;\">&#8220;Toma ci\u00eancia do PPP, aprova o Regimento, autoriza e credencia o funcionamento da Educa\u00e7\u00e3o Infantil e o Ensino Fundamental na E.M.E.F. Renascer, com vig\u00eancia a partir do ano letivo de 2017.&#8221;<\/p>\n<p><a href=\"http:\/\/www.riogrande.rs.gov.br\/smed\/wp-content\/uploads\/2017\/12\/parecer_036.pdf\" target=\"_blank\" rel=\"noopener noreferrer\">Parecer n\u00b0 036\/2017<\/a><\/p>\n<p style=\"text-align: justify;\">&#8220;Toma ci\u00eancia do PPP, aprova o Regimento, credencia e autoriza o funcionamento da Educa\u00e7\u00e3o Infantil na E.M.E.F. Helena Small, com validade a partir do ano letivo de 2017.<\/p>\n<p><a href=\"http:\/\/www.riogrande.rs.gov.br\/smed\/wp-content\/uploads\/2017\/12\/parecer_037.pdf\" target=\"_blank\" rel=\"noopener noreferrer\">Parecer n\u00b0 037\/2017<\/a><\/p>\n<p style=\"text-align: justify;\">&#8220;Toma ci\u00eancia do PPP, aprova o Regimento, credencia e autoriza o funcionamento da Educa\u00e7\u00e3o Infantil na E.M.E.F. Crist\u00f3v\u00e3o Pereira de Abreu, com validade a partir do ano letivo de 2017.&#8221;<\/p>\n<p><a href=\"http:\/\/www.riogrande.rs.gov.br\/smed\/wp-content\/uploads\/2017\/12\/parecer_038.pdf\" target=\"_blank\" rel=\"noopener noreferrer\">Parecer n\u00b0 038\/2017<\/a><\/p>\n<p style=\"text-align: justify;\">&#8220;Toma ci\u00eancia do PPP, aprova o Regimento, autoriza e credencia a Educa\u00e7\u00e3o Infantil e o Ensino Fundamental na Escola Municipal de Educa\u00e7\u00e3o Bil\u00edngue Professora Carmem Regina Teixeira Baldino, com vig\u00eancia a partir do ano letivo de 2017.&#8221;<\/p>\n<p><a href=\"http:\/\/www.riogrande.rs.gov.br\/smed\/wp-content\/uploads\/2017\/12\/parecer_039.pdf\" target=\"_blank\" rel=\"noopener noreferrer\">Parecer n\u00b0 039\/2017<\/a><\/p>\n<p style=\"text-align: justify;\">&#8220;Autoriza e credencia o funcionamento da Escola de Educa\u00e7\u00e3o Infantil Educarte II, situada \u00e0 Rua Dr. Nascimento, 428\u2013 Centro \u2013 pelo per\u00edodo de dois anos.&#8221;<\/p>\n<p><a href=\"http:\/\/www.riogrande.rs.gov.br\/smed\/wp-content\/uploads\/2017\/12\/parecer40.pdf\" target=\"_blank\" rel=\"noopener noreferrer\">Parecer\u00a0<\/a><a href=\"http:\/\/www.riogrande.rs.gov.br\/smed\/wp-content\/uploads\/2017\/12\/parecer_039.pdf\" target=\"_blank\" rel=\"noopener noreferrer\">n\u00b0<\/a><a href=\"http:\/\/www.riogrande.rs.gov.br\/smed\/wp-content\/uploads\/2017\/12\/parecer40.pdf\" target=\"_blank\" rel=\"noopener noreferrer\"> 040\/2017<\/a><\/p>\n<p style=\"text-align: justify;\">&#8220;Autoriza e credencia o funcionamento da Escola de Educa\u00e7\u00e3o Infantil Dente de Leite, situada \u00e0 Rua Andrade neves, 165\u2013 Centro \u2013 pelo per\u00edodo de dois anos.&#8221;<\/p>\n<h2 align=\"JUSTIFY\"><a href=\"https:\/\/www.riogrande.rs.gov.br\/smed\/?page_id=3571\">Voltar<\/a><\/h2>\n","protected":false},"excerpt":{"rendered":"<p>Parecer n\u00ba 001\/2017 &#8220;TOMA CI\u00caNCIA DO PPP, APROVA O REGIMENTO E AUTORIZA A EDUCA\u00c7\u00c3O INFANTIL NA ESCOLA MUNICIPAL DE ENSINO FUNDAMENTAL PROFESSORA MARIA DA GL\u00d3RIA PEREIRA, A PARTIR DO ANO LETIVO DE 2017.&#8221; Parecer n\u00ba 002\/2017 &#8220;Autoriza o funcionamento da Escola de Educa\u00e7\u00e3o Infantil Arco-\u00cdris, situada \u00e0 Rua D. Bosco, 122- Cidade Nova, por dois [&hellip;]<\/p>\n","protected":false},"author":7,"featured_media":0,"parent":3571,"menu_order":17,"comment_status":"closed","ping_status":"closed","template":"","meta":{"footnotes":""},"class_list":["post-40092","page","type-page","status-publish","hentry"],"_links":{"self":[{"href":"https:\/\/www.riogrande.rs.gov.br\/smed\/index.php?rest_route=\/wp\/v2\/pages\/40092"}],"collection":[{"href":"https:\/\/www.riogrande.rs.gov.br\/smed\/index.php?rest_route=\/wp\/v2\/pages"}],"about":[{"href":"https:\/\/www.riogrande.rs.gov.br\/smed\/index.php?rest_route=\/wp\/v2\/types\/page"}],"author":[{"embeddable":true,"href":"https:\/\/www.riogrande.rs.gov.br\/smed\/index.php?rest_route=\/wp\/v2\/users\/7"}],"replies":[{"embeddable":true,"href":"https:\/\/www.riogrande.rs.gov.br\/smed\/index.php?rest_route=%2Fwp%2Fv2%2Fcomments&post=40092"}],"version-history":[{"count":1,"href":"https:\/\/www.riogrande.rs.gov.br\/smed\/index.php?rest_route=\/wp\/v2\/pages\/40092\/revisions"}],"predecessor-version":[{"id":40093,"href":"https:\/\/www.riogrande.rs.gov.br\/smed\/index.php?rest_route=\/wp\/v2\/pages\/40092\/revisions\/40093"}],"up":[{"embeddable":true,"href":"https:\/\/www.riogrande.rs.gov.br\/smed\/index.php?rest_route=\/wp\/v2\/pages\/3571"}],"wp:attachment":[{"href":"https:\/\/www.riogrande.rs.gov.br\/smed\/index.php?rest_route=%2Fwp%2Fv2%2Fmedia&parent=40092"}],"curies":[{"name":"wp","href":"https:\/\/api.w.org\/{rel}","templated":true}]}}