{"id":40076,"date":"2021-04-12T17:00:14","date_gmt":"2021-04-12T20:00:14","guid":{"rendered":"https:\/\/www.riogrande.rs.gov.br\/smed\/?page_id=40076"},"modified":"2021-10-04T16:19:13","modified_gmt":"2021-10-04T19:19:13","slug":"pareceres-2012-e-2013","status":"publish","type":"page","link":"https:\/\/www.riogrande.rs.gov.br\/smed\/?page_id=40076","title":{"rendered":"Pareceres 2012"},"content":{"rendered":"<p><a href=\"http:\/\/www.riogrande.rs.gov.br\/smed\/wp-content\/uploads\/2014\/04\/20140413-cme_atos_normativos_cme_2012_e_2013.pdf\" target=\"_blank\" rel=\"noopener noreferrer\">Atos normativos 2012 e 2013.<\/a><\/p>\n<p><a href=\"https:\/\/www.riogrande.rs.gov.br\/smed\/wp-content\/uploads\/2021\/10\/20211004-cme-parecer_001-f.1.pdf\" target=\"_blank\" rel=\"noopener\">Parecer n\u00ba 001\/2012<\/a> <a href=\"https:\/\/www.riogrande.rs.gov.br\/smed\/wp-content\/uploads\/2021\/10\/20211004-cme-parecer_001-f.2.pdf\" target=\"_blank\" rel=\"noopener\">2<\/a><\/p>\n<p>\u201cAutoriza\u00e7\u00e3o de funcionamento da Escola de Educa\u00e7\u00e3o Infantil Peter Pan \u2013 situada \u00e0 Rua Aquidaban, no 619 &#8211; Centro &#8211; pelo per\u00edodo 02 (dois) anos.\u201d<\/p>\n<p><a href=\"https:\/\/www.riogrande.rs.gov.br\/smed\/wp-content\/uploads\/2021\/10\/20211004-cme-parecer_002-f.1-1.pdf\" target=\"_blank\" rel=\"noopener\">Parecer n\u00ba 002\/2012<\/a> <a href=\"https:\/\/www.riogrande.rs.gov.br\/smed\/wp-content\/uploads\/2021\/10\/20211004-cme-parecer_002-f.2.pdf\" target=\"_blank\" rel=\"noopener\">2<\/a><\/p>\n<p><a href=\"https:\/\/www.riogrande.rs.gov.br\/smed\/wp-content\/uploads\/2021\/10\/20211004-cme-parecer_003-f_1.pdf\" target=\"_blank\" rel=\"noopener\">Parecer n\u00ba 003\/2012<\/a> <a href=\"https:\/\/www.riogrande.rs.gov.br\/smed\/wp-content\/uploads\/2021\/10\/20211004-cme-parecer_003-f_2.pdf\" target=\"_blank\" rel=\"noopener\">2<\/a><\/p>\n<p><a href=\"https:\/\/www.riogrande.rs.gov.br\/smed\/wp-content\/uploads\/2021\/10\/20211004-cme-parecer_004-f.1.pdf\" target=\"_blank\" rel=\"noopener\">Parecer n\u00ba 004\/2012<\/a> <a href=\"https:\/\/www.riogrande.rs.gov.br\/smed\/wp-content\/uploads\/2021\/10\/20211004-cme-parecer_004-f.2.pdf\" target=\"_blank\" rel=\"noopener\">2<\/a><\/p>\n<p><a href=\"https:\/\/www.riogrande.rs.gov.br\/smed\/wp-content\/uploads\/2021\/10\/20211004-cme-parecer_005.pdf\" target=\"_blank\" rel=\"noopener\">Parecer n\u00ba 005\/2012<\/a><\/p>\n<div title=\"Page 1\">\n<div>\n<div>\n<p style=\"text-align: justify;\">\u201cOrienta o Sistema Municipal de Ensino sobre a organiza\u00e7\u00e3o curricular do Ensino Fundamental de nove anos, face ao disposto no Parecer CNE\/CEB no 11\/2010 e na Resolu\u00e7\u00e3o CNE\/CEB no 007\/2010, especificamente quanto \u00e0 organiza\u00e7\u00e3o dos tr\u00eas anos iniciais do Ensino Fundamental\u201d.<\/p>\n<\/div>\n<\/div>\n<\/div>\n<p><a href=\"https:\/\/www.riogrande.rs.gov.br\/smed\/wp-content\/uploads\/2021\/10\/20211004-cme-parecer_006-autorizacao_de_funcionamento_sesquinho.pdf\" target=\"_blank\" rel=\"noopener\">Parecer n\u00ba 006\/2012<\/a><\/p>\n<div title=\"Page 1\">\n<div>\n<div>\n<p style=\"text-align: justify;\">\u201cAutoriza\u00e7\u00e3o de funcionamento da Escola de Educa\u00e7\u00e3o Infantil Sesquinho, situada \u00e0 Rua Av. Silva Paes. No 416- Rio Grande \u2013 pelo per\u00edodo de dois anos.\u201d<\/p>\n<\/div>\n<\/div>\n<\/div>\n<p><a href=\"https:\/\/www.riogrande.rs.gov.br\/smed\/wp-content\/uploads\/2021\/10\/20211004-cme-parecer_007-aprova_o_regimento_escola_wanda_rocha.pdf\" target=\"_blank\" rel=\"noopener\">Parecer n\u00ba 007\/2012<\/a><\/p>\n<div title=\"Page 1\">\n<div>\n<div>\n<p style=\"text-align: justify;\">&#8220;Aprova o Regimento Escolar para o \u201cEnsino Fundamental\u201d da E.M.E.F. Profa. Wanda Rocha Martins com vig\u00eancia a partir do ano letivo de 2012.\u201d<\/p>\n<\/div>\n<\/div>\n<\/div>\n<p><a href=\"https:\/\/www.riogrande.rs.gov.br\/smed\/wp-content\/uploads\/2021\/10\/20211004-cme-parecer_010-autorizacao_de_funcionamento_escola_meu_cheirinho.pdf\" target=\"_blank\" rel=\"noopener\">Parecer n\u00ba 010\/2012<\/a><\/p>\n<div title=\"Page 1\">\n<div>\n<div>\n<p style=\"text-align: justify;\">\u201cAutoriza\u00e7\u00e3o de funcionamento da Escola de Educa\u00e7\u00e3o Infantil Bem-Me-Quer \u2013 localizada \u00e0 Rua Avenida Cidade de Pelotas, no137 \u2013 Cidade Nova &#8211; Rio Grande \u2013 pelo per\u00edodo de dois anos.\u201d<\/p>\n<\/div>\n<\/div>\n<\/div>\n<p><a href=\"https:\/\/www.riogrande.rs.gov.br\/smed\/wp-content\/uploads\/2021\/10\/20211004-cme-parecer_011-autorizacao_de_funcionamento_escola_bem-me-quer.pdf\" target=\"_blank\" rel=\"noopener\">Parecer n\u00ba 011\/2012<\/a><\/p>\n<div title=\"Page 1\">\n<div>\n<div>\n<p style=\"text-align: justify;\">\u201cAutoriza\u00e7\u00e3o de funcionamento da Escola de Educa\u00e7\u00e3o Infantil Bem-Me-Quer \u2013 localizada \u00e0 Rua Avenida Cidade de Pelotas, no137 \u2013 Cidade Nova &#8211; Rio Grande \u2013 pelo per\u00edodo de dois anos.\u201d<\/p>\n<\/div>\n<\/div>\n<\/div>\n<p><a href=\"https:\/\/www.riogrande.rs.gov.br\/smed\/wp-content\/uploads\/2021\/10\/20211004-cme-parecer_012-autorizacao_de_funcionamento_terra_matter.pdf\" target=\"_blank\" rel=\"noopener\">Parecer n\u00ba 012\/2012<\/a><\/p>\n<div title=\"Page 1\">\n<div>\n<div>\n<p style=\"text-align: justify;\">\u201cAutoriza\u00e7\u00e3o de funcionamento da Escola de Educa\u00e7\u00e3o Infantil Terra Matter\u2013 localizada \u00e0 Rua Avenida Major Carlos Pinto, no 230 &#8211; Cidade Nova &#8211; Rio Grande \u2013 pelo per\u00edodo de dois anos.\u201d<\/p>\n<\/div>\n<\/div>\n<\/div>\n<p><a href=\"https:\/\/www.riogrande.rs.gov.br\/smed\/wp-content\/uploads\/2021\/10\/20211004-cme-parecer_013-autorizacao_de_funcionamento_michigan_kids.pdf\" target=\"_blank\" rel=\"noopener\">Parecer n\u00ba 013\/2012<\/a><\/p>\n<div title=\"Page 1\">\n<div>\n<div>\n<p style=\"text-align: justify;\">\u201cAutoriza\u00e7\u00e3o de funcionamento da Escola de Educa\u00e7\u00e3o Infantil Michigan Kids \u2013 localizada \u00e0 Rua Barroso, no192 \u2013 Centro &#8211; Rio Grande \u2013 pelo per\u00edodo de dois anos.\u201d<\/p>\n<\/div>\n<\/div>\n<\/div>\n<p><a href=\"https:\/\/www.riogrande.rs.gov.br\/smed\/wp-content\/uploads\/2021\/10\/20211004-cme-parecer_014-aprova_regimento_liberato_salzano.pdf\" target=\"_blank\" rel=\"noopener\">Parecer n\u00ba 014\/2012<\/a><\/p>\n<div title=\"Page 1\">\n<div>\n<div>\n<p style=\"text-align: justify;\">&#8220;Aprova o Regimento Escolar para o \u201cEnsino Fundamental\u201d da E.M.E.F. Profo. Liberato Salzano Vieira da Cunha, com vig\u00eancia a partir do ano letivo de 2013.\u201d<\/p>\n<\/div>\n<\/div>\n<\/div>\n<p><a href=\"https:\/\/www.riogrande.rs.gov.br\/smed\/wp-content\/uploads\/2021\/10\/20211004-cme-parecer_015-aprova_regimento_peixoto_primo.pdf\" target=\"_blank\" rel=\"noopener\">Parecer n\u00ba 015\/2012<\/a><\/p>\n<div title=\"Page 1\">\n<div>\n<div>\n<p style=\"text-align: justify;\">&#8220;Aprova o Regimento Escolar para o \u201cEnsino Fundamental\u201d da E.M.E.F. Pedro Carlos Peixoto Primo, com vig\u00eancia a partir do ano letivo de 2013.\u201d<\/p>\n<\/div>\n<\/div>\n<\/div>\n<p><a href=\"https:\/\/www.riogrande.rs.gov.br\/smed\/wp-content\/uploads\/2021\/10\/20211004-cme-parecer_016-aprova_regimento_helena_small.pdf\" target=\"_blank\" rel=\"noopener\">Parecer n\u00ba 016\/2012<\/a><\/p>\n<div title=\"Page 1\">\n<div>\n<div>\n<p style=\"text-align: justify;\">&#8220;Aprova o Regimento Escolar para o \u201cEnsino Fundamental\u201d da E.M.E.F. Helena Small, com vig\u00eancia a partir do ano letivo de 2013.\u201d<\/p>\n<\/div>\n<\/div>\n<\/div>\n<p><a href=\"https:\/\/www.riogrande.rs.gov.br\/smed\/wp-content\/uploads\/2021\/10\/20211004-cme-parecer_017-aprova_regimento_rui_poester.pdf\" target=\"_blank\" rel=\"noopener\">Parecer n\u00ba 017\/2012<\/a><\/p>\n<div title=\"Page 1\">\n<div>\n<div>\n<p style=\"text-align: justify;\">&#8220;Aprova o Regimento Escolar para o \u201cEnsino Fundamental\u201d da E.M.E.F. Dr. Rui Poester Peixoto, com vig\u00eancia a partir do ano letivo de 2013.\u201d<\/p>\n<\/div>\n<\/div>\n<\/div>\n<p><a href=\"https:\/\/www.riogrande.rs.gov.br\/smed\/wp-content\/uploads\/2021\/10\/20211004-cme-parecer_018-aprova_regimento_coriolano_benicio.pdf\" target=\"_blank\" rel=\"noopener\">Parecer n\u00ba 018\/2012<\/a><\/p>\n<div title=\"Page 1\">\n<div>\n<div>\n<p style=\"text-align: justify;\">&#8220;Aprova o Regimento Escolar para o \u201cEnsino Fundamental\u201d da E.M.E.F. Coriolano Ben\u00edcio, com vig\u00eancia a partir do ano letivo de 2013.\u201d<\/p>\n<\/div>\n<\/div>\n<\/div>\n<p><a href=\"https:\/\/www.riogrande.rs.gov.br\/smed\/wp-content\/uploads\/2021\/10\/20211004-cme-parecer_019-aprova_regimento_apolinario_porto_alegre.pdf\" target=\"_blank\" rel=\"noopener\">Parecer n\u00ba 019\/2012<\/a><\/p>\n<div title=\"Page 1\">\n<div>\n<div>\n<p style=\"text-align: justify;\">&#8220;Aprova o Regimento Escolar para o \u201cEnsino Fundamental\u201d da E.M.E.F. Apolin\u00e1rio Porto Alegre, com vig\u00eancia a partir do ano letivo de 2013.\u201d<\/p>\n<\/div>\n<\/div>\n<\/div>\n<p><a href=\"https:\/\/www.riogrande.rs.gov.br\/smed\/wp-content\/uploads\/2021\/10\/20211004-cme-parecer_020-aprova_regimento_admar_correa.pdf\" target=\"_blank\" rel=\"noopener\">Parecer n\u00ba 020\/2012<\/a><\/p>\n<div class=\"page\" title=\"Page 1\">\n<div class=\"layoutArea\">\n<div class=\"column\">\n<p style=\"text-align: justify;\">&#8220;Aprova o Regimento Escolar para o \u201cEnsino Fundamental\u201d da E.M.E.F. Admar Corr\u00eaa, com vig\u00eancia a partir do ano letivo de 2013.\u201d<\/p>\n<\/div>\n<\/div>\n<\/div>\n<p><a href=\"https:\/\/www.riogrande.rs.gov.br\/smed\/wp-content\/uploads\/2021\/10\/20211004-cme-parecer_021-aprova_regimento_humberto_de_campos.pdf\" target=\"_blank\" rel=\"noopener\">Parecer n\u00ba 021\/2012<\/a><\/p>\n<div title=\"Page 1\">\n<div>\n<div>\n<p style=\"text-align: justify;\">&#8220;Aprova o Regimento Escolar para o \u201cEnsino Fundamental\u201d da E.M.E.F. Humberto de Campos, com vig\u00eancia a partir do ano letivo de 2013.\u201d<\/p>\n<\/div>\n<\/div>\n<\/div>\n<p><a href=\"https:\/\/www.riogrande.rs.gov.br\/smed\/wp-content\/uploads\/2021\/10\/20211004-cme-parecer_022-autoriza_ampliacao_de_series_maria_da_graca_reyes.pdf\" target=\"_blank\" rel=\"noopener\">Parecer n\u00ba 022\/2012<\/a><\/p>\n<div class=\"page\" title=\"Page 1\">\n<div class=\"layoutArea\">\n<div class=\"column\">\n<p style=\"text-align: justify;\">\u201cAutoriza a amplia\u00e7\u00e3o de s\u00e9ries \u2013 Educa\u00e7\u00e3o Infantil e 1o ao 9o ano do Ensino Fundamental na Escola Municipal de Ensino Fundamental Profa. Maria da Gra\u00e7a Reyes \u2013 localizada na Av. Principal,, s\/no \u2013 Bairro 4a Sec\u00e7\u00e3o da Barra \u2013 Rio Grande\u201d.<\/p>\n<\/div>\n<\/div>\n<\/div>\n<p><a href=\"https:\/\/www.riogrande.rs.gov.br\/smed\/wp-content\/uploads\/2021\/10\/20211004-cme-parecer_023-indefere_processo_arco-iris.pdf\" target=\"_blank\" rel=\"noopener\">Parecer n\u00ba 023\/2012<\/a><\/p>\n<div title=\"Page 1\">\n<div>\n<div>\n<p style=\"text-align: justify;\">\u201cIndefere a solicita\u00e7\u00e3o de autoriza\u00e7\u00e3o de funcionamento da Escola de Educa\u00e7\u00e3o Infantil Arco-\u00cdris \u2013 localizada \u00e0 rua D. Bosco, no 122 \u2013 em Rio Grande.\u201d<\/p>\n<\/div>\n<\/div>\n<\/div>\n<p><a href=\"https:\/\/www.riogrande.rs.gov.br\/smed\/wp-content\/uploads\/2021\/10\/20211004-cme-parecer_024-indefere_processo_querubim.pdf\" target=\"_blank\" rel=\"noopener\">Parecer n\u00ba 024\/2012<\/a><\/p>\n<p style=\"text-align: justify;\">\u201cIndefere a solicita\u00e7\u00e3o de autoriza\u00e7\u00e3o de funcionamento da Escola de Educa\u00e7\u00e3o Infantil Querubim \u2013 localizada \u00e0 rua Bar\u00e3o de Cotegipe, no 424 \u2013 em Rio Grande.\u201d<\/p>\n<p><a href=\"https:\/\/www.riogrande.rs.gov.br\/smed\/wp-content\/uploads\/2021\/10\/20211004-cme-parecer_025-indefere_processo_fazendo_arte.pdf\" target=\"_blank\" rel=\"noopener\">Parecer n\u00ba 025\/2012<\/a><\/p>\n<div title=\"Page 1\">\n<div>\n<div>\n<p style=\"text-align: justify;\">\u201cIndefere a solicita\u00e7\u00e3o de autoriza\u00e7\u00e3o de funcionamento da Escola de Educa\u00e7\u00e3o Infantil Fazendo Arte \u2013 localizada \u00e0 rua Dr. Miguel Riet Corr\u00eaa, no 16 \u2013 em Rio Grande.\u201d<\/p>\n<\/div>\n<\/div>\n<\/div>\n<p><a href=\"https:\/\/www.riogrande.rs.gov.br\/smed\/wp-content\/uploads\/2021\/10\/20211004-cme-parecer_026-autoriza_funcionamento_carinha_de_anjo.pdf\" target=\"_blank\" rel=\"noopener\">Parecer n\u00ba 026\/2012<\/a><\/p>\n<div title=\"Page 1\">\n<div>\n<div>\n<p style=\"text-align: justify;\">\u201cAutoriza\u00e7\u00e3o de funcionamento da Escola de Educa\u00e7\u00e3o Infantil Carinha de Anjo, situada \u00e0 Rua Andrade Neves, no 322 &#8211; Rio Grande \u2013 pelo per\u00edodo de dois anos.\u201d<\/p>\n<\/div>\n<\/div>\n<\/div>\n<p><a href=\"https:\/\/www.riogrande.rs.gov.br\/smed\/wp-content\/uploads\/2021\/10\/20211004-cme-parecer_027-aprova_regimento_dolores_garcia.pdf\" target=\"_blank\" rel=\"noopener\">Parecer n\u00ba 027\/2012<\/a><\/p>\n<div title=\"Page 1\">\n<div>\n<div>\n<p style=\"text-align: justify;\">&#8220;Aprova o Regimento Escolar para o \u201cEnsino Fundamental\u201d da E.M.E.F. Dolores Garcia, com vig\u00eancia a partir do ano letivo de 2013.\u201d<\/p>\n<\/div>\n<\/div>\n<\/div>\n<p><a href=\"https:\/\/www.riogrande.rs.gov.br\/smed\/wp-content\/uploads\/2021\/10\/20211004-cme-parecer_028-autoriza_ampliacao_de_serie_antonio_carlos_lopes.pdf\" target=\"_blank\" rel=\"noopener\">Parecer n\u00ba 028\/2012<\/a><\/p>\n<div title=\"Page 1\">\n<div>\n<div>\n<p style=\"text-align: justify;\">\u201cAutoriza a amplia\u00e7\u00e3o de s\u00e9ries \u2013 Educa\u00e7\u00e3o Infantil e 1o ao 9o ano do Ensino Fundamental na Escola Municipal de Ensino Fundamental Ant\u00f4nio Carlos Lopes, &#8211; localizada na Av. A, no 100 \u2013 S\u00edtio Santa Cruz- Rio Grande.\u201d<\/p>\n<\/div>\n<\/div>\n<\/div>\n<h2 align=\"JUSTIFY\"><a href=\"https:\/\/www.riogrande.rs.gov.br\/smed\/?page_id=3571\">Voltar<\/a><\/h2>\n","protected":false},"excerpt":{"rendered":"<p>Atos normativos 2012 e 2013. Parecer n\u00ba 001\/2012 2 \u201cAutoriza\u00e7\u00e3o de funcionamento da Escola de Educa\u00e7\u00e3o Infantil Peter Pan \u2013 situada \u00e0 Rua Aquidaban, no 619 &#8211; Centro &#8211; pelo per\u00edodo 02 (dois) anos.\u201d Parecer n\u00ba 002\/2012 2 Parecer n\u00ba 003\/2012 2 Parecer n\u00ba 004\/2012 2 Parecer n\u00ba 005\/2012 \u201cOrienta o Sistema Municipal de Ensino [&hellip;]<\/p>\n","protected":false},"author":7,"featured_media":0,"parent":3571,"menu_order":13,"comment_status":"closed","ping_status":"closed","template":"","meta":{"footnotes":""},"class_list":["post-40076","page","type-page","status-publish","hentry"],"_links":{"self":[{"href":"https:\/\/www.riogrande.rs.gov.br\/smed\/index.php?rest_route=\/wp\/v2\/pages\/40076"}],"collection":[{"href":"https:\/\/www.riogrande.rs.gov.br\/smed\/index.php?rest_route=\/wp\/v2\/pages"}],"about":[{"href":"https:\/\/www.riogrande.rs.gov.br\/smed\/index.php?rest_route=\/wp\/v2\/types\/page"}],"author":[{"embeddable":true,"href":"https:\/\/www.riogrande.rs.gov.br\/smed\/index.php?rest_route=\/wp\/v2\/users\/7"}],"replies":[{"embeddable":true,"href":"https:\/\/www.riogrande.rs.gov.br\/smed\/index.php?rest_route=%2Fwp%2Fv2%2Fcomments&post=40076"}],"version-history":[{"count":11,"href":"https:\/\/www.riogrande.rs.gov.br\/smed\/index.php?rest_route=\/wp\/v2\/pages\/40076\/revisions"}],"predecessor-version":[{"id":41304,"href":"https:\/\/www.riogrande.rs.gov.br\/smed\/index.php?rest_route=\/wp\/v2\/pages\/40076\/revisions\/41304"}],"up":[{"embeddable":true,"href":"https:\/\/www.riogrande.rs.gov.br\/smed\/index.php?rest_route=\/wp\/v2\/pages\/3571"}],"wp:attachment":[{"href":"https:\/\/www.riogrande.rs.gov.br\/smed\/index.php?rest_route=%2Fwp%2Fv2%2Fmedia&parent=40076"}],"curies":[{"name":"wp","href":"https:\/\/api.w.org\/{rel}","templated":true}]}}