{"id":40074,"date":"2021-04-12T16:57:54","date_gmt":"2021-04-12T19:57:54","guid":{"rendered":"https:\/\/www.riogrande.rs.gov.br\/smed\/?page_id=40074"},"modified":"2021-04-12T17:05:27","modified_gmt":"2021-04-12T20:05:27","slug":"pareceres-2011","status":"publish","type":"page","link":"https:\/\/www.riogrande.rs.gov.br\/smed\/?page_id=40074","title":{"rendered":"Pareceres 2011"},"content":{"rendered":"<p><a href=\"http:\/\/www.riogrande.rs.gov.br\/smed\/wp-content\/uploads\/2012\/04\/cme-pareceres_2011.pdf\" target=\"_blank\" rel=\"noopener noreferrer\">Pareceres 2011<\/a><\/p>\n<table style=\"border-style: solid; width: 100%;\" border=\"1\" width=\"100%\" cellspacing=\"0\" cellpadding=\"4\">\n<tbody>\n<tr valign=\"TOP\">\n<td style=\"text-align: center;\" width=\"20%\">\n<p align=\"center\"><span style=\"font-size: small;\">N\u00ba DO PARECER<\/span><\/p>\n<\/td>\n<td width=\"21%\">\n<p align=\"center\"><span style=\"font-size: small;\">N\u00ba DO PROCESSO<\/span><\/p>\n<\/td>\n<td width=\"59%\">\n<p align=\"center\"><span style=\"font-size: small;\">ASSUNTO<\/span><\/p>\n<\/td>\n<\/tr>\n<tr valign=\"TOP\">\n<td width=\"20%\">\n<p style=\"text-align: center;\" align=\"CENTER\"><span style=\"font-size: small;\">1<\/span><\/p>\n<\/td>\n<td style=\"text-align: left;\" width=\"21%\">\n<p align=\"CENTER\"><span style=\"font-size: small;\">29\/2011<\/span><\/p>\n<\/td>\n<td style=\"text-align: left;\" width=\"59%\">\n<p align=\"JUSTIFY\"><span style=\"font-size: small;\"><em>Determina provid\u00eancias em rela\u00e7\u00e3o \u00e0 E. E. I. Gente Mi\u00fada.<\/em><\/span><\/p>\n<\/td>\n<\/tr>\n<tr valign=\"TOP\">\n<td width=\"20%\">\n<p align=\"CENTER\"><span style=\"font-size: small;\">2<\/span><\/p>\n<\/td>\n<td width=\"21%\">\n<p align=\"CENTER\"><span style=\"font-size: small;\">001\/2008<\/span><\/p>\n<\/td>\n<td width=\"59%\">\n<p align=\"JUSTIFY\"><span style=\"font-size: small;\"><em>Determina provid\u00eancias em rela\u00e7\u00e3o \u00e0 E. E. I. Recanto Infantil<\/em><\/span><\/p>\n<\/td>\n<\/tr>\n<tr valign=\"TOP\">\n<td width=\"20%\">\n<p align=\"CENTER\"><span style=\"font-size: small;\">3<\/span><\/p>\n<\/td>\n<td width=\"21%\">\n<p align=\"CENTER\"><span style=\"font-size: small;\">008\/2011<\/span><\/p>\n<\/td>\n<td width=\"59%\">\n<p align=\"JUSTIFY\"><span style=\"font-size: small;\"><em>Aprova o Regimento da E. M. E. F. Mate Amargo.<\/em><\/span><\/p>\n<\/td>\n<\/tr>\n<tr valign=\"TOP\">\n<td width=\"20%\">\n<p align=\"CENTER\"><span style=\"font-size: small;\">4<\/span><\/p>\n<\/td>\n<td width=\"21%\">\n<p align=\"CENTER\"><span style=\"font-size: small;\">007\/2011<\/span><\/p>\n<\/td>\n<td width=\"59%\">\n<p align=\"JUSTIFY\"><span style=\"font-size: small;\"><em>Aprova o Regimento para o Ensino Fundamental na E. M.E.F. Dr. Roque A\u00edta Jr.<\/em><\/span><\/p>\n<\/td>\n<\/tr>\n<tr valign=\"TOP\">\n<td width=\"20%\">\n<p align=\"CENTER\"><span style=\"font-size: small;\">5<\/span><\/p>\n<\/td>\n<td width=\"21%\">\n<p align=\"CENTER\"><span style=\"font-size: small;\">006\/2011<\/span><\/p>\n<\/td>\n<td width=\"59%\">\n<p align=\"JUSTIFY\"><span style=\"font-size: small;\"><em>Aprova o Regimento para o Ensino Fundamental na E. M. E. F. S\u00e3o Miguel.<\/em><\/span><\/p>\n<\/td>\n<\/tr>\n<tr valign=\"TOP\">\n<td width=\"20%\">\n<p align=\"CENTER\"><span style=\"font-size: small;\">6<\/span><\/p>\n<\/td>\n<td width=\"21%\">\n<p align=\"CENTER\"><span style=\"font-size: small;\">033\/2008<\/span><\/p>\n<\/td>\n<td width=\"59%\">\n<p align=\"JUSTIFY\"><span style=\"font-size: small;\"><em>Manifesta-se sobre o funcionamento da E. E. I. Peter Pan. Determina provid\u00eancias.<\/em><\/span><\/p>\n<\/td>\n<\/tr>\n<tr valign=\"TOP\">\n<td width=\"20%\">\n<p align=\"CENTER\"><span style=\"font-size: small;\">7<\/span><\/p>\n<\/td>\n<td width=\"21%\">\n<p align=\"CENTER\"><span style=\"font-size: small;\">004\/2011<\/span><\/p>\n<\/td>\n<td width=\"59%\">\n<p align=\"JUSTIFY\"><span style=\"font-size: small;\"><em>Autoriza\u00e7\u00e3o tempor\u00e1ria de funcionamento da E. E. I. S\u00f3 Baby.<\/em><\/span><\/p>\n<\/td>\n<\/tr>\n<tr valign=\"TOP\">\n<td width=\"20%\">\n<p align=\"CENTER\"><span style=\"font-size: small;\">8<\/span><\/p>\n<\/td>\n<td width=\"21%\">\n<p align=\"CENTER\"><span style=\"font-size: small;\">029\/2011<\/span><\/p>\n<\/td>\n<td width=\"59%\">\n<p align=\"JUSTIFY\"><span style=\"font-size: small;\"><em>Autoriza o funcionamento da E. E. I. Gente Mi\u00fada.<\/em><\/span><\/p>\n<\/td>\n<\/tr>\n<tr valign=\"TOP\">\n<td width=\"20%\">\n<p align=\"CENTER\"><span style=\"font-size: small;\">9<\/span><\/p>\n<\/td>\n<td width=\"21%\">\n<p align=\"CENTER\"><span style=\"font-size: small;\">001\/2010<\/span><\/p>\n<\/td>\n<td width=\"59%\">\n<p align=\"JUSTIFY\"><span style=\"font-size: small;\"><em>Autoriza o funcionamento da E. E. I. Educarte.<\/em><\/span><\/p>\n<\/td>\n<\/tr>\n<tr valign=\"TOP\">\n<td width=\"20%\">\n<p align=\"CENTER\"><span style=\"font-size: small;\">10<\/span><\/p>\n<\/td>\n<td width=\"21%\">\n<p align=\"CENTER\"><span style=\"font-size: small;\">001\/2008<\/span><\/p>\n<\/td>\n<td width=\"59%\">\n<p align=\"JUSTIFY\"><span style=\"font-size: small;\"><em>Autoriza o funcionamento da E. E. I. Recanto Infantil.<\/em><\/span><\/p>\n<\/td>\n<\/tr>\n<tr valign=\"TOP\">\n<td width=\"20%\">\n<p align=\"CENTER\"><span style=\"font-size: small;\">11<\/span><\/p>\n<\/td>\n<td width=\"21%\">\n<p align=\"CENTER\"><span style=\"font-size: small;\">002\/2010<\/span><\/p>\n<\/td>\n<td width=\"59%\">\n<p align=\"JUSTIFY\"><span style=\"font-size: small;\"><em>Determina provid\u00eancias em rela\u00e7\u00e3o \u00e0 E.E.I. Maternal Pi\u00e1<\/em><\/span><\/p>\n<\/td>\n<\/tr>\n<tr valign=\"TOP\">\n<td width=\"20%\">\n<p align=\"CENTER\"><span style=\"font-size: small;\">12<\/span><\/p>\n<\/td>\n<td width=\"21%\">\n<p align=\"CENTER\"><span style=\"font-size: small;\">036\/2009<\/span><\/p>\n<\/td>\n<td width=\"59%\">\n<p align=\"JUSTIFY\"><span style=\"font-size: small;\"><em>Determina provid\u00eancias em rela\u00e7\u00e3o \u00e0 E.E. I. Sapecas em A\u00e7\u00e3o.<\/em><\/span><\/p>\n<\/td>\n<\/tr>\n<tr valign=\"TOP\">\n<td width=\"20%\">\n<p align=\"CENTER\"><span style=\"font-size: small;\">13<\/span><\/p>\n<\/td>\n<td width=\"21%\">\n<p align=\"CENTER\"><span style=\"font-size: small;\">034\/2008<\/span><\/p>\n<\/td>\n<td width=\"59%\">\n<p align=\"JUSTIFY\"><span style=\"font-size: small;\"><em>Autoriza o funcionamento da E. E. I. Tia Gleci.<\/em><\/span><\/p>\n<\/td>\n<\/tr>\n<tr valign=\"TOP\">\n<td width=\"20%\">\n<p align=\"CENTER\"><span style=\"font-size: small;\">14<\/span><\/p>\n<\/td>\n<td width=\"21%\">\n<p align=\"CENTER\"><span style=\"font-size: small;\">026\/2009<\/span><\/p>\n<\/td>\n<td width=\"59%\">\n<p align=\"JUSTIFY\"><span style=\"font-size: small;\"><em>Determina provid\u00eancias em rela\u00e7\u00e3o \u00e0 E. E. I. Caracol.<\/em><\/span><\/p>\n<\/td>\n<\/tr>\n<tr valign=\"TOP\">\n<td width=\"20%\">\n<p align=\"CENTER\"><span style=\"font-size: small;\">15<\/span><\/p>\n<\/td>\n<td width=\"21%\">\n<p align=\"CENTER\"><span style=\"font-size: small;\">036\/2009<\/span><\/p>\n<\/td>\n<td width=\"59%\">\n<p align=\"JUSTIFY\"><span style=\"font-size: small;\"><em>Autoriza o funcionamento da E. E. I. Sapecas em A\u00e7\u00e3o.<\/em><\/span><\/p>\n<\/td>\n<\/tr>\n<tr valign=\"TOP\">\n<td width=\"20%\">\n<p align=\"CENTER\"><span style=\"font-size: small;\">16<\/span><\/p>\n<\/td>\n<td width=\"21%\">\n<p align=\"CENTER\"><span style=\"font-size: small;\">008\/2011<\/span><\/p>\n<\/td>\n<td width=\"59%\">\n<p align=\"JUSTIFY\"><span style=\"font-size: small;\"><em>Determina provid\u00eancias em rela\u00e7\u00e3o \u00e0 E. E. I. Peter Pan.<\/em><\/span><\/p>\n<\/td>\n<\/tr>\n<tr valign=\"TOP\">\n<td width=\"20%\">\n<p align=\"CENTER\"><span style=\"font-size: small;\">17<\/span><\/p>\n<\/td>\n<td width=\"21%\">\n<div>AUTORIZA O FUNCIONAMENTO DA EDUCA\u00c7\u00c3O INFANTIL<\/div>\n<div>NA E.M.E.F MATE AMARGO, COM VIG\u00caNCIA A PARTIR DO ANO<\/div>\n<div>LETIVO DE 2017<\/div>\n<p align=\"CENTER\"><span style=\"font-size: small;\">041\/2008<\/span><\/p>\n<\/td>\n<td width=\"59%\">\n<p align=\"JUSTIFY\"><span style=\"font-size: small;\"><em>Autoriza\u00e7\u00e3o provis\u00f3ria de funcionamento da Creche e Casa da Crian\u00e7a Mans\u00e3o da Paz. Determina provid\u00eancias.<\/em><\/span><\/p>\n<\/td>\n<\/tr>\n<tr valign=\"TOP\">\n<td width=\"20%\">\n<p align=\"CENTER\"><span style=\"font-size: small;\">18<\/span><\/p>\n<\/td>\n<td width=\"21%\">\n<p align=\"CENTER\"><span style=\"font-size: small;\">009\/2011<\/span><\/p>\n<\/td>\n<td width=\"59%\">\n<p align=\"JUSTIFY\"><span style=\"font-size: small;\"><em>Aprova o Regimento para o Ensino Fundamental na E. M.E.F. Altamir de Lacerda do Nascimento.<\/em><\/span><\/p>\n<\/td>\n<\/tr>\n<tr valign=\"TOP\">\n<td width=\"20%\">\n<p align=\"CENTER\"><span style=\"font-size: small;\">19<\/span><\/p>\n<\/td>\n<td width=\"21%\">\n<p align=\"CENTER\"><span style=\"font-size: small;\">010\/2011<\/span><\/p>\n<\/td>\n<td width=\"59%\">\n<p align=\"JUSTIFY\"><span style=\"font-size: small;\"><em>Aprova o Regimento para o Ensino Fundamental na E.M.E.F. Frederico Ernesto Buchholz.<\/em><\/span><\/p>\n<\/td>\n<\/tr>\n<tr valign=\"TOP\">\n<td width=\"20%\">\n<p align=\"CENTER\"><span style=\"font-size: small;\">20<\/span><\/p>\n<\/td>\n<td width=\"21%\">\n<p align=\"CENTER\"><span style=\"font-size: small;\">011\/2011<\/span><\/p>\n<\/td>\n<td width=\"59%\">\n<p align=\"JUSTIFY\"><span style=\"font-size: small;\"><em>Aprova o Regimento para o Ensino Fundamental na E.M.E.F. D. Pedro II.<\/em><\/span><\/p>\n<\/td>\n<\/tr>\n<tr valign=\"TOP\">\n<td width=\"20%\">\n<p align=\"CENTER\"><span style=\"font-size: small;\">21<\/span><\/p>\n<\/td>\n<td width=\"21%\">\n<p align=\"CENTER\"><span style=\"font-size: small;\">012\/2011<\/span><\/p>\n<\/td>\n<td width=\"59%\">\n<p align=\"JUSTIFY\"><span style=\"font-size: small;\"><em>Aprova o Regimento para o Ensino Fundamental na E.M.E.F. Mar\u00edlia Rodrigues Santos<\/em><\/span><\/p>\n<\/td>\n<\/tr>\n<tr valign=\"TOP\">\n<td style=\"text-align: left;\" width=\"20%\">\n<p align=\"CENTER\"><span style=\"font-size: small;\">22<\/span><\/p>\n<\/td>\n<td style=\"text-align: left;\" width=\"21%\">\n<p align=\"CENTER\"><span style=\"font-size: small;\">********<\/span><\/p>\n<\/td>\n<td width=\"59%\">\n<p style=\"text-align: left;\" align=\"JUSTIFY\"><span style=\"font-size: small;\"><em>Orienta as normas que fixam a Educa\u00e7\u00e3o Infantil no Sistema Municipal de Ensino do Rio Grande<\/em><\/span><\/p>\n<\/td>\n<\/tr>\n<\/tbody>\n<\/table>\n<h2 align=\"JUSTIFY\"><a href=\"https:\/\/www.riogrande.rs.gov.br\/smed\/?page_id=3571\">Voltar<\/a><\/h2>\n","protected":false},"excerpt":{"rendered":"<p>Pareceres 2011 N\u00ba DO PARECER N\u00ba DO PROCESSO ASSUNTO 1 29\/2011 Determina provid\u00eancias em rela\u00e7\u00e3o \u00e0 E. E. I. Gente Mi\u00fada. 2 001\/2008 Determina provid\u00eancias em rela\u00e7\u00e3o \u00e0 E. E. I. Recanto Infantil 3 008\/2011 Aprova o Regimento da E. M. E. F. Mate Amargo. 4 007\/2011 Aprova o Regimento para o Ensino Fundamental na [&hellip;]<\/p>\n","protected":false},"author":7,"featured_media":0,"parent":3571,"menu_order":12,"comment_status":"closed","ping_status":"closed","template":"","meta":{"footnotes":""},"class_list":["post-40074","page","type-page","status-publish","hentry"],"_links":{"self":[{"href":"https:\/\/www.riogrande.rs.gov.br\/smed\/index.php?rest_route=\/wp\/v2\/pages\/40074"}],"collection":[{"href":"https:\/\/www.riogrande.rs.gov.br\/smed\/index.php?rest_route=\/wp\/v2\/pages"}],"about":[{"href":"https:\/\/www.riogrande.rs.gov.br\/smed\/index.php?rest_route=\/wp\/v2\/types\/page"}],"author":[{"embeddable":true,"href":"https:\/\/www.riogrande.rs.gov.br\/smed\/index.php?rest_route=\/wp\/v2\/users\/7"}],"replies":[{"embeddable":true,"href":"https:\/\/www.riogrande.rs.gov.br\/smed\/index.php?rest_route=%2Fwp%2Fv2%2Fcomments&post=40074"}],"version-history":[{"count":2,"href":"https:\/\/www.riogrande.rs.gov.br\/smed\/index.php?rest_route=\/wp\/v2\/pages\/40074\/revisions"}],"predecessor-version":[{"id":40084,"href":"https:\/\/www.riogrande.rs.gov.br\/smed\/index.php?rest_route=\/wp\/v2\/pages\/40074\/revisions\/40084"}],"up":[{"embeddable":true,"href":"https:\/\/www.riogrande.rs.gov.br\/smed\/index.php?rest_route=\/wp\/v2\/pages\/3571"}],"wp:attachment":[{"href":"https:\/\/www.riogrande.rs.gov.br\/smed\/index.php?rest_route=%2Fwp%2Fv2%2Fmedia&parent=40074"}],"curies":[{"name":"wp","href":"https:\/\/api.w.org\/{rel}","templated":true}]}}