{"id":40047,"date":"2021-04-12T16:07:35","date_gmt":"2021-04-12T19:07:35","guid":{"rendered":"https:\/\/www.riogrande.rs.gov.br\/smed\/?page_id=40047"},"modified":"2021-04-12T17:04:04","modified_gmt":"2021-04-12T20:04:04","slug":"competencias-do-cme","status":"publish","type":"page","link":"https:\/\/www.riogrande.rs.gov.br\/smed\/?page_id=40047","title":{"rendered":"Compet\u00eancias do CME"},"content":{"rendered":"<p style=\"text-align: left;\" align=\"CENTER\">Segundo a <a href=\"http:\/\/www.riogrande.rs.gov.br\/smed\/wp-content\/uploads\/2010\/12\/lei_5332-1999-sistema_municipal_de_ensino.pdf\" target=\"_blank\" rel=\"noopener noreferrer\">Lei n\u00ba 5.332\/99<\/a> , de 08 de setembro de 1999, que Cria o Sistema Municipal de Ensino do Rio Grande, em seu Cap\u00edtulo II , Art. 7\u00ba :<\/p>\n<blockquote>\n<p align=\"JUSTIFY\">Compete ao Conselho Municipal de Educa\u00e7\u00e3o:<\/p>\n<p align=\"JUSTIFY\">a) normatizar, fiscalizar, emitir parecer e deliberar sobre:<\/p>\n<p align=\"JUSTIFY\">I \u2013 a educa\u00e7\u00e3o infantil e o ensino fundamental;<\/p>\n<p align=\"JUSTIFY\">II \u2013 cria\u00e7\u00e3o, funcionamento e credenciamento de institui\u00e7\u00f5es que integram o sistema Municipal de Ensino;<\/p>\n<p align=\"JUSTIFY\">III \u2013 a educa\u00e7\u00e3o infantil e o ensino fundamental destinados a educandos portadores de necessidades especiais;<\/p>\n<p align=\"JUSTIFY\">IV \u2013 o ensino fundamental destinado a jovens e adultos que a ele n\u00e3o tiveram acesso em idade pr\u00f3pria;<\/p>\n<p align=\"JUSTIFY\">V \u2013 a produ\u00e7\u00e3o, controle e avalia\u00e7\u00e3o de programas de educa\u00e7\u00e3o \u00e0 dist\u00e2ncia;<\/p>\n<p align=\"JUSTIFY\">VI \u2013 a elabora\u00e7\u00e3o de Regimentos e Diretrizes Curriculares das Institui\u00e7\u00f5es Educacionais do Sistema Municipal de Ensino;<\/p>\n<p align=\"JUSTIFY\">VII \u2013 a cria\u00e7\u00e3o de estabelecimentos de ensino p\u00fablico de modo a evitar a aplica\u00e7\u00e3o inadequada de recursos;<\/p>\n<p align=\"JUSTIFY\">VIII \u2013 a autoriza\u00e7\u00e3o de funcionamento de institui\u00e7\u00f5es de ensino que integram o Sistema Municipal de Ensino;<\/p>\n<p align=\"JUSTIFY\">IX \u2013 o credenciamento, quando couber, \u00e0s institui\u00e7\u00f5es do Sistema Municipal de Ensino;<\/p>\n<p align=\"JUSTIFY\">X \u2013 o exerc\u00edcio de compet\u00eancia recursal em rela\u00e7\u00e3o \u00e0s decis\u00f5es das entidades e institui\u00e7\u00f5es do Sistema Municipal de Ensino, esgotadas as respectivas inst\u00e2ncias;<\/p>\n<p align=\"JUSTIFY\">XI \u2013 a condi\u00e7\u00e3o de representar \u00e0s autoridades competentes e, se for o caso, requisitar sindic\u00e2ncias em institui\u00e7\u00f5es do Sistema Municipal de Ensino, esgotadas as respectivas inst\u00e2ncias;<\/p>\n<p align=\"JUSTIFY\">XII \u2013 o estabelecimento de medidas que visem a expans\u00e3o, consolida\u00e7\u00e3o e aperfei\u00e7oamento do Sistema Municipal de Ensino, ou prop\u00f4-las se n\u00e3o forem da sua al\u00e7ada;<\/p>\n<p align=\"JUSTIFY\">XIII \u2013 crit\u00e9rios para fins de obten\u00e7\u00e3o de apoio t\u00e9cnico e financeiro do Poder P\u00fablico pelas institui\u00e7\u00f5es de ensino privado sem fins lucrativos;<\/p>\n<p align=\"JUSTIFY\">XIV \u2013 exercer outras atribui\u00e7\u00f5es, previstas em lei, ou decorrentes da natureza de suas fun\u00e7\u00f5es.<\/p>\n<p align=\"JUSTIFY\">b) fiscalizar, emitir parecer e deliberar sobre:<\/p>\n<p align=\"JUSTIFY\">I \u2013 o Plano Municipal de Educa\u00e7\u00e3o, \u00e0 luz dos princ\u00edpios orientadores do Congresso Municipal de Educa\u00e7\u00e3o;<\/p>\n<p align=\"JUSTIFY\">II \u2013 conv\u00eanios, acordos ou contratos relativos a assuntos educacionais ou \u00e1reas afins, de interesse do Poder P\u00fablico Municipal.<\/p>\n<p align=\"JUSTIFY\">c) fiscalizar e emitir parecer sobre:<\/p>\n<p align=\"JUSTIFY\">I \u2013 o curr\u00edculo dos estabelecimentos de ensino;<\/p>\n<p align=\"JUSTIFY\">II \u2013 as transfer\u00eancias de bens afetos \u00e0s escolas p\u00fablicas estaduais ou transfer\u00eancias de servi\u00e7os educacionais ao munic\u00edpio;<\/p>\n<p align=\"JUSTIFY\">d) normatizar e deliberar sobre:<\/p>\n<p align=\"JUSTIFY\">I \u2013 a capacita\u00e7\u00e3o de professores para lecionar em car\u00e1ter emergencial;<\/p>\n<p align=\"JUSTIFY\">e) emitir parecer sobre:<\/p>\n<p align=\"JUSTIFY\">I \u2013 o ingresso de alunos, independente da escolariza\u00e7\u00e3o anterior, em qualquer ano, s\u00e9rie ou etapa, exceto na primeira s\u00e9rie do ensino fundamental;<\/p>\n<p align=\"JUSTIFY\">II \u2013 a progress\u00e3o parcial, nos termos do art. 24, inciso III, da LDB;<\/p>\n<p align=\"JUSTIFY\">III \u2013 a progress\u00e3o continuada, nos termos do art. 32, par\u00e1grafo 2\u00ba, da LDB;<\/p>\n<p align=\"JUSTIFY\">IV \u2013 o treinamento em servi\u00e7o previsto no par\u00e1grafo 4\u00ba do art. 87, da LDB;<\/p>\n<p align=\"JUSTIFY\">V \u2013 assuntos e quest\u00f5es de natureza pedag\u00f3gica, que lhe forem submetidos pelo Prefeito ou Secret\u00e1rio de Educa\u00e7\u00e3o e de entidades de \u00e2mbito municipal ligados \u00e0 educa\u00e7\u00e3o.<\/p>\n<\/blockquote>\n<h2 align=\"JUSTIFY\"><a href=\"https:\/\/www.riogrande.rs.gov.br\/smed\/?page_id=3571\">Voltar<\/a><\/h2>\n","protected":false},"excerpt":{"rendered":"<p>Segundo a Lei n\u00ba 5.332\/99 , de 08 de setembro de 1999, que Cria o Sistema Municipal de Ensino do Rio Grande, em seu Cap\u00edtulo II , Art. 7\u00ba : Compete ao Conselho Municipal de Educa\u00e7\u00e3o: a) normatizar, fiscalizar, emitir parecer e deliberar sobre: I \u2013 a educa\u00e7\u00e3o infantil e o ensino fundamental; II \u2013 [&hellip;]<\/p>\n","protected":false},"author":7,"featured_media":0,"parent":3571,"menu_order":1,"comment_status":"closed","ping_status":"closed","template":"","meta":{"footnotes":""},"class_list":["post-40047","page","type-page","status-publish","hentry"],"_links":{"self":[{"href":"https:\/\/www.riogrande.rs.gov.br\/smed\/index.php?rest_route=\/wp\/v2\/pages\/40047"}],"collection":[{"href":"https:\/\/www.riogrande.rs.gov.br\/smed\/index.php?rest_route=\/wp\/v2\/pages"}],"about":[{"href":"https:\/\/www.riogrande.rs.gov.br\/smed\/index.php?rest_route=\/wp\/v2\/types\/page"}],"author":[{"embeddable":true,"href":"https:\/\/www.riogrande.rs.gov.br\/smed\/index.php?rest_route=\/wp\/v2\/users\/7"}],"replies":[{"embeddable":true,"href":"https:\/\/www.riogrande.rs.gov.br\/smed\/index.php?rest_route=%2Fwp%2Fv2%2Fcomments&post=40047"}],"version-history":[{"count":3,"href":"https:\/\/www.riogrande.rs.gov.br\/smed\/index.php?rest_route=\/wp\/v2\/pages\/40047\/revisions"}],"predecessor-version":[{"id":40081,"href":"https:\/\/www.riogrande.rs.gov.br\/smed\/index.php?rest_route=\/wp\/v2\/pages\/40047\/revisions\/40081"}],"up":[{"embeddable":true,"href":"https:\/\/www.riogrande.rs.gov.br\/smed\/index.php?rest_route=\/wp\/v2\/pages\/3571"}],"wp:attachment":[{"href":"https:\/\/www.riogrande.rs.gov.br\/smed\/index.php?rest_route=%2Fwp%2Fv2%2Fmedia&parent=40047"}],"curies":[{"name":"wp","href":"https:\/\/api.w.org\/{rel}","templated":true}]}}