{"id":40,"date":"2010-10-28T14:29:15","date_gmt":"2010-10-28T16:29:15","guid":{"rendered":"http:\/\/10.0.0.100\/wordpress\/?page_id=40"},"modified":"2013-04-26T16:43:30","modified_gmt":"2013-04-26T19:43:30","slug":"pedagogica","status":"publish","type":"page","link":"https:\/\/www.riogrande.rs.gov.br\/smed\/?page_id=40","title":{"rendered":"Gest\u00e3o Pedag\u00f3gica"},"content":{"rendered":"<h1>P\u00e1gina em processo de atualiza\u00e7\u00e3o.<\/h1>\n<p><!--\n\n\n<p style=\"text-align: justify\">Respons\u00e1vel:\u00a0 Santa Diamantina Rodrigues Ramos<\/p>\n\n\n\n\n<p style=\"text-align: justify\">Rua Marechal Floriano, 103<\/p>\n\n\n\n\n<p style=\"text-align: justify\">Telefone: (53) 3233-8469<\/p>\n\n\n\n\n<p style=\"text-align: justify\">email: santasmec@riogrande.rs.gov.br<\/p>\n\n\n\n\n\n<h2 style=\"text-align: justify\"><\/h2>\n\n\n\n\n<p style=\"text-align: justify\">A Supervis\u00e3o Pedag\u00f3gica tem as seguintes fun\u00e7\u00f5es: assessorar, acompanhar, orientar e avaliar os processos educacionais implementados nos diferentes segmentos da Rede Municipal de Ensino, al\u00e9m de informar aos \u00f3rg\u00e3os competentes as demandas das escolas e suas condi\u00e7\u00f5es de funcionamento, bem como os efeitos da implanta\u00e7\u00e3o das pol\u00edticas educacionais do munic\u00edpio.<\/p>\n\n\n\n\n<p style=\"text-align: justify\">A Supervis\u00e3o Pedag\u00f3gica prop\u00f5e \u00e0 Rede de Ensino a integra\u00e7\u00e3o do conhecimento por uma organiza\u00e7\u00e3o curricular interdisciplinar, associada \u00e0 constru\u00e7\u00e3o contextualizada das aprendizagens, com o objetivo de substituir a organiza\u00e7\u00e3o escolar baseada em um curr\u00edculo de execu\u00e7\u00e3o linear.<\/p>\n\n\n\n\n<p style=\"text-align: justify\">A aquisi\u00e7\u00e3o do conhecimento escolar dever\u00e1 ser tratada na socioconstru\u00e7\u00e3o das aprendizagens, de forma interdisciplinar, n\u00e3o mais de forma fragmentada, dispersa em disciplinas sem rela\u00e7\u00f5es e comunica\u00e7\u00e3o entre si.<\/p>\n\n\n--><\/p>\n","protected":false},"excerpt":{"rendered":"<p>P\u00e1gina em processo de atualiza\u00e7\u00e3o.<\/p>\n","protected":false},"author":7,"featured_media":0,"parent":0,"menu_order":1,"comment_status":"closed","ping_status":"closed","template":"","meta":{"footnotes":""},"class_list":["post-40","page","type-page","status-publish","hentry"],"_links":{"self":[{"href":"https:\/\/www.riogrande.rs.gov.br\/smed\/index.php?rest_route=\/wp\/v2\/pages\/40"}],"collection":[{"href":"https:\/\/www.riogrande.rs.gov.br\/smed\/index.php?rest_route=\/wp\/v2\/pages"}],"about":[{"href":"https:\/\/www.riogrande.rs.gov.br\/smed\/index.php?rest_route=\/wp\/v2\/types\/page"}],"author":[{"embeddable":true,"href":"https:\/\/www.riogrande.rs.gov.br\/smed\/index.php?rest_route=\/wp\/v2\/users\/7"}],"replies":[{"embeddable":true,"href":"https:\/\/www.riogrande.rs.gov.br\/smed\/index.php?rest_route=%2Fwp%2Fv2%2Fcomments&post=40"}],"version-history":[{"count":42,"href":"https:\/\/www.riogrande.rs.gov.br\/smed\/index.php?rest_route=\/wp\/v2\/pages\/40\/revisions"}],"predecessor-version":[{"id":46504,"href":"https:\/\/www.riogrande.rs.gov.br\/smed\/index.php?rest_route=\/wp\/v2\/pages\/40\/revisions\/46504"}],"wp:attachment":[{"href":"https:\/\/www.riogrande.rs.gov.br\/smed\/index.php?rest_route=%2Fwp%2Fv2%2Fmedia&parent=40"}],"curies":[{"name":"wp","href":"https:\/\/api.w.org\/{rel}","templated":true}]}}