{"id":38648,"date":"2020-03-06T22:02:37","date_gmt":"2020-03-07T01:02:37","guid":{"rendered":"http:\/\/www.riogrande.rs.gov.br\/smed\/?page_id=38648"},"modified":"2020-03-31T17:47:50","modified_gmt":"2020-03-31T20:47:50","slug":"documento-orientador-curricular-do-territorio-rio-grandino","status":"publish","type":"page","link":"https:\/\/www.riogrande.rs.gov.br\/smed\/?page_id=38648","title":{"rendered":"Documento Orientador Curricular do Territ\u00f3rio Rio-grandino"},"content":{"rendered":"<hr \/>\n<p>Publicada 06\/03\/2020<\/p>\n<p><b>SMEd disponibiliza &#8220;Documento Orientador Curricular do Territ\u00f3rio Rio-grandino&#8221;<\/b><\/p>\n\n\t\t<style type=\"text\/css\">\n\t\t\t#gallery-1 {\n\t\t\t\tmargin: auto;\n\t\t\t}\n\t\t\t#gallery-1 .gallery-item {\n\t\t\t\tfloat: left;\n\t\t\t\tmargin-top: 10px;\n\t\t\t\ttext-align: center;\n\t\t\t\twidth: 50%;\n\t\t\t}\n\t\t\t#gallery-1 img {\n\t\t\t\tborder: 2px solid #cfcfcf;\n\t\t\t}\n\t\t\t#gallery-1 .gallery-caption {\n\t\t\t\tmargin-left: 0;\n\t\t\t}\n\t\t\t\/* see gallery_shortcode() in wp-includes\/media.php *\/\n\t\t<\/style>\n\t\t<div id='gallery-1' class='gallery galleryid-38648 gallery-columns-2 gallery-size-thumbnail'><dl class='gallery-item'>\n\t\t\t<dt class='gallery-icon portrait'>\n\t\t\t\t<a href='https:\/\/www.riogrande.rs.gov.br\/smed\/wp-content\/uploads\/2020\/03\/20200306-ped-orientador-image2.jpg' rel=\"lightbox[38648]\"><img loading=\"lazy\" decoding=\"async\" width=\"150\" height=\"150\" src=\"https:\/\/www.riogrande.rs.gov.br\/smed\/wp-content\/uploads\/2020\/03\/20200306-ped-orientador-image2-150x150.jpg\" class=\"attachment-thumbnail size-thumbnail\" alt=\"\" aria-describedby=\"gallery-1-38650\" \/><\/a>\n\t\t\t<\/dt>\n\t\t\t\t<dd class='wp-caption-text gallery-caption' id='gallery-1-38650'>\n\t\t\t\tDivulga\u00e7\u00e3o\n\t\t\t\t<\/dd><\/dl><dl class='gallery-item'>\n\t\t\t<dt class='gallery-icon portrait'>\n\t\t\t\t<a href='https:\/\/www.riogrande.rs.gov.br\/smed\/wp-content\/uploads\/2020\/03\/20200306-ped-orientador-image1.jpg' rel=\"lightbox[38648]\"><img loading=\"lazy\" decoding=\"async\" width=\"150\" height=\"150\" src=\"https:\/\/www.riogrande.rs.gov.br\/smed\/wp-content\/uploads\/2020\/03\/20200306-ped-orientador-image1-150x150.jpg\" class=\"attachment-thumbnail size-thumbnail\" alt=\"\" aria-describedby=\"gallery-1-38649\" \/><\/a>\n\t\t\t<\/dt>\n\t\t\t\t<dd class='wp-caption-text gallery-caption' id='gallery-1-38649'>\n\t\t\t\tDivulga\u00e7\u00e3o\n\t\t\t\t<\/dd><\/dl><br style=\"clear: both\" \/>\n\t\t<\/div>\n\n<p style=\"text-align: justify;\">O Territ\u00f3rio do Rio Grande est\u00e1 disponibilizando no site da Secretaria de Munic\u00edpio da Educa\u00e7\u00e3o (<a href=\"http:\/\/www.riogrande.rs.gov.br\/smed\" target=\"_blank\" rel=\"noopener noreferrer\"><strong>www.riogrande.rs.gov.br\/smed<\/strong><\/a>) o &#8220;<strong>Documento Orientador Curricular do Territ\u00f3rio Rio-grandino<\/strong>&#8220;, que depois de um processo democr\u00e1tico e participativo vivido no ano de 2019, torna-se refer\u00eancia municipal curricular a ser implementada a partir de 2020 para todas as Redes de Ensino, p\u00fablicas e privadas, da Educa\u00e7\u00e3o B\u00e1sica, que atendem a Educa\u00e7\u00e3o Infantil e\/ou Ensino Fundamental.<\/p>\n<p style=\"text-align: justify;\">Desde ano de 2017, ap\u00f3s a implementa\u00e7\u00e3o da Base Nacional Comum Curricular (BNCC), o munic\u00edpio do Rio Grande envolveu-se em estudos, forma\u00e7\u00f5es e capacita\u00e7\u00f5es com o intuito da constru\u00e7\u00e3o do Curr\u00edculo Municipal. No ano de 2019, intensificou-se o processo com duas consultas p\u00fablicas, com a constru\u00e7\u00e3o de equipes t\u00e9cnicas, abra\u00e7ando a Rede Municipal, Rede Privada e Rede Estadual, e com uma importante parceria com o Conselho Municipal de Educa\u00e7\u00e3o (CME) e com a Universidade Federal do Rio Grande (Furg), o que originou um documento feito a muitas &#8220;m\u00e3os&#8221; e centenas de contribui\u00e7\u00f5es dos(as) profissionais da Educa\u00e7\u00e3o e comunidade escolar.<\/p>\n<p style=\"text-align: justify;\">Conforme a Resolu\u00e7\u00e3o N\u00ba 002\/2017, do Conselho Nacional de Educa\u00e7\u00e3o; Resolu\u00e7\u00e3o N\u00ba 345\/2018, do Conselho Estadual de Educa\u00e7\u00e3o; e Parecer 019\/2019, do Conselho Municipal de Educa\u00e7\u00e3o, este documento \u00e9 alinhado \u00e0 BNCC e \u00e9 elemento obrigat\u00f3rio para a constru\u00e7\u00e3o e revis\u00e3o dos Projetos Pol\u00edticos Pedag\u00f3gicos e Regimentos Escolares no ano de 2020.<\/p>\n<p style=\"text-align: justify;\"><a href=\"http:\/\/www.riogrande.rs.gov.br\/smed\/externo\/20200331-ped-doc_educacao_infantil.pdf\" target=\"_blank\" rel=\"noopener noreferrer\"><strong>Documento Orientador Curricular do Territ\u00f3rio Rio-grandino &#8211; Educa\u00e7\u00e3o Infantil<\/strong><\/a><\/p>\n<p style=\"text-align: justify;\"><a href=\"http:\/\/www.riogrande.rs.gov.br\/smed\/externo\/20200324-doc_ensino_fundamental.pdf\" target=\"_blank\" rel=\"noopener noreferrer\"><strong>Documento Orientador Curricular do Territ\u00f3rio Rio-grandino &#8211; Ensino Fundamental<\/strong><\/a><\/p>\n<p>&nbsp;<\/p>\n<p style=\"text-align: right;\"><em>SMEd<\/em><\/p>\n","protected":false},"excerpt":{"rendered":"<p>Publicada 06\/03\/2020 SMEd disponibiliza &#8220;Documento Orientador Curricular do Territ\u00f3rio Rio-grandino&#8221; O Territ\u00f3rio do Rio Grande est\u00e1 disponibilizando no site da Secretaria de Munic\u00edpio da Educa\u00e7\u00e3o (www.riogrande.rs.gov.br\/smed) o &#8220;Documento Orientador Curricular do Territ\u00f3rio Rio-grandino&#8220;, que depois de um processo democr\u00e1tico e participativo vivido no ano de 2019, torna-se refer\u00eancia municipal curricular a ser implementada a partir [&hellip;]<\/p>\n","protected":false},"author":7,"featured_media":0,"parent":38239,"menu_order":4,"comment_status":"closed","ping_status":"closed","template":"","meta":{"footnotes":""},"class_list":["post-38648","page","type-page","status-publish","hentry"],"_links":{"self":[{"href":"https:\/\/www.riogrande.rs.gov.br\/smed\/index.php?rest_route=\/wp\/v2\/pages\/38648"}],"collection":[{"href":"https:\/\/www.riogrande.rs.gov.br\/smed\/index.php?rest_route=\/wp\/v2\/pages"}],"about":[{"href":"https:\/\/www.riogrande.rs.gov.br\/smed\/index.php?rest_route=\/wp\/v2\/types\/page"}],"author":[{"embeddable":true,"href":"https:\/\/www.riogrande.rs.gov.br\/smed\/index.php?rest_route=\/wp\/v2\/users\/7"}],"replies":[{"embeddable":true,"href":"https:\/\/www.riogrande.rs.gov.br\/smed\/index.php?rest_route=%2Fwp%2Fv2%2Fcomments&post=38648"}],"version-history":[{"count":6,"href":"https:\/\/www.riogrande.rs.gov.br\/smed\/index.php?rest_route=\/wp\/v2\/pages\/38648\/revisions"}],"predecessor-version":[{"id":38904,"href":"https:\/\/www.riogrande.rs.gov.br\/smed\/index.php?rest_route=\/wp\/v2\/pages\/38648\/revisions\/38904"}],"up":[{"embeddable":true,"href":"https:\/\/www.riogrande.rs.gov.br\/smed\/index.php?rest_route=\/wp\/v2\/pages\/38239"}],"wp:attachment":[{"href":"https:\/\/www.riogrande.rs.gov.br\/smed\/index.php?rest_route=%2Fwp%2Fv2%2Fmedia&parent=38648"}],"curies":[{"name":"wp","href":"https:\/\/api.w.org\/{rel}","templated":true}]}}