{"id":38557,"date":"2020-03-04T15:15:56","date_gmt":"2020-03-04T18:15:56","guid":{"rendered":"http:\/\/www.riogrande.rs.gov.br\/smed\/?page_id=38557"},"modified":"2020-03-09T15:15:17","modified_gmt":"2020-03-09T18:15:17","slug":"workshop-com-a-escritora-leia-cassol","status":"publish","type":"page","link":"https:\/\/www.riogrande.rs.gov.br\/smed\/?page_id=38557","title":{"rendered":"Workshop com a escritora L\u00e9ia Cassol"},"content":{"rendered":"<hr \/>\n<p>Postado 09\/03\/2020<\/p>\n<h2>Workshop com a escritora L\u00e9ia Cassol acontece no dia 17<\/h2>\n<div id=\"attachment_38555\" style=\"width: 495px\" class=\"wp-caption aligncenter\"><a href=\"http:\/\/www.riogrande.rs.gov.br\/smed\/wp-content\/uploads\/2020\/03\/20200304-ped-cassol-image1.jpg\" rel=\"lightbox[38557]\"><img loading=\"lazy\" decoding=\"async\" aria-describedby=\"caption-attachment-38555\" class=\"size-medium wp-image-38555\" src=\"http:\/\/www.riogrande.rs.gov.br\/smed\/wp-content\/uploads\/2020\/03\/20200304-ped-cassol-image1-485x686.jpg\" alt=\"\" width=\"485\" height=\"686\" srcset=\"https:\/\/www.riogrande.rs.gov.br\/smed\/wp-content\/uploads\/2020\/03\/20200304-ped-cassol-image1-485x686.jpg 485w, https:\/\/www.riogrande.rs.gov.br\/smed\/wp-content\/uploads\/2020\/03\/20200304-ped-cassol-image1-768x1086.jpg 768w, https:\/\/www.riogrande.rs.gov.br\/smed\/wp-content\/uploads\/2020\/03\/20200304-ped-cassol-image1-624x882.jpg 624w, https:\/\/www.riogrande.rs.gov.br\/smed\/wp-content\/uploads\/2020\/03\/20200304-ped-cassol-image1.jpg 800w\" sizes=\"(max-width: 485px) 100vw, 485px\" \/><\/a><p id=\"caption-attachment-38555\" class=\"wp-caption-text\">Divulga\u00e7\u00e3o<\/p><\/div>\n<p style=\"text-align: justify;\">A Secretaria de Munic\u00edpio da Educa\u00e7\u00e3o de Rio Grande (SMEd), atrav\u00e9s dos N\u00facleos de Educa\u00e7\u00e3o Infantil e Anos Iniciais, e em parceria com a Editora Cassol, promover\u00e1, no dia <b>17 de mar\u00e7o<\/b>, \u00e0s <b>18h<\/b>, no <b>Teatro do Col\u00e9gio Liceu Salesiano Le\u00e3o XIII<\/b> (Av. Buarque de Macedo, 52), o <i>Workshop <\/i>\u201c<b>Hist\u00f3rias: \u00c9 bom ouvir, \u00c9 bom contar!<\/b>\u201d, com a escritora L\u00e9ia Cassol.<\/p>\n<p style=\"text-align: justify;\">O <i>Workshop<\/i> \u00e9 indicado para Professores(as) de Educa\u00e7\u00e3o Infantil, Bibliotec\u00e1rios(as), Coordena\u00e7\u00e3o Pedag\u00f3gica e Professores(as) dos Anos Iniciais (Ciclo de Alfabetiza\u00e7\u00e3o) da Rede P\u00fablica Municipal de Ensino.<\/p>\n<p style=\"text-align: justify;\">A escritora L\u00e9ia Cassol \u00e9 autora de 72 obras. Suas atividades de conta\u00e7\u00e3o de hist\u00f3rias s\u00e3o l\u00fadico-pedag\u00f3gicas, din\u00e2micas e interativas, utilizando m\u00fasica, teatro e dan\u00e7a. As inscri\u00e7\u00f5es dever\u00e3o ser realizadas no site da SMEd (<strong><a href=\"http:\/\/www.riogrande.rs.gov.br\" target=\"_blank\" rel=\"noopener noreferrer\">www.riogrande.rs.gov.br<\/a><\/strong>), at\u00e9 o dia<b> 13 de mar\u00e7o<\/b>. As vagas s\u00e3o limitadas. Acesse <a href=\"https:\/\/docs.google.com\/forms\/d\/1GkKj1g-77VOuX1reeS56vyN0RXBP1EUdyVFWYUcoUFA\/edit?ts=5e5fe0fb\" target=\"_blank\" rel=\"noopener noreferrer\"><b>aqui <\/b><\/a>para realizar a sua inscri\u00e7\u00e3o.<\/p>\n<p style=\"text-align: right;\"><em>SMEd<\/em><br \/>\n<em>Roberton Reis<\/em><br \/>\n<em>Com informa\u00e7\u00f5es dos N\u00facleos de Educa\u00e7\u00e3o Infantil e Anos Iniciais<\/em><\/p>\n<hr \/>\n<p>Postado 04\/03\/2020<\/p>\n<h2>SMEd promove Workshop com a escritora L\u00e9ia Cassol no dia 17<\/h2>\n<div id=\"attachment_38555\" style=\"width: 495px\" class=\"wp-caption aligncenter\"><a href=\"http:\/\/www.riogrande.rs.gov.br\/smed\/wp-content\/uploads\/2020\/03\/20200304-ped-cassol-image1.jpg\" rel=\"lightbox[38557]\"><img loading=\"lazy\" decoding=\"async\" aria-describedby=\"caption-attachment-38555\" class=\"size-medium wp-image-38555\" src=\"http:\/\/www.riogrande.rs.gov.br\/smed\/wp-content\/uploads\/2020\/03\/20200304-ped-cassol-image1-485x686.jpg\" alt=\"\" width=\"485\" height=\"686\" srcset=\"https:\/\/www.riogrande.rs.gov.br\/smed\/wp-content\/uploads\/2020\/03\/20200304-ped-cassol-image1-485x686.jpg 485w, https:\/\/www.riogrande.rs.gov.br\/smed\/wp-content\/uploads\/2020\/03\/20200304-ped-cassol-image1-768x1086.jpg 768w, https:\/\/www.riogrande.rs.gov.br\/smed\/wp-content\/uploads\/2020\/03\/20200304-ped-cassol-image1-624x882.jpg 624w, https:\/\/www.riogrande.rs.gov.br\/smed\/wp-content\/uploads\/2020\/03\/20200304-ped-cassol-image1.jpg 800w\" sizes=\"(max-width: 485px) 100vw, 485px\" \/><\/a><p id=\"caption-attachment-38555\" class=\"wp-caption-text\">Divulga\u00e7\u00e3o<\/p><\/div>\n<p style=\"text-align: justify;\">A Secretaria de Munic\u00edpio da Educa\u00e7\u00e3o de Rio Grande (SMEd), atrav\u00e9s dos N\u00facleos de Educa\u00e7\u00e3o Infantil e Anos Iniciais, e em parceria com a Editora Cassol, promover\u00e1, no dia <b>17 de mar\u00e7o<\/b>, \u00e0s <b>18h<\/b>, no <b>Teatro do Col\u00e9gio Liceu Salesiano Le\u00e3o XIII<\/b> (Av. Buarque de Macedo, 52), o <i>Workshop <\/i>\u201c<strong>HIST\u00d3RIAS: \u00c9 BOM OUVIR, FAZ BEM CONTAR!<\/strong>\u201d, com a escritora L\u00e9ia Cassol.<\/p>\n<p style=\"text-align: justify;\">O <i>Workshop<\/i> \u00e9 indicado para Professores(as) de Educa\u00e7\u00e3o Infantil, Bibliotec\u00e1rios(as), Coordena\u00e7\u00e3o Pedag\u00f3gica e Professores(as) dos Anos Iniciais (Ciclo de Alfabetiza\u00e7\u00e3o) da Rede P\u00fablica Municipal de Ensino.<\/p>\n<p style=\"text-align: justify;\">A escritora L\u00e9ia Cassol \u00e9 autora de 72 obras. Suas atividades de conta\u00e7\u00e3o de hist\u00f3rias s\u00e3o l\u00fadico-pedag\u00f3gicas, din\u00e2micas e interativas, utilizando m\u00fasica, teatro e dan\u00e7a. As inscri\u00e7\u00f5es dever\u00e3o ser realizadas no site da SMEd (<strong><a href=\"http:\/\/www.riogrande.rs.gov.br\" target=\"_blank\" rel=\"noopener noreferrer\">www.riogrande.rs.gov.br<\/a><\/strong>), no per\u00edodo de <b>04 a 13 de mar\u00e7o<\/b>. As vagas s\u00e3o limitadas. Acesse <a href=\"https:\/\/docs.google.com\/forms\/d\/e\/1FAIpQLSf0xFcorkBSZY2KLG-ozGymIwxSNDmwTkCx8kRq1gfAO7OLBA\/viewform?ts=5e5fe0fb\" target=\"_blank\" rel=\"noopener noreferrer\"><b>aqui<\/b><\/a> para realizar a sua inscri\u00e7\u00e3o.<\/p>\n<p style=\"text-align: right;\"><em>SMEd<\/em><br \/>\n<em>Roberton Reis<\/em><br \/>\n<em>Com informa\u00e7\u00f5es dos N\u00facleos de Educa\u00e7\u00e3o Infantil e Anos Iniciais<\/em><\/p>\n<p>&nbsp;<\/p>\n","protected":false},"excerpt":{"rendered":"<p>Postado 09\/03\/2020 Workshop com a escritora L\u00e9ia Cassol acontece no dia 17 A Secretaria de Munic\u00edpio da Educa\u00e7\u00e3o de Rio Grande (SMEd), atrav\u00e9s dos N\u00facleos de Educa\u00e7\u00e3o Infantil e Anos Iniciais, e em parceria com a Editora Cassol, promover\u00e1, no dia 17 de mar\u00e7o, \u00e0s 18h, no Teatro do Col\u00e9gio Liceu Salesiano Le\u00e3o XIII (Av. [&hellip;]<\/p>\n","protected":false},"author":7,"featured_media":0,"parent":38239,"menu_order":3,"comment_status":"closed","ping_status":"closed","template":"","meta":{"footnotes":""},"class_list":["post-38557","page","type-page","status-publish","hentry"],"_links":{"self":[{"href":"https:\/\/www.riogrande.rs.gov.br\/smed\/index.php?rest_route=\/wp\/v2\/pages\/38557"}],"collection":[{"href":"https:\/\/www.riogrande.rs.gov.br\/smed\/index.php?rest_route=\/wp\/v2\/pages"}],"about":[{"href":"https:\/\/www.riogrande.rs.gov.br\/smed\/index.php?rest_route=\/wp\/v2\/types\/page"}],"author":[{"embeddable":true,"href":"https:\/\/www.riogrande.rs.gov.br\/smed\/index.php?rest_route=\/wp\/v2\/users\/7"}],"replies":[{"embeddable":true,"href":"https:\/\/www.riogrande.rs.gov.br\/smed\/index.php?rest_route=%2Fwp%2Fv2%2Fcomments&post=38557"}],"version-history":[{"count":4,"href":"https:\/\/www.riogrande.rs.gov.br\/smed\/index.php?rest_route=\/wp\/v2\/pages\/38557\/revisions"}],"predecessor-version":[{"id":38668,"href":"https:\/\/www.riogrande.rs.gov.br\/smed\/index.php?rest_route=\/wp\/v2\/pages\/38557\/revisions\/38668"}],"up":[{"embeddable":true,"href":"https:\/\/www.riogrande.rs.gov.br\/smed\/index.php?rest_route=\/wp\/v2\/pages\/38239"}],"wp:attachment":[{"href":"https:\/\/www.riogrande.rs.gov.br\/smed\/index.php?rest_route=%2Fwp%2Fv2%2Fmedia&parent=38557"}],"curies":[{"name":"wp","href":"https:\/\/api.w.org\/{rel}","templated":true}]}}