{"id":38258,"date":"2020-02-05T10:40:34","date_gmt":"2020-02-05T13:40:34","guid":{"rendered":"http:\/\/www.riogrande.rs.gov.br\/smed\/?page_id=38258"},"modified":"2020-02-05T10:45:25","modified_gmt":"2020-02-05T13:45:25","slug":"curriculo-da-lingua-brasileira-de-sinais-libras-componente-curricular-como-primeira-lingua","status":"publish","type":"page","link":"https:\/\/www.riogrande.rs.gov.br\/smed\/?page_id=38258","title":{"rendered":"Curr\u00edculo da L\u00edngua Brasileira de Sinais \u2013 LIBRAS: Componente Curricular como primeira l\u00edngua"},"content":{"rendered":"<p><a href=\"http:\/\/www.riogrande.rs.gov.br\/smed\/wp-content\/uploads\/2020\/02\/20200205-libras-image1.jpg\" rel=\"lightbox[38258]\"><img loading=\"lazy\" decoding=\"async\" class=\"aligncenter size-medium wp-image-38260\" src=\"http:\/\/www.riogrande.rs.gov.br\/smed\/wp-content\/uploads\/2020\/02\/20200205-libras-image1-485x566.jpg\" alt=\"\" width=\"485\" height=\"566\" srcset=\"https:\/\/www.riogrande.rs.gov.br\/smed\/wp-content\/uploads\/2020\/02\/20200205-libras-image1-485x566.jpg 485w, https:\/\/www.riogrande.rs.gov.br\/smed\/wp-content\/uploads\/2020\/02\/20200205-libras-image1-624x728.jpg 624w, https:\/\/www.riogrande.rs.gov.br\/smed\/wp-content\/uploads\/2020\/02\/20200205-libras-image1.jpg 707w\" sizes=\"(max-width: 485px) 100vw, 485px\" \/><\/a><\/p>\n<p style=\"text-align: justify;\">O<b> \u201cCurr\u00edculo da L\u00edngua Brasileira de Sinais &#8211; LIBRAS: Componente Curricular como primeira l\u00edngua<\/b>\u201d poder\u00e1 ser utilizado como base para o ensino em qualquer escola bil\u00edngue para surdos que utilize a LIBRAS como primeira l\u00edngua. O Curr\u00edculo est\u00e1 dispon\u00edvel gratuitamente e pode ser baixado no formato PDF, acessando <a href=\"http:\/\/www.riogrande.rs.gov.br\/smed\/externo\/20200128-curriculo_lingua_brasileira_de_sinais.pdf\" target=\"_blank\" rel=\"noopener noreferrer\"><b>aqui<\/b><\/a>.<\/p>\n<p style=\"text-align: justify;\">Clique <a href=\"https:\/\/www.youtube.com\/watch?v=nqern1xCqJ0&amp;feature=youtu.be\" target=\"_blank\" rel=\"noopener noreferrer\"><b>aqui<\/b><\/a> e assista ao v\u00eddeo que apresenta (em LIBRAS) o <b>\u201cCurr\u00edculo da L\u00edngua Brasileira de Sinais &#8211; LIBRAS: Componente Curricular como primeira l\u00edngua<\/b>\u201d.<\/p>\n<p style=\"text-align: right;\"><em>SMEd<\/em><br \/>\n<em>Roberton Reis<\/em><\/p>\n","protected":false},"excerpt":{"rendered":"<p>O \u201cCurr\u00edculo da L\u00edngua Brasileira de Sinais &#8211; LIBRAS: Componente Curricular como primeira l\u00edngua\u201d poder\u00e1 ser utilizado como base para o ensino em qualquer escola bil\u00edngue para surdos que utilize a LIBRAS como primeira l\u00edngua. O Curr\u00edculo est\u00e1 dispon\u00edvel gratuitamente e pode ser baixado no formato PDF, acessando aqui. Clique aqui e assista ao v\u00eddeo [&hellip;]<\/p>\n","protected":false},"author":7,"featured_media":0,"parent":38239,"menu_order":2,"comment_status":"closed","ping_status":"closed","template":"","meta":{"footnotes":""},"class_list":["post-38258","page","type-page","status-publish","hentry"],"_links":{"self":[{"href":"https:\/\/www.riogrande.rs.gov.br\/smed\/index.php?rest_route=\/wp\/v2\/pages\/38258"}],"collection":[{"href":"https:\/\/www.riogrande.rs.gov.br\/smed\/index.php?rest_route=\/wp\/v2\/pages"}],"about":[{"href":"https:\/\/www.riogrande.rs.gov.br\/smed\/index.php?rest_route=\/wp\/v2\/types\/page"}],"author":[{"embeddable":true,"href":"https:\/\/www.riogrande.rs.gov.br\/smed\/index.php?rest_route=\/wp\/v2\/users\/7"}],"replies":[{"embeddable":true,"href":"https:\/\/www.riogrande.rs.gov.br\/smed\/index.php?rest_route=%2Fwp%2Fv2%2Fcomments&post=38258"}],"version-history":[{"count":2,"href":"https:\/\/www.riogrande.rs.gov.br\/smed\/index.php?rest_route=\/wp\/v2\/pages\/38258\/revisions"}],"predecessor-version":[{"id":38261,"href":"https:\/\/www.riogrande.rs.gov.br\/smed\/index.php?rest_route=\/wp\/v2\/pages\/38258\/revisions\/38261"}],"up":[{"embeddable":true,"href":"https:\/\/www.riogrande.rs.gov.br\/smed\/index.php?rest_route=\/wp\/v2\/pages\/38239"}],"wp:attachment":[{"href":"https:\/\/www.riogrande.rs.gov.br\/smed\/index.php?rest_route=%2Fwp%2Fv2%2Fmedia&parent=38258"}],"curies":[{"name":"wp","href":"https:\/\/api.w.org\/{rel}","templated":true}]}}