{"id":37477,"date":"2019-11-26T15:14:58","date_gmt":"2019-11-26T18:14:58","guid":{"rendered":"http:\/\/www.riogrande.rs.gov.br\/smed\/?page_id=37477"},"modified":"2019-12-11T19:08:11","modified_gmt":"2019-12-11T22:08:11","slug":"3o-seminario-de-partilha-de-praticas-formativas","status":"publish","type":"page","link":"https:\/\/www.riogrande.rs.gov.br\/smed\/?page_id=37477","title":{"rendered":"3\u00ba Semin\u00e1rio de Partilha de Pr\u00e1ticas Formativas"},"content":{"rendered":"<hr \/>\n<p>Publicada 11\/12\/2019<\/p>\n<h2>SMEd promove \u201c3\u00ba Semin\u00e1rio de Partilha de Pr\u00e1ticas Formativas\u201d nesta quinta-feira, dia 12<\/h2>\n<div id=\"attachment_37918\" style=\"width: 495px\" class=\"wp-caption aligncenter\"><a href=\"http:\/\/www.riogrande.rs.gov.br\/smed\/wp-content\/uploads\/2019\/12\/20191211-ped-praticas_formativas-image1.jpg\" rel=\"lightbox[37477]\"><img loading=\"lazy\" decoding=\"async\" aria-describedby=\"caption-attachment-37918\" class=\"size-medium wp-image-37918\" src=\"http:\/\/www.riogrande.rs.gov.br\/smed\/wp-content\/uploads\/2019\/12\/20191211-ped-praticas_formativas-image1-485x364.jpg\" alt=\"\" width=\"485\" height=\"364\" srcset=\"https:\/\/www.riogrande.rs.gov.br\/smed\/wp-content\/uploads\/2019\/12\/20191211-ped-praticas_formativas-image1-485x364.jpg 485w, https:\/\/www.riogrande.rs.gov.br\/smed\/wp-content\/uploads\/2019\/12\/20191211-ped-praticas_formativas-image1-768x576.jpg 768w, https:\/\/www.riogrande.rs.gov.br\/smed\/wp-content\/uploads\/2019\/12\/20191211-ped-praticas_formativas-image1-624x468.jpg 624w, https:\/\/www.riogrande.rs.gov.br\/smed\/wp-content\/uploads\/2019\/12\/20191211-ped-praticas_formativas-image1.jpg 959w\" sizes=\"(max-width: 485px) 100vw, 485px\" \/><\/a><p id=\"caption-attachment-37918\" class=\"wp-caption-text\">Divulga\u00e7\u00e3o<\/p><\/div>\n<p style=\"text-align: justify;\">A Secretaria de Munic\u00edpio da Educa\u00e7\u00e3o de Rio Grande (SMEd), atrav\u00e9s do N\u00facleo de Orienta\u00e7\u00e3o e Supervis\u00e3o (NOS), realizar\u00e1, nesta quinta-feira, dia <b>12 de dezembro<\/b>, das <b>8h30min \u00e0s 21h<\/b>, na <b>Faculdade Anhanguera<\/b>, o \u201c<b>3\u00ba Semin\u00e1rio de Partilha de Pr\u00e1ticas Formativas<\/b>\u201d, o qual tem como p\u00fablico-alvo os(as) <b>Orientadores(as)<\/b> <b>Educacionais e os(as) Supervisores(as)\/Coordenadores(as) Pedag\u00f3gicos(as)<\/b> que atuam nas escolas da rede p\u00fablica municipal de ensino.<\/p>\n<p style=\"text-align: justify;\">De acordo com as assessoras do N\u00facleo, este dia ser\u00e1 destinado para que cada institui\u00e7\u00e3o escolar possa compartilhar as experi\u00eancias formativas desenvolvidas em 2019. Neste dia, ser\u00e3o oferecidas diferentes atividades: Exposi\u00e7\u00e3o dos Mapas Formativos constru\u00eddos pelas escolas; Palestra; Momento cultural; Roda de conversa; Apresenta\u00e7\u00e3o de pr\u00e1ticas formativas desenvolvidas pelas escolas; Confraterniza\u00e7\u00e3o do dia do(a) Supervisor(a)\/Coordenador(a) Pedag\u00f3gico(a) e do(a) Orientador(a) Educacional.<\/p>\n<p style=\"text-align: justify;\">\u201c<b>Lembramos que tamb\u00e9m \u00e9 o dia da exposi\u00e7\u00e3o dos \u2018Mapas Formativos\u2019 constru\u00eddos por cada escola ao longo de 2019. A organiza\u00e7\u00e3o da exposi\u00e7\u00e3o dos mapas deve ocorrer no dia que antecede ao evento, por um ou mais profissional da escola (11\/12\/19, a partir das 16h<\/b>)\u201d, destacou a assessoria do NOS.<\/p>\n<p style=\"text-align: justify;\">Acesse <a href=\"http:\/\/www.riogrande.rs.gov.br\/smed\/wp-content\/uploads\/2019\/11\/20191126-ped-nos_praticas_formativas.pdf\" target=\"_blank\" rel=\"noopener noreferrer\"><b>aqui <\/b><\/a>e confira as orienta\u00e7\u00f5es da organiza\u00e7\u00e3o deste evento, que contar\u00e1 com certifica\u00e7\u00e3o de 30 horas para os(as) Supervisores(as)\/Coordenadores(as) Pedag\u00f3gicos(as) e Orientadores(as) Educacionais.<\/p>\n<ul>\n<li style=\"text-align: justify;\">Servi\u00e7o: <b>3\u00ba Semin\u00e1rio de Partilha de Pr\u00e1ticas Formativas<\/b><\/li>\n<li style=\"text-align: justify;\">P\u00fablico-alvo: <b>Orientadores(as)<\/b> <b>Educacionais e os(as) Supervisores(as)\/Coordenadores(as) Pedag\u00f3gicos(as)<\/b><\/li>\n<li style=\"text-align: justify;\">Dia: <b>12 de dezembro<\/b><\/li>\n<li style=\"text-align: justify;\">Hor\u00e1rio: das <b>8h30min \u00e0s 21h<\/b><\/li>\n<li style=\"text-align: justify;\">Local: <b>Faculdade Anhanguera<\/b><\/li>\n<\/ul>\n<p style=\"text-align: right;\"><em>SMEd<\/em><br \/>\n<em>Roberton Reis<\/em><br \/>\n<em>Com informa\u00e7\u00f5es do N\u00facleo de Orienta\u00e7\u00e3o e Supervis\u00e3o<\/em><\/p>\n<hr \/>\n<p>Publicada 05\/12\/2019<\/p>\n<h2>\u201c3\u00ba Semin\u00e1rio de Partilha de Pr\u00e1ticas Formativas\u201d: Per\u00edodo de inscri\u00e7\u00f5es foi prorrogado at\u00e9 sexta-feira, dia 06<\/h2>\n<p style=\"text-align: justify;\">A Secretaria de Munic\u00edpio da Educa\u00e7\u00e3o de Rio Grande (SMEd), atrav\u00e9s do N\u00facleo de Orienta\u00e7\u00e3o e Supervis\u00e3o (NOS), informa que o per\u00edodo de inscri\u00e7\u00f5es para o \u201c<b>3\u00ba Semin\u00e1rio de Partilha de Pr\u00e1ticas Formativas<\/b>\u201d foi prorrogado at\u00e9 sexta-feira, dia <b>06 de dezembro<\/b>.<\/p>\n<p style=\"text-align: justify;\">O Semin\u00e1rio, que ser\u00e1 realizado no dia <b>12 de dezembro<\/b>, das <b>8h30min \u00e0s 21h<\/b>, na <b>Faculdade Anhanguera<\/b>, tem como p\u00fablico-alvo os(as) <b>Orientadores(as)<\/b> <b>Educacionais e os(as) Supervisores(as)\/Coordenadores(as) Pedag\u00f3gicos(as)<\/b> que atuam nas escolas da rede p\u00fablica municipal de ensino.<\/p>\n<p style=\"text-align: justify;\">De acordo com as assessoras do N\u00facleo, este dia ser\u00e1 destinado para que cada institui\u00e7\u00e3o escolar possa compartilhar as experi\u00eancias formativas desenvolvidas em 2019. Neste dia, ser\u00e3o oferecidas diferentes atividades: Exposi\u00e7\u00e3o dos Mapas Formativos constru\u00eddos pelas escolas; Palestra; Momento cultural; Roda de conversa; Apresenta\u00e7\u00e3o de pr\u00e1ticas formativas desenvolvidas pelas escolas; Confraterniza\u00e7\u00e3o do dia do(a) Supervisor(a)\/Coordenador(a) Pedag\u00f3gico(a) e do(a) Orientador(a) Educacional.<\/p>\n<p style=\"text-align: justify;\">\u201c<b>Lembramos que tamb\u00e9m \u00e9 o dia da exposi\u00e7\u00e3o dos \u2018Mapas Formativos\u2019 constru\u00eddos por cada escola ao longo de 2019. A organiza\u00e7\u00e3o da exposi\u00e7\u00e3o dos mapas deve ocorrer no dia que antecede ao evento, por um ou mais profissional da escola (11\/12\/19, a partir das 16h<\/b>)\u201d, destacou a assessoria do NOS.<\/p>\n<p style=\"text-align: justify;\">Acesse <a href=\"http:\/\/www.riogrande.rs.gov.br\/smed\/wp-content\/uploads\/2019\/11\/20191126-ped-nos_praticas_formativas.pdf\" target=\"_blank\" rel=\"noopener noreferrer\"><b>aqui<\/b><\/a> e confira as orienta\u00e7\u00f5es da organiza\u00e7\u00e3o deste evento, que contar\u00e1 com certifica\u00e7\u00e3o de 30 horas para os(as) Supervisores(as)\/Coordenadores(as) Pedag\u00f3gicos(as) e Orientadores(as) Educacionais.<\/p>\n<p style=\"text-align: justify;\">Acesse <a href=\"https:\/\/docs.google.com\/forms\/d\/e\/1FAIpQLSfWr8X-2fIS4cQiiAR5o9PHmwW6DT-lVd94iaTXMw7N6vvDXw\/viewform\" target=\"_blank\" rel=\"noopener noreferrer\"><b>aqui<\/b><\/a> para realizar a sua inscri\u00e7\u00e3o.<\/p>\n<ul>\n<li style=\"text-align: justify;\">Servi\u00e7o: <b>3\u00ba Semin\u00e1rio de Partilha de Pr\u00e1ticas Formativas<\/b><\/li>\n<li style=\"text-align: justify;\">P\u00fablico-alvo: <b>Orientadores(as)<\/b> <b>Educacionais e os(as) Supervisores(as)\/Coordenadores(as) Pedag\u00f3gicos(as)<\/b><\/li>\n<li style=\"text-align: justify;\">Per\u00edodo de inscri\u00e7\u00f5es: prorrogado at\u00e9 sexta-feira, dia <b>06 de dezembro<\/b><\/li>\n<li style=\"text-align: justify;\">Dia: <b>12 de dezembro<\/b><\/li>\n<li style=\"text-align: justify;\">Hor\u00e1rio: das <b>8h30min \u00e0s 21h<\/b><\/li>\n<li style=\"text-align: justify;\">Local: <b>Faculdade Anhanguera<\/b><\/li>\n<\/ul>\n<p style=\"text-align: right;\"><i>SMEd<\/i><br \/>\n<i>Roberton Reis<\/i><br \/>\n<i>Com informa\u00e7\u00f5es do NOS<\/i><\/p>\n<hr \/>\n<p>Publicada 03\/12\/2019<\/p>\n<h2>Per\u00edodo de inscri\u00e7\u00f5es para o \u201c3\u00ba Semin\u00e1rio de Partilha de Pr\u00e1ticas Formativas\u201d encerra nesta quarta-feira, dia 04<\/h2>\n<p style=\"text-align: justify;\">A Secretaria de Munic\u00edpio da Educa\u00e7\u00e3o de Rio Grande (SMEd), atrav\u00e9s do N\u00facleo de Orienta\u00e7\u00e3o e Supervis\u00e3o (NOS), realizar\u00e1, no dia <b>12 de dezembro<\/b>, das <b>8h30min \u00e0s 21h<\/b>, na <b>Faculdade Anhanguera<\/b>, o \u201c<b>3\u00ba Semin\u00e1rio de Partilha de Pr\u00e1ticas Formativas<\/b>\u201d, o qual tem como p\u00fablico-alvo os(as) <b>Orientadores(as)<\/b> <b>Educacionais e os(as) Supervisores(as)\/Coordenadores(as) Pedag\u00f3gicos(as)<\/b> que atuam nas escolas da rede p\u00fablica municipal de ensino.<\/p>\n<p style=\"text-align: justify;\">De acordo com as assessoras do N\u00facleo, este dia ser\u00e1 destinado para que cada institui\u00e7\u00e3o escolar possa compartilhar as experi\u00eancias formativas desenvolvidas em 2019. Neste dia, ser\u00e3o oferecidas diferentes atividades: Exposi\u00e7\u00e3o dos Mapas Formativos constru\u00eddos pelas escolas; Palestra; Momento cultural; Roda de conversa; Apresenta\u00e7\u00e3o de pr\u00e1ticas formativas desenvolvidas pelas escolas; Confraterniza\u00e7\u00e3o do dia do(a) Supervisor(a)\/Coordenador(a) Pedag\u00f3gico(a) e do(a) Orientador(a) Educacional.<\/p>\n<p style=\"text-align: justify;\">\u201c<b>Lembramos que tamb\u00e9m \u00e9 o dia da exposi\u00e7\u00e3o dos \u2018Mapas Formativos\u2019 constru\u00eddos por cada escola ao longo de 2019. A organiza\u00e7\u00e3o da exposi\u00e7\u00e3o dos mapas deve ocorrer no dia que antecede ao evento, por um ou mais profissional da escola (11\/12\/19, a partir das 16h<\/b>)\u201d, destacou a assessoria do NOS.<\/p>\n<p style=\"text-align: justify;\">Acesse<a href=\"http:\/\/www.riogrande.rs.gov.br\/smed\/wp-content\/uploads\/2019\/11\/20191126-ped-nos_praticas_formativas.pdf\" target=\"_blank\" rel=\"noopener noreferrer\"> <b>aqui<\/b><\/a> e confira as orienta\u00e7\u00f5es da organiza\u00e7\u00e3o deste evento, que contar\u00e1 com certifica\u00e7\u00e3o de 30 horas para os(as) Supervisores(as)\/Coordenadores(as) Pedag\u00f3gicos(as) e Orientadores(as) Educacionais.<\/p>\n<p style=\"text-align: justify;\">O per\u00edodo de <a href=\"https:\/\/docs.google.com\/forms\/d\/e\/1FAIpQLSfWr8X-2fIS4cQiiAR5o9PHmwW6DT-lVd94iaTXMw7N6vvDXw\/viewform\" target=\"_blank\" rel=\"noopener noreferrer\"><b>inscri\u00e7\u00f5es<\/b><\/a> para o \u201c<b>3\u00ba Semin\u00e1rio de Partilha de Pr\u00e1ticas Formativas<\/b>\u201d, que iniciou no dia <b>26 de novembro<\/b>, encerra nesta quarta-feira, dia <b>04 de dezembro<\/b>. Acesse <a href=\"https:\/\/docs.google.com\/forms\/d\/e\/1FAIpQLSfWr8X-2fIS4cQiiAR5o9PHmwW6DT-lVd94iaTXMw7N6vvDXw\/viewform\" target=\"_blank\" rel=\"noopener noreferrer\"><b>aqui<\/b><\/a> para realizar a sua inscri\u00e7\u00e3o.<\/p>\n<ul>\n<li style=\"text-align: justify;\">Servi\u00e7o: <b>3\u00ba Semin\u00e1rio de Partilha de Pr\u00e1ticas Formativas<\/b><\/li>\n<li style=\"text-align: justify;\">P\u00fablico-alvo: <b>Orientadores(as)<\/b> <b>Educacionais e os(as) Supervisores(as)\/Coordenadores(as) Pedag\u00f3gicos(as)<\/b><\/li>\n<li style=\"text-align: justify;\">Per\u00edodo de inscri\u00e7\u00f5es: de <b>26 de novembro<\/b> a <b>04 de dezembro<\/b><\/li>\n<li style=\"text-align: justify;\">Dia: <b>12 de dezembro<\/b><\/li>\n<li style=\"text-align: justify;\">Hor\u00e1rio: das <b>8h30min \u00e0s 21h<\/b><\/li>\n<li style=\"text-align: justify;\">Local: <b>Faculdade Anhanguera<\/b><\/li>\n<\/ul>\n<p style=\"text-align: right;\"><i>SMEd<\/i><br \/>\n<i>Roberton Reis<\/i><br \/>\n<i>Com informa\u00e7\u00f5es do NOS<\/i><\/p>\n<hr \/>\n<p>Publicada 26\/11\/2019<\/p>\n<h2>SMEd promove \u201c3\u00ba Semin\u00e1rio de Partilha de Pr\u00e1ticas Formativas\u201d no dia 12 de dezembro<\/h2>\n<p style=\"text-align: justify;\">A Secretaria de Munic\u00edpio da Educa\u00e7\u00e3o de Rio Grande (SMEd), atrav\u00e9s do N\u00facleo de Orienta\u00e7\u00e3o e Supervis\u00e3o (NOS), realizar\u00e1, no dia <b>12 de dezembro<\/b>, das <b>8h30min \u00e0s 21h<\/b>, na <b>Faculdade Anhanguera<\/b>, o \u201c<b>3\u00ba Semin\u00e1rio de Partilha de Pr\u00e1ticas Formativas<\/b>\u201d, o qual tem como p\u00fablico-alvo os(as) <b>Orientadores(as)<\/b> <b>Educacionais e os(as) Supervisores(as)\/Coordenadores(as) Pedag\u00f3gicos(as)<\/b> que atuam nas escolas da rede p\u00fablica municipal de ensino.<\/p>\n<p style=\"text-align: justify;\">De acordo com as assessoras do N\u00facleo, este dia ser\u00e1 destinado para que cada institui\u00e7\u00e3o escolar possa compartilhar as experi\u00eancias formativas desenvolvidas em 2019. Neste dia, ser\u00e3o oferecidas diferentes atividades: Exposi\u00e7\u00e3o dos Mapas Formativos constru\u00eddos pelas escolas; Palestra; Momento cultural; Roda de conversa; Apresenta\u00e7\u00e3o de pr\u00e1ticas formativas desenvolvidas pelas escolas; Confraterniza\u00e7\u00e3o do dia do(a) Supervisor(a)\/Coordenador(a) Pedag\u00f3gico(a) e do(a) Orientador(a) Educacional.<\/p>\n<p style=\"text-align: justify;\">\u201c<b>Lembramos que tamb\u00e9m \u00e9 o dia da exposi\u00e7\u00e3o dos \u2018Mapas Formativos\u2019 constru\u00eddos por cada escola ao longo de 2019. A organiza\u00e7\u00e3o da exposi\u00e7\u00e3o dos mapas deve ocorrer no dia que antecede ao evento, por um ou mais profissional da escola (11\/12\/19, a partir das 16h<\/b>)\u201d, destacou a assessoria do NOS.<\/p>\n<p style=\"text-align: justify;\">Acesse <a href=\"http:\/\/www.riogrande.rs.gov.br\/smed\/wp-content\/uploads\/2019\/11\/20191126-ped-nos_praticas_formativas.pdf\" target=\"_blank\" rel=\"noopener noreferrer\"><b>aqui <\/b><\/a>e confira as orienta\u00e7\u00f5es da organiza\u00e7\u00e3o deste evento, que contar\u00e1 com certifica\u00e7\u00e3o de 30 horas para os(as) Supervisores(as)\/Coordenadores(as) Pedag\u00f3gicos(as) e Orientadores(as) Educacionais.<\/p>\n<p style=\"text-align: justify;\">O per\u00edodo de <a href=\"https:\/\/docs.google.com\/forms\/d\/e\/1FAIpQLSfWr8X-2fIS4cQiiAR5o9PHmwW6DT-lVd94iaTXMw7N6vvDXw\/viewform\" target=\"_blank\" rel=\"noopener noreferrer\"><strong>inscri\u00e7\u00f5es<\/strong><\/a> para o \u201c<b>3\u00ba Semin\u00e1rio de Partilha de Pr\u00e1ticas Formativas<\/b>\u201d iniciou nesta ter\u00e7a-feira, dia <b>26 de novembro<\/b>, e estende-se at\u00e9 o dia <b>04 de dezembro<\/b>. Acesse <a href=\"https:\/\/docs.google.com\/forms\/d\/e\/1FAIpQLSfWr8X-2fIS4cQiiAR5o9PHmwW6DT-lVd94iaTXMw7N6vvDXw\/viewform\" target=\"_blank\" rel=\"noopener noreferrer\"><b>aqui <\/b><\/a>para realizar a sua inscri\u00e7\u00e3o.<\/p>\n<ul>\n<li style=\"text-align: justify;\">Servi\u00e7o: <b>3\u00ba Semin\u00e1rio de Partilha de Pr\u00e1ticas Formativas<\/b><\/li>\n<li style=\"text-align: justify;\">P\u00fablico-alvo: <b>Orientadores(as)<\/b> <b>Educacionais e os(as) Supervisores(as)\/Coordenadores(as) Pedag\u00f3gicos(as)<\/b><\/li>\n<li style=\"text-align: justify;\">Per\u00edodo de inscri\u00e7\u00f5es: de <b>26 de novembro<\/b> a <b>04 de dezembro<\/b><\/li>\n<li style=\"text-align: justify;\">Dia: <b>12 de dezembro<\/b><\/li>\n<li style=\"text-align: justify;\">Hor\u00e1rio: das <b>8h30min \u00e0s 21h<\/b><\/li>\n<li style=\"text-align: justify;\">Local: <b>Faculdade Anhanguera<\/b><\/li>\n<\/ul>\n<p style=\"text-align: right;\"><em>SMEd<\/em><br \/>\n<em>Roberton Reis<\/em><br \/>\n<em>Com informa\u00e7\u00f5es do NOS<\/em><\/p>\n","protected":false},"excerpt":{"rendered":"<p>Publicada 11\/12\/2019 SMEd promove \u201c3\u00ba Semin\u00e1rio de Partilha de Pr\u00e1ticas Formativas\u201d nesta quinta-feira, dia 12 A Secretaria de Munic\u00edpio da Educa\u00e7\u00e3o de Rio Grande (SMEd), atrav\u00e9s do N\u00facleo de Orienta\u00e7\u00e3o e Supervis\u00e3o (NOS), realizar\u00e1, nesta quinta-feira, dia 12 de dezembro, das 8h30min \u00e0s 21h, na Faculdade Anhanguera, o \u201c3\u00ba Semin\u00e1rio de Partilha de Pr\u00e1ticas Formativas\u201d, [&hellip;]<\/p>\n","protected":false},"author":7,"featured_media":0,"parent":31208,"menu_order":26,"comment_status":"closed","ping_status":"closed","template":"","meta":{"footnotes":""},"class_list":["post-37477","page","type-page","status-publish","hentry"],"_links":{"self":[{"href":"https:\/\/www.riogrande.rs.gov.br\/smed\/index.php?rest_route=\/wp\/v2\/pages\/37477"}],"collection":[{"href":"https:\/\/www.riogrande.rs.gov.br\/smed\/index.php?rest_route=\/wp\/v2\/pages"}],"about":[{"href":"https:\/\/www.riogrande.rs.gov.br\/smed\/index.php?rest_route=\/wp\/v2\/types\/page"}],"author":[{"embeddable":true,"href":"https:\/\/www.riogrande.rs.gov.br\/smed\/index.php?rest_route=\/wp\/v2\/users\/7"}],"replies":[{"embeddable":true,"href":"https:\/\/www.riogrande.rs.gov.br\/smed\/index.php?rest_route=%2Fwp%2Fv2%2Fcomments&post=37477"}],"version-history":[{"count":4,"href":"https:\/\/www.riogrande.rs.gov.br\/smed\/index.php?rest_route=\/wp\/v2\/pages\/37477\/revisions"}],"predecessor-version":[{"id":37931,"href":"https:\/\/www.riogrande.rs.gov.br\/smed\/index.php?rest_route=\/wp\/v2\/pages\/37477\/revisions\/37931"}],"up":[{"embeddable":true,"href":"https:\/\/www.riogrande.rs.gov.br\/smed\/index.php?rest_route=\/wp\/v2\/pages\/31208"}],"wp:attachment":[{"href":"https:\/\/www.riogrande.rs.gov.br\/smed\/index.php?rest_route=%2Fwp%2Fv2%2Fmedia&parent=37477"}],"curies":[{"name":"wp","href":"https:\/\/api.w.org\/{rel}","templated":true}]}}