{"id":3571,"date":"2012-04-05T08:49:11","date_gmt":"2012-04-05T11:49:11","guid":{"rendered":"http:\/\/www.riogrande.rs.gov.br\/smec\/?page_id=3571"},"modified":"2023-12-07T14:40:36","modified_gmt":"2023-12-07T17:40:36","slug":"conselho-municipal-de-educacao-cme","status":"publish","type":"page","link":"https:\/\/www.riogrande.rs.gov.br\/smed\/?page_id=3571","title":{"rendered":"Conselho Municipal de Educa\u00e7\u00e3o &#8211; CME"},"content":{"rendered":"<p><a href=\"https:\/\/www.riogrande.rs.gov.br\/smed\/wp-content\/uploads\/2023\/12\/Lista-de-Homologados-1.pdf\">HOMOLOGA\u00c7\u00c3O CHAPAS PARA ESCOLHA DE DIRETORES E VICE-DIRETORES DAS ESCOLAS DA REDE P\u00daBLICA MUNICIPAL DE ENSINO DO RIO GRANDE2023<\/a><\/p>\n<div id=\"attachment_43285\" style=\"width: 495px\" class=\"wp-caption aligncenter\"><a href=\"https:\/\/www.riogrande.rs.gov.br\/smed\/wp-content\/uploads\/2022\/08\/20220804-cme-nota-image1.jpg\" rel=\"lightbox[3571]\"><img loading=\"lazy\" decoding=\"async\" aria-describedby=\"caption-attachment-43285\" class=\"size-medium wp-image-43285\" src=\"https:\/\/www.riogrande.rs.gov.br\/smed\/wp-content\/uploads\/2022\/08\/20220804-cme-nota-image1-485x686.jpg\" alt=\"\" width=\"485\" height=\"686\" srcset=\"https:\/\/www.riogrande.rs.gov.br\/smed\/wp-content\/uploads\/2022\/08\/20220804-cme-nota-image1-485x686.jpg 485w, https:\/\/www.riogrande.rs.gov.br\/smed\/wp-content\/uploads\/2022\/08\/20220804-cme-nota-image1-768x1086.jpg 768w, https:\/\/www.riogrande.rs.gov.br\/smed\/wp-content\/uploads\/2022\/08\/20220804-cme-nota-image1-1086x1536.jpg 1086w, https:\/\/www.riogrande.rs.gov.br\/smed\/wp-content\/uploads\/2022\/08\/20220804-cme-nota-image1-624x882.jpg 624w, https:\/\/www.riogrande.rs.gov.br\/smed\/wp-content\/uploads\/2022\/08\/20220804-cme-nota-image1.jpg 1241w\" sizes=\"(max-width: 485px) 100vw, 485px\" \/><\/a><p id=\"caption-attachment-43285\" class=\"wp-caption-text\">Divulga\u00e7\u00e3o<\/p><\/div>\n<p>Acesse <a href=\"https:\/\/www.riogrande.rs.gov.br\/smed\/wp-content\/uploads\/2022\/08\/20220804-nota_esclarecimento.pdf\" target=\"_blank\" rel=\"noopener\">aqui<\/a> o Documento em formato PDF.<\/p>\n\n\t\t<style type=\"text\/css\">\n\t\t\t#gallery-1 {\n\t\t\t\tmargin: auto;\n\t\t\t}\n\t\t\t#gallery-1 .gallery-item {\n\t\t\t\tfloat: left;\n\t\t\t\tmargin-top: 10px;\n\t\t\t\ttext-align: center;\n\t\t\t\twidth: 50%;\n\t\t\t}\n\t\t\t#gallery-1 img {\n\t\t\t\tborder: 2px solid #cfcfcf;\n\t\t\t}\n\t\t\t#gallery-1 .gallery-caption {\n\t\t\t\tmargin-left: 0;\n\t\t\t}\n\t\t\t\/* see gallery_shortcode() in wp-includes\/media.php *\/\n\t\t<\/style>\n\t\t<div id='gallery-1' class='gallery galleryid-3571 gallery-columns-2 gallery-size-thumbnail'><dl class='gallery-item'>\n\t\t\t<dt class='gallery-icon landscape'>\n\t\t\t\t<a href='https:\/\/www.riogrande.rs.gov.br\/smed\/wp-content\/uploads\/2022\/03\/20220311-cme-card_dia_mulher.jpg' rel=\"lightbox[3571]\"><img loading=\"lazy\" decoding=\"async\" width=\"150\" height=\"106\" src=\"https:\/\/www.riogrande.rs.gov.br\/smed\/wp-content\/uploads\/2022\/03\/20220311-cme-card_dia_mulher.jpg\" class=\"attachment-thumbnail size-thumbnail\" alt=\"\" aria-describedby=\"gallery-1-42084\" \/><\/a>\n\t\t\t<\/dt>\n\t\t\t\t<dd class='wp-caption-text gallery-caption' id='gallery-1-42084'>\n\t\t\t\t08\/03\/2022\n\t\t\t\t<\/dd><\/dl><dl class='gallery-item'>\n\t\t\t<dt class='gallery-icon landscape'>\n\t\t\t\t<a href='https:\/\/www.riogrande.rs.gov.br\/smed\/wp-content\/uploads\/2021\/12\/20211223-cme-mensagem_fim_ano.jpg' rel=\"lightbox[3571]\"><img loading=\"lazy\" decoding=\"async\" width=\"150\" height=\"150\" src=\"https:\/\/www.riogrande.rs.gov.br\/smed\/wp-content\/uploads\/2021\/12\/20211223-cme-mensagem_fim_ano-150x150.jpg\" class=\"attachment-thumbnail size-thumbnail\" alt=\"\" aria-describedby=\"gallery-1-41880\" srcset=\"https:\/\/www.riogrande.rs.gov.br\/smed\/wp-content\/uploads\/2021\/12\/20211223-cme-mensagem_fim_ano-150x150.jpg 150w, https:\/\/www.riogrande.rs.gov.br\/smed\/wp-content\/uploads\/2021\/12\/20211223-cme-mensagem_fim_ano-485x485.jpg 485w, https:\/\/www.riogrande.rs.gov.br\/smed\/wp-content\/uploads\/2021\/12\/20211223-cme-mensagem_fim_ano-768x768.jpg 768w, https:\/\/www.riogrande.rs.gov.br\/smed\/wp-content\/uploads\/2021\/12\/20211223-cme-mensagem_fim_ano-624x624.jpg 624w, https:\/\/www.riogrande.rs.gov.br\/smed\/wp-content\/uploads\/2021\/12\/20211223-cme-mensagem_fim_ano.jpg 800w\" sizes=\"(max-width: 150px) 100vw, 150px\" \/><\/a>\n\t\t\t<\/dt>\n\t\t\t\t<dd class='wp-caption-text gallery-caption' id='gallery-1-41880'>\n\t\t\t\tCME &#8211; Divulga\u00e7\u00e3o\n\t\t\t\t<\/dd><\/dl><br style=\"clear: both\" \/>\n\t\t<\/div>\n\n<h1 style=\"text-align: left;\" align=\"CENTER\">DADOS DO CONSELHO MUNICIPAL DE EDUCA\u00c7\u00c3O &#8211; RIO GRANDE<\/h1>\n<h2 lang=\"pt-BR\" align=\"JUSTIFY\">Agenda de Reuni\u00f5es Ordin\u00e1rias<\/h2>\n<p align=\"JUSTIFY\">As reuni\u00f5es ocorrem todas as ter\u00e7as-feiras, das 13h30 \u00e0s 17h30 min,\u00a0 na sede do CME.<\/p>\n<p><strong>ATEN\u00c7\u00c3O!<\/strong><br \/>\n<strong>TER\u00c7AS-FEIRAS : EXPEDIENTE INTERNO.<\/strong><\/p>\n<h2 align=\"JUSTIFY\">Localiza\u00e7\u00e3o<\/h2>\n<p>Rua Val porto, 447 &#8211; Centro<\/p>\n<p>Fone: (53) 3232-6770<\/p>\n<p>E-mail: <a href=\"mailto:cme_riogranders@yahoo.com.br\">cme_riogranders@yahoo.com.br<\/a><\/p>\n<p><a href=\"https:\/\/www.riogrande.rs.gov.br\/smed\/wp-content\/uploads\/2020\/10\/20201029-cme-nota_publica.pdf\" target=\"_blank\" rel=\"noopener noreferrer\">Nota P\u00fablica sobre o decreto do Governador sobre o retorno \u00e0s aulas Outubro\/2020<\/a><\/p>\n<p><a href=\"http:\/\/www.riogrande.rs.gov.br\/smed\/?page_id=17266\" target=\"_blank\" rel=\"noopener noreferrer\">Regional AZONASUL de CMEs<\/a><\/p>\n<p align=\"JUSTIFY\"><a href=\"https:\/\/www.riogrande.rs.gov.br\/smed\/?page_id=40047\" target=\"_blank\" rel=\"noopener\">Compet\u00eancias do CME<\/a><\/p>\n<div>\n<p><a href=\"https:\/\/www.riogrande.rs.gov.br\/smed\/?page_id=40051\" target=\"_blank\" rel=\"noopener\">Composi\u00e7\u00e3o do CME\u00a0<\/a><\/p>\n<p><a href=\"https:\/\/www.riogrande.rs.gov.br\/smed\/?page_id=43324\" target=\"_blank\" rel=\"noopener\">C\u00e2maras do CME: 2022\/2023<\/a><\/p>\n<h3 lang=\"pt-BR\" align=\"JUSTIFY\">Site do CEE<\/h3>\n<p lang=\"pt-BR\" align=\"JUSTIFY\"><a href=\"http:\/\/www.ceed.rs.gov.br\" target=\"_blank\" rel=\"noopener noreferrer\"><cite>www.<\/cite><cite>ceed<\/cite><cite>.<\/cite><cite>rs<\/cite><cite>.gov.br<\/cite><\/a><\/p>\n<h3>Atas do CME<\/h3>\n<p><a href=\"https:\/\/www.riogrande.rs.gov.br\/smed\/?page_id=40071\" target=\"_blank\" rel=\"noopener\">2014<\/a>, <a href=\"https:\/\/www.riogrande.rs.gov.br\/smed\/?page_id=40069\" target=\"_blank\" rel=\"noopener\">2015<\/a>, <a href=\"https:\/\/www.riogrande.rs.gov.br\/smed\/?page_id=40067\" target=\"_blank\" rel=\"noopener\">2016<\/a>, <a href=\"https:\/\/www.riogrande.rs.gov.br\/smed\/?page_id=40065\" target=\"_blank\" rel=\"noopener\">2017<\/a>, <a href=\"https:\/\/www.riogrande.rs.gov.br\/smed\/?page_id=40061\" target=\"_blank\" rel=\"noopener\">2018<\/a>, <a href=\"https:\/\/www.riogrande.rs.gov.br\/smed\/?page_id=40058\" target=\"_blank\" rel=\"noopener\">2019<\/a>,\u00a0<a href=\"https:\/\/www.riogrande.rs.gov.br\/smed\/?page_id=40056\" target=\"_blank\" rel=\"noopener\">2020<\/a>,\u00a0<a href=\"https:\/\/www.riogrande.rs.gov.br\/smed\/?page_id=40053\" target=\"_blank\" rel=\"noopener\">2021<\/a>, <a href=\"https:\/\/www.riogrande.rs.gov.br\/smed\/?page_id=42079\" target=\"_blank\" rel=\"noopener\">2022,2023\u00a0<\/a><\/p>\n<\/div>\n<h3 align=\"JUSTIFY\">Atos Normativos do Conselho Municipal de Educa\u00e7\u00e3o<\/h3>\n<h4 align=\"JUSTIFY\">I &#8211; Pareceres<\/h4>\n<p><a href=\"https:\/\/www.riogrande.rs.gov.br\/smed\/?page_id=40074\" target=\"_blank\" rel=\"noopener\">2011<\/a>, <a href=\"https:\/\/www.riogrande.rs.gov.br\/smed\/?page_id=40076\" target=\"_blank\" rel=\"noopener\">2012<\/a>, <a href=\"https:\/\/www.riogrande.rs.gov.br\/smed\/?page_id=41243\" target=\"_blank\" rel=\"noopener\">2013<\/a>, <a href=\"https:\/\/www.riogrande.rs.gov.br\/smed\/?page_id=40078\" target=\"_blank\" rel=\"noopener\">2014<\/a>, <a href=\"https:\/\/www.riogrande.rs.gov.br\/smed\/?page_id=40085\" target=\"_blank\" rel=\"noopener\">2015<\/a>, <a href=\"https:\/\/www.riogrande.rs.gov.br\/smed\/?page_id=40087\" target=\"_blank\" rel=\"noopener\">2016<\/a>, <a href=\"https:\/\/www.riogrande.rs.gov.br\/smed\/?page_id=40092\" target=\"_blank\" rel=\"noopener\">2017<\/a>, <a href=\"https:\/\/www.riogrande.rs.gov.br\/smed\/?page_id=40094\" target=\"_blank\" rel=\"noopener\">2018<\/a>, <a href=\"https:\/\/www.riogrande.rs.gov.br\/smed\/?page_id=40096\" target=\"_blank\" rel=\"noopener\">2019<\/a>, <a href=\"https:\/\/www.riogrande.rs.gov.br\/smed\/?page_id=40099\" target=\"_blank\" rel=\"noopener\">2020<\/a>, <a href=\"https:\/\/www.riogrande.rs.gov.br\/smed\/?page_id=40102\" target=\"_blank\" rel=\"noopener\">2021<\/a>, <a href=\"https:\/\/www.riogrande.rs.gov.br\/smed\/?page_id=42199\" target=\"_blank\" rel=\"noopener\">2022<\/a><\/p>\n<h4 align=\"JUSTIFY\">II &#8211; Resolu\u00e7\u00f5es<\/h4>\n<p><a href=\"https:\/\/www.riogrande.rs.gov.br\/smed\/?page_id=40104\" target=\"_blank\" rel=\"noopener\">2007 &#8211; 2023<\/a><\/p>\n<h4 align=\"JUSTIFY\">III &#8211; Instru\u00e7\u00f5es Normativas<\/h4>\n<p><a href=\"https:\/\/www.riogrande.rs.gov.br\/smed\/?page_id=40106\" target=\"_blank\" rel=\"noopener\">2011 &#8211; 2014\u00a0\u00a0<\/a><\/p>\n<p><a href=\"https:\/\/www.riogrande.rs.gov.br\/smed\/wp-content\/uploads\/2023\/01\/Instrucao001-22_Final.pdf\">2022<\/a><\/p>\n<p>&nbsp;<\/p>\n","protected":false},"excerpt":{"rendered":"<p>HOMOLOGA\u00c7\u00c3O CHAPAS PARA ESCOLHA DE DIRETORES E VICE-DIRETORES DAS ESCOLAS DA REDE P\u00daBLICA MUNICIPAL DE ENSINO DO RIO GRANDE2023 Acesse aqui o Documento em formato PDF. DADOS DO CONSELHO MUNICIPAL DE EDUCA\u00c7\u00c3O &#8211; RIO GRANDE Agenda de Reuni\u00f5es Ordin\u00e1rias As reuni\u00f5es ocorrem todas as ter\u00e7as-feiras, das 13h30 \u00e0s 17h30 min,\u00a0 na sede do CME. ATEN\u00c7\u00c3O! [&hellip;]<\/p>\n","protected":false},"author":7,"featured_media":0,"parent":2278,"menu_order":1,"comment_status":"closed","ping_status":"open","template":"","meta":{"footnotes":""},"class_list":["post-3571","page","type-page","status-publish","hentry"],"_links":{"self":[{"href":"https:\/\/www.riogrande.rs.gov.br\/smed\/index.php?rest_route=\/wp\/v2\/pages\/3571"}],"collection":[{"href":"https:\/\/www.riogrande.rs.gov.br\/smed\/index.php?rest_route=\/wp\/v2\/pages"}],"about":[{"href":"https:\/\/www.riogrande.rs.gov.br\/smed\/index.php?rest_route=\/wp\/v2\/types\/page"}],"author":[{"embeddable":true,"href":"https:\/\/www.riogrande.rs.gov.br\/smed\/index.php?rest_route=\/wp\/v2\/users\/7"}],"replies":[{"embeddable":true,"href":"https:\/\/www.riogrande.rs.gov.br\/smed\/index.php?rest_route=%2Fwp%2Fv2%2Fcomments&post=3571"}],"version-history":[{"count":283,"href":"https:\/\/www.riogrande.rs.gov.br\/smed\/index.php?rest_route=\/wp\/v2\/pages\/3571\/revisions"}],"predecessor-version":[{"id":45127,"href":"https:\/\/www.riogrande.rs.gov.br\/smed\/index.php?rest_route=\/wp\/v2\/pages\/3571\/revisions\/45127"}],"up":[{"embeddable":true,"href":"https:\/\/www.riogrande.rs.gov.br\/smed\/index.php?rest_route=\/wp\/v2\/pages\/2278"}],"wp:attachment":[{"href":"https:\/\/www.riogrande.rs.gov.br\/smed\/index.php?rest_route=%2Fwp%2Fv2%2Fmedia&parent=3571"}],"curies":[{"name":"wp","href":"https:\/\/api.w.org\/{rel}","templated":true}]}}