{"id":35382,"date":"2019-09-02T17:24:18","date_gmt":"2019-09-02T20:24:18","guid":{"rendered":"http:\/\/www.riogrande.rs.gov.br\/smed\/?page_id=35382"},"modified":"2019-10-07T14:46:12","modified_gmt":"2019-10-07T17:46:12","slug":"atividade-em-homenagem-ao-dia-do-alfabetizador","status":"publish","type":"page","link":"https:\/\/www.riogrande.rs.gov.br\/smed\/?page_id=35382","title":{"rendered":"Atividade em homenagem ao Dia do Alfabetizador"},"content":{"rendered":"<hr \/>\n<p>Publicada 07\/10\/2019<\/p>\n<h2>SMEd promoveu atividade em homenagem ao \u201cDia do Alfabetizador\u201d<\/h2>\n\n\t\t<style type=\"text\/css\">\n\t\t\t#gallery-1 {\n\t\t\t\tmargin: auto;\n\t\t\t}\n\t\t\t#gallery-1 .gallery-item {\n\t\t\t\tfloat: left;\n\t\t\t\tmargin-top: 10px;\n\t\t\t\ttext-align: center;\n\t\t\t\twidth: 33%;\n\t\t\t}\n\t\t\t#gallery-1 img {\n\t\t\t\tborder: 2px solid #cfcfcf;\n\t\t\t}\n\t\t\t#gallery-1 .gallery-caption {\n\t\t\t\tmargin-left: 0;\n\t\t\t}\n\t\t\t\/* see gallery_shortcode() in wp-includes\/media.php *\/\n\t\t<\/style>\n\t\t<div id='gallery-1' class='gallery galleryid-35382 gallery-columns-3 gallery-size-thumbnail'><dl class='gallery-item'>\n\t\t\t<dt class='gallery-icon landscape'>\n\t\t\t\t<a href='https:\/\/www.riogrande.rs.gov.br\/smed\/wp-content\/uploads\/2019\/10\/20191007-ped-alfabetizador-image1.jpg' rel=\"lightbox[35382]\"><img loading=\"lazy\" decoding=\"async\" width=\"150\" height=\"150\" src=\"https:\/\/www.riogrande.rs.gov.br\/smed\/wp-content\/uploads\/2019\/10\/20191007-ped-alfabetizador-image1-150x150.jpg\" class=\"attachment-thumbnail size-thumbnail\" alt=\"\" aria-describedby=\"gallery-1-36146\" \/><\/a>\n\t\t\t<\/dt>\n\t\t\t\t<dd class='wp-caption-text gallery-caption' id='gallery-1-36146'>\n\t\t\t\tDivulga\u00e7\u00e3o\n\t\t\t\t<\/dd><\/dl><dl class='gallery-item'>\n\t\t\t<dt class='gallery-icon portrait'>\n\t\t\t\t<a href='https:\/\/www.riogrande.rs.gov.br\/smed\/wp-content\/uploads\/2019\/10\/20191007-ped-alfabetizador-image2.jpg' rel=\"lightbox[35382]\"><img loading=\"lazy\" decoding=\"async\" width=\"150\" height=\"150\" src=\"https:\/\/www.riogrande.rs.gov.br\/smed\/wp-content\/uploads\/2019\/10\/20191007-ped-alfabetizador-image2-150x150.jpg\" class=\"attachment-thumbnail size-thumbnail\" alt=\"\" aria-describedby=\"gallery-1-36147\" \/><\/a>\n\t\t\t<\/dt>\n\t\t\t\t<dd class='wp-caption-text gallery-caption' id='gallery-1-36147'>\n\t\t\t\tDivulga\u00e7\u00e3o\n\t\t\t\t<\/dd><\/dl><dl class='gallery-item'>\n\t\t\t<dt class='gallery-icon landscape'>\n\t\t\t\t<a href='https:\/\/www.riogrande.rs.gov.br\/smed\/wp-content\/uploads\/2019\/10\/20191007-ped-alfabetizador-image3.jpg' rel=\"lightbox[35382]\"><img loading=\"lazy\" decoding=\"async\" width=\"150\" height=\"150\" src=\"https:\/\/www.riogrande.rs.gov.br\/smed\/wp-content\/uploads\/2019\/10\/20191007-ped-alfabetizador-image3-150x150.jpg\" class=\"attachment-thumbnail size-thumbnail\" alt=\"\" aria-describedby=\"gallery-1-36148\" \/><\/a>\n\t\t\t<\/dt>\n\t\t\t\t<dd class='wp-caption-text gallery-caption' id='gallery-1-36148'>\n\t\t\t\tDivulga\u00e7\u00e3o\n\t\t\t\t<\/dd><\/dl><br style=\"clear: both\" \/><dl class='gallery-item'>\n\t\t\t<dt class='gallery-icon portrait'>\n\t\t\t\t<a href='https:\/\/www.riogrande.rs.gov.br\/smed\/wp-content\/uploads\/2019\/10\/20191007-ped-alfabetizador-image4.jpg' rel=\"lightbox[35382]\"><img loading=\"lazy\" decoding=\"async\" width=\"150\" height=\"150\" src=\"https:\/\/www.riogrande.rs.gov.br\/smed\/wp-content\/uploads\/2019\/10\/20191007-ped-alfabetizador-image4-150x150.jpg\" class=\"attachment-thumbnail size-thumbnail\" alt=\"\" aria-describedby=\"gallery-1-36149\" \/><\/a>\n\t\t\t<\/dt>\n\t\t\t\t<dd class='wp-caption-text gallery-caption' id='gallery-1-36149'>\n\t\t\t\tDivulga\u00e7\u00e3o\n\t\t\t\t<\/dd><\/dl><dl class='gallery-item'>\n\t\t\t<dt class='gallery-icon landscape'>\n\t\t\t\t<a href='https:\/\/www.riogrande.rs.gov.br\/smed\/wp-content\/uploads\/2019\/10\/20191007-ped-alfabetizador-image5.jpg' rel=\"lightbox[35382]\"><img loading=\"lazy\" decoding=\"async\" width=\"150\" height=\"150\" src=\"https:\/\/www.riogrande.rs.gov.br\/smed\/wp-content\/uploads\/2019\/10\/20191007-ped-alfabetizador-image5-150x150.jpg\" class=\"attachment-thumbnail size-thumbnail\" alt=\"\" aria-describedby=\"gallery-1-36150\" \/><\/a>\n\t\t\t<\/dt>\n\t\t\t\t<dd class='wp-caption-text gallery-caption' id='gallery-1-36150'>\n\t\t\t\tDivulga\u00e7\u00e3o\n\t\t\t\t<\/dd><\/dl><dl class='gallery-item'>\n\t\t\t<dt class='gallery-icon landscape'>\n\t\t\t\t<a href='https:\/\/www.riogrande.rs.gov.br\/smed\/wp-content\/uploads\/2019\/10\/20191007-ped-alfabetizador-image6.jpg' rel=\"lightbox[35382]\"><img loading=\"lazy\" decoding=\"async\" width=\"150\" height=\"150\" src=\"https:\/\/www.riogrande.rs.gov.br\/smed\/wp-content\/uploads\/2019\/10\/20191007-ped-alfabetizador-image6-150x150.jpg\" class=\"attachment-thumbnail size-thumbnail\" alt=\"\" aria-describedby=\"gallery-1-36151\" \/><\/a>\n\t\t\t<\/dt>\n\t\t\t\t<dd class='wp-caption-text gallery-caption' id='gallery-1-36151'>\n\t\t\t\tDivulga\u00e7\u00e3o\n\t\t\t\t<\/dd><\/dl><br style=\"clear: both\" \/><dl class='gallery-item'>\n\t\t\t<dt class='gallery-icon landscape'>\n\t\t\t\t<a href='https:\/\/www.riogrande.rs.gov.br\/smed\/wp-content\/uploads\/2019\/10\/20191007-ped-alfabetizador-image7.jpg' rel=\"lightbox[35382]\"><img loading=\"lazy\" decoding=\"async\" width=\"150\" height=\"150\" src=\"https:\/\/www.riogrande.rs.gov.br\/smed\/wp-content\/uploads\/2019\/10\/20191007-ped-alfabetizador-image7-150x150.jpg\" class=\"attachment-thumbnail size-thumbnail\" alt=\"\" aria-describedby=\"gallery-1-36152\" \/><\/a>\n\t\t\t<\/dt>\n\t\t\t\t<dd class='wp-caption-text gallery-caption' id='gallery-1-36152'>\n\t\t\t\tDivulga\u00e7\u00e3o\n\t\t\t\t<\/dd><\/dl><dl class='gallery-item'>\n\t\t\t<dt class='gallery-icon portrait'>\n\t\t\t\t<a href='https:\/\/www.riogrande.rs.gov.br\/smed\/wp-content\/uploads\/2019\/10\/20191007-ped-alfabetizador-image8.jpg' rel=\"lightbox[35382]\"><img loading=\"lazy\" decoding=\"async\" width=\"150\" height=\"150\" src=\"https:\/\/www.riogrande.rs.gov.br\/smed\/wp-content\/uploads\/2019\/10\/20191007-ped-alfabetizador-image8-150x150.jpg\" class=\"attachment-thumbnail size-thumbnail\" alt=\"\" aria-describedby=\"gallery-1-36153\" \/><\/a>\n\t\t\t<\/dt>\n\t\t\t\t<dd class='wp-caption-text gallery-caption' id='gallery-1-36153'>\n\t\t\t\tDivulga\u00e7\u00e3o\n\t\t\t\t<\/dd><\/dl><dl class='gallery-item'>\n\t\t\t<dt class='gallery-icon landscape'>\n\t\t\t\t<a href='https:\/\/www.riogrande.rs.gov.br\/smed\/wp-content\/uploads\/2019\/10\/20191007-ped-alfabetizador-image9.jpg' rel=\"lightbox[35382]\"><img loading=\"lazy\" decoding=\"async\" width=\"150\" height=\"150\" src=\"https:\/\/www.riogrande.rs.gov.br\/smed\/wp-content\/uploads\/2019\/10\/20191007-ped-alfabetizador-image9-150x150.jpg\" class=\"attachment-thumbnail size-thumbnail\" alt=\"\" aria-describedby=\"gallery-1-36154\" \/><\/a>\n\t\t\t<\/dt>\n\t\t\t\t<dd class='wp-caption-text gallery-caption' id='gallery-1-36154'>\n\t\t\t\tDivulga\u00e7\u00e3o\n\t\t\t\t<\/dd><\/dl><br style=\"clear: both\" \/>\n\t\t<\/div>\n\n<p style=\"text-align: justify;\">A Secretaria de Munic\u00edpio da Educa\u00e7\u00e3o de Rio Grande (SMEd), atrav\u00e9s do N\u00facleo dos Anos Iniciais, promoveu, na tarde do dia <b>10 de setembro<\/b>, no <b>Audit\u00f3rio da Escola Municipal de Ensino Fundamental Cipriano Porto Alegre<\/b>, atividade em homenagem ao <b>\u201cDia do Alfabetizador\u201d.<\/b><\/p>\n<p style=\"text-align: justify;\">A homenagem contou com a participa\u00e7\u00e3o dos(as) Professores(as) Alfabetizadores(as), que foram recepcionados(as) em um espa\u00e7o que remetia a todas as quest\u00f5es que envolvem a alfabetiza\u00e7\u00e3o no cotidiano da escola, permitindo in\u00fameras reflex\u00f5es com rela\u00e7\u00e3o ao fazer pedag\u00f3gico em suas dimens\u00f5es, como a fantasia, criatividade, afetividade, ludicidade, sensibilidade e tantas outras possibilidades de escuta e olhares atentos, que s\u00e3o singulares e fundamentais ao longo do processo escolar.<\/p>\n<p style=\"text-align: justify;\">Os(as) professores(as), a partir de uma inscri\u00e7\u00e3o pr\u00e9via, puderam participar de duas viv\u00eancias formativas: uma sobre Conta\u00e7\u00e3o de Hist\u00f3rias, ministrada pelas professoras Silvana Zasso e Carmem Regina Ferreira &#8211; LAPIL\/FURG; e a outra Viv\u00eancia de Corporeidade, ministrada pela grupo da professora Angela Bersch\/FURG.<\/p>\n<p style=\"text-align: justify;\">\u201c<b>Foi uma tarde bastante enriquecedora e divertida, a qual trouxe leveza e descontra\u00e7\u00e3o aos(\u00e0s) alfabetizadores(as), por meio de atividades envolventes e prazerosas, que buscaram valorizar a a\u00e7\u00e3o do(a) alfabetizador(a)<\/b>\u201d, destacou a coordenadora do N\u00facleo dos Anos Iniciais da SMEd, Juliane Alves.<\/p>\n<p style=\"text-align: right;\"><em>SMEd<\/em><br \/>\n<em>Roberton Reis<\/em><br \/>\n<em>Com informa\u00e7\u00f5es dos Anos Iniciais<\/em><\/p>\n<hr \/>\n<p>Publicada 06\/09\/2019<\/p>\n<h2>Inscri\u00e7\u00f5es para &#8220;viv\u00eancias&#8221; em homenagem ao Dia do Alfabetizador encerram no dia 08<\/h2>\n<p style=\"text-align: justify;\">A Secretaria de Munic\u00edpio da Educa\u00e7\u00e3o de Rio Grande (SMEd), atrav\u00e9s do N\u00facleo dos Anos Iniciais, promover\u00e1, no dia <b>10 de setembro<\/b>, \u00e0s <b>16h<\/b>, no <strong>Audit\u00f3rio<\/strong><b> da Escola Municipal de Ensino Fundamental Cipriano Porto Alegre<\/b>, atividade em homenagem ao \u201c<b>Dia do Alfabetizador<\/b>\u201d.<\/p>\n<p style=\"text-align: justify;\">O N\u00facleo dos Anos Iniciais conta com a presen\u00e7a dos(as) Professores(as) Alfabetizadores(as), bem como dos(as) Coordenadores(as) Pedag\u00f3gicos(as) e da equipe diretiva das escolas da rede p\u00fablica municipal de ensino para prestigiarem seu grupo docente e celebrarem este momento comemorativo em que ser\u00e3o ofertadas tr\u00eas viv\u00eancias formativas.<\/p>\n<p style=\"text-align: justify;\"><span style=\"font-weight: 400;\">Cada participante dever\u00e1 fazer sua inscri\u00e7\u00e3o, at\u00e9 o pr\u00f3ximo domingo, dia <\/span><b>08 de setembro<\/b>, atrav\u00e9s do site da SMEd (<a href=\"http:\/\/www.riogrande.rs.gov.br\/smed\" target=\"_blank\" rel=\"noopener noreferrer\"><b>www.riogrande.rs.gov.br\/smed<\/b><\/a>), indicando uma das tr\u00eas viv\u00eancias das quais ser\u00e3o ofertadas:<\/p>\n<ul style=\"text-align: justify;\">\n<li><a href=\"https:\/\/docs.google.com\/forms\/d\/e\/1FAIpQLSeJSgCJ9SK10XsnRPHhDDgL1w4uy7vOE_NZjfFyLaiFzvnQzw\/viewform\" target=\"_blank\" rel=\"noopener noreferrer\"><b>Viv\u00eancia de Conta\u00e7\u00e3o de Hist\u00f3rias \u2013 Ministrantes: Professoras Silvana Zasso, Carmen Regina Ferreira e Paula Pires &#8211; LAPIL\/FURG;<\/b><\/a><\/li>\n<li><a href=\"https:\/\/docs.google.com\/forms\/d\/e\/1FAIpQLSfIzSwAs_HfjBeTdpk7WxGPfMsfcRbdLjDa9q4AUWq1xpE87A\/viewform\" target=\"_blank\" rel=\"noopener noreferrer\"><b>Viv\u00eancia de Musicaliza\u00e7\u00e3o \u2013 Ministrantes: Rosana Maria Moraes Vianna e Gregor Arruda Wittee Neetzow &#8211; Oficineiros do N\u00facleo de Educa\u00e7\u00e3o Integral da SMEd;<\/b><\/a><\/li>\n<li><a href=\"https:\/\/docs.google.com\/forms\/d\/e\/1FAIpQLSc8K85NKOMrr7zuaPfObRrmIHQ_Mno7yllVZ8tGHEL7D3p26g\/viewform\" target=\"_blank\" rel=\"noopener noreferrer\"><b>Viv\u00eancia de Corporeidade \u2013 Ministrante: Prof.\u00aa Angela Bersch \/FURG.<\/b><\/a><\/li>\n<\/ul>\n<p style=\"text-align: justify;\">Ser\u00e3o ofertadas <b>30 vagas<\/b> em cada viv\u00eancia. Conforme as vagas forem preenchidas, as inscri\u00e7\u00f5es ser\u00e3o encerradas.<\/p>\n<p style=\"text-align: right;\"><em>SMEd<\/em><br \/>\n<em>Roberton Reis<\/em><br \/>\n<em>Com informa\u00e7\u00f5es do N\u00facleo dos Anos Iniciais<\/em><\/p>\n<hr \/>\n<p>Publicada 02\/09\/2019<\/p>\n<h2>SMEd promover\u00e1 atividade em homenagem ao Dia do Alfabetizador<\/h2>\n<p style=\"text-align: justify;\">A Secretaria de Munic\u00edpio da Educa\u00e7\u00e3o de Rio Grande (SMEd), atrav\u00e9s do N\u00facleo dos Anos Iniciais, promover\u00e1, no dia <b>10 de setembro<\/b>, \u00e0s <b>16h<\/b>, no <strong>Audit\u00f3rio<\/strong><b> da Escola Municipal de Ensino Fundamental Cipriano Porto Alegre<\/b>, atividade em homenagem ao \u201c<b>Dia do Alfabetizador<\/b>\u201d.<\/p>\n<p style=\"text-align: justify;\">O N\u00facleo dos Anos Iniciais conta com a presen\u00e7a dos(as) Professores(as) Alfabetizadores(as), bem como dos(as) Coordenadores(as) Pedag\u00f3gicos(as) e da equipe diretiva das escolas da rede p\u00fablica municipal de ensino para prestigiarem seu grupo docente e celebrarem este momento comemorativo em que ser\u00e3o ofertadas tr\u00eas viv\u00eancias formativas.<\/p>\n<p style=\"text-align: justify;\">Cada participante dever\u00e1 fazer sua <strong>i<\/strong><b>nscri\u00e7\u00e3o no per\u00edodo de 02 a 08 de setembro<\/b>, atrav\u00e9s do site da SMEd (<a href=\"http:\/\/www.riogrande.rs.gov.br\/smed\" target=\"_blank\" rel=\"noopener noreferrer\"><b>www.riogrande.rs.gov.br\/smed<\/b><\/a>), indicando uma das tr\u00eas viv\u00eancias das quais ser\u00e3o ofertadas:<\/p>\n<ul style=\"text-align: justify;\">\n<li><a href=\"https:\/\/docs.google.com\/forms\/d\/e\/1FAIpQLSeJSgCJ9SK10XsnRPHhDDgL1w4uy7vOE_NZjfFyLaiFzvnQzw\/viewform\" target=\"_blank\" rel=\"noopener noreferrer\"><b>Viv\u00eancia de Conta\u00e7\u00e3o de Hist\u00f3rias \u2013 Ministrantes: Professoras Silvana Zasso, Carmen Regina Ferreira e Paula Pires &#8211; LAPIL\/FURG;<\/b><\/a><\/li>\n<li><a href=\"https:\/\/docs.google.com\/forms\/d\/e\/1FAIpQLSfIzSwAs_HfjBeTdpk7WxGPfMsfcRbdLjDa9q4AUWq1xpE87A\/viewform\" target=\"_blank\" rel=\"noopener noreferrer\"><b>Viv\u00eancia de Musicaliza\u00e7\u00e3o \u2013 Ministrantes: Rosana Maria Moraes Vianna e Gregor Arruda Wittee Neetzow &#8211; Oficineiros do N\u00facleo de Educa\u00e7\u00e3o Integral da SMEd;<\/b><\/a><\/li>\n<li><a href=\"https:\/\/docs.google.com\/forms\/d\/e\/1FAIpQLSc8K85NKOMrr7zuaPfObRrmIHQ_Mno7yllVZ8tGHEL7D3p26g\/viewform\" target=\"_blank\" rel=\"noopener noreferrer\"><b>Viv\u00eancia de Corporeidade \u2013 Ministrante: Prof.\u00aa Angela Bersch \/FURG.<\/b><\/a><\/li>\n<\/ul>\n<p style=\"text-align: justify;\">Ser\u00e3o ofertadas <b>30 vagas<\/b> em cada viv\u00eancia. Conforme as vagas forem preenchidas, as inscri\u00e7\u00f5es ser\u00e3o encerradas.<\/p>\n<p style=\"text-align: right;\"><em>SMEd<\/em><br \/>\n<em>Roberton Reis<\/em><br \/>\n<em>Com informa\u00e7\u00f5es do N\u00facleo dos Anos Iniciais<\/em><\/p>\n","protected":false},"excerpt":{"rendered":"<p>Publicada 07\/10\/2019 SMEd promoveu atividade em homenagem ao \u201cDia do Alfabetizador\u201d A Secretaria de Munic\u00edpio da Educa\u00e7\u00e3o de Rio Grande (SMEd), atrav\u00e9s do N\u00facleo dos Anos Iniciais, promoveu, na tarde do dia 10 de setembro, no Audit\u00f3rio da Escola Municipal de Ensino Fundamental Cipriano Porto Alegre, atividade em homenagem ao \u201cDia do Alfabetizador\u201d. A homenagem [&hellip;]<\/p>\n","protected":false},"author":7,"featured_media":0,"parent":31208,"menu_order":22,"comment_status":"closed","ping_status":"closed","template":"","meta":{"footnotes":""},"class_list":["post-35382","page","type-page","status-publish","hentry"],"_links":{"self":[{"href":"https:\/\/www.riogrande.rs.gov.br\/smed\/index.php?rest_route=\/wp\/v2\/pages\/35382"}],"collection":[{"href":"https:\/\/www.riogrande.rs.gov.br\/smed\/index.php?rest_route=\/wp\/v2\/pages"}],"about":[{"href":"https:\/\/www.riogrande.rs.gov.br\/smed\/index.php?rest_route=\/wp\/v2\/types\/page"}],"author":[{"embeddable":true,"href":"https:\/\/www.riogrande.rs.gov.br\/smed\/index.php?rest_route=\/wp\/v2\/users\/7"}],"replies":[{"embeddable":true,"href":"https:\/\/www.riogrande.rs.gov.br\/smed\/index.php?rest_route=%2Fwp%2Fv2%2Fcomments&post=35382"}],"version-history":[{"count":4,"href":"https:\/\/www.riogrande.rs.gov.br\/smed\/index.php?rest_route=\/wp\/v2\/pages\/35382\/revisions"}],"predecessor-version":[{"id":36157,"href":"https:\/\/www.riogrande.rs.gov.br\/smed\/index.php?rest_route=\/wp\/v2\/pages\/35382\/revisions\/36157"}],"up":[{"embeddable":true,"href":"https:\/\/www.riogrande.rs.gov.br\/smed\/index.php?rest_route=\/wp\/v2\/pages\/31208"}],"wp:attachment":[{"href":"https:\/\/www.riogrande.rs.gov.br\/smed\/index.php?rest_route=%2Fwp%2Fv2%2Fmedia&parent=35382"}],"curies":[{"name":"wp","href":"https:\/\/api.w.org\/{rel}","templated":true}]}}