{"id":35082,"date":"2019-08-16T18:10:17","date_gmt":"2019-08-16T21:10:17","guid":{"rendered":"http:\/\/www.riogrande.rs.gov.br\/smed\/?page_id=35082"},"modified":"2019-08-16T18:38:44","modified_gmt":"2019-08-16T21:38:44","slug":"escuta-e-dialogo-sobre-a-escola-possivel-frente-aos-desafios-do-seculo-xxi","status":"publish","type":"page","link":"https:\/\/www.riogrande.rs.gov.br\/smed\/?page_id=35082","title":{"rendered":"Escuta e Di\u00e1logo sobre a escola poss\u00edvel frente aos desafios do s\u00e9culo XXI"},"content":{"rendered":"<hr \/>\n<p>Publicada 16\/08\/2019<\/p>\n<h2>SMEd promove Oficina de \u201cEscuta e Di\u00e1logo sobre a escola poss\u00edvel frente aos desafios do s\u00e9culo XXI\u201d no dia 21<\/h2>\n<div id=\"attachment_35087\" style=\"width: 495px\" class=\"wp-caption aligncenter\"><a href=\"http:\/\/www.riogrande.rs.gov.br\/smed\/wp-content\/uploads\/2019\/08\/20190816-ped-nos-image1b.jpg\" rel=\"lightbox[35082]\"><img loading=\"lazy\" decoding=\"async\" aria-describedby=\"caption-attachment-35087\" class=\"size-medium wp-image-35087\" src=\"http:\/\/www.riogrande.rs.gov.br\/smed\/wp-content\/uploads\/2019\/08\/20190816-ped-nos-image1b-485x224.jpg\" alt=\"\" width=\"485\" height=\"224\" srcset=\"https:\/\/www.riogrande.rs.gov.br\/smed\/wp-content\/uploads\/2019\/08\/20190816-ped-nos-image1b-485x224.jpg 485w, https:\/\/www.riogrande.rs.gov.br\/smed\/wp-content\/uploads\/2019\/08\/20190816-ped-nos-image1b-768x355.jpg 768w, https:\/\/www.riogrande.rs.gov.br\/smed\/wp-content\/uploads\/2019\/08\/20190816-ped-nos-image1b-448x207.jpg 448w, https:\/\/www.riogrande.rs.gov.br\/smed\/wp-content\/uploads\/2019\/08\/20190816-ped-nos-image1b-624x288.jpg 624w, https:\/\/www.riogrande.rs.gov.br\/smed\/wp-content\/uploads\/2019\/08\/20190816-ped-nos-image1b.jpg 874w\" sizes=\"(max-width: 485px) 100vw, 485px\" \/><\/a><p id=\"caption-attachment-35087\" class=\"wp-caption-text\">Divulga\u00e7\u00e3o<\/p><\/div>\n<p style=\"text-align: justify;\"><span style=\"font-weight: 400;\">Neste ano de 2019, as Redes de Ensino, atendendo \u00e0s Resolu\u00e7\u00f5es do Conselho Nacional de Educa\u00e7\u00e3o N\u00ba 2, de 22 de Dezembro de 2017, e do Conselho Estadual de Educa\u00e7\u00e3o N\u00ba 345, de 12 de Dezembro de 2018, est\u00e3o no movimento de reorganiza\u00e7\u00e3o de seus curr\u00edculos, alinhando os mesmos \u00e0s concep\u00e7\u00f5es e objetivos propostos na Base Nacional Comum Curricular (BNCC), bem como no Referencial Curricular Ga\u00facho (RCG).<\/span><\/p>\n<p style=\"text-align: justify;\"><span style=\"font-weight: 400;\">Neste movimento de revisita\u00e7\u00e3o de seus curr\u00edculos, o Territ\u00f3rio de Rio Grande, composto pela articula\u00e7\u00e3o entre a Rede Municipal, Rede Estadual e a Rede Privada, acredita que \u00e9 um importante momento de participa\u00e7\u00e3o de todos(as) aqueles que comp\u00f5em o cotidiano escolar.<\/span><\/p>\n<p style=\"text-align: justify;\"><span style=\"font-weight: 400;\">A hora agora \u00e9 de escuta daqueles que s\u00e3o o sentido do fazer educativo de nossas escolas: os(as) estudantes.\u00a0 A equipe de Coordena\u00e7\u00e3o do Referencial Curricular do Territ\u00f3rio de Rio Grande considera a escuta dos(as) estudantes no espa\u00e7o escolar\u00a0 um caminho important\u00edssimo para possibilitar que eles(as) manifestem seu protagonismo, exer\u00e7am seus direitos, compreendam o mundo ao seu redor, aprendam a conhecer e a conviver com seus pares e descubram e desenvolvam seus potenciais, afinal, \u201c<\/span><b>ser protagonista tamb\u00e9m \u00e9 assumir a responsabilidade por aquilo que voc\u00ea oferece ao outro. \u00c9 a constru\u00e7\u00e3o de uma teia de quereres, saberes, de express\u00e3o e de manifesta\u00e7\u00e3o cultural, na qual cada um que tece o fio, se responsabiliza por faz\u00ea-lo de maneira forte, por entrela\u00e7\u00e1-lo nos demais e por entender-se parte dele<\/b><span style=\"font-weight: 400;\">\u201d (Carolina Pasquali, 2017).<\/span><\/p>\n<p style=\"text-align: justify;\"><span style=\"font-weight: 400;\">\u00a0<\/span><span style=\"font-weight: 400;\">Nesse sentido, a Secretaria de Munic\u00edpio da Educa\u00e7\u00e3o de Rio Grande (SMEd), atrav\u00e9s do N\u00facleo de Orienta\u00e7\u00e3o e Supervis\u00e3o (NOS), promover\u00e1, na pr\u00f3xima quarta-feira, dia <\/span><b>21 de agosto<\/b><span style=\"font-weight: 400;\">, nos turnos da manh\u00e3, tarde e noite, a Oficina de \u201c<\/span><b>Escuta e Di\u00e1logo sobre a escola poss\u00edvel frente aos desafios do s\u00e9culo XXI<\/b><span style=\"font-weight: 400;\">\u201d, a qual ser\u00e1 voltada para os(as) estudantes das redes municipal, estadual e privada de Rio Grande.<\/span><span style=\"font-weight: 400;\">\u00a0<\/span><\/p>\n<p style=\"text-align: justify;\"><span style=\"font-weight: 400;\">Para participar da atividade, \u00e9 necess\u00e1rio realizar a inscri\u00e7\u00e3o acessando os <em>links<\/em> abaixo, no per\u00edodo de <\/span><b>17 a 20 de agosto<\/b><span style=\"font-weight: 400;\">. As vagas s\u00e3o limitadas.\u00a0<\/span><\/p>\n<ul style=\"text-align: justify;\">\n<li><a href=\"https:\/\/docs.google.com\/forms\/d\/e\/1FAIpQLSePtRvod9aZxjio8nZscJgeQbprZ5Yy9LzHHeAz6QG9icWy8A\/viewform\" target=\"_blank\" rel=\"noopener noreferrer\"><b>Educa\u00e7\u00e3o Infantil<\/b><\/a><\/li>\n<li><a href=\"https:\/\/docs.google.com\/forms\/d\/e\/1FAIpQLSfO8bPi8Fp-8_4s4hlyapAqph2n56QdISFYkluPs8NvEAMKOA\/viewform\" target=\"_blank\" rel=\"noopener noreferrer\"><b>Anos Iniciais<\/b><\/a><\/li>\n<li><a href=\"https:\/\/docs.google.com\/forms\/d\/e\/1FAIpQLSd_TCx4rm9Ig0ujh1lftRML1XyuTbxCf0bdYiAMYfzq23XIdA\/viewform\" target=\"_blank\" rel=\"noopener noreferrer\"><b>Anos Finais<\/b><\/a><\/li>\n<li><a href=\"https:\/\/docs.google.com\/forms\/d\/e\/1FAIpQLSep3wHAB5fsrglQJGOiyS4_rgaeZcdTOVPIpapPXZ9wMwq-WA\/viewform\" target=\"_blank\" rel=\"noopener noreferrer\"><b>EJA<\/b><\/a><\/li>\n<\/ul>\n<p style=\"text-align: justify;\"><span style=\"font-weight: 400;\">Antes de realizar a inscri\u00e7\u00e3o, leia as informa\u00e7\u00f5es abaixo:<\/span><\/p>\n<ul style=\"text-align: justify;\">\n<li style=\"font-weight: 400;\"><span style=\"font-weight: 400;\">Cada escola poder\u00e1 inscrever apenas um(a) estudante em cada uma das etapas\/n\u00edveis ou modalidades (no m\u00e1ximo um(a) estudante da Educa\u00e7\u00e3o Infantil, um(a) dos Anos Iniciais, um(a) dos Anos Finais e um(a) da EJA);<\/span><\/li>\n<li style=\"font-weight: 400;\"><span style=\"font-weight: 400;\">As vagas abrangem alunos(as) da Rede Municipal, Estadual e Privada;<\/span><\/li>\n<li style=\"font-weight: 400;\"><span style=\"font-weight: 400;\">O crit\u00e9rio de sele\u00e7\u00e3o ser\u00e1 por ordem de inscri\u00e7\u00e3o;<\/span><\/li>\n<li style=\"font-weight: 400;\"><span style=\"font-weight: 400;\">A responsabilidade com o deslocamento dos(as) estudantes ficar\u00e1 a cargo da Escola ou pais\/respons\u00e1veis.<\/span><\/li>\n<\/ul>\n<p style=\"text-align: justify;\"><span style=\"font-weight: 400;\">Clique <\/span><a href=\"http:\/\/www.riogrande.rs.gov.br\/smed\/wp-content\/uploads\/2019\/08\/20190816-ped-nos-image1b.jpg\" target=\"_blank\" rel=\"noopener noreferrer\" rel=\"lightbox[35082]\"><b>aqui<\/b><\/a><span style=\"font-weight: 400;\"> e confira o cronograma com informa\u00e7\u00f5es sobre n\u00famero de vagas, hor\u00e1rio, local e endere\u00e7o para cada etapa\/n\u00edvel e modalidades em que os(as) estudantes podem inscrever-se.<\/span><\/p>\n<p>&nbsp;<\/p>\n<p style=\"text-align: right;\"><em><span style=\"font-weight: 400;\">SMEd<\/span><\/em><br \/>\n<em><span style=\"font-weight: 400;\">Roberton Reis<\/span><\/em><br \/>\n<em><span style=\"font-weight: 400;\">Com informa\u00e7\u00f5es do N\u00facleo de Orienta\u00e7\u00e3o e Supervis\u00e3o<\/span><\/em><\/p>\n","protected":false},"excerpt":{"rendered":"<p>Publicada 16\/08\/2019 SMEd promove Oficina de \u201cEscuta e Di\u00e1logo sobre a escola poss\u00edvel frente aos desafios do s\u00e9culo XXI\u201d no dia 21 Neste ano de 2019, as Redes de Ensino, atendendo \u00e0s Resolu\u00e7\u00f5es do Conselho Nacional de Educa\u00e7\u00e3o N\u00ba 2, de 22 de Dezembro de 2017, e do Conselho Estadual de Educa\u00e7\u00e3o N\u00ba 345, de [&hellip;]<\/p>\n","protected":false},"author":7,"featured_media":0,"parent":31208,"menu_order":21,"comment_status":"closed","ping_status":"closed","template":"","meta":{"footnotes":""},"class_list":["post-35082","page","type-page","status-publish","hentry"],"_links":{"self":[{"href":"https:\/\/www.riogrande.rs.gov.br\/smed\/index.php?rest_route=\/wp\/v2\/pages\/35082"}],"collection":[{"href":"https:\/\/www.riogrande.rs.gov.br\/smed\/index.php?rest_route=\/wp\/v2\/pages"}],"about":[{"href":"https:\/\/www.riogrande.rs.gov.br\/smed\/index.php?rest_route=\/wp\/v2\/types\/page"}],"author":[{"embeddable":true,"href":"https:\/\/www.riogrande.rs.gov.br\/smed\/index.php?rest_route=\/wp\/v2\/users\/7"}],"replies":[{"embeddable":true,"href":"https:\/\/www.riogrande.rs.gov.br\/smed\/index.php?rest_route=%2Fwp%2Fv2%2Fcomments&post=35082"}],"version-history":[{"count":3,"href":"https:\/\/www.riogrande.rs.gov.br\/smed\/index.php?rest_route=\/wp\/v2\/pages\/35082\/revisions"}],"predecessor-version":[{"id":35093,"href":"https:\/\/www.riogrande.rs.gov.br\/smed\/index.php?rest_route=\/wp\/v2\/pages\/35082\/revisions\/35093"}],"up":[{"embeddable":true,"href":"https:\/\/www.riogrande.rs.gov.br\/smed\/index.php?rest_route=\/wp\/v2\/pages\/31208"}],"wp:attachment":[{"href":"https:\/\/www.riogrande.rs.gov.br\/smed\/index.php?rest_route=%2Fwp%2Fv2%2Fmedia&parent=35082"}],"curies":[{"name":"wp","href":"https:\/\/api.w.org\/{rel}","templated":true}]}}