{"id":34166,"date":"2019-06-26T20:01:47","date_gmt":"2019-06-26T23:01:47","guid":{"rendered":"http:\/\/www.riogrande.rs.gov.br\/smed\/?page_id=34166"},"modified":"2019-07-02T18:11:09","modified_gmt":"2019-07-02T21:11:09","slug":"projeto-politico-pedagogico-ppp","status":"publish","type":"page","link":"https:\/\/www.riogrande.rs.gov.br\/smed\/?page_id=34166","title":{"rendered":"PROJETO POLITICO PEDAG\u00d3GICO &#8211; PPP"},"content":{"rendered":"<div id=\"attachment_34164\" style=\"width: 495px\" class=\"wp-caption aligncenter\"><a href=\"http:\/\/www.riogrande.rs.gov.br\/smed\/wp-content\/uploads\/2019\/06\/20190626-ntm-plataforma-image1.jpg\" rel=\"lightbox[34166]\"><img loading=\"lazy\" decoding=\"async\" aria-describedby=\"caption-attachment-34164\" class=\"size-medium wp-image-34164\" src=\"http:\/\/www.riogrande.rs.gov.br\/smed\/wp-content\/uploads\/2019\/06\/20190626-ntm-plataforma-image1-485x364.jpg\" alt=\"\" width=\"485\" height=\"364\" srcset=\"https:\/\/www.riogrande.rs.gov.br\/smed\/wp-content\/uploads\/2019\/06\/20190626-ntm-plataforma-image1-485x364.jpg 485w, https:\/\/www.riogrande.rs.gov.br\/smed\/wp-content\/uploads\/2019\/06\/20190626-ntm-plataforma-image1-768x576.jpg 768w, https:\/\/www.riogrande.rs.gov.br\/smed\/wp-content\/uploads\/2019\/06\/20190626-ntm-plataforma-image1-276x207.jpg 276w, https:\/\/www.riogrande.rs.gov.br\/smed\/wp-content\/uploads\/2019\/06\/20190626-ntm-plataforma-image1.jpg 960w\" sizes=\"(max-width: 485px) 100vw, 485px\" \/><\/a><p id=\"caption-attachment-34164\" class=\"wp-caption-text\">Divulga\u00e7\u00e3o<\/p><\/div>\n<h1 style=\"text-align: left;\"><strong>Educa\u00e7\u00e3o Infantil<\/strong><\/h1>\n<ol>\n<li><a href=\"https:\/\/docs.google.com\/forms\/d\/1RQ4gvutpTj4n_v4RL5H2VMBXMs08wsG_WWVvvg6Xg7w\/edit\" target=\"_blank\" rel=\"noopener noreferrer\"><strong>CONTEXTUALIZA\u00c7\u00c3O\/CARACTERIZA\u00c7\u00c3O DA COMUNIDADE ESCOLAR<\/strong><\/a><\/li>\n<li><a href=\"https:\/\/docs.google.com\/forms\/d\/1tQB6iKqWvWS_WsPHIzoXZg86RwRXsPnSQGyypwJPumA\/edit\" target=\"_blank\" rel=\"noopener noreferrer\"><strong>HIST\u00d3RIA DA INSTITUI\u00c7\u00c3O<\/strong><\/a><\/li>\n<li><a href=\"https:\/\/docs.google.com\/forms\/d\/1-LR6VFrTF3_MaA0D1BqZx2kPbjKJjIP1J7U5ygJNCMI\/edit\" target=\"_blank\" rel=\"noopener noreferrer\"><strong>DIAGN\u00d3STICO<\/strong><\/a><\/li>\n<li><a href=\"https:\/\/docs.google.com\/forms\/d\/1ygkATXBC0r9jpQ3tY8j9ZC4yVJy3tcxs0gIHQ723oM4\/edit\" target=\"_blank\" rel=\"noopener noreferrer\"><strong>GEST\u00c3O <\/strong><strong>DEMOCR\u00c1TICA:\u00a0<\/strong><strong>FORMAS DE PARTICIPA\u00c7\u00c3O<\/strong><\/a><\/li>\n<li><a href=\"https:\/\/docs.google.com\/forms\/d\/e\/1FAIpQLSejmbxxcGHV4qL3oFWrRSZ7okNRsSzj-xtbKOYh_wjYb_GYlg\/viewform\" target=\"_blank\" rel=\"noopener noreferrer\"><strong>GEST\u00c3O <\/strong><strong>DEMOCR\u00c1TICA:\u00a0<\/strong><strong>COMUNICA\u00c7\u00c3O ENTRE FAM\u00cdLIA E ESCOLA (ATAS-PARECERES-BOLETINS-ATENDIMENTOS\/ETC)<\/strong><\/a><\/li>\n<\/ol>\n<h1 style=\"text-align: left;\"><strong>Anos Iniciais e Anos Finais<\/strong><\/h1>\n<ol style=\"text-align: left;\">\n<li><a href=\"https:\/\/docs.google.com\/forms\/d\/1RQ4gvutpTj4n_v4RL5H2VMBXMs08wsG_WWVvvg6Xg7w\/edit\" target=\"_blank\" rel=\"noopener noreferrer\"><strong>CONTEXTUALIZA\u00c7\u00c3O\/CARACTERIZA\u00c7\u00c3O DA COMUNIDADE ESCOLAR<\/strong><\/a><\/li>\n<li><a href=\"https:\/\/docs.google.com\/forms\/d\/1tQB6iKqWvWS_WsPHIzoXZg86RwRXsPnSQGyypwJPumA\/edit\" target=\"_blank\" rel=\"noopener noreferrer\"><strong>HIST\u00d3RIA DA INSTITUI\u00c7\u00c3O<\/strong><\/a><\/li>\n<li><a href=\"https:\/\/docs.google.com\/forms\/d\/1GUg6ujD2OSLIgglrKf5_yEGCrQO_uCMQYbj1uz4LuDA\/edit?usp=drive_web\" target=\"_blank\" rel=\"noopener noreferrer\"><strong>DIAGN\u00d3STICO<\/strong><\/a><\/li>\n<li><a href=\"https:\/\/docs.google.com\/forms\/d\/1ygkATXBC0r9jpQ3tY8j9ZC4yVJy3tcxs0gIHQ723oM4\/edit\" target=\"_blank\" rel=\"noopener noreferrer\"><strong>GEST\u00c3O <\/strong><strong>DEMOCR\u00c1TICA:\u00a0<\/strong><strong>FORMAS DE PARTICIPA\u00c7\u00c3O<\/strong><\/a><\/li>\n<li><a href=\"https:\/\/docs.google.com\/forms\/d\/e\/1FAIpQLSejmbxxcGHV4qL3oFWrRSZ7okNRsSzj-xtbKOYh_wjYb_GYlg\/viewform\" target=\"_blank\" rel=\"noopener noreferrer\"><strong>GEST\u00c3O<\/strong><strong> DEMOCR\u00c1TICA: <\/strong><strong>COMUNICA\u00c7\u00c3O ENTRE FAM\u00cdLIA E ESCOLA (ATAS-PARECERES-BOLETINS-ATENDIMENTOS\/ETC)<\/strong><\/a><\/li>\n<\/ol>\n<h1 style=\"text-align: left;\"><strong>Educa\u00e7\u00e3o de Jovens e Adultos \u2013 EJA<\/strong><\/h1>\n<ol style=\"text-align: left;\">\n<li><a href=\"https:\/\/docs.google.com\/forms\/d\/1RQ4gvutpTj4n_v4RL5H2VMBXMs08wsG_WWVvvg6Xg7w\/edit\" target=\"_blank\" rel=\"noopener noreferrer\"><strong>CONTEXTUALIZA\u00c7\u00c3O\/CARACTERIZA\u00c7\u00c3O DA COMUNIDADE ESCOLAR<\/strong><\/a><\/li>\n<li><a href=\"https:\/\/docs.google.com\/forms\/d\/1tQB6iKqWvWS_WsPHIzoXZg86RwRXsPnSQGyypwJPumA\/edit\" target=\"_blank\" rel=\"noopener noreferrer\"><strong>HIST\u00d3RIA DA INSTITUI\u00c7\u00c3O<\/strong><\/a><\/li>\n<li><a href=\"https:\/\/docs.google.com\/forms\/d\/1KyrsbSb0y82ZvDt1vJQa-8ntrxAy9RuDwT3vOE0IvhU\/edit?usp=drive_web\" target=\"_blank\" rel=\"noopener noreferrer\"><strong>DIAGN\u00d3STICO<\/strong><\/a><\/li>\n<li><a href=\"https:\/\/docs.google.com\/forms\/d\/1ygkATXBC0r9jpQ3tY8j9ZC4yVJy3tcxs0gIHQ723oM4\/edit\" target=\"_blank\" rel=\"noopener noreferrer\"><strong>GEST\u00c3O <\/strong><strong>DEMOCR\u00c1TICA:\u00a0<\/strong><strong>FORMAS DE PARTICIPA\u00c7\u00c3O<\/strong><\/a><\/li>\n<li><a href=\"https:\/\/docs.google.com\/forms\/d\/e\/1FAIpQLSejmbxxcGHV4qL3oFWrRSZ7okNRsSzj-xtbKOYh_wjYb_GYlg\/viewform\" target=\"_blank\" rel=\"noopener noreferrer\"><strong>GEST\u00c3O <\/strong><strong>DEMOCR\u00c1TICA:\u00a0<\/strong><strong>COMUNICA\u00c7\u00c3O ENTRE FAM\u00cdLIA E ESCOLA (ATAS-PARECERES-BOLETINS-ATENDIMENTOS\/ETC)<\/strong><\/a><\/li>\n<\/ol>\n<h1 style=\"text-align: left;\"><strong>Outras Escolas<\/strong><\/h1>\n<ol style=\"text-align: left;\">\n<li><a href=\"https:\/\/docs.google.com\/forms\/d\/1RQ4gvutpTj4n_v4RL5H2VMBXMs08wsG_WWVvvg6Xg7w\/edit\" target=\"_blank\" rel=\"noopener noreferrer\"><strong>CONTEXTUALIZA\u00c7\u00c3O\/CARACTERIZA\u00c7\u00c3O DA COMUNIDADE ESCOLAR<\/strong><\/a><\/li>\n<li><a href=\"https:\/\/docs.google.com\/forms\/d\/1tQB6iKqWvWS_WsPHIzoXZg86RwRXsPnSQGyypwJPumA\/edit\" target=\"_blank\" rel=\"noopener noreferrer\"><strong>HIST\u00d3RIA DA INSTITUI\u00c7\u00c3O<\/strong><\/a><\/li>\n<li><a href=\"https:\/\/docs.google.com\/forms\/d\/1I3iR3VtrpdYgCMz40P-oCOvSIxpvWvo8Ntg_20PTACY\/edit\" target=\"_blank\" rel=\"noopener noreferrer\"><strong>DIAGN\u00d3STICO<\/strong><\/a><\/li>\n<li><a href=\"https:\/\/docs.google.com\/forms\/d\/1ygkATXBC0r9jpQ3tY8j9ZC4yVJy3tcxs0gIHQ723oM4\/edit\" target=\"_blank\" rel=\"noopener noreferrer\"><strong>GEST\u00c3O <\/strong><strong>DEMOCR\u00c1TICA: <\/strong><strong>FORMAS DE PARTICIPA\u00c7\u00c3O<\/strong><\/a><\/li>\n<li><a href=\"https:\/\/docs.google.com\/forms\/d\/e\/1FAIpQLSejmbxxcGHV4qL3oFWrRSZ7okNRsSzj-xtbKOYh_wjYb_GYlg\/viewform\" target=\"_blank\" rel=\"noopener noreferrer\"><strong>GEST\u00c3O <\/strong><strong>DEMOCR\u00c1TICA:\u00a0<\/strong><strong>COMUNICA\u00c7\u00c3O ENTRE FAM\u00cdLIA E ESCOLA (ATAS-PARECERES-BOLETINS-ATENDIMENTOS\/ETC)<\/strong><\/a><\/li>\n<\/ol>\n<h1 style=\"text-align: left;\"><strong>Regimento Escolar<\/strong><\/h1>\n<ol style=\"text-align: left;\">\n<li><a href=\"https:\/\/docs.google.com\/forms\/d\/1bZTS6O6Tb0Q5DbU7alk7GI9G0vyxwBBz-8naIxuvmEI\/edit\" target=\"_blank\" rel=\"noopener noreferrer\"><strong>GEST\u00c3O DEMOCR\u00c1TICA<\/strong><\/a><\/li>\n<li><a href=\"https:\/\/docs.google.com\/forms\/d\/1MT6UoWFN21QiA6EU70WQtxa8dEbn2UU84BIJrbQryKo\/edit\" target=\"_blank\" rel=\"noopener noreferrer\"><strong>ORGANIZA\u00c7\u00c3O DO C\u00cdRCULO DE PAIS E MESTRES \u2013 CPM<\/strong><\/a><\/li>\n<li><a href=\"https:\/\/docs.google.com\/forms\/d\/1rWbwHF1c6q4YgsQO4hs4TrgwT7kEkxAe-VzUn369TQA\/edit\" target=\"_blank\" rel=\"noopener noreferrer\"><strong>PRINC\u00cdPIOS DE CONVIV\u00caNCIA<\/strong><\/a><\/li>\n<\/ol>\n<p style=\"text-align: left;\">\n","protected":false},"excerpt":{"rendered":"<p>Educa\u00e7\u00e3o Infantil CONTEXTUALIZA\u00c7\u00c3O\/CARACTERIZA\u00c7\u00c3O DA COMUNIDADE ESCOLAR HIST\u00d3RIA DA INSTITUI\u00c7\u00c3O DIAGN\u00d3STICO GEST\u00c3O DEMOCR\u00c1TICA:\u00a0FORMAS DE PARTICIPA\u00c7\u00c3O GEST\u00c3O DEMOCR\u00c1TICA:\u00a0COMUNICA\u00c7\u00c3O ENTRE FAM\u00cdLIA E ESCOLA (ATAS-PARECERES-BOLETINS-ATENDIMENTOS\/ETC) Anos Iniciais e Anos Finais CONTEXTUALIZA\u00c7\u00c3O\/CARACTERIZA\u00c7\u00c3O DA COMUNIDADE ESCOLAR HIST\u00d3RIA DA INSTITUI\u00c7\u00c3O DIAGN\u00d3STICO GEST\u00c3O DEMOCR\u00c1TICA:\u00a0FORMAS DE PARTICIPA\u00c7\u00c3O GEST\u00c3O DEMOCR\u00c1TICA: COMUNICA\u00c7\u00c3O ENTRE FAM\u00cdLIA E ESCOLA (ATAS-PARECERES-BOLETINS-ATENDIMENTOS\/ETC) Educa\u00e7\u00e3o de Jovens e Adultos \u2013 EJA CONTEXTUALIZA\u00c7\u00c3O\/CARACTERIZA\u00c7\u00c3O DA [&hellip;]<\/p>\n","protected":false},"author":7,"featured_media":0,"parent":34162,"menu_order":1,"comment_status":"closed","ping_status":"closed","template":"","meta":{"footnotes":""},"class_list":["post-34166","page","type-page","status-publish","hentry"],"_links":{"self":[{"href":"https:\/\/www.riogrande.rs.gov.br\/smed\/index.php?rest_route=\/wp\/v2\/pages\/34166"}],"collection":[{"href":"https:\/\/www.riogrande.rs.gov.br\/smed\/index.php?rest_route=\/wp\/v2\/pages"}],"about":[{"href":"https:\/\/www.riogrande.rs.gov.br\/smed\/index.php?rest_route=\/wp\/v2\/types\/page"}],"author":[{"embeddable":true,"href":"https:\/\/www.riogrande.rs.gov.br\/smed\/index.php?rest_route=\/wp\/v2\/users\/7"}],"replies":[{"embeddable":true,"href":"https:\/\/www.riogrande.rs.gov.br\/smed\/index.php?rest_route=%2Fwp%2Fv2%2Fcomments&post=34166"}],"version-history":[{"count":10,"href":"https:\/\/www.riogrande.rs.gov.br\/smed\/index.php?rest_route=\/wp\/v2\/pages\/34166\/revisions"}],"predecessor-version":[{"id":34296,"href":"https:\/\/www.riogrande.rs.gov.br\/smed\/index.php?rest_route=\/wp\/v2\/pages\/34166\/revisions\/34296"}],"up":[{"embeddable":true,"href":"https:\/\/www.riogrande.rs.gov.br\/smed\/index.php?rest_route=\/wp\/v2\/pages\/34162"}],"wp:attachment":[{"href":"https:\/\/www.riogrande.rs.gov.br\/smed\/index.php?rest_route=%2Fwp%2Fv2%2Fmedia&parent=34166"}],"curies":[{"name":"wp","href":"https:\/\/api.w.org\/{rel}","templated":true}]}}