{"id":328,"date":"2010-12-14T18:03:46","date_gmt":"2010-12-14T20:03:46","guid":{"rendered":"http:\/\/www.w8s.net.br\/labs\/blogsmecrg"},"modified":"2013-04-25T15:33:23","modified_gmt":"2013-04-25T18:33:23","slug":"legislacao","status":"publish","type":"page","link":"https:\/\/www.riogrande.rs.gov.br\/smed\/?page_id=328","title":{"rendered":"Educa\u00e7\u00e3o Infantil"},"content":{"rendered":"<h1>LEGISLA\u00c7\u00c3O DA EDUCA\u00c7\u00c3O INFANTIL<\/h1>\n<p style=\"text-align: justify;\">Em nosso munic\u00edpio o Sistema Municipal de Educa\u00e7\u00e3o foi criado em 08 de setembro de 1999, atrav\u00e9s da Lei n\u00ba 5332 . Faz parte deste sistema, o Conselho Municipal de Educa\u00e7\u00e3o, que fixa as normas para o atendimento \u00e0 Educa\u00e7\u00e3o Infantil no munic\u00edpio, atrav\u00e9s da seguinte legisla\u00e7\u00e3o:<\/p>\n<ul>\n<li>Resolu\u00e7\u00e3o n\u00ba. 004\/00 (Normas para funcionamento);<\/li>\n<li>Resolu\u00e7\u00e3o n\u00ba. 026\/07 (Elabora\u00e7\u00e3o do Regimento);<\/li>\n<li>Instru\u00e7\u00e3o Normativa n\u00ba. 009\/08 (Instru\u00e7\u00f5es para o processo);<\/li>\n<li>Resolu\u00e7\u00e3o n\u00ba. 21\/2006 (Normas para funcionamento em Creches Comunit\u00e1rias);<\/li>\n<li>Instru\u00e7\u00e3o Normativa n\u00ba. 008\/2006 (Creches Comunit\u00e1rias).<\/li>\n<\/ul>\n<p style=\"text-align: justify;\">As institui\u00e7\u00f5es de Educa\u00e7\u00e3o Infantil da Rede Municipal de Ensino s\u00e3o autorizadas pelo Conselho Municipal de Educa\u00e7\u00e3o e denominadas de Escolas Municipais de Educa\u00e7\u00e3o Infantil, atendendo creche (crian\u00e7as de zero a dois anos e 11 meses) e pr\u00e9-escola (crian\u00e7as de tr\u00eas a cinco anos e 11 meses), sendo a organiza\u00e7\u00e3o dos grupos da seguinte forma:<\/p>\n<p><strong>CRECHE (turno integral)<\/strong><\/p>\n<ul>\n<li>BER\u00c7\u00c1RIO (zero a 2 anos);<\/li>\n<li>MATERNAL I (2 anos).<\/li>\n<\/ul>\n<p><strong>PR\u00c9-ESCOLA (manh\u00e3 ou tarde)<\/strong><\/p>\n<ul>\n<li>MATERNAL II (3 anos);<\/li>\n<li>N\u00cdVEL I (4 anos);<\/li>\n<li>N\u00cdVEL II (5 anos).<\/li>\n<\/ul>\n<p style=\"text-align: justify;\">\n","protected":false},"excerpt":{"rendered":"<p>LEGISLA\u00c7\u00c3O DA EDUCA\u00c7\u00c3O INFANTIL Em nosso munic\u00edpio o Sistema Municipal de Educa\u00e7\u00e3o foi criado em 08 de setembro de 1999, atrav\u00e9s da Lei n\u00ba 5332 . Faz parte deste sistema, o Conselho Municipal de Educa\u00e7\u00e3o, que fixa as normas para o atendimento \u00e0 Educa\u00e7\u00e3o Infantil no munic\u00edpio, atrav\u00e9s da seguinte legisla\u00e7\u00e3o: Resolu\u00e7\u00e3o n\u00ba. 004\/00 (Normas [&hellip;]<\/p>\n","protected":false},"author":7,"featured_media":0,"parent":5943,"menu_order":0,"comment_status":"closed","ping_status":"closed","template":"","meta":{"footnotes":""},"class_list":["post-328","page","type-page","status-publish","hentry"],"_links":{"self":[{"href":"https:\/\/www.riogrande.rs.gov.br\/smed\/index.php?rest_route=\/wp\/v2\/pages\/328"}],"collection":[{"href":"https:\/\/www.riogrande.rs.gov.br\/smed\/index.php?rest_route=\/wp\/v2\/pages"}],"about":[{"href":"https:\/\/www.riogrande.rs.gov.br\/smed\/index.php?rest_route=\/wp\/v2\/types\/page"}],"author":[{"embeddable":true,"href":"https:\/\/www.riogrande.rs.gov.br\/smed\/index.php?rest_route=\/wp\/v2\/users\/7"}],"replies":[{"embeddable":true,"href":"https:\/\/www.riogrande.rs.gov.br\/smed\/index.php?rest_route=%2Fwp%2Fv2%2Fcomments&post=328"}],"version-history":[{"count":13,"href":"https:\/\/www.riogrande.rs.gov.br\/smed\/index.php?rest_route=\/wp\/v2\/pages\/328\/revisions"}],"predecessor-version":[{"id":6006,"href":"https:\/\/www.riogrande.rs.gov.br\/smed\/index.php?rest_route=\/wp\/v2\/pages\/328\/revisions\/6006"}],"up":[{"embeddable":true,"href":"https:\/\/www.riogrande.rs.gov.br\/smed\/index.php?rest_route=\/wp\/v2\/pages\/5943"}],"wp:attachment":[{"href":"https:\/\/www.riogrande.rs.gov.br\/smed\/index.php?rest_route=%2Fwp%2Fv2%2Fmedia&parent=328"}],"curies":[{"name":"wp","href":"https:\/\/api.w.org\/{rel}","templated":true}]}}