{"id":32328,"date":"2019-04-23T15:03:18","date_gmt":"2019-04-23T18:03:18","guid":{"rendered":"http:\/\/www.riogrande.rs.gov.br\/smed\/?page_id=32328"},"modified":"2019-11-18T15:23:04","modified_gmt":"2019-11-18T18:23:04","slug":"projeto-aluno-monitor-2019","status":"publish","type":"page","link":"https:\/\/www.riogrande.rs.gov.br\/smed\/?page_id=32328","title":{"rendered":"Projeto Aluno Monitor 2019"},"content":{"rendered":"<hr \/>\n<p>Publicada 18\/11\/2019<\/p>\n<h2>Projeto Aluno Monitor 2019: Cerim\u00f4nia de Formatura dos(as) Estudantes das Escolas da Ilha dos Marinheiros acontece nesta ter\u00e7a-feira, dia 19<\/h2>\n<p style=\"text-align: justify;\">A Secretaria de Munic\u00edpio da Educa\u00e7\u00e3o de Rio Grande (SMEd), atrav\u00e9s do N\u00facleo de Tecnologia Municipal (NTM) e do N\u00facleo de Educa\u00e7\u00e3o Ambiental e Patrimonial, promover\u00e1, nesta ter\u00e7a-feira, dia <b>19 de novembro<\/b>, \u00e0s <b>14h<\/b>, no <b>Sal\u00e3o Cruzeiro<\/b>, a <b>Cerim\u00f4nia de Formatura do Projeto Aluno Monitor 2019<\/b> dos(as) Estudantes das Escolas Municipais de Ensino Fundamental da Ilha dos Marinheiros: <b>Apolin\u00e1rio Porto Alegre<\/b>, <b>Cora\u00e7\u00e3o de Maria<\/b>, <b>Renascer <\/b>e <b>Sylvia Centeno Xavier<\/b>.<\/p>\n<p style=\"text-align: justify;\">A SMEd promoveu, durante este ano letivo, em 18 escolas da rede p\u00fablica municipal de ensino, o \u201c<b>Projeto Aluno Monitor 2019<\/b>\u201d, que tem como objetivo capacitar alunos(as) da rede municipal para interagirem com as novas tecnologias de informa\u00e7\u00e3o e comunica\u00e7\u00e3o, visando a aquisi\u00e7\u00e3o de conhecimentos sobre o uso de recursos tecnol\u00f3gicos para exercerem a fun\u00e7\u00e3o de aluno\/a monitor\/a e auxiliarem os\/as professores\/as nas atividades realizadas nos laborat\u00f3rios de inform\u00e1tica.<\/p>\n<p style=\"text-align: justify;\">De acordo com a coordenadora do NTM, Maria de F\u00e1tima Baldez Rodrigues, \u201c<b>Neste ano, a tem\u00e1tica abordada foi os \u201850 anos da SMEd\u2019, onde os(as) alunos(as) realizaram pesquisas sobre as suas respectivas escolas e constru\u00edram o hist\u00f3rico, que ser\u00e1 publicado em formato digital. O Projeto Aluno Monitor 2019 formar\u00e1 271 alunos(as). Devido ao n\u00famero expressivo de estudantes, as cerim\u00f4nias de formatura ocorrer\u00e3o por polos, compostos pelas escolas participantes<\/b>\u201d.<\/p>\n<p>&nbsp;<\/p>\n<p style=\"text-align: right;\"><em>SMEd<\/em><br \/>\n<em>Roberton Reis<\/em><br \/>\n<em>Com informa\u00e7\u00f5es do NTM<\/em><\/p>\n<hr \/>\n<p>Publicada 06\/11\/2019<\/p>\n<h2>Projeto Aluno Monitor 2019: Cerim\u00f4nia de Formatura dos(as) Estudantes das Escolas da Ilha dos Marinheiros foi transferida para o dia 19<\/h2>\n<p style=\"text-align: justify;\">A Secretaria de Munic\u00edpio da Educa\u00e7\u00e3o de Rio Grande (SMEd), atrav\u00e9s do N\u00facleo de Tecnologia Municipal (NTM) e do N\u00facleo de Educa\u00e7\u00e3o Ambiental e Patrimonial, informa que a <b>Cerim\u00f4nia de Formatura do Projeto Aluno Monitor 2019<\/b> dos(as) Estudantes das Escolas Municipais de Ensino Fundamental da Ilha dos Marinheiros foi transferida para o dia <b>19 de novembro<\/b>.<\/p>\n<p style=\"text-align: justify;\">Na oportunidade, os(as) alunos(as) das Escolas <b>Apolin\u00e1rio Porto Alegre<\/b>, <b>Cora\u00e7\u00e3o de Maria<\/b>, <b>Renascer <\/b>e <b>Sylvia Centeno Xavier<\/b> participar\u00e3o da Cerim\u00f4nia no Sal\u00e3o Cruzeiro, \u00e0s 14h.<\/p>\n<p>&nbsp;<\/p>\n<p style=\"text-align: right;\"><i>SMEd<\/i><br \/>\n<i>Roberton Reis<\/i><br \/>\n<i>Com informa\u00e7\u00f5es do NTM<\/i><\/p>\n<hr \/>\n<p>Publicada 05\/11\/2019<\/p>\n<h2>Projeto Aluno Monitor 2019: Cerim\u00f4nia de Formatura dos\/as Estudantes das Escolas da Ilha dos Marinheiros acontece nesta quarta-feira, dia 06<\/h2>\n<p style=\"text-align: justify;\">A Secretaria de Munic\u00edpio da Educa\u00e7\u00e3o de Rio Grande (SMEd), atrav\u00e9s do N\u00facleo de Tecnologia Municipal (NTM) e do N\u00facleo de Educa\u00e7\u00e3o Ambiental e Patrimonial, promover\u00e1, na pr\u00f3xima quarta-feira, dia <b>06 de novembro<\/b>, \u00e0s <b>14h<\/b>, no <b>Sal\u00e3o Cruzeiro<\/b>, a <b>Cerim\u00f4nia de Formatura do Projeto Aluno Monitor 2019<\/b> dos\/as Estudantes das Escolas Municipais de Ensino Fundamental da Ilha dos Marinheiros: <b>Apolin\u00e1rio Porto Alegre<\/b>, <b>Cora\u00e7\u00e3o de Maria<\/b>, <b>Renascer <\/b>e <b>Sylvia Centeno Xavier<\/b>.<\/p>\n<p style=\"text-align: justify;\">A SMEd promoveu, durante este ano letivo, em 18 escolas da rede p\u00fablica municipal de ensino, o \u201c<b>Projeto Aluno Monitor 2019<\/b>\u201d, que tem como objetivo capacitar alunos(as) da rede municipal para interagirem com as novas tecnologias de informa\u00e7\u00e3o e comunica\u00e7\u00e3o, visando a aquisi\u00e7\u00e3o de conhecimentos sobre o uso de recursos tecnol\u00f3gicos para exercerem a fun\u00e7\u00e3o de aluno\/a monitor\/a e auxiliarem os\/as professores\/as nas atividades realizadas nos laborat\u00f3rios de inform\u00e1tica.<\/p>\n<p style=\"text-align: justify;\">De acordo com a coordenadora do NTM, Maria de F\u00e1tima Baldez Rodrigues, \u201c<b>Neste ano, a tem\u00e1tica abordada foi os \u201850 anos da SMEd\u2019, onde os(as) alunos(as) realizaram pesquisas sobre as suas respectivas escolas e constru\u00edram o hist\u00f3rico, que ser\u00e1 publicado em formato digital. O Projeto Aluno Monitor 2019 formar\u00e1 271 alunos(as). Devido ao n\u00famero expressivo de estudantes, as cerim\u00f4nias de formatura ocorrer\u00e3o por polos, compostos pelas escolas participantes<\/b>\u201d.<\/p>\n<p style=\"text-align: right;\"><i>SMEd<\/i><br \/>\n<i>Roberton Reis<\/i><br \/>\n<i>Com informa\u00e7\u00f5es do NTM<\/i><\/p>\n<hr \/>\n<p>Publicada 10\/10\/2019<\/p>\n<h2>Cerim\u00f4nias de Formatura do Projeto Aluno Monitor 2019 ocorrer\u00e3o por Polos<\/h2>\n<p style=\"text-align: justify;\">A Secretaria de Munic\u00edpio da Educa\u00e7\u00e3o de Rio Grande (SMEd), atrav\u00e9s do N\u00facleo de Tecnologia Municipal (NTM) e do N\u00facleo de Educa\u00e7\u00e3o Ambiental e Patrimonial, promoveu durante este ano letivo, em 18 escolas da rede p\u00fablica municipal de ensino, o \u201c<b>Projeto Aluno Monitor 2019<\/b>\u201d, que tem como objetivo capacitar alunos(as) rede municipal para interagirem com as novas tecnologias de informa\u00e7\u00e3o e comunica\u00e7\u00e3o, visando a aquisi\u00e7\u00e3o de conhecimentos sobre o uso de recursos tecnol\u00f3gicos para exercerem a fun\u00e7\u00e3o de aluno monitor e auxiliarem os professores nas atividades realizadas nos laborat\u00f3rios de inform\u00e1tica.<\/p>\n<p style=\"text-align: justify;\">\u201c<b>Neste ano, a tem\u00e1tica abordada foi os \u201850 anos da SMEd\u2019, onde os(as) alunos(as) realizaram pesquisas sobre as suas respectivas escolas e constru\u00edram o hist\u00f3rico, que ser\u00e1 publicado em formato digital. O Projeto Aluno Monitor 2019 formar\u00e1 271 alunos(as). Devido ao n\u00famero expressivo de estudantes, as cerim\u00f4nias de formatura est\u00e3o previstas para ocorrerem por polos, compostos pelas escolas participantes, no per\u00edodo entre o fim do m\u00eas de outubro e o in\u00edcio de novembro<\/b>\u201d, destacou a coordenadora do NTM, Maria de F\u00e1tima Baldez Rodrigues.<\/p>\n<p style=\"text-align: right;\"><em>SMEd<\/em><br \/>\n<em>Roberton Reis<\/em><br \/>\n<em>Com informa\u00e7\u00f5es do NTM<\/em><\/p>\n<hr \/>\n<p>Publicada 09\/05\/2019<\/p>\n<h2>\u201cProjeto Aluno Monitor 2019\u201d: Per\u00edodo de inscri\u00e7\u00f5es encerra nesta sexta-feira, dia 10<\/h2>\n<p style=\"text-align: justify;\">A Secretaria de Munic\u00edpio da Educa\u00e7\u00e3o de Rio Grande (SMEd), atrav\u00e9s do N\u00facleo de Tecnologia Municipal (NTM) e do N\u00facleo de Educa\u00e7\u00e3o Ambiental e Patrimonial, informa que o per\u00edodo de inscri\u00e7\u00f5es para o \u201c<b>Projeto Aluno Monitor 2019<\/b>\u201d encerra nesta sexta-feira, dia <b>10 de maio<\/b>. Neste ano, a tem\u00e1tica ser\u00e1 a hist\u00f3ria de cada uma das escolas participantes, culminando com a produ\u00e7\u00e3o de uma revista digital, a fim de comemorar os 50 anos da SMEd.<\/p>\n<p style=\"text-align: justify;\">O Projeto Aluno Monitor 2019 tem como objetivo capacitar alunos das escolas da rede municipal para interagirem com as novas tecnologias de informa\u00e7\u00e3o e comunica\u00e7\u00e3o, visando a aquisi\u00e7\u00e3o de conhecimentos sobre o uso de recursos tecnol\u00f3gicos para exercerem a fun\u00e7\u00e3o de aluno monitor e auxiliarem os professores nas atividades realizadas nos laborat\u00f3rios de inform\u00e1tica.<\/p>\n<p style=\"text-align: justify;\">Acesse <a href=\"https:\/\/docs.google.com\/forms\/d\/1r9GhuONg3t8kcEeDNRyfVVQQdnF7tmhNY-cHXDWQrxM\/viewform\" target=\"_blank\" rel=\"noopener noreferrer\"><b>aqui <\/b><\/a>para realizar a inscri\u00e7\u00e3o no Projeto Aluno Monitor 2019.<\/p>\n<p style=\"text-align: right;\"><i>SMEd<\/i><br \/>\n<i>Roberton Reis<\/i><br \/>\n<i>Com informa\u00e7\u00f5es do NTM<\/i><\/p>\n<hr \/>\n<p>Publicada 03\/05\/2019<\/p>\n<h2>\u201cProjeto Aluno Monitor 2019\u201d: Per\u00edodo de inscri\u00e7\u00f5es inicia na pr\u00f3xima segunda-feira, dia 06<\/h2>\n<p style=\"text-align: justify;\">A Secretaria de Munic\u00edpio da Educa\u00e7\u00e3o de Rio Grande (SMEd), atrav\u00e9s do N\u00facleo de Tecnologia Municipal (NTM) e do N\u00facleo de Educa\u00e7\u00e3o Ambiental e Patrimonial, informa que o per\u00edodo de inscri\u00e7\u00f5es para o \u201c<b>Projeto Aluno Monitor 2019<\/b>\u201d iniciar\u00e1 na pr\u00f3xima segunda-feira, dia <b>06 de maio<\/b>. Neste ano, a tem\u00e1tica ser\u00e1 a hist\u00f3ria de cada uma das escolas participantes, culminando com a produ\u00e7\u00e3o de uma revista digital, a fim de comemorar os 50 anos da SMEd.<\/p>\n<p style=\"text-align: justify;\">O per\u00edodo de inscri\u00e7\u00f5es para o Projeto Aluno Monitor 2019, que tem como objetivo capacitar alunos das escolas da rede municipal para interagirem com as novas tecnologias de informa\u00e7\u00e3o e comunica\u00e7\u00e3o, visando a aquisi\u00e7\u00e3o de conhecimentos sobre o uso de recursos tecnol\u00f3gicos para exercerem a fun\u00e7\u00e3o de aluno monitor e auxiliarem os professores nas atividades realizadas nos laborat\u00f3rios de inform\u00e1tica, encerrar\u00e1 no dia <b>10 de maio<\/b>.<\/p>\n<p style=\"text-align: justify;\">Acesse <a href=\"https:\/\/docs.google.com\/forms\/d\/1r9GhuONg3t8kcEeDNRyfVVQQdnF7tmhNY-cHXDWQrxM\/viewform\" target=\"_blank\" rel=\"noopener noreferrer\"><b>aqui <\/b><\/a>para realizar a inscri\u00e7\u00e3o no Projeto Aluno Monitor 2019.<\/p>\n<p style=\"text-align: right;\"><em>SMEd<\/em><br \/>\n<em>Roberton Reis<\/em><br \/>\n<em>Com informa\u00e7\u00f5es do NTM<\/em><\/p>\n<hr \/>\n<p>Publicada 23\/04\/2019<\/p>\n<h2>Per\u00edodo de inscri\u00e7\u00f5es para o \u201cProjeto Aluno Monitor 2019\u201d inicia no dia 06 de maio<\/h2>\n<p style=\"text-align: justify;\">A Secretaria de Munic\u00edpio da Educa\u00e7\u00e3o de Rio Grande (SMEd), atrav\u00e9s do N\u00facleo de Tecnologia Municipal (NTM) e do N\u00facleo de Educa\u00e7\u00e3o Ambiental e Patrimonial, informa que o per\u00edodo de inscri\u00e7\u00f5es para o \u201c<b>Projeto Aluno Monitor 2019<\/b>\u201d iniciar\u00e1 no dia <b>06 de maio<\/b>. Neste ano, a tem\u00e1tica ser\u00e1 a hist\u00f3ria de cada uma das escolas participantes, culminando com a produ\u00e7\u00e3o de uma revista digital, a fim de comemorar os 50 anos da SMEd.<\/p>\n<p style=\"text-align: justify;\">O per\u00edodo de inscri\u00e7\u00f5es para o Projeto Aluno Monitor 2019, que tem como objetivo capacitar alunos das escolas da rede municipal para interagirem com as novas tecnologias de informa\u00e7\u00e3o e comunica\u00e7\u00e3o, visando a aquisi\u00e7\u00e3o de conhecimentos sobre o uso de recursos tecnol\u00f3gicos para exercerem a fun\u00e7\u00e3o de aluno monitor e auxiliarem os professores nas atividades realizadas nos laborat\u00f3rios de inform\u00e1tica, encerrar\u00e1 no dia <b>10 de maio<\/b>. Em breve, o link para inscri\u00e7\u00f5es estar\u00e1 \u00e0 disposi\u00e7\u00e3o neste site.<\/p>\n<p>&nbsp;<\/p>\n<p style=\"text-align: right;\"><em>SMEd<\/em><br \/>\n<em>Roberton Reis<\/em><br \/>\n<em>Com informa\u00e7\u00f5es do NTM<\/em><\/p>\n","protected":false},"excerpt":{"rendered":"<p>Publicada 18\/11\/2019 Projeto Aluno Monitor 2019: Cerim\u00f4nia de Formatura dos(as) Estudantes das Escolas da Ilha dos Marinheiros acontece nesta ter\u00e7a-feira, dia 19 A Secretaria de Munic\u00edpio da Educa\u00e7\u00e3o de Rio Grande (SMEd), atrav\u00e9s do N\u00facleo de Tecnologia Municipal (NTM) e do N\u00facleo de Educa\u00e7\u00e3o Ambiental e Patrimonial, promover\u00e1, nesta ter\u00e7a-feira, dia 19 de novembro, \u00e0s [&hellip;]<\/p>\n","protected":false},"author":7,"featured_media":0,"parent":31208,"menu_order":13,"comment_status":"closed","ping_status":"closed","template":"","meta":{"footnotes":""},"class_list":["post-32328","page","type-page","status-publish","hentry"],"_links":{"self":[{"href":"https:\/\/www.riogrande.rs.gov.br\/smed\/index.php?rest_route=\/wp\/v2\/pages\/32328"}],"collection":[{"href":"https:\/\/www.riogrande.rs.gov.br\/smed\/index.php?rest_route=\/wp\/v2\/pages"}],"about":[{"href":"https:\/\/www.riogrande.rs.gov.br\/smed\/index.php?rest_route=\/wp\/v2\/types\/page"}],"author":[{"embeddable":true,"href":"https:\/\/www.riogrande.rs.gov.br\/smed\/index.php?rest_route=\/wp\/v2\/users\/7"}],"replies":[{"embeddable":true,"href":"https:\/\/www.riogrande.rs.gov.br\/smed\/index.php?rest_route=%2Fwp%2Fv2%2Fcomments&post=32328"}],"version-history":[{"count":9,"href":"https:\/\/www.riogrande.rs.gov.br\/smed\/index.php?rest_route=\/wp\/v2\/pages\/32328\/revisions"}],"predecessor-version":[{"id":37206,"href":"https:\/\/www.riogrande.rs.gov.br\/smed\/index.php?rest_route=\/wp\/v2\/pages\/32328\/revisions\/37206"}],"up":[{"embeddable":true,"href":"https:\/\/www.riogrande.rs.gov.br\/smed\/index.php?rest_route=\/wp\/v2\/pages\/31208"}],"wp:attachment":[{"href":"https:\/\/www.riogrande.rs.gov.br\/smed\/index.php?rest_route=%2Fwp%2Fv2%2Fmedia&parent=32328"}],"curies":[{"name":"wp","href":"https:\/\/api.w.org\/{rel}","templated":true}]}}