{"id":32133,"date":"2019-04-12T18:53:48","date_gmt":"2019-04-12T21:53:48","guid":{"rendered":"http:\/\/www.riogrande.rs.gov.br\/smed\/?page_id=32133"},"modified":"2019-04-18T13:25:46","modified_gmt":"2019-04-18T16:25:46","slug":"formacao-esporte-educacional","status":"publish","type":"page","link":"https:\/\/www.riogrande.rs.gov.br\/smed\/?page_id=32133","title":{"rendered":"Forma\u00e7\u00e3o \u201cEsporte Educacional\u201d"},"content":{"rendered":"<hr \/>\n<p>Publicada 18\/04\/2019<\/p>\n<h2>SMEd divulga Lista de inscritos para as Forma\u00e7\u00f5es \u201cArte Educacional\u201d e \u201cEsporte Educacional\u201d<\/h2>\n<p style=\"text-align: justify;\">A Secretaria de Munic\u00edpio da Educa\u00e7\u00e3o de Rio Grande (SMEd), atrav\u00e9s da Superintend\u00eancia de Gest\u00e3o Pedag\u00f3gica, est\u00e1 divulgando, nesta quinta-feira, dia <b>18 de abril<\/b>, a Lista de inscritos para as Forma\u00e7\u00f5es \u201c<b>Arte Educacional\/Viva com Arte<\/b>\u201d e \u201c<b>Esporte Educacional\/Esporte para Todos<\/b>\u201d, que acontecer\u00e3o nos dias <b>23, 24 e 25 de abril<\/b>, na cidade de Rio Grande.<\/p>\n<p style=\"text-align: justify;\">A Forma\u00e7\u00e3o \u201c<b>Arte Educacional\/Viva com Arte<\/b>\u201d ser\u00e1 realizada na <b>EMEI Casa da Crian\u00e7a Dr. Augusto Duprat<\/b>, que est\u00e1 localizada na rua Bento Gon\u00e7alves, esquina Crist\u00f3v\u00e3o Colombo, bairro Cidade Nova. J\u00e1 a Forma\u00e7\u00e3o \u201c<b>Esporte Educacional\/Esporte para Todos<\/b>\u201d acontecer\u00e1 na <b>EMEF Clemente Pinto<\/b>, que est\u00e1 localizada na rua Dom Pedro I, 444, bairro Cidade Nova.<\/p>\n<p style=\"text-align: justify;\">Para ver o material de divulga\u00e7\u00e3o da Forma\u00e7\u00e3o Continuada \u201cArte Educacional\/Viva com Arte\u201d, acesse <a href=\"http:\/\/www.riogrande.rs.gov.br\/smed\/wp-content\/uploads\/2019\/04\/20190412-ped-formacao_de_professores_arte_educacional_rio_grande_rs.pdf\" target=\"_blank\" rel=\"noopener noreferrer\"><b>aqui<\/b><\/a>. Para ver o material de divulga\u00e7\u00e3o da Forma\u00e7\u00e3o Continuada \u201cEsporte Educacional\/Esporte para Todos\u201d, acesse <a href=\"http:\/\/www.riogrande.rs.gov.br\/smed\/wp-content\/uploads\/2019\/04\/20190412-ped-formacao_de_professores_esporte_educacional_rio_grande_rs.pdf\" target=\"_blank\" rel=\"noopener noreferrer\"><b>aqui<\/b><\/a>.<\/p>\n<p style=\"text-align: justify;\">As Forma\u00e7\u00f5es \u201cArte Educacional\/Viva com Arte\u201d e \u201c<b>Esporte Educacional\/Esporte para Todos<\/b>\u201d ocorrer\u00e3o em paralelo \u00e0s a\u00e7\u00f5es da \u201c<b>Caravana das Artes e do Esporte<\/b>\u201d, projeto de responsabilidade social da ESPN, DISNEY e UNICEF, em parceria com o Instituto Mpumalanga e com o Instituto Esporte &amp; Educa\u00e7\u00e3o, que conta com apoio dos Minist\u00e9rios do Esporte e da Cultura por meio da Lei de Incentivo ao Esporte e da Lei Rouanet e patroc\u00ednios de empresas privadas.<\/p>\n<p style=\"text-align: justify;\">Acesse abaixo as Listas de inscritos para as Forma\u00e7\u00f5es de Arte e Esporte Educacional:<\/p>\n<ul>\n<li style=\"text-align: justify;\"><a href=\"http:\/\/www.riogrande.rs.gov.br\/smed\/wp-content\/uploads\/2019\/04\/20190418-ped-lista_de_inscritos-formacao_de_artes-manha.pdf\" target=\"_blank\" rel=\"noopener noreferrer\"><b>Forma\u00e7\u00e3o Arte Educacional\/Viva com Arte<\/b><\/a> (manh\u00e3);<\/li>\n<li style=\"text-align: justify;\"><a href=\"http:\/\/www.riogrande.rs.gov.br\/smed\/wp-content\/uploads\/2019\/04\/20190418-ped-lista_de_inscritos-formacao_de_artes-tarde.pdf\" target=\"_blank\" rel=\"noopener noreferrer\"><b>Forma\u00e7\u00e3o Arte Educacional\/Viva com Arte <\/b><\/a>(tarde);<\/li>\n<li style=\"text-align: justify;\"><a href=\"http:\/\/www.riogrande.rs.gov.br\/smed\/wp-content\/uploads\/2019\/04\/20190418-ped-lista_de_inscritos-formacao_esporte-manha2.pdf\" target=\"_blank\" rel=\"noopener noreferrer\"><b>Esporte Educacional\/Esporte para Todos<\/b><\/a> (manh\u00e3);<\/li>\n<li style=\"text-align: justify;\"><a href=\"http:\/\/www.riogrande.rs.gov.br\/smed\/wp-content\/uploads\/2019\/04\/20190418-ped-lista_de_inscritos-formacao_esporte-tarde.pdf\" target=\"_blank\" rel=\"noopener noreferrer\"><b>Esporte Educacional\/Esporte para Todos<\/b><\/a> (tarde).<\/li>\n<\/ul>\n<p style=\"text-align: right;\"><i>SMEd<\/i><br \/>\n<i>Roberton Reis<\/i><\/p>\n<hr \/>\n<p>Publicada 12\/04\/2019<\/p>\n<div>\n<div>\n<div>\n<div>\n<h2>SMEd abre per\u00edodo de inscri\u00e7\u00f5es para Forma\u00e7\u00e3o \u201cEsporte Educacional\u201d<\/h2>\n<\/div>\n<\/div>\n<\/div>\n<\/div>\n<p style=\"text-align: justify;\">A Secretaria de Munic\u00edpio da Educa\u00e7\u00e3o de Rio Grande (SMEd), atrav\u00e9s da Superintend\u00eancia de Gest\u00e3o Pedag\u00f3gica, abre nesta sexta-feira, dia <b>12 de abril<\/b>, o per\u00edodo de inscri\u00e7\u00f5es para a \u201c<b>Forma\u00e7\u00e3o Esporte Educacional\/Esporte para Todos<\/b>\u201d, que acontecer\u00e1 nos dias 2<b>3, 24 e 25 de abril<\/b>, na EMEF Clemente Pinto, que est\u00e1 localizada na rua Dom Pedro I, 444, bairro Cidade Nova.<\/p>\n<p style=\"text-align: justify;\"><b>FORMA\u00c7\u00c3O \u201cESPORTE EDUCACIONAL\/ESPORTE PARA TODOS\u201d<\/b><\/p>\n<p style=\"text-align: justify;\">O Instituto Esporte &amp; Educa\u00e7\u00e3o convida professores de educa\u00e7\u00e3o f\u00edsica, pedagogos e gestores vinculados \u00e0 Secretaria de Esportes e Lazer e\/ou da Secretaria de Munic\u00edpio da Educa\u00e7\u00e3o e comunidade universit\u00e1ria a participarem da forma\u00e7\u00e3o continuada em Esporte Educacional\/Esporte para Todo, dentro das atividades da Caravana do Esporte, que ser\u00e3o realizadas. Todos os participantes receber\u00e3o certificado. A Caravana do Esporte tem apoio do Minist\u00e9rio do Esporte, por meio da Lei de Incentivo ao Esporte.<\/p>\n<p style=\"text-align: justify;\">S\u00e3o <b>80 vagas<\/b> divididas em duas turmas com frequ\u00eancia nos 03 dias de a\u00e7\u00e3o.<\/p>\n<ul style=\"text-align: justify;\">\n<li>40 professores para o <b>per\u00edodo da manh\u00e3<\/b> das 08h \u00e0s 11h00;<\/li>\n<li>40 professores para o <b>per\u00edodo da tarde<\/b> das 14h \u00e0s 17h00.<\/li>\n<\/ul>\n<p style=\"text-align: justify;\"><b>P\u00fablico: <\/b>Professores de Educa\u00e7\u00e3o F\u00edsica, professores de Ensino Fundamental I e II, pedagogos, coordenadores, gestores p\u00fablicos, gestores de unidades educacionais, monitores de programas educacionais, professores de n\u00facleos de esporte, lideran\u00e7as comunit\u00e1rias com atua\u00e7\u00e3o esportiva e estudantes de Educa\u00e7\u00e3o F\u00edsica.<\/p>\n<p style=\"text-align: justify;\">Acesse <a href=\"https:\/\/forms.gle\/TqVJYHRa7n6tZnYe8\" target=\"_blank\" rel=\"noopener noreferrer\"><b>aqui<\/b><\/a> para realizar a sua inscri\u00e7\u00e3o para participar da Forma\u00e7\u00e3o Continuada \u201cEsporte Educacional\/Esporte para Todos\u201d.<\/p>\n<p style=\"text-align: justify;\">Para ver o material de divulga\u00e7\u00e3o da Forma\u00e7\u00e3o Continuada \u201cEsporte Educacional\/Esporte para Todos\u201d, acesse <a href=\"http:\/\/www.riogrande.rs.gov.br\/smed\/wp-content\/uploads\/2019\/04\/20190412-ped-formacao_de_professores_esporte_educacional_rio_grande_rs.pdf\" target=\"_blank\" rel=\"noopener noreferrer\"><b>aqui<\/b><\/a>.<\/p>\n<p style=\"text-align: justify;\">Para obter maiores informa\u00e7\u00f5es sobre o Projeto Caravana do Esporte e Caravana das Artes, acesse<strong><a href=\"http:\/\/caravanaesporteartes.com.br\/\" target=\"_blank\" rel=\"noopener noreferrer\"> http:\/\/caravanaesporteartes.com.br\/<\/a> <\/strong><\/p>\n<p style=\"text-align: justify;\">A Forma\u00e7\u00e3o \u201cEsporte Educacional\/Esporte para Todos\u201d ocorrer\u00e1 em paralelo \u00e0s a\u00e7\u00f5es da \u201cCaravana do Esporte\u201d, projeto de responsabilidade social da ESPN, DISNEY e UNICEF, em parceria com o Instituto Mpumalanga e com o Instituto Esporte &amp; Educa\u00e7\u00e3o. Conta com apoio dos Minist\u00e9rios do Esporte e da Cultura por meio da Lei de Incentivo ao Esporte e da Lei Rouanet e patroc\u00ednios de empresas privadas.<\/p>\n<p style=\"text-align: right;\"><em>SMEd<\/em><\/p>\n","protected":false},"excerpt":{"rendered":"<p>Publicada 18\/04\/2019 SMEd divulga Lista de inscritos para as Forma\u00e7\u00f5es \u201cArte Educacional\u201d e \u201cEsporte Educacional\u201d A Secretaria de Munic\u00edpio da Educa\u00e7\u00e3o de Rio Grande (SMEd), atrav\u00e9s da Superintend\u00eancia de Gest\u00e3o Pedag\u00f3gica, est\u00e1 divulgando, nesta quinta-feira, dia 18 de abril, a Lista de inscritos para as Forma\u00e7\u00f5es \u201cArte Educacional\/Viva com Arte\u201d e \u201cEsporte Educacional\/Esporte para Todos\u201d, [&hellip;]<\/p>\n","protected":false},"author":7,"featured_media":0,"parent":31208,"menu_order":10,"comment_status":"closed","ping_status":"closed","template":"","meta":{"footnotes":""},"class_list":["post-32133","page","type-page","status-publish","hentry"],"_links":{"self":[{"href":"https:\/\/www.riogrande.rs.gov.br\/smed\/index.php?rest_route=\/wp\/v2\/pages\/32133"}],"collection":[{"href":"https:\/\/www.riogrande.rs.gov.br\/smed\/index.php?rest_route=\/wp\/v2\/pages"}],"about":[{"href":"https:\/\/www.riogrande.rs.gov.br\/smed\/index.php?rest_route=\/wp\/v2\/types\/page"}],"author":[{"embeddable":true,"href":"https:\/\/www.riogrande.rs.gov.br\/smed\/index.php?rest_route=\/wp\/v2\/users\/7"}],"replies":[{"embeddable":true,"href":"https:\/\/www.riogrande.rs.gov.br\/smed\/index.php?rest_route=%2Fwp%2Fv2%2Fcomments&post=32133"}],"version-history":[{"count":5,"href":"https:\/\/www.riogrande.rs.gov.br\/smed\/index.php?rest_route=\/wp\/v2\/pages\/32133\/revisions"}],"predecessor-version":[{"id":32294,"href":"https:\/\/www.riogrande.rs.gov.br\/smed\/index.php?rest_route=\/wp\/v2\/pages\/32133\/revisions\/32294"}],"up":[{"embeddable":true,"href":"https:\/\/www.riogrande.rs.gov.br\/smed\/index.php?rest_route=\/wp\/v2\/pages\/31208"}],"wp:attachment":[{"href":"https:\/\/www.riogrande.rs.gov.br\/smed\/index.php?rest_route=%2Fwp%2Fv2%2Fmedia&parent=32133"}],"curies":[{"name":"wp","href":"https:\/\/api.w.org\/{rel}","templated":true}]}}