{"id":31726,"date":"2019-04-01T21:09:51","date_gmt":"2019-04-02T00:09:51","guid":{"rendered":"http:\/\/www.riogrande.rs.gov.br\/smed\/?page_id=31726"},"modified":"2019-09-03T15:38:43","modified_gmt":"2019-09-03T18:38:43","slug":"curso-de-praticas-corporais-na-educacao-infantil","status":"publish","type":"page","link":"https:\/\/www.riogrande.rs.gov.br\/smed\/?page_id=31726","title":{"rendered":"Curso de Pr\u00e1ticas Corporais na Educa\u00e7\u00e3o Infantil"},"content":{"rendered":"<hr \/>\n<p>Publicada 03\/09\/2019<\/p>\n<h2>Curso de \u201cPr\u00e1ticas Corporais na Educa\u00e7\u00e3o Infantil\u201d da SMEd encerrou no dia 20 de agosto<\/h2>\n\n\t\t<style type=\"text\/css\">\n\t\t\t#gallery-1 {\n\t\t\t\tmargin: auto;\n\t\t\t}\n\t\t\t#gallery-1 .gallery-item {\n\t\t\t\tfloat: left;\n\t\t\t\tmargin-top: 10px;\n\t\t\t\ttext-align: center;\n\t\t\t\twidth: 50%;\n\t\t\t}\n\t\t\t#gallery-1 img {\n\t\t\t\tborder: 2px solid #cfcfcf;\n\t\t\t}\n\t\t\t#gallery-1 .gallery-caption {\n\t\t\t\tmargin-left: 0;\n\t\t\t}\n\t\t\t\/* see gallery_shortcode() in wp-includes\/media.php *\/\n\t\t<\/style>\n\t\t<div id='gallery-1' class='gallery galleryid-31726 gallery-columns-2 gallery-size-thumbnail'><dl class='gallery-item'>\n\t\t\t<dt class='gallery-icon landscape'>\n\t\t\t\t<a href='https:\/\/www.riogrande.rs.gov.br\/smed\/wp-content\/uploads\/2019\/09\/20190903-ped-infantil-image1.jpg' rel=\"lightbox[31726]\"><img loading=\"lazy\" decoding=\"async\" width=\"150\" height=\"150\" src=\"https:\/\/www.riogrande.rs.gov.br\/smed\/wp-content\/uploads\/2019\/09\/20190903-ped-infantil-image1-150x150.jpg\" class=\"attachment-thumbnail size-thumbnail\" alt=\"\" aria-describedby=\"gallery-1-35426\" \/><\/a>\n\t\t\t<\/dt>\n\t\t\t\t<dd class='wp-caption-text gallery-caption' id='gallery-1-35426'>\n\t\t\t\tDivulga\u00e7\u00e3o\n\t\t\t\t<\/dd><\/dl><dl class='gallery-item'>\n\t\t\t<dt class='gallery-icon landscape'>\n\t\t\t\t<a href='https:\/\/www.riogrande.rs.gov.br\/smed\/wp-content\/uploads\/2019\/09\/20190903-ped-infantil-image2.jpg' rel=\"lightbox[31726]\"><img loading=\"lazy\" decoding=\"async\" width=\"150\" height=\"150\" src=\"https:\/\/www.riogrande.rs.gov.br\/smed\/wp-content\/uploads\/2019\/09\/20190903-ped-infantil-image2-150x150.jpg\" class=\"attachment-thumbnail size-thumbnail\" alt=\"\" aria-describedby=\"gallery-1-35427\" \/><\/a>\n\t\t\t<\/dt>\n\t\t\t\t<dd class='wp-caption-text gallery-caption' id='gallery-1-35427'>\n\t\t\t\tDivulga\u00e7\u00e3o\n\t\t\t\t<\/dd><\/dl><br style=\"clear: both\" \/><dl class='gallery-item'>\n\t\t\t<dt class='gallery-icon landscape'>\n\t\t\t\t<a href='https:\/\/www.riogrande.rs.gov.br\/smed\/wp-content\/uploads\/2019\/09\/20190903-ped-infantil-image3.jpg' rel=\"lightbox[31726]\"><img loading=\"lazy\" decoding=\"async\" width=\"150\" height=\"150\" src=\"https:\/\/www.riogrande.rs.gov.br\/smed\/wp-content\/uploads\/2019\/09\/20190903-ped-infantil-image3-150x150.jpg\" class=\"attachment-thumbnail size-thumbnail\" alt=\"\" aria-describedby=\"gallery-1-35428\" \/><\/a>\n\t\t\t<\/dt>\n\t\t\t\t<dd class='wp-caption-text gallery-caption' id='gallery-1-35428'>\n\t\t\t\tDivulga\u00e7\u00e3o\n\t\t\t\t<\/dd><\/dl><dl class='gallery-item'>\n\t\t\t<dt class='gallery-icon landscape'>\n\t\t\t\t<a href='https:\/\/www.riogrande.rs.gov.br\/smed\/wp-content\/uploads\/2019\/09\/20190903-ped-infantil-image4.jpg' rel=\"lightbox[31726]\"><img loading=\"lazy\" decoding=\"async\" width=\"150\" height=\"150\" src=\"https:\/\/www.riogrande.rs.gov.br\/smed\/wp-content\/uploads\/2019\/09\/20190903-ped-infantil-image4-150x150.jpg\" class=\"attachment-thumbnail size-thumbnail\" alt=\"\" aria-describedby=\"gallery-1-35429\" \/><\/a>\n\t\t\t<\/dt>\n\t\t\t\t<dd class='wp-caption-text gallery-caption' id='gallery-1-35429'>\n\t\t\t\tDivulga\u00e7\u00e3o\n\t\t\t\t<\/dd><\/dl><br style=\"clear: both\" \/>\n\t\t<\/div>\n\n<p style=\"text-align: justify;\"><span style=\"font-weight: 400;\">A Secretaria de Munic\u00edpio da Educa\u00e7\u00e3o de Rio Grande (SMEd), atrav\u00e9s do N\u00facleo de Educa\u00e7\u00e3o Infantil, em parceria com o Curso de Licenciatura em Educa\u00e7\u00e3o F\u00edsica da Funda\u00e7\u00e3o Universidade do Rio Grande (FURG), iniciou no m\u00eas de abril os encontros formativos do Curso: <\/span><b>Pr\u00e1ticas Corporais na Educa\u00e7\u00e3o Infantil: viv\u00eancias e experi\u00eancias na constitui\u00e7\u00e3o da corporeidade<\/b><span style=\"font-weight: 400;\">.<\/span><\/p>\n<p style=\"text-align: justify;\"><span style=\"font-weight: 400;\">O Curso, que teve dura\u00e7\u00e3o de 04 meses, com 14 encontros semanais realizados nas Salas do Centro Esportivo da Universidade Federal do Rio Grande (Furg),\u00a0 encerrou no dia 20 de agosto. Os(as) Professores(as) participantes, que atuam na Educa\u00e7\u00e3o Infantil da rede p\u00fablica municipal de ensino, tiveram a oportunidade de trabalhar tem\u00e1ticas diversas, as quais envolveram:<\/span><\/p>\n<ul style=\"text-align: justify;\">\n<li><span style=\"font-weight: 400;\">Dan\u00e7a criativa, express\u00e3o corporal e improvisa\u00e7\u00e3o; ritmo\/atividades r\u00edtmicas e rodas cantadas, com a Prof.\u00aa Dr.\u00aa Leila Cristiane Finoqueto;<\/span><\/li>\n<li><span style=\"font-weight: 400;\">Psicomotricidade Relacional: O Brincar e a repercuss\u00e3o no desenvolvimento psicomotor da crian\u00e7a. com a Prof.\u00aa Dr.\u00aa \u00c2ngela Bersch;<\/span><\/li>\n<li><span style=\"font-weight: 400;\">Desenvolvimento e aprendizagem motora: Pr\u00e1ticas corporais e alternativas, com a Prof.\u00aa Dr.\u00aa Camila Borges Ribeiro;<\/span><\/li>\n<li><span style=\"font-weight: 400;\">Gin\u00e1stica Historiada; viv\u00eancias corporais para Educa\u00e7\u00e3o Infantil, com a doutoranda em Educa\u00e7\u00e3o Ambiental, Eliane Lima Piske;<\/span><\/li>\n<li><span style=\"font-weight: 400;\">Conversa\u00e7\u00f5es: Ber\u00e7\u00e1rio \u2013 estimula\u00e7\u00e3o precoce \u2013 com a Prof.\u00aa Dr.\u00aa Narjara Mendes Garcia;<\/span><\/li>\n<li><span style=\"font-weight: 400;\">Conversa\u00e7\u00f5es: Corpo-inf\u00e2ncia e escola na perspectiva Foucaultiana, com a Prof.\u00aa Dr.\u00aa Paula Henning.<\/span><\/li>\n<\/ul>\n<p style=\"text-align: justify;\"><span style=\"font-weight: 400;\">\u201c<\/span><b>O Curso Pr\u00e1ticas Corporais na Educa\u00e7\u00e3o Infantil: viv\u00eancias e experi\u00eancias na constitui\u00e7\u00e3o da corporeidade oportunizou a forma\u00e7\u00e3o continuada para os(as) professores(as) da Educa\u00e7\u00e3o Infantil, atrav\u00e9s de viv\u00eancias pr\u00e1ticas e de leituras te\u00f3ricas acerca da Educa\u00e7\u00e3o F\u00edsica e conhecimentos referentes \u00e0 Psicomotricidade Relacional, \u00e0 import\u00e2ncia da afetividade e ao desenvolvimento psicomotor<\/b><span style=\"font-weight: 400;\">\u201d, destaca Rafaela Pinto Gasso, coordenadora do N\u00facleo de Educa\u00e7\u00e3o Infantil.<\/span><\/p>\n<p style=\"text-align: right;\"><em><span style=\"font-weight: 400;\">SMEd<\/span><\/em><br \/>\n<em><span style=\"font-weight: 400;\">Roberton Reis<\/span><\/em><br \/>\n<em><span style=\"font-weight: 400;\">Com informa\u00e7\u00f5es do N\u00facleo de Educa\u00e7\u00e3o Infantil<\/span><\/em><\/p>\n<hr \/>\n<p>Publicada 29\/04\/2019<\/p>\n<h2>Curso de \u201cPr\u00e1ticas Corporais na Educa\u00e7\u00e3o Infantil\u201d da SMEd \u00e9 marcado por viv\u00eancias l\u00fadicas e prazerosas<\/h2>\n\n\t\t<style type=\"text\/css\">\n\t\t\t#gallery-2 {\n\t\t\t\tmargin: auto;\n\t\t\t}\n\t\t\t#gallery-2 .gallery-item {\n\t\t\t\tfloat: left;\n\t\t\t\tmargin-top: 10px;\n\t\t\t\ttext-align: center;\n\t\t\t\twidth: 50%;\n\t\t\t}\n\t\t\t#gallery-2 img {\n\t\t\t\tborder: 2px solid #cfcfcf;\n\t\t\t}\n\t\t\t#gallery-2 .gallery-caption {\n\t\t\t\tmargin-left: 0;\n\t\t\t}\n\t\t\t\/* see gallery_shortcode() in wp-includes\/media.php *\/\n\t\t<\/style>\n\t\t<div id='gallery-2' class='gallery galleryid-31726 gallery-columns-2 gallery-size-thumbnail'><dl class='gallery-item'>\n\t\t\t<dt class='gallery-icon landscape'>\n\t\t\t\t<a href='https:\/\/www.riogrande.rs.gov.br\/smed\/wp-content\/uploads\/2019\/04\/20190429-ped-praticas-image1.jpg' rel=\"lightbox[31726]\"><img loading=\"lazy\" decoding=\"async\" width=\"150\" height=\"150\" src=\"https:\/\/www.riogrande.rs.gov.br\/smed\/wp-content\/uploads\/2019\/04\/20190429-ped-praticas-image1-150x150.jpg\" class=\"attachment-thumbnail size-thumbnail\" alt=\"\" aria-describedby=\"gallery-2-32466\" \/><\/a>\n\t\t\t<\/dt>\n\t\t\t\t<dd class='wp-caption-text gallery-caption' id='gallery-2-32466'>\n\t\t\t\tDivulga\u00e7\u00e3o\n\t\t\t\t<\/dd><\/dl><dl class='gallery-item'>\n\t\t\t<dt class='gallery-icon landscape'>\n\t\t\t\t<a href='https:\/\/www.riogrande.rs.gov.br\/smed\/wp-content\/uploads\/2019\/04\/20190429-ped-praticas-image2.jpg' rel=\"lightbox[31726]\"><img loading=\"lazy\" decoding=\"async\" width=\"150\" height=\"150\" src=\"https:\/\/www.riogrande.rs.gov.br\/smed\/wp-content\/uploads\/2019\/04\/20190429-ped-praticas-image2-150x150.jpg\" class=\"attachment-thumbnail size-thumbnail\" alt=\"\" aria-describedby=\"gallery-2-32467\" \/><\/a>\n\t\t\t<\/dt>\n\t\t\t\t<dd class='wp-caption-text gallery-caption' id='gallery-2-32467'>\n\t\t\t\tDivulga\u00e7\u00e3o\n\t\t\t\t<\/dd><\/dl><br style=\"clear: both\" \/><dl class='gallery-item'>\n\t\t\t<dt class='gallery-icon landscape'>\n\t\t\t\t<a href='https:\/\/www.riogrande.rs.gov.br\/smed\/wp-content\/uploads\/2019\/04\/20190429-ped-praticas-image3.jpg' rel=\"lightbox[31726]\"><img loading=\"lazy\" decoding=\"async\" width=\"150\" height=\"150\" src=\"https:\/\/www.riogrande.rs.gov.br\/smed\/wp-content\/uploads\/2019\/04\/20190429-ped-praticas-image3-150x150.jpg\" class=\"attachment-thumbnail size-thumbnail\" alt=\"\" aria-describedby=\"gallery-2-32468\" \/><\/a>\n\t\t\t<\/dt>\n\t\t\t\t<dd class='wp-caption-text gallery-caption' id='gallery-2-32468'>\n\t\t\t\tDivulga\u00e7\u00e3o\n\t\t\t\t<\/dd><\/dl><dl class='gallery-item'>\n\t\t\t<dt class='gallery-icon landscape'>\n\t\t\t\t<a href='https:\/\/www.riogrande.rs.gov.br\/smed\/wp-content\/uploads\/2019\/04\/20190429-ped-praticas-image4.jpg' rel=\"lightbox[31726]\"><img loading=\"lazy\" decoding=\"async\" width=\"150\" height=\"150\" src=\"https:\/\/www.riogrande.rs.gov.br\/smed\/wp-content\/uploads\/2019\/04\/20190429-ped-praticas-image4-150x150.jpg\" class=\"attachment-thumbnail size-thumbnail\" alt=\"\" aria-describedby=\"gallery-2-32469\" \/><\/a>\n\t\t\t<\/dt>\n\t\t\t\t<dd class='wp-caption-text gallery-caption' id='gallery-2-32469'>\n\t\t\t\tDivulga\u00e7\u00e3o\n\t\t\t\t<\/dd><\/dl><br style=\"clear: both\" \/>\n\t\t<\/div>\n\n<p style=\"text-align: justify;\">A Secretaria de Munic\u00edpio da Educa\u00e7\u00e3o de Rio Grande (SMEd), atrav\u00e9s do N\u00facleo de Educa\u00e7\u00e3o Infantil, em parceria com o Curso de Licenciatura em Educa\u00e7\u00e3o F\u00edsica da Funda\u00e7\u00e3o Universidade do Rio Grande (FURG), na noite de <b>10 de abril<\/b>, promoveu o primeiro encontro do Curso: <b>Pr\u00e1ticas Corporais na Educa\u00e7\u00e3o Infantil: viv\u00eancias e experi\u00eancias na constitui\u00e7\u00e3o da corporeidade<\/b>.<\/p>\n<p style=\"text-align: justify;\">Os encontros acontecem na FURG, nas salas do Centro Esportivo, sempre \u00e0s <strong>quartas-feiras<\/strong>, com a participa\u00e7\u00e3o de <strong>30 professores<\/strong> que atuam na Educa\u00e7\u00e3o Infantil da rede municipal, com carga hor\u00e1ria de 40 horas (<strong>certifica\u00e7\u00e3o<\/strong>).<\/p>\n<p style=\"text-align: justify;\">Ao todo, j\u00e1 ocorreram tr\u00eas encontros, os quais foram ministrados pela Professora \u00c2ngela Adriane Schmidt Bersch (possui gradua\u00e7\u00e3o em Educa\u00e7\u00e3o F\u00edsica pela Universidade Federal de Pelotas-UFPel, Mestrado e Doutorado em Educa\u00e7\u00e3o Ambiental pela Universidade Federal do Rio Grande-FURG), com a tem\u00e1tica<b><i>: \u201c<\/i><\/b><b>Psicomotricidade Relacional: O brincar e a repercuss\u00e3o no desenvolvimento psicomotor da crian\u00e7a<\/b>\u201d.<\/p>\n<p style=\"text-align: justify;\">Os professores participantes puderam vivenciar situa\u00e7\u00f5es l\u00fadicas e prazerosas, a partir da experi\u00eancia corporal e da coletividade, com diferentes materiais e sugest\u00f5es, a fim de expandir e enriquecer o repert\u00f3rio de atividades e, principalmente, dar possibilidade \u00e0s crian\u00e7as para que expressem seus conflitos relacionais, superando-os atrav\u00e9s do jogo simb\u00f3lico e do brincar.<\/p>\n<p style=\"text-align: justify;\">Conforme a programa\u00e7\u00e3o do Curso, os pr\u00f3ximos encontros ser\u00e3o mediados pela Professora Leila Cristiane Pinto Finoqueto (possui gradua\u00e7\u00e3o em Educa\u00e7\u00e3o F\u00edsica pela Universidade Federal de Santa Maria-UFSM, \u00e9 Especialista em Ci\u00eancia do Movimento Humano e Mestre em Educa\u00e7\u00e3o pela UFSM e Doutorado em Educa\u00e7\u00e3o pela Universidade Federal de Pelotas-UFPel), que discutir\u00e1 a \u201c<b>Dan\u00e7a criativa, express\u00e3o corporal e improvisa\u00e7\u00e3o; ritmo\/atividades r\u00edtmicas e rodas cantadas<\/b>\u201d.<\/p>\n<p style=\"text-align: justify;\">\u201c<b>Esperamos que os encontros sejam uma oportunidade de aprofundamento dos saberes necess\u00e1rios \u00e0 atividade docente, com o objetivo de assegurar uma a\u00e7\u00e3o pedag\u00f3gica e educativa que promova aprendizagens significativas \u00e0s crian\u00e7as<\/b>\u201d, destacou a coordenadora do N\u00facleo de Educa\u00e7\u00e3o Infantil, Rafaela Pinto Grasso.<\/p>\n<p>&nbsp;<\/p>\n<p style=\"text-align: right;\"><em>SMEd<\/em><br \/>\n<em>Roberton Reis<\/em><br \/>\n<em>Com informa\u00e7\u00f5es do N\u00facleo de Educa\u00e7\u00e3o Infantil<\/em><\/p>\n<hr \/>\n<p>Publicada 06\/04\/2019<\/p>\n<h2>SMEd divulga Lista com Inscri\u00e7\u00f5es Homologadas para o \u201cCurso de Pr\u00e1ticas Corporais na Educa\u00e7\u00e3o Infantil\u201d<\/h2>\n<p style=\"text-align: justify;\">A Secretaria de Munic\u00edpio da Educa\u00e7\u00e3o de Rio Grande (SMEd), atrav\u00e9s do N\u00facleo de Educa\u00e7\u00e3o Infantil em parceria com o Curso de Licenciatura em Educa\u00e7\u00e3o F\u00edsica da Funda\u00e7\u00e3o Universidade do Rio Grande (FURG), divulga a lista com as inscri\u00e7\u00f5es homologadas para o \u201c<strong>Curso de Pr\u00e1ticas Corporais na Educa\u00e7\u00e3o Infantil: Viv\u00eancias e experi\u00eancias na constitui\u00e7\u00e3o da corporeidade<\/strong>\u201d:<\/p>\n<ul style=\"text-align: justify;\">\n<li>Alessandra Soares Furtado<\/li>\n<li>Aline Souza<\/li>\n<li>Ana Margarete Ortiz<\/li>\n<li>Ana Maria da Silva Brum<\/li>\n<li>\u00c2ngela Cristina Atalla da Cruz Nunes<\/li>\n<li>Carla Samirna de Oliveira Silveira<\/li>\n<li>Cristina de Souza Strapasson<\/li>\n<li>Danielli Freitas Rodrigues<\/li>\n<li>Dany Hellen de Lima Silva Gon\u00e7alves<\/li>\n<li>Debora Correa da Silva<\/li>\n<li>Debora Pintanel Dias Ossanes<\/li>\n<li>Deise Avila dos Santos<\/li>\n<li>Edilene Freitas Pouzada<\/li>\n<li>Eleonora das Neves Sim\u00f5es<\/li>\n<li>Elisabel Espinosa Coutinho<\/li>\n<li>Elisiane Sones Zambrano Pereira<\/li>\n<li>Gabriela C\u00e1ceres Riet Vargas<\/li>\n<li>Gabriela Leal de la Rocha<\/li>\n<li>Gisele Rodrigues Cabrera da silva<\/li>\n<li>Juana Gabriela Rosa Benitez<\/li>\n<li>Karina Silveira da Rosa<\/li>\n<li>Kellen Oliveira<\/li>\n<li>Kyzi Monteiro Saraiva<\/li>\n<li>Michele Chagas Saraiva<\/li>\n<li>Michele da Silva Cedres<\/li>\n<li>Paula Oliveira de Arede<\/li>\n<li>Rosa Andrade Paes<\/li>\n<li>Sueli de Barros Schivittez Pedroso<\/li>\n<li>Vanessa Clain Arrieche<\/li>\n<li>Vanessa Morales Pires<\/li>\n<\/ul>\n<p style=\"text-align: justify;\">Seriam oferecidas 25 vagas para a participa\u00e7\u00e3o dos(as) professores(as) da Educa\u00e7\u00e3o Infantil, por\u00e9m, devido ao grande n\u00famero de inscritos, foram oferecidas 30 vagas. Lembramos que o primeiro encontro acontece no pr\u00f3ximo dia <strong>10 de abril<\/strong>, \u00e0s <strong>19h<\/strong>, nas salas do <strong>Centro Esportivo da FURG<\/strong> (Campus Carreiros).<\/p>\n<p style=\"text-align: right;\"><em>SMEd<\/em><br \/>\n<em>Roberton Reis<\/em><br \/>\n<em>Com informa\u00e7\u00f5es do N\u00facleo de Educa\u00e7\u00e3o Infantil<\/em><\/p>\n<p>&nbsp;<\/p>\n<hr \/>\n<p>Publicada 03\/04\/2019<\/p>\n<h2>Inscri\u00e7\u00f5es para o Curso de Pr\u00e1ticas Corporais na Educa\u00e7\u00e3o Infantil\u201d da SMEd est\u00e3o encerradas<\/h2>\n<p style=\"text-align: justify;\">A Secretaria de Munic\u00edpio da Educa\u00e7\u00e3o de Rio Grande (SMEd), atrav\u00e9s do N\u00facleo de Educa\u00e7\u00e3o Infantil e em parceria com o Curso de Licenciatura em Educa\u00e7\u00e3o F\u00edsica da Funda\u00e7\u00e3o Universidade do Rio Grande (FURG), informa que as inscri\u00e7\u00f5es para o \u201c<strong>Curso de Pr\u00e1ticas Corporais na Educa\u00e7\u00e3o Infantil: Viv\u00eancias e experi\u00eancias na constitui\u00e7\u00e3o da corporeidade<\/strong>\u201d, para Professores(as) da Educa\u00e7\u00e3o Infantil est\u00e3o encerradas, visto que foram preenchidas todas as vagas oferecidas.<\/p>\n<p style=\"text-align: justify;\">O curso tem por objetivo a forma\u00e7\u00e3o de professores(as) atrav\u00e9s das viv\u00eancias e de leituras te\u00f3ricas acerca da Educa\u00e7\u00e3o F\u00edsica e conhecimentos referentes \u00e0 psicomotricidade relacional, a import\u00e2ncia da afetividade e o desenvolvimento psicomotor.<\/p>\n<p style=\"text-align: justify;\">Ser\u00e3o realizados 14 encontros, com dura\u00e7\u00e3o de duas horas cada, uma vez por semana, no per\u00edodo de 10 de abril a 14 de agosto, envolvendo atividades te\u00f3ricas e pr\u00e1ticas, e apresenta\u00e7\u00e3o das atividades aplicadas as suas turmas referentes \u00e0s tem\u00e1ticas desenvolvidas na forma\u00e7\u00e3o.<\/p>\n<p style=\"text-align: right;\"><em>SMEd<\/em><br \/>\n<em>Roberton Reis<\/em><\/p>\n<hr \/>\n<p>Publicada 01\/04\/2019<\/p>\n<h2>\u201cCurso de Pr\u00e1ticas Corporais na Educa\u00e7\u00e3o Infantil\u201d da SMEd: per\u00edodo de inscri\u00e7\u00f5es j\u00e1 iniciou<\/h2>\n<p style=\"text-align: justify;\">A Secretaria de Munic\u00edpio da Educa\u00e7\u00e3o de Rio Grande (SMEd), atrav\u00e9s do N\u00facleo de Educa\u00e7\u00e3o Infantil e em parceria com o Curso de Licenciatura em Educa\u00e7\u00e3o F\u00edsica da Funda\u00e7\u00e3o Universidade do Rio Grande (FURG), promover\u00e1 o \u201cCurso de Pr\u00e1ticas Corporais na Educa\u00e7\u00e3o Infantil: Viv\u00eancias e experi\u00eancias na constitui\u00e7\u00e3o da corporeidade\u201d, para Professores(as) da Educa\u00e7\u00e3o Infantil que atuam nas escolas da rede p\u00fablica municipal de ensino.<\/p>\n<p style=\"text-align: justify;\">O curso tem por objetivo a forma\u00e7\u00e3o de professores(as) atrav\u00e9s das viv\u00eancias e de leituras te\u00f3ricas acerca da Educa\u00e7\u00e3o F\u00edsica e conhecimentos referentes \u00e0 psicomotricidade relacional, a import\u00e2ncia da afetividade e o desenvolvimento psicomotor.<\/p>\n<p style=\"text-align: justify;\">Ser\u00e3o realizados 14 encontros, com dura\u00e7\u00e3o de duas horas cada, uma vez por semana, no per\u00edodo de 10 de abril a 14 de agosto, envolvendo atividades te\u00f3ricas e pr\u00e1ticas, e apresenta\u00e7\u00e3o das atividades aplicadas as suas turmas referentes \u00e0s tem\u00e1ticas desenvolvidas na forma\u00e7\u00e3o.<\/p>\n<p style=\"text-align: justify;\">Ser\u00e3o disponibilizadas 25 vagas, exclusivamente para os(as) professores(as) que atuam na Educa\u00e7\u00e3o Infantil. As inscri\u00e7\u00f5es dever\u00e3o ser realizadas atrav\u00e9s do endere\u00e7o eletr\u00f4nico <a href=\"http:\/\/www.riogrande.rs.gov.br\/smed\" target=\"_blank\" rel=\"noopener noreferrer\"><strong>www.riogrande.rs.gov.br\/smed<\/strong><\/a>, no per\u00edodo de 1\u00ba a 05 de abril, clicando <a href=\"https:\/\/docs.google.com\/forms\/d\/1WFaosPwIJNi1S3DugHki2U774L1IlSNEMw416f6GkM4\/viewform?edit_requested=true\" target=\"_blank\" rel=\"noopener noreferrer\"><b>aqui<\/b><\/a>.<\/p>\n<p style=\"text-align: justify;\">Curso de Pr\u00e1ticas Corporais na Educa\u00e7\u00e3o Infantil<\/p>\n<p style=\"text-align: justify;\">As inscri\u00e7\u00f5es ser\u00e3o encerradas ap\u00f3s o preenchimento das vagas ofertadas. O in\u00edcio do Curso acontecer\u00e1 no dia 10 de abril, \u00e0s 19h, nas salas do Centro Esportivo FURG (Campus Carreiros).<\/p>\n<p style=\"text-align: right;\"><em>SMEd<\/em><br \/>\n<em>Roberton Reis<\/em><\/p>\n","protected":false},"excerpt":{"rendered":"<p>Publicada 03\/09\/2019 Curso de \u201cPr\u00e1ticas Corporais na Educa\u00e7\u00e3o Infantil\u201d da SMEd encerrou no dia 20 de agosto A Secretaria de Munic\u00edpio da Educa\u00e7\u00e3o de Rio Grande (SMEd), atrav\u00e9s do N\u00facleo de Educa\u00e7\u00e3o Infantil, em parceria com o Curso de Licenciatura em Educa\u00e7\u00e3o F\u00edsica da Funda\u00e7\u00e3o Universidade do Rio Grande (FURG), iniciou no m\u00eas de abril [&hellip;]<\/p>\n","protected":false},"author":7,"featured_media":0,"parent":31208,"menu_order":4,"comment_status":"closed","ping_status":"closed","template":"","meta":{"footnotes":""},"class_list":["post-31726","page","type-page","status-publish","hentry"],"_links":{"self":[{"href":"https:\/\/www.riogrande.rs.gov.br\/smed\/index.php?rest_route=\/wp\/v2\/pages\/31726"}],"collection":[{"href":"https:\/\/www.riogrande.rs.gov.br\/smed\/index.php?rest_route=\/wp\/v2\/pages"}],"about":[{"href":"https:\/\/www.riogrande.rs.gov.br\/smed\/index.php?rest_route=\/wp\/v2\/types\/page"}],"author":[{"embeddable":true,"href":"https:\/\/www.riogrande.rs.gov.br\/smed\/index.php?rest_route=\/wp\/v2\/users\/7"}],"replies":[{"embeddable":true,"href":"https:\/\/www.riogrande.rs.gov.br\/smed\/index.php?rest_route=%2Fwp%2Fv2%2Fcomments&post=31726"}],"version-history":[{"count":7,"href":"https:\/\/www.riogrande.rs.gov.br\/smed\/index.php?rest_route=\/wp\/v2\/pages\/31726\/revisions"}],"predecessor-version":[{"id":35432,"href":"https:\/\/www.riogrande.rs.gov.br\/smed\/index.php?rest_route=\/wp\/v2\/pages\/31726\/revisions\/35432"}],"up":[{"embeddable":true,"href":"https:\/\/www.riogrande.rs.gov.br\/smed\/index.php?rest_route=\/wp\/v2\/pages\/31208"}],"wp:attachment":[{"href":"https:\/\/www.riogrande.rs.gov.br\/smed\/index.php?rest_route=%2Fwp%2Fv2%2Fmedia&parent=31726"}],"curies":[{"name":"wp","href":"https:\/\/api.w.org\/{rel}","templated":true}]}}