{"id":31642,"date":"2019-03-28T15:50:04","date_gmt":"2019-03-28T18:50:04","guid":{"rendered":"http:\/\/www.riogrande.rs.gov.br\/smed\/?page_id=31642"},"modified":"2019-11-25T16:07:14","modified_gmt":"2019-11-25T19:07:14","slug":"31642-2","status":"publish","type":"page","link":"https:\/\/www.riogrande.rs.gov.br\/smed\/?page_id=31642","title":{"rendered":"Processo Formativo Professores(as) Alfabetizadores(as)"},"content":{"rendered":"<hr \/>\n<p>Publicada 25\/11\/2019<\/p>\n<h2>SMEd realizou Encontros Finais do \u201cProcesso Formativo para Professores(as) Alfabetizadores(as)\u201d<\/h2>\n\n\t\t<style type=\"text\/css\">\n\t\t\t#gallery-1 {\n\t\t\t\tmargin: auto;\n\t\t\t}\n\t\t\t#gallery-1 .gallery-item {\n\t\t\t\tfloat: left;\n\t\t\t\tmargin-top: 10px;\n\t\t\t\ttext-align: center;\n\t\t\t\twidth: 50%;\n\t\t\t}\n\t\t\t#gallery-1 img {\n\t\t\t\tborder: 2px solid #cfcfcf;\n\t\t\t}\n\t\t\t#gallery-1 .gallery-caption {\n\t\t\t\tmargin-left: 0;\n\t\t\t}\n\t\t\t\/* see gallery_shortcode() in wp-includes\/media.php *\/\n\t\t<\/style>\n\t\t<div id='gallery-1' class='gallery galleryid-31642 gallery-columns-2 gallery-size-thumbnail'><dl class='gallery-item'>\n\t\t\t<dt class='gallery-icon landscape'>\n\t\t\t\t<a href='https:\/\/www.riogrande.rs.gov.br\/smed\/wp-content\/uploads\/2019\/11\/20191125-ped-iniciais-image1.jpg' rel=\"lightbox[31642]\"><img loading=\"lazy\" decoding=\"async\" width=\"150\" height=\"150\" src=\"https:\/\/www.riogrande.rs.gov.br\/smed\/wp-content\/uploads\/2019\/11\/20191125-ped-iniciais-image1-150x150.jpg\" class=\"attachment-thumbnail size-thumbnail\" alt=\"\" aria-describedby=\"gallery-1-37394\" \/><\/a>\n\t\t\t<\/dt>\n\t\t\t\t<dd class='wp-caption-text gallery-caption' id='gallery-1-37394'>\n\t\t\t\tDivulga\u00e7\u00e3o\n\t\t\t\t<\/dd><\/dl><dl class='gallery-item'>\n\t\t\t<dt class='gallery-icon landscape'>\n\t\t\t\t<a href='https:\/\/www.riogrande.rs.gov.br\/smed\/wp-content\/uploads\/2019\/11\/20191125-ped-iniciais-image2.jpg' rel=\"lightbox[31642]\"><img loading=\"lazy\" decoding=\"async\" width=\"150\" height=\"150\" src=\"https:\/\/www.riogrande.rs.gov.br\/smed\/wp-content\/uploads\/2019\/11\/20191125-ped-iniciais-image2-150x150.jpg\" class=\"attachment-thumbnail size-thumbnail\" alt=\"\" aria-describedby=\"gallery-1-37395\" \/><\/a>\n\t\t\t<\/dt>\n\t\t\t\t<dd class='wp-caption-text gallery-caption' id='gallery-1-37395'>\n\t\t\t\tDivulga\u00e7\u00e3o\n\t\t\t\t<\/dd><\/dl><br style=\"clear: both\" \/><dl class='gallery-item'>\n\t\t\t<dt class='gallery-icon landscape'>\n\t\t\t\t<a href='https:\/\/www.riogrande.rs.gov.br\/smed\/wp-content\/uploads\/2019\/11\/20191125-ped-iniciais-image3.jpg' rel=\"lightbox[31642]\"><img loading=\"lazy\" decoding=\"async\" width=\"150\" height=\"150\" src=\"https:\/\/www.riogrande.rs.gov.br\/smed\/wp-content\/uploads\/2019\/11\/20191125-ped-iniciais-image3-150x150.jpg\" class=\"attachment-thumbnail size-thumbnail\" alt=\"\" aria-describedby=\"gallery-1-37396\" \/><\/a>\n\t\t\t<\/dt>\n\t\t\t\t<dd class='wp-caption-text gallery-caption' id='gallery-1-37396'>\n\t\t\t\tDivulga\u00e7\u00e3o\n\t\t\t\t<\/dd><\/dl><dl class='gallery-item'>\n\t\t\t<dt class='gallery-icon landscape'>\n\t\t\t\t<a href='https:\/\/www.riogrande.rs.gov.br\/smed\/wp-content\/uploads\/2019\/11\/20191125-ped-iniciais-image4.jpg' rel=\"lightbox[31642]\"><img loading=\"lazy\" decoding=\"async\" width=\"150\" height=\"150\" src=\"https:\/\/www.riogrande.rs.gov.br\/smed\/wp-content\/uploads\/2019\/11\/20191125-ped-iniciais-image4-150x150.jpg\" class=\"attachment-thumbnail size-thumbnail\" alt=\"\" aria-describedby=\"gallery-1-37397\" \/><\/a>\n\t\t\t<\/dt>\n\t\t\t\t<dd class='wp-caption-text gallery-caption' id='gallery-1-37397'>\n\t\t\t\tDivulga\u00e7\u00e3o\n\t\t\t\t<\/dd><\/dl><br style=\"clear: both\" \/><dl class='gallery-item'>\n\t\t\t<dt class='gallery-icon landscape'>\n\t\t\t\t<a href='https:\/\/www.riogrande.rs.gov.br\/smed\/wp-content\/uploads\/2019\/11\/20191125-ped-iniciais-image5.jpg' rel=\"lightbox[31642]\"><img loading=\"lazy\" decoding=\"async\" width=\"150\" height=\"150\" src=\"https:\/\/www.riogrande.rs.gov.br\/smed\/wp-content\/uploads\/2019\/11\/20191125-ped-iniciais-image5-150x150.jpg\" class=\"attachment-thumbnail size-thumbnail\" alt=\"\" aria-describedby=\"gallery-1-37398\" \/><\/a>\n\t\t\t<\/dt>\n\t\t\t\t<dd class='wp-caption-text gallery-caption' id='gallery-1-37398'>\n\t\t\t\tDivulga\u00e7\u00e3o\n\t\t\t\t<\/dd><\/dl><dl class='gallery-item'>\n\t\t\t<dt class='gallery-icon landscape'>\n\t\t\t\t<a href='https:\/\/www.riogrande.rs.gov.br\/smed\/wp-content\/uploads\/2019\/11\/20191125-ped-iniciais-image6.jpg' rel=\"lightbox[31642]\"><img loading=\"lazy\" decoding=\"async\" width=\"150\" height=\"150\" src=\"https:\/\/www.riogrande.rs.gov.br\/smed\/wp-content\/uploads\/2019\/11\/20191125-ped-iniciais-image6-150x150.jpg\" class=\"attachment-thumbnail size-thumbnail\" alt=\"\" aria-describedby=\"gallery-1-37399\" \/><\/a>\n\t\t\t<\/dt>\n\t\t\t\t<dd class='wp-caption-text gallery-caption' id='gallery-1-37399'>\n\t\t\t\tDivulga\u00e7\u00e3o\n\t\t\t\t<\/dd><\/dl><br style=\"clear: both\" \/><dl class='gallery-item'>\n\t\t\t<dt class='gallery-icon landscape'>\n\t\t\t\t<a href='https:\/\/www.riogrande.rs.gov.br\/smed\/wp-content\/uploads\/2019\/11\/20191125-ped-iniciais-image7.jpg' rel=\"lightbox[31642]\"><img loading=\"lazy\" decoding=\"async\" width=\"150\" height=\"150\" src=\"https:\/\/www.riogrande.rs.gov.br\/smed\/wp-content\/uploads\/2019\/11\/20191125-ped-iniciais-image7-150x150.jpg\" class=\"attachment-thumbnail size-thumbnail\" alt=\"\" aria-describedby=\"gallery-1-37400\" \/><\/a>\n\t\t\t<\/dt>\n\t\t\t\t<dd class='wp-caption-text gallery-caption' id='gallery-1-37400'>\n\t\t\t\tDivulga\u00e7\u00e3o\n\t\t\t\t<\/dd><\/dl><dl class='gallery-item'>\n\t\t\t<dt class='gallery-icon landscape'>\n\t\t\t\t<a href='https:\/\/www.riogrande.rs.gov.br\/smed\/wp-content\/uploads\/2019\/11\/20191125-ped-iniciais-image8.jpg' rel=\"lightbox[31642]\"><img loading=\"lazy\" decoding=\"async\" width=\"150\" height=\"150\" src=\"https:\/\/www.riogrande.rs.gov.br\/smed\/wp-content\/uploads\/2019\/11\/20191125-ped-iniciais-image8-150x150.jpg\" class=\"attachment-thumbnail size-thumbnail\" alt=\"\" aria-describedby=\"gallery-1-37401\" \/><\/a>\n\t\t\t<\/dt>\n\t\t\t\t<dd class='wp-caption-text gallery-caption' id='gallery-1-37401'>\n\t\t\t\tDivulga\u00e7\u00e3o\n\t\t\t\t<\/dd><\/dl><br style=\"clear: both\" \/>\n\t\t<\/div>\n\n<p style=\"text-align: justify;\">A Secretaria de Munic\u00edpio da Educa\u00e7\u00e3o do Rio Grande (SMEd), atrav\u00e9s do N\u00facleo dos Anos Iniciais, em parceria com o Laborat\u00f3rio de Alfabetiza\u00e7\u00e3o e Pr\u00e1ticas de Incentivo \u00e0 Leitura (Lapil), do Instituto de Educa\u00e7\u00e3o (IE) da Universidade Federal do Rio Grande (FURG), encerrou, nos dias 05 e 07 de novembro, o processo formativo realizado com as professoras alfabetizadoras, iniciado em abril deste ano.<\/p>\n<p style=\"text-align: justify;\">\u201c<b>Nos encontros formativos foram tratadas tem\u00e1ticas espec\u00edficas da alfabetiza\u00e7\u00e3o, como consci\u00eancia fonol\u00f3gica; a organiza\u00e7\u00e3o do trabalho escolar e os recursos did\u00e1ticos da alfabetiza\u00e7\u00e3o; avalia\u00e7\u00e3o e monitoramento da aprendizagem. Os assuntos foram abordados de forma te\u00f3rico-pr\u00e1tico, alinhando os aspectos te\u00f3ricos \u00e0s atividades realizadas em sala de aula e buscando incentivar os docentes a pensar e repensar de forma partilhada seu fazer pedag\u00f3gico, assim como rever e propor as intencionalidades, os objetivos e as interven\u00e7\u00f5es adequadas a cada crian\u00e7a, pr\u00f3prias do papel do professor alfabetizador, em um ir e vir constante<\/b>\u201d, explicou Juliane Alves, coordenadora do N\u00facleo dos Anos Iniciais.<\/p>\n<p style=\"text-align: justify;\">Diferentes momentos significativos fizeram parte desta navega\u00e7\u00e3o, que por meio da partilha de sonhos, criatividade, concep\u00e7\u00f5es, afetos e escutas potencializaram aos participantes projetar as infinitas possibilidades e movimenta\u00e7\u00f5es da alfabetiza\u00e7\u00e3o, aproximando-se do movimento ondulat\u00f3rio do mar, que nos fazem navegar em mares conhecidos e desconhecidos, nos desafiando a desbravar novos trajetos e rotas.<\/p>\n<p style=\"text-align: justify;\">\u201c<b>Esses momentos, assim como tantos outros, proporcionaram reflex\u00f5es e trocas do fazer docente, seus desafios e as in\u00fameras possibilidades que o movimento do processo de alfabetiza\u00e7\u00e3o prop\u00f5em aos que nela se aventuram ao navegar<\/b>\u201d, finalizou Juliane.<\/p>\n<p>SMEd<\/p>\n<hr \/>\n<p>Publicada 03\/05\/2019<\/p>\n<h2>SMEd divulga Lista de Inscri\u00e7\u00f5es Homologadas para o Processo Formativo dirigido aos(\u00e0s) Professores(as) Alfabetizadores(as) da Rede Municipal<\/h2>\n<p style=\"text-align: justify;\">A Secretaria de Munic\u00edpio da Educa\u00e7\u00e3o de Rio Grande (SMEd), atrav\u00e9s do N\u00facleo dos Anos Iniciais do Ensino Fundamental, divulga a <a href=\"http:\/\/www.riogrande.rs.gov.br\/smed\/wp-content\/uploads\/2019\/05\/20190503-lista_inscricoes_homologadas_professores_alfabetizadores.pdf\" target=\"_blank\" rel=\"noopener noreferrer\"><b>Lista de Inscri\u00e7\u00f5es Homologadas<\/b><\/a> para o Processo Formativo voltado aos(\u00e0s) professores(as) do 1\u00ba, 2\u00ba e 3\u00ba Anos do Ensino Fundamental da rede p\u00fablica municipal de ensino, em parceria com o Laborat\u00f3rio de Alfabetiza\u00e7\u00e3o e Pr\u00e1ticas de Incentivo a Leitura (LAPIL-FURG):<\/p>\n<p style=\"text-align: justify;\">Confira as datas e os locais dos Encontros do Processo Formativo promovido pela SMEd aos(\u00e0s) professores(as) alfabetizadores(as) da rede municipal:<\/p>\n<ul>\n<li style=\"text-align: justify;\">Ter\u00e7as-feiras: 07 de maio, 02 de julho, 03 de setembro e 05 de novembro, \u00e0s 8h30min, na EMEF Cipriano Porto Alegre;<\/li>\n<li style=\"text-align: justify;\">Quintas-feiras: 09 de maio, 04 de julho, 05 de setembro e 07 de novembro, \u00e0s 13h30min, na Unicesumar.<\/li>\n<\/ul>\n<p style=\"text-align: right;\"><em>SMEd<\/em><br \/>\n<em>Roberton Reis<\/em><\/p>\n<hr \/>\n<p>Publicada 02\/05\/2019<\/p>\n<h2>SMEd divulga data e local dos Encontros do Processo Formativo para os(as) Professores(as) Alfabetizadores(as) da Rede Municipal<\/h2>\n<p style=\"text-align: justify;\">A <strong>Secretaria de Munic\u00edpio da Educa\u00e7\u00e3o de Rio Grande<\/strong> (SMEd), atrav\u00e9s do <strong>N\u00facleo dos Anos Iniciais<\/strong> do Ensino Fundamental, informa aos(\u00e0s) profissionais da educa\u00e7\u00e3o <strong>inscritos<\/strong> no <strong>Processo Formativo<\/strong> voltado aos(\u00e0s) professores(as) do 1\u00ba, 2\u00ba e 3\u00ba Anos do Ensino Fundamental da rede p\u00fablica municipal, a <strong>data<\/strong> e o <strong>local<\/strong> dos <strong>Encontros<\/strong>, que acontecer\u00e3o entre os meses de <strong>abril<\/strong> e <strong>novembro<\/strong>, de forma <strong>bimestral<\/strong>, em parceria com o <strong>Laborat\u00f3rio de Alfabetiza\u00e7\u00e3o e Pr\u00e1ticas de Incentivo a Leitura<\/strong> (LAPIL-FURG):<\/p>\n<ul style=\"text-align: justify;\">\n<li>Ter\u00e7as-feiras: 07 de maio, 02 de julho, 03 de setembro e 05 de novembro, \u00e0s 8h30min, na EMEF Cipriano Porto Alegre;<\/li>\n<li>Quintas-feiras: 09 de maio, 04 de julho, 05 de setembro e 07 de novembro, \u00e0s 13h30min, na Unicesumar.<\/li>\n<\/ul>\n<p style=\"text-align: justify;\">O per\u00edodo de inscri\u00e7\u00f5es para o Processo Formativo <strong>aconteceu<\/strong> entre os dias 1\u00ba e 10 de abril.<\/p>\n<p style=\"text-align: right;\"><em>SMEd<\/em><br \/>\n<em>Roberton Reis<\/em><br \/>\n<em>Com informa\u00e7\u00f5es do N\u00facleo dos Anos Iniciais<\/em><\/p>\n<hr \/>\n<p>Publicada 08\/04\/2019<\/p>\n<h2>Per\u00edodo de inscri\u00e7\u00f5es para Processo Formativo direcionado aos(\u00e0s) Professores(as) Alfabetizadores(as) da Rede Municipal encerra nesta quarta-feira, 10<\/h2>\n<p>A Secretaria de Munic\u00edpio da Educa\u00e7\u00e3o de Rio Grande (SMEd), atrav\u00e9s do N\u00facleo dos Anos Iniciais do Ensino Fundamental, informa que o per\u00edodo de inscri\u00e7\u00f5es para o processo formativo que ser\u00e1 realizado de abril a novembro, de forma bimestral, em parceria com o Laborat\u00f3rio de Alfabetiza\u00e7\u00e3o e Pr\u00e1ticas de Incentivo a Leitura (LAPIL-FURG), voltado aos(\u00e0s) professores(as) do 1\u00ba, 2\u00ba e 3\u00ba Anos do Ensino Fundamental da rede p\u00fablica municipal encerra no dia 10 de abril.<\/p>\n<p>As inscri\u00e7\u00f5es devem ser realizadas no endere\u00e7o eletr\u00f4nico <a href=\"http:\/\/www.riogrande.rs.gov.br\/smed\" target=\"_blank\" rel=\"noopener noreferrer\"><b>www.riogrande.rs.gov.br\/smed<\/b><\/a> Ap\u00f3s o t\u00e9rmino do per\u00edodo de inscri\u00e7\u00f5es, ser\u00e3o divulgados o dia e o local dos encontros. Para realizar a sua inscri\u00e7\u00e3o, acesse <a href=\"https:\/\/docs.google.com\/forms\/d\/1qee2xXTuyyj4YkKH1YqSDg7FtW07XJDBzBDJwM-qgzM\/edit\" target=\"_blank\" rel=\"noopener noreferrer\"><b>aqui<\/b><\/a><i>.<\/i><\/p>\n<p style=\"text-align: right;\"><i>SMEd<\/i><br \/>\n<i>Roberton Reis<\/i><br \/>\n<i>Com informa\u00e7\u00f5es do N\u00facleo dos Anos Iniciais<\/i><\/p>\n<hr \/>\n<p>Publicada 1\u00ba\/04\/2019<\/p>\n<h2>Per\u00edodo de inscri\u00e7\u00f5es para Processo Formativo direcionado aos(\u00e0s) Professores(as) Alfabetizadores(as) da Rede Municipal inicia hoje<\/h2>\n<p style=\"text-align: justify;\">A Secretaria de Munic\u00edpio da Educa\u00e7\u00e3o de Rio Grande (SMEd), atrav\u00e9s do N\u00facleo dos Anos Iniciais do Ensino Fundamental, informa que no per\u00edodo de 1\u00ba a 10 de abril, os(as) professores(as) do 1\u00ba, 2\u00ba e 3\u00ba Anos do Ensino Fundamental da rede p\u00fablica municipal podem inscrever-se para o processo formativo que ser\u00e1 realizado de abril a novembro, de forma bimestral, em parceria com o Laborat\u00f3rio de Alfabetiza\u00e7\u00e3o e Pr\u00e1ticas de Incentivo a Leitura (LAPIL-FURG).<\/p>\n<p style=\"text-align: justify;\">As inscri\u00e7\u00f5es devem ser realizadas no endere\u00e7o eletr\u00f4nico <a href=\"http:\/\/www.riogrande.rs.gov.br\/smed\" target=\"_blank\" rel=\"noopener noreferrer\"><b>www.riogrande.rs.gov.br\/smed<\/b><\/a> Ap\u00f3s o t\u00e9rmino do per\u00edodo de inscri\u00e7\u00f5es, ser\u00e3o divulgados o dia e o local dos encontros. Para realizar a sua inscri\u00e7\u00e3o, acesse <a href=\"https:\/\/docs.google.com\/forms\/d\/1qee2xXTuyyj4YkKH1YqSDg7FtW07XJDBzBDJwM-qgzM\/edit\" target=\"_blank\" rel=\"noopener noreferrer\"><b>aqui<\/b><\/a><i>.<\/i><\/p>\n<p style=\"text-align: right;\"><i>SMEd<\/i><br \/>\n<i>Roberton Reis<\/i><br \/>\n<i>Com informa\u00e7\u00f5es do N\u00facleo dos Anos Iniciais<\/i><\/p>\n<hr \/>\n<p>Publicada 28\/03\/2019<\/p>\n<h2>SMEd promove Processo Formativo direcionado aos(\u00e0s) Professores(as) Alfabetizadores(as) da Rede Municipal<\/h2>\n<p style=\"text-align: justify;\"><span style=\"font-weight: 400;\">A Secretaria de Munic\u00edpio da Educa\u00e7\u00e3o de Rio Grande (SMEd), atrav\u00e9s do N\u00facleo dos Anos Iniciais do Ensino Fundamental, informa que no per\u00edodo de 1\u00ba a 10 de abril, os(as) professores(as) do 1\u00ba, 2\u00ba e 3\u00ba Anos do Ensino Fundamental da rede p\u00fablica municipal podem inscrever-se para o processo formativo que ser\u00e1 realizado de abril a novembro, de forma bimestral, em parceria com o Laborat\u00f3rio de Alfabetiza\u00e7\u00e3o e Pr\u00e1ticas de Incentivo a Leitura (LAPIL- FURG).<\/span><\/p>\n<p style=\"text-align: justify;\"><span style=\"font-weight: 400;\">As inscri\u00e7\u00f5es devem ser realizadas no endere\u00e7o eletr\u00f4nico <\/span><strong><a href=\"http:\/\/www.riogrande.rs.gov.br\/smed\" target=\"_blank\" rel=\"noopener noreferrer\">www.riogrande.rs.gov.br\/smed<\/a><\/strong><span style=\"font-weight: 400;\"> Ap\u00f3s o t\u00e9rmino do per\u00edodo de inscri\u00e7\u00f5es, ser\u00e3o divulgados o dia e o local dos encontros.<\/span><\/p>\n<p style=\"text-align: justify;\"><span style=\"font-weight: 400;\">Para realizar a sua inscri\u00e7\u00e3o, acesse <a href=\"https:\/\/docs.google.com\/forms\/d\/1qee2xXTuyyj4YkKH1YqSDg7FtW07XJDBzBDJwM-qgzM\/edit\" target=\"_blank\" rel=\"noopener noreferrer\"><strong>aqui<\/strong><\/a>, a partir do dia 1\u00ba de abril.<\/span><\/p>\n<p style=\"text-align: right;\"><em><span style=\"font-weight: 400;\">SMEd<\/span><\/em><br \/>\n<em><span style=\"font-weight: 400;\">Roberton Reis<\/span><\/em><br \/>\n<em><span style=\"font-weight: 400;\">Com informa\u00e7\u00f5es do N\u00facleo dos Anos Iniciais<\/span><\/em><\/p>\n<p>&nbsp;<\/p>\n","protected":false},"excerpt":{"rendered":"<p>Publicada 25\/11\/2019 SMEd realizou Encontros Finais do \u201cProcesso Formativo para Professores(as) Alfabetizadores(as)\u201d A Secretaria de Munic\u00edpio da Educa\u00e7\u00e3o do Rio Grande (SMEd), atrav\u00e9s do N\u00facleo dos Anos Iniciais, em parceria com o Laborat\u00f3rio de Alfabetiza\u00e7\u00e3o e Pr\u00e1ticas de Incentivo \u00e0 Leitura (Lapil), do Instituto de Educa\u00e7\u00e3o (IE) da Universidade Federal do Rio Grande (FURG), encerrou, [&hellip;]<\/p>\n","protected":false},"author":7,"featured_media":0,"parent":31208,"menu_order":4,"comment_status":"closed","ping_status":"closed","template":"","meta":{"footnotes":""},"class_list":["post-31642","page","type-page","status-publish","hentry"],"_links":{"self":[{"href":"https:\/\/www.riogrande.rs.gov.br\/smed\/index.php?rest_route=\/wp\/v2\/pages\/31642"}],"collection":[{"href":"https:\/\/www.riogrande.rs.gov.br\/smed\/index.php?rest_route=\/wp\/v2\/pages"}],"about":[{"href":"https:\/\/www.riogrande.rs.gov.br\/smed\/index.php?rest_route=\/wp\/v2\/types\/page"}],"author":[{"embeddable":true,"href":"https:\/\/www.riogrande.rs.gov.br\/smed\/index.php?rest_route=\/wp\/v2\/users\/7"}],"replies":[{"embeddable":true,"href":"https:\/\/www.riogrande.rs.gov.br\/smed\/index.php?rest_route=%2Fwp%2Fv2%2Fcomments&post=31642"}],"version-history":[{"count":9,"href":"https:\/\/www.riogrande.rs.gov.br\/smed\/index.php?rest_route=\/wp\/v2\/pages\/31642\/revisions"}],"predecessor-version":[{"id":37404,"href":"https:\/\/www.riogrande.rs.gov.br\/smed\/index.php?rest_route=\/wp\/v2\/pages\/31642\/revisions\/37404"}],"up":[{"embeddable":true,"href":"https:\/\/www.riogrande.rs.gov.br\/smed\/index.php?rest_route=\/wp\/v2\/pages\/31208"}],"wp:attachment":[{"href":"https:\/\/www.riogrande.rs.gov.br\/smed\/index.php?rest_route=%2Fwp%2Fv2%2Fmedia&parent=31642"}],"curies":[{"name":"wp","href":"https:\/\/api.w.org\/{rel}","templated":true}]}}