{"id":31588,"date":"2019-03-27T20:06:47","date_gmt":"2019-03-27T23:06:47","guid":{"rendered":"http:\/\/www.riogrande.rs.gov.br\/smed\/?page_id=31588"},"modified":"2019-04-23T15:16:06","modified_gmt":"2019-04-23T18:16:06","slug":"escola-viva","status":"publish","type":"page","link":"https:\/\/www.riogrande.rs.gov.br\/smed\/?page_id=31588","title":{"rendered":"Escola Viva"},"content":{"rendered":"<hr \/>\n<p>Publicada 10\/04\/2019<\/p>\n<h2>SMEd divulga Lista de Alunos Selecionados para preenchimento de vagas na Escola Municipal de Educa\u00e7\u00e3o Complementar Escola Viva<\/h2>\n<p style=\"text-align: justify;\">A Secretaria de Munic\u00edpio da Educa\u00e7\u00e3o de Rio Grande (SMEd) divulga a <a href=\"http:\/\/www.riogrande.rs.gov.br\/smed\/wp-content\/uploads\/2019\/04\/20190410-ped-lista_de_alunos_da_rede_publica_selecionados_para_preenchimento_de_vagas_na_escola_municipal_de_educacao_complementar_escola_viva_1.pdf\" target=\"_blank\" rel=\"noopener noreferrer\"><b>Lista de Alunos Selecionados<\/b><\/a> para as vagas oferecidas pela Escola Municipal de Educa\u00e7\u00e3o Complementar Escola Viva, cujas inscri\u00e7\u00f5es encerraram no dia 05 de abril, bem como a <a href=\"http:\/\/www.riogrande.rs.gov.br\/smed\/wp-content\/uploads\/2019\/04\/20190410-ped-lista_de_suplentes_para_preenchimento_de_vagas_na_escola_municipal_de_educacao_complementar_escola_viva_1.pdf\" target=\"_blank\" rel=\"noopener noreferrer\"><b>Lista de Suplentes<\/b>.<\/a><\/p>\n<p style=\"text-align: justify;\">Na \u00faltima ter\u00e7a-feira, dia 09 de abril, as professoras Denise Bastos das Neves (coordenadora do N\u00facleo de Educa\u00e7\u00e3o Integral da SMEd); e Maria do Carmo Arana, (assessora do N\u00facleo de Patrimonial da SMEd), estiveram reunidas para realizar a sele\u00e7\u00e3o dos estudantes das escolas p\u00fablicas de Rio Grande, inscritos para participar das atividades complementares oferecidas pela EMEC Escola Viva, no contraturno escolar. A Sele\u00e7\u00e3o foi feita respeitando o <a href=\"http:\/\/www.riogrande.rs.gov.br\/smed\/wp-content\/uploads\/2019\/03\/20190327-ped-edital_escola_viva_2019.pdf\" target=\"_blank\" rel=\"noopener noreferrer\"><b>Edital de Vagas<\/b><\/a> da EMEC Escola Viva.<\/p>\n<p style=\"text-align: justify;\">Acesse a <a href=\"http:\/\/www.riogrande.rs.gov.br\/smed\/wp-content\/uploads\/2019\/04\/20190410-ped-lista_de_alunos_da_rede_publica_selecionados_para_preenchimento_de_vagas_na_escola_municipal_de_educacao_complementar_escola_viva_1.pdf\" target=\"_blank\" rel=\"noopener noreferrer\"><b>Lista de Alunos Selecionados<\/b><\/a> e a <a href=\"http:\/\/www.riogrande.rs.gov.br\/smed\/wp-content\/uploads\/2019\/04\/20190410-ped-lista_de_suplentes_para_preenchimento_de_vagas_na_escola_municipal_de_educacao_complementar_escola_viva_1.pdf\" target=\"_blank\" rel=\"noopener noreferrer\"><b>Lista de Suplentes<\/b><\/a>.<\/p>\n<p>&nbsp;<\/p>\n<p style=\"text-align: right;\"><em>SMEd<\/em><br \/>\n<em>Roberton Reis<\/em><br \/>\n<em>Com informa\u00e7\u00f5es da EMEC Escola Viva<\/em><\/p>\n<hr \/>\n<p>Publicada 03\/04\/2019<\/p>\n<h2>Per\u00edodo de inscri\u00e7\u00f5es para sele\u00e7\u00e3o de vaga para a EMEC Escola Viva encerra no dia 05<\/h2>\n<p style=\"text-align: justify;\">A Secretaria de Munic\u00edpio da Educa\u00e7\u00e3o de Rio Grande (SMEd) informa \u00e0 comunidade rio-grandina que o per\u00edodo de inscri\u00e7\u00e3o para sele\u00e7\u00e3o de vaga para a Escola Municipal de Educa\u00e7\u00e3o Complementar Escola Viva encerra na pr\u00f3xima sexta-feira, dia <b>05 de abril<\/b>.<\/p>\n<p style=\"text-align: justify;\">De acordo com a dire\u00e7\u00e3o da EMEC Escola Viva, as vagas s\u00e3o prioritariamente para os(as) alunos(as) das escolas p\u00fablicas. Os(as) estudantes interessados(as) em concorrer a uma das vagas devem fazer a sua inscri\u00e7\u00e3o junto \u00e0 equipe diretiva da escola em que est\u00e1 matriculado(a), tanto da rede municipal quanto estadual.<\/p>\n<p style=\"text-align: justify;\">A equipe diretiva da escola encaminhar\u00e1 as <a href=\"http:\/\/www.riogrande.rs.gov.br\/smed\/wp-content\/uploads\/2019\/03\/20190327-ped-ficha_de_inscricao_2019.pdf\" target=\"_blank\" rel=\"noopener noreferrer\"><b>Fichas de Inten\u00e7\u00e3o de Matr\u00edcula<\/b><\/a> \u00e0 Secretaria de Munic\u00edpio da Educa\u00e7\u00e3o, endere\u00e7ada ao N\u00facleo de Educa\u00e7\u00e3o Integral, at\u00e9 o dia 05 de abril de 2019, no hor\u00e1rio das 13h \u00e0s 19h. As inscri\u00e7\u00f5es devem obedecer \u00e0 faixa et\u00e1ria indicada no <a href=\"http:\/\/www.riogrande.rs.gov.br\/smed\/wp-content\/uploads\/2019\/03\/20190327-ped-edital_escola_viva_2019.pdf\" target=\"_blank\" rel=\"noopener noreferrer\"><b>Edital<\/b><\/a> (no m\u00ednimo 12 anos). A idade ser\u00e1 comprovada no momento da matr\u00edcula, mediante a apresenta\u00e7\u00e3o dos seguintes documentos: c\u00f3pia da Certid\u00e3o de Nascimento ou Carteira de Identidade. Caso o(a) candidato(a) tenha idade incompat\u00edvel com a indicada no <a href=\"http:\/\/www.riogrande.rs.gov.br\/smed\/wp-content\/uploads\/2019\/03\/20190327-ped-edital_escola_viva_2019.pdf\" target=\"_blank\" rel=\"noopener noreferrer\"><b>Edital<\/b><\/a>, essa inscri\u00e7\u00e3o n\u00e3o ter\u00e1 validade.<\/p>\n<p style=\"text-align: right;\"><i>SMEd<\/i><br \/>\n<i>Roberton Reis<\/i><\/p>\n<hr \/>\n<p>Publicada 27\/03\/2019<\/p>\n<h2>Escola Municipal de Educa\u00e7\u00e3o Complementar Escola Viva abrir\u00e1 vagas para novos alunos<\/h2>\n<p style=\"text-align: justify;\">A Secretaria de Munic\u00edpio da Educa\u00e7\u00e3o de Rio Grande (SMEd) informa \u00e0 comunidade rio-grandina que o per\u00edodo de inscri\u00e7\u00e3o para sele\u00e7\u00e3o de vaga para a Escola Municipal de Educa\u00e7\u00e3o Complementar Escola Viva j\u00e1 iniciou e estender-se-\u00e0 at\u00e9 o dia 05 de abril.<\/p>\n<p style=\"text-align: justify;\">De acordo com a dire\u00e7\u00e3o da EMEC Escola Viva, as vagas s\u00e3o prioritariamente para os(as) alunos(as) das escolas p\u00fablicas. Os(as) estudantes interessados(as) em concorrer a uma das vagas devem fazer a sua inscri\u00e7\u00e3o junto \u00e0 equipe diretiva da escola em que est\u00e1 matriculado(a), tanto da rede municipal quanto estadual.<\/p>\n<p style=\"text-align: justify;\">A equipe diretiva da escola encaminhar\u00e1 as <a href=\"http:\/\/www.riogrande.rs.gov.br\/smed\/wp-content\/uploads\/2019\/03\/20190327-ped-ficha_de_inscricao_2019.pdf\" target=\"_blank\" rel=\"noopener noreferrer\"><b>Fichas de Inten\u00e7\u00e3o de Matr\u00edcula<\/b><\/a> \u00e0 Secretaria de Munic\u00edpio da Educa\u00e7\u00e3o, endere\u00e7ada ao N\u00facleo de Educa\u00e7\u00e3o Integral, at\u00e9 o dia 05 de abril de 2019, no hor\u00e1rio das 13h \u00e0s 19h. As inscri\u00e7\u00f5es devem obedecer \u00e0 faixa et\u00e1ria indicada no <a href=\"http:\/\/www.riogrande.rs.gov.br\/smed\/wp-content\/uploads\/2019\/03\/20190327-ped-edital_escola_viva_2019.pdf\" target=\"_blank\" rel=\"noopener noreferrer\"><b>Edital<\/b><\/a> (no m\u00ednimo 12 anos). A idade ser\u00e1 comprovada no momento da matr\u00edcula, mediante a apresenta\u00e7\u00e3o dos seguintes documentos: c\u00f3pia da Certid\u00e3o de Nascimento ou Carteira de Identidade. Caso o(a) candidato(a) tenha idade incompat\u00edvel com a indicada no <a href=\"http:\/\/www.riogrande.rs.gov.br\/smed\/wp-content\/uploads\/2019\/03\/20190327-ped-edital_escola_viva_2019.pdf\" target=\"_blank\" rel=\"noopener noreferrer\"><b>Edital<\/b><\/a>, essa inscri\u00e7\u00e3o n\u00e3o ter\u00e1 validade.<\/p>\n<p style=\"text-align: right;\"><em>SMEd<\/em><br \/>\n<em>Roberton Reis<\/em><\/p>\n","protected":false},"excerpt":{"rendered":"<p>Publicada 10\/04\/2019 SMEd divulga Lista de Alunos Selecionados para preenchimento de vagas na Escola Municipal de Educa\u00e7\u00e3o Complementar Escola Viva A Secretaria de Munic\u00edpio da Educa\u00e7\u00e3o de Rio Grande (SMEd) divulga a Lista de Alunos Selecionados para as vagas oferecidas pela Escola Municipal de Educa\u00e7\u00e3o Complementar Escola Viva, cujas inscri\u00e7\u00f5es encerraram no dia 05 de [&hellip;]<\/p>\n","protected":false},"author":7,"featured_media":0,"parent":31208,"menu_order":3,"comment_status":"closed","ping_status":"closed","template":"","meta":{"footnotes":""},"class_list":["post-31588","page","type-page","status-publish","hentry"],"_links":{"self":[{"href":"https:\/\/www.riogrande.rs.gov.br\/smed\/index.php?rest_route=\/wp\/v2\/pages\/31588"}],"collection":[{"href":"https:\/\/www.riogrande.rs.gov.br\/smed\/index.php?rest_route=\/wp\/v2\/pages"}],"about":[{"href":"https:\/\/www.riogrande.rs.gov.br\/smed\/index.php?rest_route=\/wp\/v2\/types\/page"}],"author":[{"embeddable":true,"href":"https:\/\/www.riogrande.rs.gov.br\/smed\/index.php?rest_route=\/wp\/v2\/users\/7"}],"replies":[{"embeddable":true,"href":"https:\/\/www.riogrande.rs.gov.br\/smed\/index.php?rest_route=%2Fwp%2Fv2%2Fcomments&post=31588"}],"version-history":[{"count":3,"href":"https:\/\/www.riogrande.rs.gov.br\/smed\/index.php?rest_route=\/wp\/v2\/pages\/31588\/revisions"}],"predecessor-version":[{"id":32333,"href":"https:\/\/www.riogrande.rs.gov.br\/smed\/index.php?rest_route=\/wp\/v2\/pages\/31588\/revisions\/32333"}],"up":[{"embeddable":true,"href":"https:\/\/www.riogrande.rs.gov.br\/smed\/index.php?rest_route=\/wp\/v2\/pages\/31208"}],"wp:attachment":[{"href":"https:\/\/www.riogrande.rs.gov.br\/smed\/index.php?rest_route=%2Fwp%2Fv2%2Fmedia&parent=31588"}],"curies":[{"name":"wp","href":"https:\/\/api.w.org\/{rel}","templated":true}]}}